{"id":2010,"date":"2025-09-24T09:45:19","date_gmt":"2025-09-24T12:45:19","guid":{"rendered":"https:\/\/www.pmpf.rs.gov.br\/esportes\/?page_id=2010"},"modified":"2025-10-03T16:50:46","modified_gmt":"2025-10-03T19:50:46","slug":"passofundoemmovimento","status":"publish","type":"page","link":"https:\/\/www.pmpf.rs.gov.br\/esportes\/passofundoemmovimento\/","title":{"rendered":"Passo Fundo em Movimento"},"content":{"rendered":"\n<p>O Programa Passo Fundo em Movimento, \u00e9 o primeiro programa do Estado do RS que conta com Professores de Educa\u00e7\u00e3o F\u00edsica nas Academias ao Ar Livre da Cidade. Atualmente s\u00e3o 10 academias que tem Profissionais de Educa\u00e7\u00e3o F\u00edsica 2 vezes por semana, 2 hor\u00e1rios por dia a disposi\u00e7\u00e3o da comunidade para a pr\u00e1tica do exerc\u00edcio f\u00edsico.<\/p>\n\n\n\n<figure class=\"wp-block-gallery has-nested-images columns-3 is-cropped wp-block-gallery-1 is-layout-flex wp-block-gallery-is-layout-flex\">\n<figure class=\"wp-block-image size-large\"><img loading=\"lazy\" decoding=\"async\" width=\"768\" height=\"1024\" data-id=\"2014\" src=\"https:\/\/www.pmpf.rs.gov.br\/esportes\/wp-content\/uploads\/sites\/44\/2025\/09\/progmovimento4-768x1024.jpg\" alt=\"\" class=\"wp-image-2014\" srcset=\"https:\/\/www.pmpf.rs.gov.br\/esportes\/wp-content\/uploads\/sites\/44\/2025\/09\/progmovimento4-768x1024.jpg 768w, https:\/\/www.pmpf.rs.gov.br\/esportes\/wp-content\/uploads\/sites\/44\/2025\/09\/progmovimento4-225x300.jpg 225w, https:\/\/www.pmpf.rs.gov.br\/esportes\/wp-content\/uploads\/sites\/44\/2025\/09\/progmovimento4-1152x1536.jpg 1152w, https:\/\/www.pmpf.rs.gov.br\/esportes\/wp-content\/uploads\/sites\/44\/2025\/09\/progmovimento4.jpg 1200w\" sizes=\"(max-width: 768px) 100vw, 768px\" \/><\/figure>\n\n\n\n<figure class=\"wp-block-image size-large\"><img loading=\"lazy\" decoding=\"async\" width=\"768\" height=\"1024\" data-id=\"2011\" src=\"https:\/\/www.pmpf.rs.gov.br\/esportes\/wp-content\/uploads\/sites\/44\/2025\/09\/progmovimento1-768x1024.jpg\" alt=\"\" class=\"wp-image-2011\" srcset=\"https:\/\/www.pmpf.rs.gov.br\/esportes\/wp-content\/uploads\/sites\/44\/2025\/09\/progmovimento1-768x1024.jpg 768w, https:\/\/www.pmpf.rs.gov.br\/esportes\/wp-content\/uploads\/sites\/44\/2025\/09\/progmovimento1-225x300.jpg 225w, https:\/\/www.pmpf.rs.gov.br\/esportes\/wp-content\/uploads\/sites\/44\/2025\/09\/progmovimento1-1152x1536.jpg 1152w, https:\/\/www.pmpf.rs.gov.br\/esportes\/wp-content\/uploads\/sites\/44\/2025\/09\/progmovimento1.jpg 1200w\" sizes=\"(max-width: 768px) 100vw, 768px\" \/><\/figure>\n\n\n\n<figure class=\"wp-block-image size-large\"><img loading=\"lazy\" decoding=\"async\" width=\"768\" height=\"1024\" data-id=\"2012\" src=\"https:\/\/www.pmpf.rs.gov.br\/esportes\/wp-content\/uploads\/sites\/44\/2025\/09\/progmovimento2-768x1024.jpg\" alt=\"\" class=\"wp-image-2012\" srcset=\"https:\/\/www.pmpf.rs.gov.br\/esportes\/wp-content\/uploads\/sites\/44\/2025\/09\/progmovimento2-768x1024.jpg 768w, https:\/\/www.pmpf.rs.gov.br\/esportes\/wp-content\/uploads\/sites\/44\/2025\/09\/progmovimento2-225x300.jpg 225w, https:\/\/www.pmpf.rs.gov.br\/esportes\/wp-content\/uploads\/sites\/44\/2025\/09\/progmovimento2-1152x1536.jpg 1152w, https:\/\/www.pmpf.rs.gov.br\/esportes\/wp-content\/uploads\/sites\/44\/2025\/09\/progmovimento2.jpg 1200w\" sizes=\"(max-width: 768px) 100vw, 768px\" \/><\/figure>\n\n\n\n<figure class=\"wp-block-image size-large\"><img loading=\"lazy\" decoding=\"async\" width=\"768\" height=\"1024\" data-id=\"2013\" src=\"https:\/\/www.pmpf.rs.gov.br\/esportes\/wp-content\/uploads\/sites\/44\/2025\/09\/progmovimento3-768x1024.jpg\" alt=\"\" class=\"wp-image-2013\" srcset=\"https:\/\/www.pmpf.rs.gov.br\/esportes\/wp-content\/uploads\/sites\/44\/2025\/09\/progmovimento3-768x1024.jpg 768w, https:\/\/www.pmpf.rs.gov.br\/esportes\/wp-content\/uploads\/sites\/44\/2025\/09\/progmovimento3-225x300.jpg 225w, https:\/\/www.pmpf.rs.gov.br\/esportes\/wp-content\/uploads\/sites\/44\/2025\/09\/progmovimento3-1152x1536.jpg 1152w, https:\/\/www.pmpf.rs.gov.br\/esportes\/wp-content\/uploads\/sites\/44\/2025\/09\/progmovimento3.jpg 1200w\" sizes=\"(max-width: 768px) 100vw, 768px\" \/><\/figure>\n\n\n\n<figure class=\"wp-block-image size-large\"><img loading=\"lazy\" decoding=\"async\" width=\"768\" height=\"1024\" data-id=\"2017\" src=\"https:\/\/www.pmpf.rs.gov.br\/esportes\/wp-content\/uploads\/sites\/44\/2025\/09\/progmovimento5-768x1024.jpg\" alt=\"\" class=\"wp-image-2017\" srcset=\"https:\/\/www.pmpf.rs.gov.br\/esportes\/wp-content\/uploads\/sites\/44\/2025\/09\/progmovimento5-768x1024.jpg 768w, https:\/\/www.pmpf.rs.gov.br\/esportes\/wp-content\/uploads\/sites\/44\/2025\/09\/progmovimento5-225x300.jpg 225w, https:\/\/www.pmpf.rs.gov.br\/esportes\/wp-content\/uploads\/sites\/44\/2025\/09\/progmovimento5-1152x1536.jpg 1152w, https:\/\/www.pmpf.rs.gov.br\/esportes\/wp-content\/uploads\/sites\/44\/2025\/09\/progmovimento5.jpg 1200w\" sizes=\"(max-width: 768px) 100vw, 768px\" \/><\/figure>\n<\/figure>\n\n\n\n<h3 class=\"wp-block-heading\">Cronograma Academias ao Ar Livre<\/h3>\n\n\n\n<div class=\"wp-block-columns is-layout-flex wp-container-core-columns-is-layout-1 wp-block-columns-is-layout-flex\">\n<div class=\"wp-block-column is-layout-flow wp-block-column-is-layout-flow\">\n<p><strong>Bairro Planaltina<\/strong> \u2013 Rua Prof\u00aa&nbsp;Lucile Fragoso de Albuquerque<br>Ter\u00e7a-feira \u2013 8h30 e 15h<br>Quinta-feira&nbsp;\u2013&nbsp;8h30&nbsp;e&nbsp;15h<\/p>\n\n\n\n<p><strong>Bairro Petr\u00f3polis<\/strong> \u2013 Avenida Rui Barbosa<br>Ter\u00e7a-feira \u2013 9h e 16h<br>Quinta-feira&nbsp;\u2013&nbsp;9h&nbsp;e&nbsp;16h<\/p>\n\n\n\n<p><strong>Bairro Cohab Secchi<\/strong> \u2013 Avenida Zero Hora<br>Ter\u00e7a-feira \u2013 9h45 e 16h15<br>Quinta-feira&nbsp;\u2013&nbsp;9h45&nbsp;e&nbsp;16h15<\/p>\n\n\n\n<p><strong>Bairro Nonoai <\/strong>\u2013 Complexo Esportivo Delmar Sittoni<br>Ter\u00e7a-feira e s\u00e1bado \u2013 10h<br>Ter\u00e7a-feira e quinta-feira&nbsp;\u2013&nbsp;16h<\/p>\n\n\n\n<p><strong>Cidade Nova<\/strong> \u2013 Av. Dr. \u00c1lvaro Severo de Miranda<br>Ter\u00e7a-feira e s\u00e1bado \u2013 9h<br>Ter\u00e7a-feira e quinta-feira&nbsp;\u2013&nbsp;15h<\/p>\n<\/div>\n\n\n\n<div class=\"wp-block-column is-layout-flow wp-block-column-is-layout-flow\">\n<p><strong>Cidade Nova<\/strong> \u2013 Av. Dr. \u00c1lvaro Severo de Miranda<br>Ter\u00e7a-feira e s\u00e1bado \u2013 9h<br>Ter\u00e7a-feira e quinta-feira&nbsp;\u2013&nbsp;15h<\/p>\n\n\n\n<p><strong>Bairro Edmundo Trein\/Cohab I <\/strong>\u2013 Avenida do Bar\u00e3o<br>Segunda-feira \u2013 10h e 16h<br>Quarta-feira&nbsp;10h&nbsp;e&nbsp;16h<\/p>\n\n\n\n<p><strong>Hipica&nbsp;<\/strong>\u2013 Rua Alegrete<br>Ter\u00e7a-feira \u2013 9h30 e 13h<br>Quinta-feira&nbsp;\u2013&nbsp;9h30&nbsp;e&nbsp;13h<\/p>\n\n\n\n<p><strong>Bairro Santa Maria II<\/strong> \u2013 Rua Ermelindo Valentin Argenton<br>Ter\u00e7a-feira \u2013 8h e 17h<br>Sexta-feira&nbsp;\u2013&nbsp;8h&nbsp;e&nbsp;17h<\/p>\n<\/div>\n<\/div>\n\n\n\n<hr class=\"wp-block-separator has-alpha-channel-opacity\"\/>\n","protected":false},"excerpt":{"rendered":"<p>O Programa Passo Fundo em Movimento, \u00e9 o primeiro programa do Estado do RS que conta com Professores de Educa\u00e7\u00e3o F\u00edsica nas Academias ao Ar Livre da Cidade. Atualmente s\u00e3o 10 academias [&hellip;]<\/p>\n","protected":false},"author":4,"featured_media":0,"parent":0,"menu_order":0,"comment_status":"closed","ping_status":"closed","template":"","meta":{"footnotes":""},"class_list":["post-2010","page","type-page","status-publish","hentry"],"yoast_head":"<!-- This site is optimized with the Yoast SEO plugin v23.8 - https:\/\/yoast.com\/wordpress\/plugins\/seo\/ -->\n<title>Passo Fundo em Movimento - Secretaria de Esportes<\/title>\n<meta name=\"robots\" content=\"index, follow, max-snippet:-1, max-image-preview:large, max-video-preview:-1\" \/>\n<link rel=\"canonical\" href=\"https:\/\/www.pmpf.rs.gov.br\/esportes\/passofundoemmovimento\/\" \/>\n<meta property=\"og:locale\" content=\"pt_BR\" \/>\n<meta property=\"og:type\" content=\"article\" \/>\n<meta property=\"og:title\" content=\"Passo Fundo em Movimento - Secretaria de Esportes\" \/>\n<meta property=\"og:description\" content=\"O Programa Passo Fundo em Movimento, \u00e9 o primeiro programa do Estado do RS que conta com Professores de Educa\u00e7\u00e3o F\u00edsica nas Academias ao Ar Livre da Cidade. Atualmente s\u00e3o 10 academias [&hellip;]\" \/>\n<meta property=\"og:url\" content=\"https:\/\/www.pmpf.rs.gov.br\/esportes\/passofundoemmovimento\/\" \/>\n<meta property=\"og:site_name\" content=\"Secretaria de Esportes\" \/>\n<meta property=\"article:modified_time\" content=\"2025-10-03T19:50:46+00:00\" \/>\n<meta property=\"og:image\" content=\"https:\/\/www.pmpf.rs.gov.br\/esportes\/wp-content\/uploads\/sites\/44\/2025\/09\/progmovimento4.jpg\" \/>\n\t<meta property=\"og:image:width\" content=\"1200\" \/>\n\t<meta property=\"og:image:height\" content=\"1600\" \/>\n\t<meta property=\"og:image:type\" content=\"image\/jpeg\" \/>\n<meta name=\"twitter:card\" content=\"summary_large_image\" \/>\n<meta name=\"twitter:label1\" content=\"Est. tempo de leitura\" \/>\n\t<meta name=\"twitter:data1\" content=\"1 minuto\" \/>\n<script type=\"application\/ld+json\" class=\"yoast-schema-graph\">{\"@context\":\"https:\/\/schema.org\",\"@graph\":[{\"@type\":\"WebPage\",\"@id\":\"https:\/\/www.pmpf.rs.gov.br\/esportes\/passofundoemmovimento\/\",\"url\":\"https:\/\/www.pmpf.rs.gov.br\/esportes\/passofundoemmovimento\/\",\"name\":\"Passo Fundo em Movimento - Secretaria de Esportes\",\"isPartOf\":{\"@id\":\"https:\/\/www.pmpf.rs.gov.br\/esportes\/#website\"},\"primaryImageOfPage\":{\"@id\":\"https:\/\/www.pmpf.rs.gov.br\/esportes\/passofundoemmovimento\/#primaryimage\"},\"image\":{\"@id\":\"https:\/\/www.pmpf.rs.gov.br\/esportes\/passofundoemmovimento\/#primaryimage\"},\"thumbnailUrl\":\"https:\/\/www.pmpf.rs.gov.br\/esportes\/wp-content\/uploads\/sites\/44\/2025\/09\/progmovimento4-768x1024.jpg\",\"datePublished\":\"2025-09-24T12:45:19+00:00\",\"dateModified\":\"2025-10-03T19:50:46+00:00\",\"inLanguage\":\"pt-BR\",\"potentialAction\":[{\"@type\":\"ReadAction\",\"target\":[\"https:\/\/www.pmpf.rs.gov.br\/esportes\/passofundoemmovimento\/\"]}]},{\"@type\":\"ImageObject\",\"inLanguage\":\"pt-BR\",\"@id\":\"https:\/\/www.pmpf.rs.gov.br\/esportes\/passofundoemmovimento\/#primaryimage\",\"url\":\"https:\/\/www.pmpf.rs.gov.br\/esportes\/wp-content\/uploads\/sites\/44\/2025\/09\/progmovimento4.jpg\",\"contentUrl\":\"https:\/\/www.pmpf.rs.gov.br\/esportes\/wp-content\/uploads\/sites\/44\/2025\/09\/progmovimento4.jpg\",\"width\":1200,\"height\":1600},{\"@type\":\"WebSite\",\"@id\":\"https:\/\/www.pmpf.rs.gov.br\/esportes\/#website\",\"url\":\"https:\/\/www.pmpf.rs.gov.br\/esportes\/\",\"name\":\"Secretaria de Esportes\",\"description\":\"Site Secretaria de Esporte da Prefeitura de Passo Fundo\",\"potentialAction\":[{\"@type\":\"SearchAction\",\"target\":{\"@type\":\"EntryPoint\",\"urlTemplate\":\"https:\/\/www.pmpf.rs.gov.br\/esportes\/?s={search_term_string}\"},\"query-input\":{\"@type\":\"PropertyValueSpecification\",\"valueRequired\":true,\"valueName\":\"search_term_string\"}}],\"inLanguage\":\"pt-BR\"}]}<\/script>\n<!-- \/ Yoast SEO plugin. -->","yoast_head_json":{"title":"Passo Fundo em Movimento - Secretaria de Esportes","robots":{"index":"index","follow":"follow","max-snippet":"max-snippet:-1","max-image-preview":"max-image-preview:large","max-video-preview":"max-video-preview:-1"},"canonical":"https:\/\/www.pmpf.rs.gov.br\/esportes\/passofundoemmovimento\/","og_locale":"pt_BR","og_type":"article","og_title":"Passo Fundo em Movimento - Secretaria de Esportes","og_description":"O Programa Passo Fundo em Movimento, \u00e9 o primeiro programa do Estado do RS que conta com Professores de Educa\u00e7\u00e3o F\u00edsica nas Academias ao Ar Livre da Cidade. Atualmente s\u00e3o 10 academias [&hellip;]","og_url":"https:\/\/www.pmpf.rs.gov.br\/esportes\/passofundoemmovimento\/","og_site_name":"Secretaria de Esportes","article_modified_time":"2025-10-03T19:50:46+00:00","og_image":[{"width":1200,"height":1600,"url":"https:\/\/www.pmpf.rs.gov.br\/esportes\/wp-content\/uploads\/sites\/44\/2025\/09\/progmovimento4.jpg","type":"image\/jpeg"}],"twitter_card":"summary_large_image","twitter_misc":{"Est. tempo de leitura":"1 minuto"},"schema":{"@context":"https:\/\/schema.org","@graph":[{"@type":"WebPage","@id":"https:\/\/www.pmpf.rs.gov.br\/esportes\/passofundoemmovimento\/","url":"https:\/\/www.pmpf.rs.gov.br\/esportes\/passofundoemmovimento\/","name":"Passo Fundo em Movimento - Secretaria de Esportes","isPartOf":{"@id":"https:\/\/www.pmpf.rs.gov.br\/esportes\/#website"},"primaryImageOfPage":{"@id":"https:\/\/www.pmpf.rs.gov.br\/esportes\/passofundoemmovimento\/#primaryimage"},"image":{"@id":"https:\/\/www.pmpf.rs.gov.br\/esportes\/passofundoemmovimento\/#primaryimage"},"thumbnailUrl":"https:\/\/www.pmpf.rs.gov.br\/esportes\/wp-content\/uploads\/sites\/44\/2025\/09\/progmovimento4-768x1024.jpg","datePublished":"2025-09-24T12:45:19+00:00","dateModified":"2025-10-03T19:50:46+00:00","inLanguage":"pt-BR","potentialAction":[{"@type":"ReadAction","target":["https:\/\/www.pmpf.rs.gov.br\/esportes\/passofundoemmovimento\/"]}]},{"@type":"ImageObject","inLanguage":"pt-BR","@id":"https:\/\/www.pmpf.rs.gov.br\/esportes\/passofundoemmovimento\/#primaryimage","url":"https:\/\/www.pmpf.rs.gov.br\/esportes\/wp-content\/uploads\/sites\/44\/2025\/09\/progmovimento4.jpg","contentUrl":"https:\/\/www.pmpf.rs.gov.br\/esportes\/wp-content\/uploads\/sites\/44\/2025\/09\/progmovimento4.jpg","width":1200,"height":1600},{"@type":"WebSite","@id":"https:\/\/www.pmpf.rs.gov.br\/esportes\/#website","url":"https:\/\/www.pmpf.rs.gov.br\/esportes\/","name":"Secretaria de Esportes","description":"Site Secretaria de Esporte da Prefeitura de Passo Fundo","potentialAction":[{"@type":"SearchAction","target":{"@type":"EntryPoint","urlTemplate":"https:\/\/www.pmpf.rs.gov.br\/esportes\/?s={search_term_string}"},"query-input":{"@type":"PropertyValueSpecification","valueRequired":true,"valueName":"search_term_string"}}],"inLanguage":"pt-BR"}]}},"_links":{"self":[{"href":"https:\/\/www.pmpf.rs.gov.br\/esportes\/wp-json\/wp\/v2\/pages\/2010"}],"collection":[{"href":"https:\/\/www.pmpf.rs.gov.br\/esportes\/wp-json\/wp\/v2\/pages"}],"about":[{"href":"https:\/\/www.pmpf.rs.gov.br\/esportes\/wp-json\/wp\/v2\/types\/page"}],"author":[{"embeddable":true,"href":"https:\/\/www.pmpf.rs.gov.br\/esportes\/wp-json\/wp\/v2\/users\/4"}],"replies":[{"embeddable":true,"href":"https:\/\/www.pmpf.rs.gov.br\/esportes\/wp-json\/wp\/v2\/comments?post=2010"}],"version-history":[{"count":6,"href":"https:\/\/www.pmpf.rs.gov.br\/esportes\/wp-json\/wp\/v2\/pages\/2010\/revisions"}],"predecessor-version":[{"id":2059,"href":"https:\/\/www.pmpf.rs.gov.br\/esportes\/wp-json\/wp\/v2\/pages\/2010\/revisions\/2059"}],"wp:attachment":[{"href":"https:\/\/www.pmpf.rs.gov.br\/esportes\/wp-json\/wp\/v2\/media?parent=2010"}],"curies":[{"name":"wp","href":"https:\/\/api.w.org\/{rel}","templated":true}]}}