{"id":1294,"date":"2023-05-08T16:33:01","date_gmt":"2023-05-08T19:33:01","guid":{"rendered":"https:\/\/www.pmpf.rs.gov.br\/esportes\/?page_id=1294"},"modified":"2026-05-11T16:33:26","modified_gmt":"2026-05-11T19:33:26","slug":"corridaderua2026","status":"publish","type":"page","link":"https:\/\/www.pmpf.rs.gov.br\/esportes\/corridaderua2026\/","title":{"rendered":"1\u00aa Etapa do Circuito Municipal de Corrida de Rua  &#8211; Volta da Rosel\u00e2ndia 2026"},"content":{"rendered":"<div class=\"wp-block-image\">\n<figure class=\"alignleft size-full is-resized\"><img loading=\"lazy\" decoding=\"async\" width=\"755\" height=\"877\" src=\"https:\/\/www.pmpf.rs.gov.br\/esportes\/wp-content\/uploads\/sites\/44\/2026\/05\/logo-corrida-2026.png\" alt=\"\" class=\"wp-image-2313\" style=\"width:370px;height:auto\" srcset=\"https:\/\/www.pmpf.rs.gov.br\/esportes\/wp-content\/uploads\/sites\/44\/2026\/05\/logo-corrida-2026.png 755w, https:\/\/www.pmpf.rs.gov.br\/esportes\/wp-content\/uploads\/sites\/44\/2026\/05\/logo-corrida-2026-258x300.png 258w\" sizes=\"(max-width: 755px) 100vw, 755px\" \/><\/figure><\/div>\n\n\n<p><strong>Data<\/strong>: 31 de Maio de 2026&nbsp;<br><strong>Local<\/strong>: Kart\u00f3dromo da Rosel\u00e2ndia, Passo Fundo \/ RS<br><strong>Dist\u00e2ncia<\/strong>: 5km<br><strong>Hor\u00e1rio de Largada:<\/strong> 8h<\/p>\n\n\n\n<h3 class=\"wp-block-heading\">Inscri\u00e7\u00e3o<\/h3>\n\n\n\n<p>Ser\u00e3o abertas online a partir das 8h do dia 12 de maio at\u00e9 o limite de 1.000 vagas.<\/p>\n\n\n\n<p><strong>Obs.:&nbsp;<\/strong><\/p>\n\n\n\n<p>\ud83d\udc49 Somente para maiores de 14 anos, sendo v\u00e1lida a idade em 31\/12\/2026.<\/p>\n\n\n\n<p>\ud83d\udc49 N\u00e3o haver\u00e1 troca de chip \/ inscri\u00e7\u00e3o<\/p>\n\n\n\n<p>\ud83d\udc49 Para retirar o kit, dever\u00e1 ser feita a doa\u00e7\u00e3o&nbsp;de&nbsp;1kg de ra\u00e7\u00e3o para c\u00e3es&nbsp;+ 1kg de ra\u00e7\u00e3o para gatos, nos dias:<\/p>\n\n\n\n<h3 class=\"wp-block-heading\">Retirada do KIT<\/h3>\n\n\n\n<p>Ser\u00e1 na&nbsp;Secretaria de Esportes (Avenida Brasil Oeste 792, fundos)<\/p>\n\n\n\n<p>\ud83d\udcc5 no dia 29 de Maio,&nbsp;das 8h \u00e0s 11h30min e das 13h30min \u00e0s 17h<\/p>\n\n\n\n<p>\ud83d\udcc5 no dia 30 de Maio,&nbsp;das 12h \u00e0s 16h<\/p>\n\n\n\n<div style=\"height:20px\" aria-hidden=\"true\" class=\"wp-block-spacer\"><\/div>\n\n\n\n<div class=\"wp-block-buttons is-layout-flex wp-block-buttons-is-layout-flex\">\n<div class=\"wp-block-button has-custom-font-size has-small-font-size\"><a class=\"wp-block-button__link has-white-color has-blue-background-color has-text-color has-background has-link-color wp-element-button\" href=\"https:\/\/www.pmpf.rs.gov.br\/esportes\/wp-content\/uploads\/sites\/44\/2022\/02\/corrida2026-regulamento-voltaroselandia.pdf\" style=\"border-radius:12px\" target=\"_blank\" rel=\"noreferrer noopener\">Regulamento<\/a><\/div>\n\n\n\n<div class=\"wp-block-button has-custom-font-size has-small-font-size\"><a class=\"wp-block-button__link has-white-color has-blue-background-color has-text-color has-background has-link-color wp-element-button\" href=\"https:\/\/www.sympla.com.br\/evento\/1a-etapa-do-circuito-municipal-de-corrida-de-rua-2026-volta-da-roselandia\/3418741\" style=\"border-radius:12px\" target=\"_blank\" rel=\"noreferrer noopener\">Inscri\u00e7\u00f5es<\/a><\/div>\n<\/div>\n\n\n\n<div style=\"height:20px\" aria-hidden=\"true\" class=\"wp-block-spacer\"><\/div>\n\n\n\n<p class=\"has-medium-font-size\">D\u00favidas e Informa\u00e7\u00f5es: pelo email\u00a0<a href=\"mailto:desporto@pmpf.rs.gov.br\" target=\"_blank\" rel=\"noreferrer noopener\">desporto@pmpf.rs.gov.br<\/a>\u00a0ou pelo fone 54 3311-2485, de segunda-feira a sexta-feira, das 8h \u00e0s 11h30min e das 13h30min \u00e0s 17h.\u00a0<\/p>\n\n\n\n<div style=\"height:10px\" aria-hidden=\"true\" class=\"wp-block-spacer\"><\/div>\n\n\n\n<ul class=\"wp-block-social-links is-layout-flex wp-block-social-links-is-layout-flex\"><li class=\"wp-social-link wp-social-link-instagram  wp-block-social-link\"><a href=\"https:\/\/www.instagram.com\/secretariadeesportespf\" class=\"wp-block-social-link-anchor\"><svg width=\"24\" height=\"24\" viewBox=\"0 0 24 24\" version=\"1.1\" xmlns=\"http:\/\/www.w3.org\/2000\/svg\" aria-hidden=\"true\" focusable=\"false\"><path d=\"M12,4.622c2.403,0,2.688,0.009,3.637,0.052c0.877,0.04,1.354,0.187,1.671,0.31c0.42,0.163,0.72,0.358,1.035,0.673 c0.315,0.315,0.51,0.615,0.673,1.035c0.123,0.317,0.27,0.794,0.31,1.671c0.043,0.949,0.052,1.234,0.052,3.637 s-0.009,2.688-0.052,3.637c-0.04,0.877-0.187,1.354-0.31,1.671c-0.163,0.42-0.358,0.72-0.673,1.035 c-0.315,0.315-0.615,0.51-1.035,0.673c-0.317,0.123-0.794,0.27-1.671,0.31c-0.949,0.043-1.233,0.052-3.637,0.052 s-2.688-0.009-3.637-0.052c-0.877-0.04-1.354-0.187-1.671-0.31c-0.42-0.163-0.72-0.358-1.035-0.673 c-0.315-0.315-0.51-0.615-0.673-1.035c-0.123-0.317-0.27-0.794-0.31-1.671C4.631,14.688,4.622,14.403,4.622,12 s0.009-2.688,0.052-3.637c0.04-0.877,0.187-1.354,0.31-1.671c0.163-0.42,0.358-0.72,0.673-1.035 c0.315-0.315,0.615-0.51,1.035-0.673c0.317-0.123,0.794-0.27,1.671-0.31C9.312,4.631,9.597,4.622,12,4.622 M12,3 C9.556,3,9.249,3.01,8.289,3.054C7.331,3.098,6.677,3.25,6.105,3.472C5.513,3.702,5.011,4.01,4.511,4.511 c-0.5,0.5-0.808,1.002-1.038,1.594C3.25,6.677,3.098,7.331,3.054,8.289C3.01,9.249,3,9.556,3,12c0,2.444,0.01,2.751,0.054,3.711 c0.044,0.958,0.196,1.612,0.418,2.185c0.23,0.592,0.538,1.094,1.038,1.594c0.5,0.5,1.002,0.808,1.594,1.038 c0.572,0.222,1.227,0.375,2.185,0.418C9.249,20.99,9.556,21,12,21s2.751-0.01,3.711-0.054c0.958-0.044,1.612-0.196,2.185-0.418 c0.592-0.23,1.094-0.538,1.594-1.038c0.5-0.5,0.808-1.002,1.038-1.594c0.222-0.572,0.375-1.227,0.418-2.185 C20.99,14.751,21,14.444,21,12s-0.01-2.751-0.054-3.711c-0.044-0.958-0.196-1.612-0.418-2.185c-0.23-0.592-0.538-1.094-1.038-1.594 c-0.5-0.5-1.002-0.808-1.594-1.038c-0.572-0.222-1.227-0.375-2.185-0.418C14.751,3.01,14.444,3,12,3L12,3z M12,7.378 c-2.552,0-4.622,2.069-4.622,4.622S9.448,16.622,12,16.622s4.622-2.069,4.622-4.622S14.552,7.378,12,7.378z M12,15 c-1.657,0-3-1.343-3-3s1.343-3,3-3s3,1.343,3,3S13.657,15,12,15z M16.804,6.116c-0.596,0-1.08,0.484-1.08,1.08 s0.484,1.08,1.08,1.08c0.596,0,1.08-0.484,1.08-1.08S17.401,6.116,16.804,6.116z\"><\/path><\/svg><span class=\"wp-block-social-link-label screen-reader-text\">Instagram<\/span><\/a><\/li><\/ul>\n\n\n\n<hr class=\"wp-block-separator has-alpha-channel-opacity\"\/>\n","protected":false},"excerpt":{"rendered":"<p>Data: 31 de Maio de 2026&nbsp;Local: Kart\u00f3dromo da Rosel\u00e2ndia, Passo Fundo \/ RSDist\u00e2ncia: 5kmHor\u00e1rio de Largada: 8h Inscri\u00e7\u00e3o Ser\u00e3o abertas online a partir das 8h do dia 12 de maio at\u00e9 o [&hellip;]<\/p>\n","protected":false},"author":4,"featured_media":0,"parent":0,"menu_order":0,"comment_status":"closed","ping_status":"closed","template":"","meta":{"footnotes":""},"class_list":["post-1294","page","type-page","status-publish","hentry"],"yoast_head":"<!-- This site is optimized with the Yoast SEO plugin v23.8 - https:\/\/yoast.com\/wordpress\/plugins\/seo\/ -->\n<title>1\u00aa Etapa do Circuito Municipal de Corrida de Rua - Volta da Rosel\u00e2ndia 2026 - Secretaria de Esportes<\/title>\n<meta name=\"robots\" content=\"index, follow, max-snippet:-1, max-image-preview:large, max-video-preview:-1\" \/>\n<link rel=\"canonical\" href=\"https:\/\/www.pmpf.rs.gov.br\/esportes\/corridaderua2026\/\" \/>\n<meta property=\"og:locale\" content=\"pt_BR\" \/>\n<meta property=\"og:type\" content=\"article\" \/>\n<meta property=\"og:title\" content=\"1\u00aa Etapa do Circuito Municipal de Corrida de Rua - Volta da Rosel\u00e2ndia 2026 - Secretaria de Esportes\" \/>\n<meta property=\"og:description\" content=\"Data: 31 de Maio de 2026&nbsp;Local: Kart\u00f3dromo da Rosel\u00e2ndia, Passo Fundo \/ RSDist\u00e2ncia: 5kmHor\u00e1rio de Largada: 8h Inscri\u00e7\u00e3o Ser\u00e3o abertas online a partir das 8h do dia 12 de maio at\u00e9 o [&hellip;]\" \/>\n<meta property=\"og:url\" content=\"https:\/\/www.pmpf.rs.gov.br\/esportes\/corridaderua2026\/\" \/>\n<meta property=\"og:site_name\" content=\"Secretaria de Esportes\" \/>\n<meta property=\"article:modified_time\" content=\"2026-05-11T19:33:26+00:00\" \/>\n<meta property=\"og:image\" content=\"https:\/\/www.pmpf.rs.gov.br\/esportes\/wp-content\/uploads\/sites\/44\/2026\/05\/logo-corrida-2026.png\" \/>\n\t<meta property=\"og:image:width\" content=\"755\" \/>\n\t<meta property=\"og:image:height\" content=\"877\" \/>\n\t<meta property=\"og:image:type\" content=\"image\/png\" \/>\n<meta name=\"twitter:card\" content=\"summary_large_image\" \/>\n<meta name=\"twitter:label1\" content=\"Est. tempo de leitura\" \/>\n\t<meta name=\"twitter:data1\" content=\"1 minuto\" \/>\n<script type=\"application\/ld+json\" class=\"yoast-schema-graph\">{\"@context\":\"https:\/\/schema.org\",\"@graph\":[{\"@type\":\"WebPage\",\"@id\":\"https:\/\/www.pmpf.rs.gov.br\/esportes\/corridaderua2026\/\",\"url\":\"https:\/\/www.pmpf.rs.gov.br\/esportes\/corridaderua2026\/\",\"name\":\"1\u00aa Etapa do Circuito Municipal de Corrida de Rua - Volta da Rosel\u00e2ndia 2026 - Secretaria de Esportes\",\"isPartOf\":{\"@id\":\"https:\/\/www.pmpf.rs.gov.br\/esportes\/#website\"},\"primaryImageOfPage\":{\"@id\":\"https:\/\/www.pmpf.rs.gov.br\/esportes\/corridaderua2026\/#primaryimage\"},\"image\":{\"@id\":\"https:\/\/www.pmpf.rs.gov.br\/esportes\/corridaderua2026\/#primaryimage\"},\"thumbnailUrl\":\"https:\/\/www.pmpf.rs.gov.br\/esportes\/wp-content\/uploads\/sites\/44\/2026\/05\/logo-corrida-2026.png\",\"datePublished\":\"2023-05-08T19:33:01+00:00\",\"dateModified\":\"2026-05-11T19:33:26+00:00\",\"inLanguage\":\"pt-BR\",\"potentialAction\":[{\"@type\":\"ReadAction\",\"target\":[\"https:\/\/www.pmpf.rs.gov.br\/esportes\/corridaderua2026\/\"]}]},{\"@type\":\"ImageObject\",\"inLanguage\":\"pt-BR\",\"@id\":\"https:\/\/www.pmpf.rs.gov.br\/esportes\/corridaderua2026\/#primaryimage\",\"url\":\"https:\/\/www.pmpf.rs.gov.br\/esportes\/wp-content\/uploads\/sites\/44\/2026\/05\/logo-corrida-2026.png\",\"contentUrl\":\"https:\/\/www.pmpf.rs.gov.br\/esportes\/wp-content\/uploads\/sites\/44\/2026\/05\/logo-corrida-2026.png\",\"width\":755,\"height\":877},{\"@type\":\"WebSite\",\"@id\":\"https:\/\/www.pmpf.rs.gov.br\/esportes\/#website\",\"url\":\"https:\/\/www.pmpf.rs.gov.br\/esportes\/\",\"name\":\"Secretaria de Esportes\",\"description\":\"Site Secretaria de Esporte da Prefeitura de Passo Fundo\",\"potentialAction\":[{\"@type\":\"SearchAction\",\"target\":{\"@type\":\"EntryPoint\",\"urlTemplate\":\"https:\/\/www.pmpf.rs.gov.br\/esportes\/?s={search_term_string}\"},\"query-input\":{\"@type\":\"PropertyValueSpecification\",\"valueRequired\":true,\"valueName\":\"search_term_string\"}}],\"inLanguage\":\"pt-BR\"}]}<\/script>\n<!-- \/ Yoast SEO plugin. -->","yoast_head_json":{"title":"1\u00aa Etapa do Circuito Municipal de Corrida de Rua - Volta da Rosel\u00e2ndia 2026 - Secretaria de Esportes","robots":{"index":"index","follow":"follow","max-snippet":"max-snippet:-1","max-image-preview":"max-image-preview:large","max-video-preview":"max-video-preview:-1"},"canonical":"https:\/\/www.pmpf.rs.gov.br\/esportes\/corridaderua2026\/","og_locale":"pt_BR","og_type":"article","og_title":"1\u00aa Etapa do Circuito Municipal de Corrida de Rua - Volta da Rosel\u00e2ndia 2026 - Secretaria de Esportes","og_description":"Data: 31 de Maio de 2026&nbsp;Local: Kart\u00f3dromo da Rosel\u00e2ndia, Passo Fundo \/ RSDist\u00e2ncia: 5kmHor\u00e1rio de Largada: 8h Inscri\u00e7\u00e3o Ser\u00e3o abertas online a partir das 8h do dia 12 de maio at\u00e9 o [&hellip;]","og_url":"https:\/\/www.pmpf.rs.gov.br\/esportes\/corridaderua2026\/","og_site_name":"Secretaria de Esportes","article_modified_time":"2026-05-11T19:33:26+00:00","og_image":[{"width":755,"height":877,"url":"https:\/\/www.pmpf.rs.gov.br\/esportes\/wp-content\/uploads\/sites\/44\/2026\/05\/logo-corrida-2026.png","type":"image\/png"}],"twitter_card":"summary_large_image","twitter_misc":{"Est. tempo de leitura":"1 minuto"},"schema":{"@context":"https:\/\/schema.org","@graph":[{"@type":"WebPage","@id":"https:\/\/www.pmpf.rs.gov.br\/esportes\/corridaderua2026\/","url":"https:\/\/www.pmpf.rs.gov.br\/esportes\/corridaderua2026\/","name":"1\u00aa Etapa do Circuito Municipal de Corrida de Rua - Volta da Rosel\u00e2ndia 2026 - Secretaria de Esportes","isPartOf":{"@id":"https:\/\/www.pmpf.rs.gov.br\/esportes\/#website"},"primaryImageOfPage":{"@id":"https:\/\/www.pmpf.rs.gov.br\/esportes\/corridaderua2026\/#primaryimage"},"image":{"@id":"https:\/\/www.pmpf.rs.gov.br\/esportes\/corridaderua2026\/#primaryimage"},"thumbnailUrl":"https:\/\/www.pmpf.rs.gov.br\/esportes\/wp-content\/uploads\/sites\/44\/2026\/05\/logo-corrida-2026.png","datePublished":"2023-05-08T19:33:01+00:00","dateModified":"2026-05-11T19:33:26+00:00","inLanguage":"pt-BR","potentialAction":[{"@type":"ReadAction","target":["https:\/\/www.pmpf.rs.gov.br\/esportes\/corridaderua2026\/"]}]},{"@type":"ImageObject","inLanguage":"pt-BR","@id":"https:\/\/www.pmpf.rs.gov.br\/esportes\/corridaderua2026\/#primaryimage","url":"https:\/\/www.pmpf.rs.gov.br\/esportes\/wp-content\/uploads\/sites\/44\/2026\/05\/logo-corrida-2026.png","contentUrl":"https:\/\/www.pmpf.rs.gov.br\/esportes\/wp-content\/uploads\/sites\/44\/2026\/05\/logo-corrida-2026.png","width":755,"height":877},{"@type":"WebSite","@id":"https:\/\/www.pmpf.rs.gov.br\/esportes\/#website","url":"https:\/\/www.pmpf.rs.gov.br\/esportes\/","name":"Secretaria de Esportes","description":"Site Secretaria de Esporte da Prefeitura de Passo Fundo","potentialAction":[{"@type":"SearchAction","target":{"@type":"EntryPoint","urlTemplate":"https:\/\/www.pmpf.rs.gov.br\/esportes\/?s={search_term_string}"},"query-input":{"@type":"PropertyValueSpecification","valueRequired":true,"valueName":"search_term_string"}}],"inLanguage":"pt-BR"}]}},"_links":{"self":[{"href":"https:\/\/www.pmpf.rs.gov.br\/esportes\/wp-json\/wp\/v2\/pages\/1294"}],"collection":[{"href":"https:\/\/www.pmpf.rs.gov.br\/esportes\/wp-json\/wp\/v2\/pages"}],"about":[{"href":"https:\/\/www.pmpf.rs.gov.br\/esportes\/wp-json\/wp\/v2\/types\/page"}],"author":[{"embeddable":true,"href":"https:\/\/www.pmpf.rs.gov.br\/esportes\/wp-json\/wp\/v2\/users\/4"}],"replies":[{"embeddable":true,"href":"https:\/\/www.pmpf.rs.gov.br\/esportes\/wp-json\/wp\/v2\/comments?post=1294"}],"version-history":[{"count":251,"href":"https:\/\/www.pmpf.rs.gov.br\/esportes\/wp-json\/wp\/v2\/pages\/1294\/revisions"}],"predecessor-version":[{"id":2333,"href":"https:\/\/www.pmpf.rs.gov.br\/esportes\/wp-json\/wp\/v2\/pages\/1294\/revisions\/2333"}],"wp:attachment":[{"href":"https:\/\/www.pmpf.rs.gov.br\/esportes\/wp-json\/wp\/v2\/media?parent=1294"}],"curies":[{"name":"wp","href":"https:\/\/api.w.org\/{rel}","templated":true}]}}