{"id":1273,"date":"2022-12-12T11:02:56","date_gmt":"2022-12-12T14:02:56","guid":{"rendered":"https:\/\/www.pmpf.rs.gov.br\/esportes\/?page_id=1273"},"modified":"2022-12-12T14:50:03","modified_gmt":"2022-12-12T17:50:03","slug":"joao-leithardt-neto","status":"publish","type":"page","link":"https:\/\/www.pmpf.rs.gov.br\/esportes\/joao-leithardt-neto\/","title":{"rendered":"Jo\u00e3o Leithardt Neto"},"content":{"rendered":"\n<p>Nascido em 1958 na cidade de Passo Fundo, Kita como \u00e9 carinhosamente chamado, iniciou sua carreira no futebol aos 17 anos atuando pelo Ga\u00facho de Passo Fundo, marcando seu primeiro gol em seu quarto jogo. No ano seguinte, transferiu-se para o 14 de Julho, clube em que ficou at\u00e9 1979. A partir da\u00ed, Kita seguiu sua carreira com grandes atua\u00e7\u00f5es por grandes clubes, tais como: Crici\u00fama (1979-80), Brasil de Pelotas (1980), Juventude (1981-83), Internacional (1984-85), Internacional-SP (1986 e 1988), Flamengo (1986-87), Portuguesa (1988), Gr\u00eamio (1989), Atl\u00e9tico PR (1990), Figueirense (1991), Esportivo (1992), Guarany de Garibaldi (1993), Esporte Clube Passo Fundo (1994) e Sele\u00e7\u00e3o Brasileira de Futebol (1984).<\/p>\n\n\n\n<p>Em 1984 ,atuando pela Sele\u00e7\u00e3o Brasileira nos Jogos Ol\u00edmpicos de Los Angeles, marcou um gol em quatro jogos e ajudou a sele\u00e7\u00e3o a conquistar a medalha de prata.<\/p>\n\n\n\n<p>Em 1986, ajudou o Internacional de Limeira a conquistar um t\u00edtulo hist\u00f3rico, pela primeira vez um time do interior vencia um time da capital em uma decis\u00e3o, sagrando-se campe\u00e3o paulista em cima do Palmeiras. Sagrando-se ainda o artilheiro do campeonato com 24 gols.<\/p>\n\n\n\n<p>Ap\u00f3s o t\u00edtulo, acabou sendo contratado pelo Flamengo de Zico e Portaluppi, conquistando o Campeonato Brasileiro de 1987.<\/p>\n\n\n\n<p>Kita encerrou sua carreira em 1995 no Esporte Clube Passo Fundo, marcando 9 gols em 25 jogos.<\/p>\n\n\n\n<p>\ud83d\udc8e Kita foi e continua sendo uma das maiores joias que nasceram em nossa cidade.<\/p>\n\n\n\n<p>Algumas conquistas da carreira:<\/p>\n\n\n\n<p>\ud83e\udd48Medalha de Prata nos Jogos Ol\u00edmpicos de Los Angeles (1984);<br>\ud83c\udfc6&nbsp; Campe\u00e3o Brasileiro em 1987;<br>\ud83c\udfc6&nbsp; Campe\u00e3o da Copa do Brasil em 1989;<br>\ud83c\udfc6&nbsp;\ud83c\udfc6&nbsp; Bi Campe\u00e3o Ga\u00facho (1984 e 1989);<br>\ud83c\udfc6&nbsp; Campe\u00e3o Paulista em 1986;<br>\ud83c\udfc6&nbsp; Campe\u00e3o Paranaense em 1990;<br>\ud83c\udfc6&nbsp;Goleador do Campeonato Paulista em 1986;<br>\ud83c\udfc6&nbsp;Goleador do Campeonato Ga\u00facho em 1983;<\/p>\n\n\n\n<p>Infelizmente Kita nos deixou em 2015 aos 57 anos, ap\u00f3s incessante luta contra a diabetes e um c\u00e2ncer no f\u00edgado descoberto um m\u00eas antes.<\/p>\n\n\n\n<hr class=\"wp-block-separator has-alpha-channel-opacity\"\/>\n\n\n\n<figure class=\"wp-block-gallery has-nested-images columns-2 is-cropped wp-block-gallery-1 is-layout-flex wp-block-gallery-is-layout-flex\">\n<figure class=\"wp-block-image size-medium\"><img loading=\"lazy\" decoding=\"async\" width=\"300\" height=\"206\" data-id=\"1278\" src=\"https:\/\/www.pmpf.rs.gov.br\/esportes\/wp-content\/uploads\/sites\/44\/2022\/12\/Kita1-300x206.jpg\" alt=\"\" class=\"wp-image-1278\" srcset=\"https:\/\/www.pmpf.rs.gov.br\/esportes\/wp-content\/uploads\/sites\/44\/2022\/12\/Kita1-300x206.jpg 300w, https:\/\/www.pmpf.rs.gov.br\/esportes\/wp-content\/uploads\/sites\/44\/2022\/12\/Kita1-768x528.jpg 768w, https:\/\/www.pmpf.rs.gov.br\/esportes\/wp-content\/uploads\/sites\/44\/2022\/12\/Kita1.jpg 1024w\" sizes=\"(max-width: 300px) 100vw, 300px\" \/><\/figure>\n\n\n\n<figure class=\"wp-block-image size-medium\"><img loading=\"lazy\" decoding=\"async\" width=\"203\" height=\"300\" data-id=\"1276\" src=\"https:\/\/www.pmpf.rs.gov.br\/esportes\/wp-content\/uploads\/sites\/44\/2022\/12\/Kita2-203x300.jpg\" alt=\"\" class=\"wp-image-1276\" srcset=\"https:\/\/www.pmpf.rs.gov.br\/esportes\/wp-content\/uploads\/sites\/44\/2022\/12\/Kita2-203x300.jpg 203w, https:\/\/www.pmpf.rs.gov.br\/esportes\/wp-content\/uploads\/sites\/44\/2022\/12\/Kita2.jpg 660w\" sizes=\"(max-width: 203px) 100vw, 203px\" \/><\/figure>\n\n\n\n<figure class=\"wp-block-image size-medium\"><img loading=\"lazy\" decoding=\"async\" width=\"254\" height=\"300\" data-id=\"1274\" src=\"https:\/\/www.pmpf.rs.gov.br\/esportes\/wp-content\/uploads\/sites\/44\/2022\/12\/Kita3-254x300.jpg\" alt=\"\" class=\"wp-image-1274\" srcset=\"https:\/\/www.pmpf.rs.gov.br\/esportes\/wp-content\/uploads\/sites\/44\/2022\/12\/Kita3-254x300.jpg 254w, https:\/\/www.pmpf.rs.gov.br\/esportes\/wp-content\/uploads\/sites\/44\/2022\/12\/Kita3.jpg 344w\" sizes=\"(max-width: 254px) 100vw, 254px\" \/><\/figure>\n\n\n\n<figure class=\"wp-block-image size-medium\"><img loading=\"lazy\" decoding=\"async\" width=\"240\" height=\"300\" data-id=\"1275\" src=\"https:\/\/www.pmpf.rs.gov.br\/esportes\/wp-content\/uploads\/sites\/44\/2022\/12\/Kita4-240x300.jpeg\" alt=\"\" class=\"wp-image-1275\" srcset=\"https:\/\/www.pmpf.rs.gov.br\/esportes\/wp-content\/uploads\/sites\/44\/2022\/12\/Kita4-240x300.jpeg 240w, https:\/\/www.pmpf.rs.gov.br\/esportes\/wp-content\/uploads\/sites\/44\/2022\/12\/Kita4-819x1024.jpeg 819w, https:\/\/www.pmpf.rs.gov.br\/esportes\/wp-content\/uploads\/sites\/44\/2022\/12\/Kita4-768x960.jpeg 768w, https:\/\/www.pmpf.rs.gov.br\/esportes\/wp-content\/uploads\/sites\/44\/2022\/12\/Kita4.jpeg 1080w\" sizes=\"(max-width: 240px) 100vw, 240px\" \/><\/figure>\n\n\n\n<figure class=\"wp-block-image size-medium\"><img loading=\"lazy\" decoding=\"async\" width=\"300\" height=\"265\" data-id=\"1277\" src=\"https:\/\/www.pmpf.rs.gov.br\/esportes\/wp-content\/uploads\/sites\/44\/2022\/12\/Kita5-300x265.jpg\" alt=\"\" class=\"wp-image-1277\" srcset=\"https:\/\/www.pmpf.rs.gov.br\/esportes\/wp-content\/uploads\/sites\/44\/2022\/12\/Kita5-300x265.jpg 300w, https:\/\/www.pmpf.rs.gov.br\/esportes\/wp-content\/uploads\/sites\/44\/2022\/12\/Kita5-768x679.jpg 768w, https:\/\/www.pmpf.rs.gov.br\/esportes\/wp-content\/uploads\/sites\/44\/2022\/12\/Kita5.jpg 851w\" sizes=\"(max-width: 300px) 100vw, 300px\" \/><\/figure>\n<\/figure>\n","protected":false},"excerpt":{"rendered":"<p>Nascido em 1958 na cidade de Passo Fundo, Kita como \u00e9 carinhosamente chamado, iniciou sua carreira no futebol aos 17 anos atuando pelo Ga\u00facho de Passo Fundo, marcando seu primeiro gol em [&hellip;]<\/p>\n","protected":false},"author":23,"featured_media":0,"parent":0,"menu_order":0,"comment_status":"closed","ping_status":"closed","template":"","meta":{"footnotes":""},"class_list":["post-1273","page","type-page","status-publish","hentry"],"yoast_head":"<!-- This site is optimized with the Yoast SEO plugin v23.8 - https:\/\/yoast.com\/wordpress\/plugins\/seo\/ -->\n<title>Jo\u00e3o Leithardt Neto - Secretaria de Esportes<\/title>\n<meta name=\"robots\" content=\"index, follow, max-snippet:-1, max-image-preview:large, max-video-preview:-1\" \/>\n<link rel=\"canonical\" href=\"https:\/\/www.pmpf.rs.gov.br\/esportes\/joao-leithardt-neto\/\" \/>\n<meta property=\"og:locale\" content=\"pt_BR\" \/>\n<meta property=\"og:type\" content=\"article\" \/>\n<meta property=\"og:title\" content=\"Jo\u00e3o Leithardt Neto - Secretaria de Esportes\" \/>\n<meta property=\"og:description\" content=\"Nascido em 1958 na cidade de Passo Fundo, Kita como \u00e9 carinhosamente chamado, iniciou sua carreira no futebol aos 17 anos atuando pelo Ga\u00facho de Passo Fundo, marcando seu primeiro gol em [&hellip;]\" \/>\n<meta property=\"og:url\" content=\"https:\/\/www.pmpf.rs.gov.br\/esportes\/joao-leithardt-neto\/\" \/>\n<meta property=\"og:site_name\" content=\"Secretaria de Esportes\" \/>\n<meta property=\"article:modified_time\" content=\"2022-12-12T17:50:03+00:00\" \/>\n<meta property=\"og:image\" content=\"https:\/\/www.pmpf.rs.gov.br\/esportes\/wp-content\/uploads\/sites\/44\/2022\/12\/Kita1-300x206.jpg\" \/>\n<meta name=\"twitter:card\" content=\"summary_large_image\" \/>\n<meta name=\"twitter:label1\" content=\"Est. tempo de leitura\" \/>\n\t<meta name=\"twitter:data1\" content=\"2 minutos\" \/>\n<script type=\"application\/ld+json\" class=\"yoast-schema-graph\">{\"@context\":\"https:\/\/schema.org\",\"@graph\":[{\"@type\":\"WebPage\",\"@id\":\"https:\/\/www.pmpf.rs.gov.br\/esportes\/joao-leithardt-neto\/\",\"url\":\"https:\/\/www.pmpf.rs.gov.br\/esportes\/joao-leithardt-neto\/\",\"name\":\"Jo\u00e3o Leithardt Neto - Secretaria de Esportes\",\"isPartOf\":{\"@id\":\"https:\/\/www.pmpf.rs.gov.br\/esportes\/#website\"},\"primaryImageOfPage\":{\"@id\":\"https:\/\/www.pmpf.rs.gov.br\/esportes\/joao-leithardt-neto\/#primaryimage\"},\"image\":{\"@id\":\"https:\/\/www.pmpf.rs.gov.br\/esportes\/joao-leithardt-neto\/#primaryimage\"},\"thumbnailUrl\":\"https:\/\/www.pmpf.rs.gov.br\/esportes\/wp-content\/uploads\/sites\/44\/2022\/12\/Kita1-300x206.jpg\",\"datePublished\":\"2022-12-12T14:02:56+00:00\",\"dateModified\":\"2022-12-12T17:50:03+00:00\",\"inLanguage\":\"pt-BR\",\"potentialAction\":[{\"@type\":\"ReadAction\",\"target\":[\"https:\/\/www.pmpf.rs.gov.br\/esportes\/joao-leithardt-neto\/\"]}]},{\"@type\":\"ImageObject\",\"inLanguage\":\"pt-BR\",\"@id\":\"https:\/\/www.pmpf.rs.gov.br\/esportes\/joao-leithardt-neto\/#primaryimage\",\"url\":\"https:\/\/www.pmpf.rs.gov.br\/esportes\/wp-content\/uploads\/sites\/44\/2022\/12\/Kita1.jpg\",\"contentUrl\":\"https:\/\/www.pmpf.rs.gov.br\/esportes\/wp-content\/uploads\/sites\/44\/2022\/12\/Kita1.jpg\",\"width\":1024,\"height\":704},{\"@type\":\"WebSite\",\"@id\":\"https:\/\/www.pmpf.rs.gov.br\/esportes\/#website\",\"url\":\"https:\/\/www.pmpf.rs.gov.br\/esportes\/\",\"name\":\"Secretaria de Esportes\",\"description\":\"Site Secretaria de Esporte da Prefeitura de Passo Fundo\",\"potentialAction\":[{\"@type\":\"SearchAction\",\"target\":{\"@type\":\"EntryPoint\",\"urlTemplate\":\"https:\/\/www.pmpf.rs.gov.br\/esportes\/?s={search_term_string}\"},\"query-input\":{\"@type\":\"PropertyValueSpecification\",\"valueRequired\":true,\"valueName\":\"search_term_string\"}}],\"inLanguage\":\"pt-BR\"}]}<\/script>\n<!-- \/ Yoast SEO plugin. -->","yoast_head_json":{"title":"Jo\u00e3o Leithardt Neto - Secretaria de Esportes","robots":{"index":"index","follow":"follow","max-snippet":"max-snippet:-1","max-image-preview":"max-image-preview:large","max-video-preview":"max-video-preview:-1"},"canonical":"https:\/\/www.pmpf.rs.gov.br\/esportes\/joao-leithardt-neto\/","og_locale":"pt_BR","og_type":"article","og_title":"Jo\u00e3o Leithardt Neto - Secretaria de Esportes","og_description":"Nascido em 1958 na cidade de Passo Fundo, Kita como \u00e9 carinhosamente chamado, iniciou sua carreira no futebol aos 17 anos atuando pelo Ga\u00facho de Passo Fundo, marcando seu primeiro gol em [&hellip;]","og_url":"https:\/\/www.pmpf.rs.gov.br\/esportes\/joao-leithardt-neto\/","og_site_name":"Secretaria de Esportes","article_modified_time":"2022-12-12T17:50:03+00:00","og_image":[{"url":"https:\/\/www.pmpf.rs.gov.br\/esportes\/wp-content\/uploads\/sites\/44\/2022\/12\/Kita1-300x206.jpg"}],"twitter_card":"summary_large_image","twitter_misc":{"Est. tempo de leitura":"2 minutos"},"schema":{"@context":"https:\/\/schema.org","@graph":[{"@type":"WebPage","@id":"https:\/\/www.pmpf.rs.gov.br\/esportes\/joao-leithardt-neto\/","url":"https:\/\/www.pmpf.rs.gov.br\/esportes\/joao-leithardt-neto\/","name":"Jo\u00e3o Leithardt Neto - Secretaria de Esportes","isPartOf":{"@id":"https:\/\/www.pmpf.rs.gov.br\/esportes\/#website"},"primaryImageOfPage":{"@id":"https:\/\/www.pmpf.rs.gov.br\/esportes\/joao-leithardt-neto\/#primaryimage"},"image":{"@id":"https:\/\/www.pmpf.rs.gov.br\/esportes\/joao-leithardt-neto\/#primaryimage"},"thumbnailUrl":"https:\/\/www.pmpf.rs.gov.br\/esportes\/wp-content\/uploads\/sites\/44\/2022\/12\/Kita1-300x206.jpg","datePublished":"2022-12-12T14:02:56+00:00","dateModified":"2022-12-12T17:50:03+00:00","inLanguage":"pt-BR","potentialAction":[{"@type":"ReadAction","target":["https:\/\/www.pmpf.rs.gov.br\/esportes\/joao-leithardt-neto\/"]}]},{"@type":"ImageObject","inLanguage":"pt-BR","@id":"https:\/\/www.pmpf.rs.gov.br\/esportes\/joao-leithardt-neto\/#primaryimage","url":"https:\/\/www.pmpf.rs.gov.br\/esportes\/wp-content\/uploads\/sites\/44\/2022\/12\/Kita1.jpg","contentUrl":"https:\/\/www.pmpf.rs.gov.br\/esportes\/wp-content\/uploads\/sites\/44\/2022\/12\/Kita1.jpg","width":1024,"height":704},{"@type":"WebSite","@id":"https:\/\/www.pmpf.rs.gov.br\/esportes\/#website","url":"https:\/\/www.pmpf.rs.gov.br\/esportes\/","name":"Secretaria de Esportes","description":"Site Secretaria de Esporte da Prefeitura de Passo Fundo","potentialAction":[{"@type":"SearchAction","target":{"@type":"EntryPoint","urlTemplate":"https:\/\/www.pmpf.rs.gov.br\/esportes\/?s={search_term_string}"},"query-input":{"@type":"PropertyValueSpecification","valueRequired":true,"valueName":"search_term_string"}}],"inLanguage":"pt-BR"}]}},"_links":{"self":[{"href":"https:\/\/www.pmpf.rs.gov.br\/esportes\/wp-json\/wp\/v2\/pages\/1273"}],"collection":[{"href":"https:\/\/www.pmpf.rs.gov.br\/esportes\/wp-json\/wp\/v2\/pages"}],"about":[{"href":"https:\/\/www.pmpf.rs.gov.br\/esportes\/wp-json\/wp\/v2\/types\/page"}],"author":[{"embeddable":true,"href":"https:\/\/www.pmpf.rs.gov.br\/esportes\/wp-json\/wp\/v2\/users\/23"}],"replies":[{"embeddable":true,"href":"https:\/\/www.pmpf.rs.gov.br\/esportes\/wp-json\/wp\/v2\/comments?post=1273"}],"version-history":[{"count":4,"href":"https:\/\/www.pmpf.rs.gov.br\/esportes\/wp-json\/wp\/v2\/pages\/1273\/revisions"}],"predecessor-version":[{"id":1285,"href":"https:\/\/www.pmpf.rs.gov.br\/esportes\/wp-json\/wp\/v2\/pages\/1273\/revisions\/1285"}],"wp:attachment":[{"href":"https:\/\/www.pmpf.rs.gov.br\/esportes\/wp-json\/wp\/v2\/media?parent=1273"}],"curies":[{"name":"wp","href":"https:\/\/api.w.org\/{rel}","templated":true}]}}