{"id":1189,"date":"2022-10-18T13:57:12","date_gmt":"2022-10-18T16:57:12","guid":{"rendered":"https:\/\/www.pmpf.rs.gov.br\/esportes\/?page_id=1189"},"modified":"2022-10-18T14:31:26","modified_gmt":"2022-10-18T17:31:26","slug":"claudio-ricci","status":"publish","type":"page","link":"https:\/\/www.pmpf.rs.gov.br\/esportes\/claudio-ricci\/","title":{"rendered":"Cl\u00e1udio Ricci"},"content":{"rendered":"\n<div style=\"height:10px\" aria-hidden=\"true\" class=\"wp-block-spacer\"><\/div>\n\n\n\n<p>Nascido em Passo Fundo no ano de 1971, Cacau como \u00e9 carinhosamente chamado, iniciou sua carreira no automobilismo aos 13 anos dentro do Kart\u00f3dromo de Passo Fundo por influ\u00eancia de seu tio Aido Fante e seu pai. A conquista de seu primeiro t\u00edtulo aconteceu em um Campeonato Regional de Kart.<\/p>\n\n\n\n<p>Ao longo dos anos, disputou algumas das principais categorias do automobilismo, indo desde o Kart, F\u00f3rmula Ford, F\u00f3rmula Chevrolet, Endurance Brasil, Pick-Up Racing Brasil, GT3 Brasil, GT3 Mundial, at\u00e9 a Stock Car.<\/p>\n\n\n\n<p>\ud83d\udc8e Cl\u00e1udio \u00e9 outra de tantas joias reveladas em nossa cidade. <\/p>\n\n\n\n<p><br><strong>Algumas conquistas da carreira:<\/strong><br>\ud83c\udfc6 Campe\u00e3o Brasileiro e Sul Brasileiro de Kart em 1998;<br>\ud83c\udfc6 Campe\u00e3o Ga\u00facho de Kart em 1998;<br>\ud83c\udfc6\ud83c\udfc6 Bi Campe\u00e3o Catarinense de Kart (1996 e 1998);<br>\ud83c\udfc6 Campe\u00e3o Regional de Kart;<br>\ud83c\udfc6 Campe\u00e3o F\u00f3rmula Ford RS;<br>\ud83c\udfc6 Campe\u00e3o Super Turismo RS;<br>\ud83c\udfc6 Campe\u00e3o GT3 Brasil em 2009;<br>\ud83c\udfc6 Campe\u00e3o Brasileiro de Pick-Up Racing em 2006;<br>\ud83c\udfc6\ud83c\udfc6 Bi Campe\u00e3o Endurance Brasil;<br>\ud83c\udfc6 Campe\u00e3o Mil Milhas Brasileiras em 2002;<br>\ud83c\udfc6 Campe\u00e3o 12 Horas de Tarum\u00e3 em 2004;<br>\ud83c\udfc6 Campe\u00e3o 12 Horas de Guapor\u00e9;<br>\ud83c\udfc6\ud83c\udfc6 2X Capacete de Ouro Revista Racing.<\/p>\n\n\n\n<p>Atualmente, Cacau ainda disputa a categoria Endurance Brasil, a qual j\u00e1 \u00e9 Bi Campe\u00e3o.<\/p>\n\n\n\n<p><strong>Siga:<\/strong><\/p>\n\n\n\n<ul class=\"wp-block-social-links is-layout-flex wp-block-social-links-is-layout-flex\"><li class=\"wp-social-link wp-social-link-instagram  wp-block-social-link\"><a href=\"https:\/\/www.instagram.com\/cacauricci\/\" class=\"wp-block-social-link-anchor\"><svg width=\"24\" height=\"24\" viewBox=\"0 0 24 24\" version=\"1.1\" xmlns=\"http:\/\/www.w3.org\/2000\/svg\" aria-hidden=\"true\" focusable=\"false\"><path d=\"M12,4.622c2.403,0,2.688,0.009,3.637,0.052c0.877,0.04,1.354,0.187,1.671,0.31c0.42,0.163,0.72,0.358,1.035,0.673 c0.315,0.315,0.51,0.615,0.673,1.035c0.123,0.317,0.27,0.794,0.31,1.671c0.043,0.949,0.052,1.234,0.052,3.637 s-0.009,2.688-0.052,3.637c-0.04,0.877-0.187,1.354-0.31,1.671c-0.163,0.42-0.358,0.72-0.673,1.035 c-0.315,0.315-0.615,0.51-1.035,0.673c-0.317,0.123-0.794,0.27-1.671,0.31c-0.949,0.043-1.233,0.052-3.637,0.052 s-2.688-0.009-3.637-0.052c-0.877-0.04-1.354-0.187-1.671-0.31c-0.42-0.163-0.72-0.358-1.035-0.673 c-0.315-0.315-0.51-0.615-0.673-1.035c-0.123-0.317-0.27-0.794-0.31-1.671C4.631,14.688,4.622,14.403,4.622,12 s0.009-2.688,0.052-3.637c0.04-0.877,0.187-1.354,0.31-1.671c0.163-0.42,0.358-0.72,0.673-1.035 c0.315-0.315,0.615-0.51,1.035-0.673c0.317-0.123,0.794-0.27,1.671-0.31C9.312,4.631,9.597,4.622,12,4.622 M12,3 C9.556,3,9.249,3.01,8.289,3.054C7.331,3.098,6.677,3.25,6.105,3.472C5.513,3.702,5.011,4.01,4.511,4.511 c-0.5,0.5-0.808,1.002-1.038,1.594C3.25,6.677,3.098,7.331,3.054,8.289C3.01,9.249,3,9.556,3,12c0,2.444,0.01,2.751,0.054,3.711 c0.044,0.958,0.196,1.612,0.418,2.185c0.23,0.592,0.538,1.094,1.038,1.594c0.5,0.5,1.002,0.808,1.594,1.038 c0.572,0.222,1.227,0.375,2.185,0.418C9.249,20.99,9.556,21,12,21s2.751-0.01,3.711-0.054c0.958-0.044,1.612-0.196,2.185-0.418 c0.592-0.23,1.094-0.538,1.594-1.038c0.5-0.5,0.808-1.002,1.038-1.594c0.222-0.572,0.375-1.227,0.418-2.185 C20.99,14.751,21,14.444,21,12s-0.01-2.751-0.054-3.711c-0.044-0.958-0.196-1.612-0.418-2.185c-0.23-0.592-0.538-1.094-1.038-1.594 c-0.5-0.5-1.002-0.808-1.594-1.038c-0.572-0.222-1.227-0.375-2.185-0.418C14.751,3.01,14.444,3,12,3L12,3z M12,7.378 c-2.552,0-4.622,2.069-4.622,4.622S9.448,16.622,12,16.622s4.622-2.069,4.622-4.622S14.552,7.378,12,7.378z M12,15 c-1.657,0-3-1.343-3-3s1.343-3,3-3s3,1.343,3,3S13.657,15,12,15z M16.804,6.116c-0.596,0-1.08,0.484-1.08,1.08 s0.484,1.08,1.08,1.08c0.596,0,1.08-0.484,1.08-1.08S17.401,6.116,16.804,6.116z\"><\/path><\/svg><span class=\"wp-block-social-link-label screen-reader-text\">Instagram<\/span><\/a><\/li><\/ul>\n\n\n\n<hr class=\"wp-block-separator has-alpha-channel-opacity\"\/>\n\n\n\n<figure class=\"wp-block-gallery has-nested-images columns-2 is-cropped wp-block-gallery-1 is-layout-flex wp-block-gallery-is-layout-flex\">\n<figure class=\"wp-block-image size-large is-style-default\"><a href=\"https:\/\/www.pmpf.rs.gov.br\/esportes\/wp-content\/uploads\/sites\/44\/2022\/10\/claudio_ricci_1.jpg\"><img loading=\"lazy\" decoding=\"async\" width=\"1134\" height=\"998\" data-id=\"1196\" src=\"https:\/\/www.pmpf.rs.gov.br\/esportes\/wp-content\/uploads\/sites\/44\/2022\/10\/claudio_ricci_1.jpg\" alt=\"\" class=\"wp-image-1196\" srcset=\"https:\/\/www.pmpf.rs.gov.br\/esportes\/wp-content\/uploads\/sites\/44\/2022\/10\/claudio_ricci_1.jpg 1134w, https:\/\/www.pmpf.rs.gov.br\/esportes\/wp-content\/uploads\/sites\/44\/2022\/10\/claudio_ricci_1-300x264.jpg 300w, https:\/\/www.pmpf.rs.gov.br\/esportes\/wp-content\/uploads\/sites\/44\/2022\/10\/claudio_ricci_1-1024x901.jpg 1024w, https:\/\/www.pmpf.rs.gov.br\/esportes\/wp-content\/uploads\/sites\/44\/2022\/10\/claudio_ricci_1-768x676.jpg 768w\" sizes=\"(max-width: 1134px) 100vw, 1134px\" \/><\/a><\/figure>\n\n\n\n<figure class=\"wp-block-image size-large is-style-default\"><a href=\"https:\/\/www.pmpf.rs.gov.br\/esportes\/wp-content\/uploads\/sites\/44\/2022\/10\/claudio_ricci_3.jpg\"><img loading=\"lazy\" decoding=\"async\" width=\"1024\" height=\"768\" data-id=\"1198\" src=\"https:\/\/www.pmpf.rs.gov.br\/esportes\/wp-content\/uploads\/sites\/44\/2022\/10\/claudio_ricci_3.jpg\" alt=\"\" class=\"wp-image-1198\" srcset=\"https:\/\/www.pmpf.rs.gov.br\/esportes\/wp-content\/uploads\/sites\/44\/2022\/10\/claudio_ricci_3.jpg 1024w, https:\/\/www.pmpf.rs.gov.br\/esportes\/wp-content\/uploads\/sites\/44\/2022\/10\/claudio_ricci_3-300x225.jpg 300w, https:\/\/www.pmpf.rs.gov.br\/esportes\/wp-content\/uploads\/sites\/44\/2022\/10\/claudio_ricci_3-768x576.jpg 768w\" sizes=\"(max-width: 1024px) 100vw, 1024px\" \/><\/a><\/figure>\n\n\n\n<figure class=\"wp-block-image size-large is-style-default\"><a href=\"https:\/\/www.pmpf.rs.gov.br\/esportes\/wp-content\/uploads\/sites\/44\/2022\/10\/claudio_ricci_2.jpg\"><img loading=\"lazy\" decoding=\"async\" width=\"780\" height=\"445\" data-id=\"1197\" src=\"https:\/\/www.pmpf.rs.gov.br\/esportes\/wp-content\/uploads\/sites\/44\/2022\/10\/claudio_ricci_2.jpg\" alt=\"\" class=\"wp-image-1197\" srcset=\"https:\/\/www.pmpf.rs.gov.br\/esportes\/wp-content\/uploads\/sites\/44\/2022\/10\/claudio_ricci_2.jpg 780w, https:\/\/www.pmpf.rs.gov.br\/esportes\/wp-content\/uploads\/sites\/44\/2022\/10\/claudio_ricci_2-300x171.jpg 300w, https:\/\/www.pmpf.rs.gov.br\/esportes\/wp-content\/uploads\/sites\/44\/2022\/10\/claudio_ricci_2-768x438.jpg 768w\" sizes=\"(max-width: 780px) 100vw, 780px\" \/><\/a><\/figure>\n\n\n\n<figure class=\"wp-block-image size-large is-style-default\"><a href=\"https:\/\/www.pmpf.rs.gov.br\/esportes\/wp-content\/uploads\/sites\/44\/2022\/10\/claudio_ricci_4.jpg\"><img loading=\"lazy\" decoding=\"async\" width=\"868\" height=\"500\" data-id=\"1199\" src=\"https:\/\/www.pmpf.rs.gov.br\/esportes\/wp-content\/uploads\/sites\/44\/2022\/10\/claudio_ricci_4.jpg\" alt=\"\" class=\"wp-image-1199\" srcset=\"https:\/\/www.pmpf.rs.gov.br\/esportes\/wp-content\/uploads\/sites\/44\/2022\/10\/claudio_ricci_4.jpg 868w, https:\/\/www.pmpf.rs.gov.br\/esportes\/wp-content\/uploads\/sites\/44\/2022\/10\/claudio_ricci_4-300x173.jpg 300w, https:\/\/www.pmpf.rs.gov.br\/esportes\/wp-content\/uploads\/sites\/44\/2022\/10\/claudio_ricci_4-768x442.jpg 768w\" sizes=\"(max-width: 868px) 100vw, 868px\" \/><\/a><\/figure>\n<\/figure>\n","protected":false},"excerpt":{"rendered":"<p>Nascido em Passo Fundo no ano de 1971, Cacau como \u00e9 carinhosamente chamado, iniciou sua carreira no automobilismo aos 13 anos dentro do Kart\u00f3dromo de Passo Fundo por influ\u00eancia de seu tio [&hellip;]<\/p>\n","protected":false},"author":4,"featured_media":0,"parent":0,"menu_order":0,"comment_status":"closed","ping_status":"closed","template":"","meta":{"footnotes":""},"class_list":["post-1189","page","type-page","status-publish","hentry"],"yoast_head":"<!-- This site is optimized with the Yoast SEO plugin v23.8 - https:\/\/yoast.com\/wordpress\/plugins\/seo\/ -->\n<title>Cl\u00e1udio Ricci - Secretaria de Esportes<\/title>\n<meta name=\"robots\" content=\"index, follow, max-snippet:-1, max-image-preview:large, max-video-preview:-1\" \/>\n<link rel=\"canonical\" href=\"https:\/\/www.pmpf.rs.gov.br\/esportes\/claudio-ricci\/\" \/>\n<meta property=\"og:locale\" content=\"pt_BR\" \/>\n<meta property=\"og:type\" content=\"article\" \/>\n<meta property=\"og:title\" content=\"Cl\u00e1udio Ricci - Secretaria de Esportes\" \/>\n<meta property=\"og:description\" content=\"Nascido em Passo Fundo no ano de 1971, Cacau como \u00e9 carinhosamente chamado, iniciou sua carreira no automobilismo aos 13 anos dentro do Kart\u00f3dromo de Passo Fundo por influ\u00eancia de seu tio [&hellip;]\" \/>\n<meta property=\"og:url\" content=\"https:\/\/www.pmpf.rs.gov.br\/esportes\/claudio-ricci\/\" \/>\n<meta property=\"og:site_name\" content=\"Secretaria de Esportes\" \/>\n<meta property=\"article:modified_time\" content=\"2022-10-18T17:31:26+00:00\" \/>\n<meta property=\"og:image\" content=\"https:\/\/www.pmpf.rs.gov.br\/esportes\/wp-content\/uploads\/sites\/44\/2022\/10\/claudio_ricci_1.jpg\" \/>\n<meta name=\"twitter:card\" content=\"summary_large_image\" \/>\n<meta name=\"twitter:label1\" content=\"Est. tempo de leitura\" \/>\n\t<meta name=\"twitter:data1\" content=\"1 minuto\" \/>\n<script type=\"application\/ld+json\" class=\"yoast-schema-graph\">{\"@context\":\"https:\/\/schema.org\",\"@graph\":[{\"@type\":\"WebPage\",\"@id\":\"https:\/\/www.pmpf.rs.gov.br\/esportes\/claudio-ricci\/\",\"url\":\"https:\/\/www.pmpf.rs.gov.br\/esportes\/claudio-ricci\/\",\"name\":\"Cl\u00e1udio Ricci - Secretaria de Esportes\",\"isPartOf\":{\"@id\":\"https:\/\/www.pmpf.rs.gov.br\/esportes\/#website\"},\"primaryImageOfPage\":{\"@id\":\"https:\/\/www.pmpf.rs.gov.br\/esportes\/claudio-ricci\/#primaryimage\"},\"image\":{\"@id\":\"https:\/\/www.pmpf.rs.gov.br\/esportes\/claudio-ricci\/#primaryimage\"},\"thumbnailUrl\":\"https:\/\/www.pmpf.rs.gov.br\/esportes\/wp-content\/uploads\/sites\/44\/2022\/10\/claudio_ricci_1.jpg\",\"datePublished\":\"2022-10-18T16:57:12+00:00\",\"dateModified\":\"2022-10-18T17:31:26+00:00\",\"inLanguage\":\"pt-BR\",\"potentialAction\":[{\"@type\":\"ReadAction\",\"target\":[\"https:\/\/www.pmpf.rs.gov.br\/esportes\/claudio-ricci\/\"]}]},{\"@type\":\"ImageObject\",\"inLanguage\":\"pt-BR\",\"@id\":\"https:\/\/www.pmpf.rs.gov.br\/esportes\/claudio-ricci\/#primaryimage\",\"url\":\"https:\/\/www.pmpf.rs.gov.br\/esportes\/wp-content\/uploads\/sites\/44\/2022\/10\/claudio_ricci_1.jpg\",\"contentUrl\":\"https:\/\/www.pmpf.rs.gov.br\/esportes\/wp-content\/uploads\/sites\/44\/2022\/10\/claudio_ricci_1.jpg\",\"width\":1134,\"height\":998},{\"@type\":\"WebSite\",\"@id\":\"https:\/\/www.pmpf.rs.gov.br\/esportes\/#website\",\"url\":\"https:\/\/www.pmpf.rs.gov.br\/esportes\/\",\"name\":\"Secretaria de Esportes\",\"description\":\"Site Secretaria de Esporte da Prefeitura de Passo Fundo\",\"potentialAction\":[{\"@type\":\"SearchAction\",\"target\":{\"@type\":\"EntryPoint\",\"urlTemplate\":\"https:\/\/www.pmpf.rs.gov.br\/esportes\/?s={search_term_string}\"},\"query-input\":{\"@type\":\"PropertyValueSpecification\",\"valueRequired\":true,\"valueName\":\"search_term_string\"}}],\"inLanguage\":\"pt-BR\"}]}<\/script>\n<!-- \/ Yoast SEO plugin. -->","yoast_head_json":{"title":"Cl\u00e1udio Ricci - Secretaria de Esportes","robots":{"index":"index","follow":"follow","max-snippet":"max-snippet:-1","max-image-preview":"max-image-preview:large","max-video-preview":"max-video-preview:-1"},"canonical":"https:\/\/www.pmpf.rs.gov.br\/esportes\/claudio-ricci\/","og_locale":"pt_BR","og_type":"article","og_title":"Cl\u00e1udio Ricci - Secretaria de Esportes","og_description":"Nascido em Passo Fundo no ano de 1971, Cacau como \u00e9 carinhosamente chamado, iniciou sua carreira no automobilismo aos 13 anos dentro do Kart\u00f3dromo de Passo Fundo por influ\u00eancia de seu tio [&hellip;]","og_url":"https:\/\/www.pmpf.rs.gov.br\/esportes\/claudio-ricci\/","og_site_name":"Secretaria de Esportes","article_modified_time":"2022-10-18T17:31:26+00:00","og_image":[{"url":"https:\/\/www.pmpf.rs.gov.br\/esportes\/wp-content\/uploads\/sites\/44\/2022\/10\/claudio_ricci_1.jpg"}],"twitter_card":"summary_large_image","twitter_misc":{"Est. tempo de leitura":"1 minuto"},"schema":{"@context":"https:\/\/schema.org","@graph":[{"@type":"WebPage","@id":"https:\/\/www.pmpf.rs.gov.br\/esportes\/claudio-ricci\/","url":"https:\/\/www.pmpf.rs.gov.br\/esportes\/claudio-ricci\/","name":"Cl\u00e1udio Ricci - Secretaria de Esportes","isPartOf":{"@id":"https:\/\/www.pmpf.rs.gov.br\/esportes\/#website"},"primaryImageOfPage":{"@id":"https:\/\/www.pmpf.rs.gov.br\/esportes\/claudio-ricci\/#primaryimage"},"image":{"@id":"https:\/\/www.pmpf.rs.gov.br\/esportes\/claudio-ricci\/#primaryimage"},"thumbnailUrl":"https:\/\/www.pmpf.rs.gov.br\/esportes\/wp-content\/uploads\/sites\/44\/2022\/10\/claudio_ricci_1.jpg","datePublished":"2022-10-18T16:57:12+00:00","dateModified":"2022-10-18T17:31:26+00:00","inLanguage":"pt-BR","potentialAction":[{"@type":"ReadAction","target":["https:\/\/www.pmpf.rs.gov.br\/esportes\/claudio-ricci\/"]}]},{"@type":"ImageObject","inLanguage":"pt-BR","@id":"https:\/\/www.pmpf.rs.gov.br\/esportes\/claudio-ricci\/#primaryimage","url":"https:\/\/www.pmpf.rs.gov.br\/esportes\/wp-content\/uploads\/sites\/44\/2022\/10\/claudio_ricci_1.jpg","contentUrl":"https:\/\/www.pmpf.rs.gov.br\/esportes\/wp-content\/uploads\/sites\/44\/2022\/10\/claudio_ricci_1.jpg","width":1134,"height":998},{"@type":"WebSite","@id":"https:\/\/www.pmpf.rs.gov.br\/esportes\/#website","url":"https:\/\/www.pmpf.rs.gov.br\/esportes\/","name":"Secretaria de Esportes","description":"Site Secretaria de Esporte da Prefeitura de Passo Fundo","potentialAction":[{"@type":"SearchAction","target":{"@type":"EntryPoint","urlTemplate":"https:\/\/www.pmpf.rs.gov.br\/esportes\/?s={search_term_string}"},"query-input":{"@type":"PropertyValueSpecification","valueRequired":true,"valueName":"search_term_string"}}],"inLanguage":"pt-BR"}]}},"_links":{"self":[{"href":"https:\/\/www.pmpf.rs.gov.br\/esportes\/wp-json\/wp\/v2\/pages\/1189"}],"collection":[{"href":"https:\/\/www.pmpf.rs.gov.br\/esportes\/wp-json\/wp\/v2\/pages"}],"about":[{"href":"https:\/\/www.pmpf.rs.gov.br\/esportes\/wp-json\/wp\/v2\/types\/page"}],"author":[{"embeddable":true,"href":"https:\/\/www.pmpf.rs.gov.br\/esportes\/wp-json\/wp\/v2\/users\/4"}],"replies":[{"embeddable":true,"href":"https:\/\/www.pmpf.rs.gov.br\/esportes\/wp-json\/wp\/v2\/comments?post=1189"}],"version-history":[{"count":5,"href":"https:\/\/www.pmpf.rs.gov.br\/esportes\/wp-json\/wp\/v2\/pages\/1189\/revisions"}],"predecessor-version":[{"id":1203,"href":"https:\/\/www.pmpf.rs.gov.br\/esportes\/wp-json\/wp\/v2\/pages\/1189\/revisions\/1203"}],"wp:attachment":[{"href":"https:\/\/www.pmpf.rs.gov.br\/esportes\/wp-json\/wp\/v2\/media?parent=1189"}],"curies":[{"name":"wp","href":"https:\/\/api.w.org\/{rel}","templated":true}]}}