{"id":1150,"date":"2022-09-23T16:34:13","date_gmt":"2022-09-23T19:34:13","guid":{"rendered":"https:\/\/www.pmpf.rs.gov.br\/esportes\/?page_id=1150"},"modified":"2022-12-09T09:39:03","modified_gmt":"2022-12-09T12:39:03","slug":"marquinho-mattos","status":"publish","type":"page","link":"https:\/\/www.pmpf.rs.gov.br\/esportes\/marquinho-mattos\/","title":{"rendered":"Marquinho Mattos"},"content":{"rendered":"\n<p>Marco Ant\u00f4nio de Mattos Filho nasceu em Passo Fundo no ano de 1986, iniciou sua carreira no futebol ga\u00facho, passando por categorias de base de diversos clubes, como Juventude, Internacional, Gr\u00eamio e Vasco, at\u00e9 chegar ao time sub 20 do Palmeiras em 2004. Ap\u00f3s dois anos chegou ao time principal, por\u00e9m sem boas oportunidades.<\/p>\n\n\n\n<p>No ano seguinte, transferiu-se ao Botafogo, onde tamb\u00e9m teve poucas oportunidades de mostrar seu talento.<\/p>\n\n\n\n<p>Em 2008, no Figueirense, conseguiu desempenhar bom futebol mesmo com o time acabando o campeonato rebaixado, destaque que atraiu o olhar de grandes times nacionais.<\/p>\n\n\n\n<p>Em 2009, chegou ao Fluminense, onde foi conquistando seu espa\u00e7o, no mesmo ano, marcou o gol que livrou o Flu de disputar a S\u00e9rie B no pr\u00f3ximo ano. Em 2010, Marquinhos foi pe\u00e7a fundamental para a conquista do t\u00edtulo de Campe\u00e3o Brasileiro, formando dupla no meio-campo do Dario Conca e sempre rendendo elogios do t\u00e9cnico Muricy Ramalho. No ano seguinte, foi um dos principais jogadores do time, sempre com gols decisivos.<\/p>\n\n\n\n<p>Em 2012, foi transferido para a Roma por empr\u00e9stimo e, ap\u00f3s boas atua\u00e7\u00f5es, teve seu passe comprado em definitivo e atuou por duas temporadas.<\/p>\n\n\n\n<p>Ap\u00f3s, teve \u00f3timas atua\u00e7\u00f5es e boas temporadas por grandes times como: Hellas Verona, All-Ittihad, Udinese, Al-Ahli, Fluminense, Atl\u00e9tico Paranaense, Vasco da Gama e Figueirense.<\/p>\n\n\n\n<p><strong>Algumas conquistas da carreira:<\/strong><br>\ud83c\udfc6 Campeonato Brasileiro de 2010;<br>\ud83c\udfc6 Campeonato Paranaense de 2019;<br>\ud83c\udfc6 Campeonato Catarinense de 2008;<br>\ud83c\udfc6 Ta\u00e7a Guanabara de 2017;<br>\ud83c\udfc6 Campe\u00e3o Paulista Sub-20;<br>\ud83c\udfc6 Campe\u00e3o Sul-Americano Sub-20;<br>\ud83c\udfc6 Sele\u00e7\u00e3o Campeonato Paranaense de 2019.<\/p>\n\n\n\n<p>Siga<\/p>\n\n\n\n<ul class=\"wp-block-social-links is-layout-flex wp-block-social-links-is-layout-flex\"><li class=\"wp-social-link wp-social-link-instagram  wp-block-social-link\"><a href=\"https:\/\/www.instagram.com\/mmattos_7\/\" class=\"wp-block-social-link-anchor\"><svg width=\"24\" height=\"24\" viewBox=\"0 0 24 24\" version=\"1.1\" xmlns=\"http:\/\/www.w3.org\/2000\/svg\" aria-hidden=\"true\" focusable=\"false\"><path d=\"M12,4.622c2.403,0,2.688,0.009,3.637,0.052c0.877,0.04,1.354,0.187,1.671,0.31c0.42,0.163,0.72,0.358,1.035,0.673 c0.315,0.315,0.51,0.615,0.673,1.035c0.123,0.317,0.27,0.794,0.31,1.671c0.043,0.949,0.052,1.234,0.052,3.637 s-0.009,2.688-0.052,3.637c-0.04,0.877-0.187,1.354-0.31,1.671c-0.163,0.42-0.358,0.72-0.673,1.035 c-0.315,0.315-0.615,0.51-1.035,0.673c-0.317,0.123-0.794,0.27-1.671,0.31c-0.949,0.043-1.233,0.052-3.637,0.052 s-2.688-0.009-3.637-0.052c-0.877-0.04-1.354-0.187-1.671-0.31c-0.42-0.163-0.72-0.358-1.035-0.673 c-0.315-0.315-0.51-0.615-0.673-1.035c-0.123-0.317-0.27-0.794-0.31-1.671C4.631,14.688,4.622,14.403,4.622,12 s0.009-2.688,0.052-3.637c0.04-0.877,0.187-1.354,0.31-1.671c0.163-0.42,0.358-0.72,0.673-1.035 c0.315-0.315,0.615-0.51,1.035-0.673c0.317-0.123,0.794-0.27,1.671-0.31C9.312,4.631,9.597,4.622,12,4.622 M12,3 C9.556,3,9.249,3.01,8.289,3.054C7.331,3.098,6.677,3.25,6.105,3.472C5.513,3.702,5.011,4.01,4.511,4.511 c-0.5,0.5-0.808,1.002-1.038,1.594C3.25,6.677,3.098,7.331,3.054,8.289C3.01,9.249,3,9.556,3,12c0,2.444,0.01,2.751,0.054,3.711 c0.044,0.958,0.196,1.612,0.418,2.185c0.23,0.592,0.538,1.094,1.038,1.594c0.5,0.5,1.002,0.808,1.594,1.038 c0.572,0.222,1.227,0.375,2.185,0.418C9.249,20.99,9.556,21,12,21s2.751-0.01,3.711-0.054c0.958-0.044,1.612-0.196,2.185-0.418 c0.592-0.23,1.094-0.538,1.594-1.038c0.5-0.5,0.808-1.002,1.038-1.594c0.222-0.572,0.375-1.227,0.418-2.185 C20.99,14.751,21,14.444,21,12s-0.01-2.751-0.054-3.711c-0.044-0.958-0.196-1.612-0.418-2.185c-0.23-0.592-0.538-1.094-1.038-1.594 c-0.5-0.5-1.002-0.808-1.594-1.038c-0.572-0.222-1.227-0.375-2.185-0.418C14.751,3.01,14.444,3,12,3L12,3z M12,7.378 c-2.552,0-4.622,2.069-4.622,4.622S9.448,16.622,12,16.622s4.622-2.069,4.622-4.622S14.552,7.378,12,7.378z M12,15 c-1.657,0-3-1.343-3-3s1.343-3,3-3s3,1.343,3,3S13.657,15,12,15z M16.804,6.116c-0.596,0-1.08,0.484-1.08,1.08 s0.484,1.08,1.08,1.08c0.596,0,1.08-0.484,1.08-1.08S17.401,6.116,16.804,6.116z\"><\/path><\/svg><span class=\"wp-block-social-link-label screen-reader-text\">Instagram<\/span><\/a><\/li><\/ul>\n\n\n\n<hr class=\"wp-block-separator has-css-opacity\"\/>\n\n\n\n<figure class=\"wp-block-gallery has-nested-images columns-default is-cropped wp-block-gallery-1 is-layout-flex wp-block-gallery-is-layout-flex\">\n<figure class=\"wp-block-image size-large is-style-default\"><a href=\"https:\/\/www.pmpf.rs.gov.br\/esportes\/wp-content\/uploads\/sites\/44\/2022\/09\/marquinho1.jpg\"><img loading=\"lazy\" decoding=\"async\" width=\"758\" height=\"767\" data-id=\"1153\" src=\"https:\/\/www.pmpf.rs.gov.br\/esportes\/wp-content\/uploads\/sites\/44\/2022\/09\/marquinho1.jpg\" alt=\"\" class=\"wp-image-1153\" srcset=\"https:\/\/www.pmpf.rs.gov.br\/esportes\/wp-content\/uploads\/sites\/44\/2022\/09\/marquinho1.jpg 758w, https:\/\/www.pmpf.rs.gov.br\/esportes\/wp-content\/uploads\/sites\/44\/2022\/09\/marquinho1-296x300.jpg 296w\" sizes=\"(max-width: 758px) 100vw, 758px\" \/><\/a><\/figure>\n\n\n\n<figure class=\"wp-block-image size-large is-style-default\"><a href=\"https:\/\/www.pmpf.rs.gov.br\/esportes\/wp-content\/uploads\/sites\/44\/2022\/09\/marquinho2.jpg\"><img loading=\"lazy\" decoding=\"async\" width=\"1024\" height=\"694\" data-id=\"1154\" src=\"https:\/\/www.pmpf.rs.gov.br\/esportes\/wp-content\/uploads\/sites\/44\/2022\/09\/marquinho2-1024x694.jpg\" alt=\"\" class=\"wp-image-1154\" srcset=\"https:\/\/www.pmpf.rs.gov.br\/esportes\/wp-content\/uploads\/sites\/44\/2022\/09\/marquinho2-1024x694.jpg 1024w, https:\/\/www.pmpf.rs.gov.br\/esportes\/wp-content\/uploads\/sites\/44\/2022\/09\/marquinho2-300x203.jpg 300w, https:\/\/www.pmpf.rs.gov.br\/esportes\/wp-content\/uploads\/sites\/44\/2022\/09\/marquinho2-768x521.jpg 768w, https:\/\/www.pmpf.rs.gov.br\/esportes\/wp-content\/uploads\/sites\/44\/2022\/09\/marquinho2.jpg 1080w\" sizes=\"(max-width: 1024px) 100vw, 1024px\" \/><\/a><\/figure>\n\n\n\n<figure class=\"wp-block-image size-large is-style-default\"><a href=\"https:\/\/www.pmpf.rs.gov.br\/esportes\/wp-content\/uploads\/sites\/44\/2022\/09\/marquinho3.jpg\"><img loading=\"lazy\" decoding=\"async\" width=\"1024\" height=\"1024\" data-id=\"1152\" src=\"https:\/\/www.pmpf.rs.gov.br\/esportes\/wp-content\/uploads\/sites\/44\/2022\/09\/marquinho3-1024x1024.jpg\" alt=\"\" class=\"wp-image-1152\" srcset=\"https:\/\/www.pmpf.rs.gov.br\/esportes\/wp-content\/uploads\/sites\/44\/2022\/09\/marquinho3-1024x1024.jpg 1024w, https:\/\/www.pmpf.rs.gov.br\/esportes\/wp-content\/uploads\/sites\/44\/2022\/09\/marquinho3-300x300.jpg 300w, https:\/\/www.pmpf.rs.gov.br\/esportes\/wp-content\/uploads\/sites\/44\/2022\/09\/marquinho3-150x150.jpg 150w, https:\/\/www.pmpf.rs.gov.br\/esportes\/wp-content\/uploads\/sites\/44\/2022\/09\/marquinho3-768x767.jpg 768w, https:\/\/www.pmpf.rs.gov.br\/esportes\/wp-content\/uploads\/sites\/44\/2022\/09\/marquinho3.jpg 1080w\" sizes=\"(max-width: 1024px) 100vw, 1024px\" \/><\/a><\/figure>\n\n\n\n<figure class=\"wp-block-image size-large is-style-default\"><a href=\"https:\/\/www.pmpf.rs.gov.br\/esportes\/wp-content\/uploads\/sites\/44\/2022\/09\/marquinho4.jpg\"><img loading=\"lazy\" decoding=\"async\" width=\"1024\" height=\"695\" data-id=\"1155\" src=\"https:\/\/www.pmpf.rs.gov.br\/esportes\/wp-content\/uploads\/sites\/44\/2022\/09\/marquinho4-1024x695.jpg\" alt=\"\" class=\"wp-image-1155\" srcset=\"https:\/\/www.pmpf.rs.gov.br\/esportes\/wp-content\/uploads\/sites\/44\/2022\/09\/marquinho4-1024x695.jpg 1024w, https:\/\/www.pmpf.rs.gov.br\/esportes\/wp-content\/uploads\/sites\/44\/2022\/09\/marquinho4-300x203.jpg 300w, https:\/\/www.pmpf.rs.gov.br\/esportes\/wp-content\/uploads\/sites\/44\/2022\/09\/marquinho4-768x521.jpg 768w, https:\/\/www.pmpf.rs.gov.br\/esportes\/wp-content\/uploads\/sites\/44\/2022\/09\/marquinho4-1536x1042.jpg 1536w, https:\/\/www.pmpf.rs.gov.br\/esportes\/wp-content\/uploads\/sites\/44\/2022\/09\/marquinho4.jpg 2048w\" sizes=\"(max-width: 1024px) 100vw, 1024px\" \/><\/a><figcaption class=\"wp-element-caption\">MARCELLO PATERNOSTRO &#8211; Via Getty Images)<\/figcaption><\/figure>\n\n\n\n<figure class=\"wp-block-image size-large is-style-default\"><a href=\"https:\/\/www.pmpf.rs.gov.br\/esportes\/wp-content\/uploads\/sites\/44\/2022\/09\/marquinho5.jpg\"><img loading=\"lazy\" decoding=\"async\" width=\"1024\" height=\"690\" data-id=\"1156\" src=\"https:\/\/www.pmpf.rs.gov.br\/esportes\/wp-content\/uploads\/sites\/44\/2022\/09\/marquinho5-1024x690.jpg\" alt=\"\" class=\"wp-image-1156\" srcset=\"https:\/\/www.pmpf.rs.gov.br\/esportes\/wp-content\/uploads\/sites\/44\/2022\/09\/marquinho5-1024x690.jpg 1024w, https:\/\/www.pmpf.rs.gov.br\/esportes\/wp-content\/uploads\/sites\/44\/2022\/09\/marquinho5-300x202.jpg 300w, https:\/\/www.pmpf.rs.gov.br\/esportes\/wp-content\/uploads\/sites\/44\/2022\/09\/marquinho5-768x518.jpg 768w, https:\/\/www.pmpf.rs.gov.br\/esportes\/wp-content\/uploads\/sites\/44\/2022\/09\/marquinho5-1536x1035.jpg 1536w, https:\/\/www.pmpf.rs.gov.br\/esportes\/wp-content\/uploads\/sites\/44\/2022\/09\/marquinho5.jpg 2048w\" sizes=\"(max-width: 1024px) 100vw, 1024px\" \/><\/a><figcaption class=\"wp-element-caption\"> FILIPPO MONTEFORTE &#8211; Via Getty Images)<\/figcaption><\/figure>\n<\/figure>\n\n\n\n<hr class=\"wp-block-separator has-css-opacity\"\/>\n\n\n\n<p><br><\/p>\n","protected":false},"excerpt":{"rendered":"<p>Marco Ant\u00f4nio de Mattos Filho nasceu em Passo Fundo no ano de 1986, iniciou sua carreira no futebol ga\u00facho, passando por categorias de base de diversos clubes, como Juventude, Internacional, Gr\u00eamio e [&hellip;]<\/p>\n","protected":false},"author":4,"featured_media":0,"parent":0,"menu_order":0,"comment_status":"closed","ping_status":"closed","template":"","meta":{"footnotes":""},"class_list":["post-1150","page","type-page","status-publish","hentry"],"yoast_head":"<!-- This site is optimized with the Yoast SEO plugin v23.8 - https:\/\/yoast.com\/wordpress\/plugins\/seo\/ -->\n<title>Marquinho Mattos - Secretaria de Esportes<\/title>\n<meta name=\"robots\" content=\"index, follow, max-snippet:-1, max-image-preview:large, max-video-preview:-1\" \/>\n<link rel=\"canonical\" href=\"https:\/\/www.pmpf.rs.gov.br\/esportes\/marquinho-mattos\/\" \/>\n<meta property=\"og:locale\" content=\"pt_BR\" \/>\n<meta property=\"og:type\" content=\"article\" \/>\n<meta property=\"og:title\" content=\"Marquinho Mattos - Secretaria de Esportes\" \/>\n<meta property=\"og:description\" content=\"Marco Ant\u00f4nio de Mattos Filho nasceu em Passo Fundo no ano de 1986, iniciou sua carreira no futebol ga\u00facho, passando por categorias de base de diversos clubes, como Juventude, Internacional, Gr\u00eamio e [&hellip;]\" \/>\n<meta property=\"og:url\" content=\"https:\/\/www.pmpf.rs.gov.br\/esportes\/marquinho-mattos\/\" \/>\n<meta property=\"og:site_name\" content=\"Secretaria de Esportes\" \/>\n<meta property=\"article:modified_time\" content=\"2022-12-09T12:39:03+00:00\" \/>\n<meta property=\"og:image\" content=\"https:\/\/www.pmpf.rs.gov.br\/esportes\/wp-content\/uploads\/sites\/44\/2022\/09\/marquinho1.jpg\" \/>\n<meta name=\"twitter:card\" content=\"summary_large_image\" \/>\n<meta name=\"twitter:label1\" content=\"Est. tempo de leitura\" \/>\n\t<meta name=\"twitter:data1\" content=\"1 minuto\" \/>\n<script type=\"application\/ld+json\" class=\"yoast-schema-graph\">{\"@context\":\"https:\/\/schema.org\",\"@graph\":[{\"@type\":\"WebPage\",\"@id\":\"https:\/\/www.pmpf.rs.gov.br\/esportes\/marquinho-mattos\/\",\"url\":\"https:\/\/www.pmpf.rs.gov.br\/esportes\/marquinho-mattos\/\",\"name\":\"Marquinho Mattos - Secretaria de Esportes\",\"isPartOf\":{\"@id\":\"https:\/\/www.pmpf.rs.gov.br\/esportes\/#website\"},\"primaryImageOfPage\":{\"@id\":\"https:\/\/www.pmpf.rs.gov.br\/esportes\/marquinho-mattos\/#primaryimage\"},\"image\":{\"@id\":\"https:\/\/www.pmpf.rs.gov.br\/esportes\/marquinho-mattos\/#primaryimage\"},\"thumbnailUrl\":\"https:\/\/www.pmpf.rs.gov.br\/esportes\/wp-content\/uploads\/sites\/44\/2022\/09\/marquinho1.jpg\",\"datePublished\":\"2022-09-23T19:34:13+00:00\",\"dateModified\":\"2022-12-09T12:39:03+00:00\",\"inLanguage\":\"pt-BR\",\"potentialAction\":[{\"@type\":\"ReadAction\",\"target\":[\"https:\/\/www.pmpf.rs.gov.br\/esportes\/marquinho-mattos\/\"]}]},{\"@type\":\"ImageObject\",\"inLanguage\":\"pt-BR\",\"@id\":\"https:\/\/www.pmpf.rs.gov.br\/esportes\/marquinho-mattos\/#primaryimage\",\"url\":\"https:\/\/www.pmpf.rs.gov.br\/esportes\/wp-content\/uploads\/sites\/44\/2022\/09\/marquinho1.jpg\",\"contentUrl\":\"https:\/\/www.pmpf.rs.gov.br\/esportes\/wp-content\/uploads\/sites\/44\/2022\/09\/marquinho1.jpg\",\"width\":758,\"height\":767},{\"@type\":\"WebSite\",\"@id\":\"https:\/\/www.pmpf.rs.gov.br\/esportes\/#website\",\"url\":\"https:\/\/www.pmpf.rs.gov.br\/esportes\/\",\"name\":\"Secretaria de Esportes\",\"description\":\"Site Secretaria de Esporte da Prefeitura de Passo Fundo\",\"potentialAction\":[{\"@type\":\"SearchAction\",\"target\":{\"@type\":\"EntryPoint\",\"urlTemplate\":\"https:\/\/www.pmpf.rs.gov.br\/esportes\/?s={search_term_string}\"},\"query-input\":{\"@type\":\"PropertyValueSpecification\",\"valueRequired\":true,\"valueName\":\"search_term_string\"}}],\"inLanguage\":\"pt-BR\"}]}<\/script>\n<!-- \/ Yoast SEO plugin. -->","yoast_head_json":{"title":"Marquinho Mattos - Secretaria de Esportes","robots":{"index":"index","follow":"follow","max-snippet":"max-snippet:-1","max-image-preview":"max-image-preview:large","max-video-preview":"max-video-preview:-1"},"canonical":"https:\/\/www.pmpf.rs.gov.br\/esportes\/marquinho-mattos\/","og_locale":"pt_BR","og_type":"article","og_title":"Marquinho Mattos - Secretaria de Esportes","og_description":"Marco Ant\u00f4nio de Mattos Filho nasceu em Passo Fundo no ano de 1986, iniciou sua carreira no futebol ga\u00facho, passando por categorias de base de diversos clubes, como Juventude, Internacional, Gr\u00eamio e [&hellip;]","og_url":"https:\/\/www.pmpf.rs.gov.br\/esportes\/marquinho-mattos\/","og_site_name":"Secretaria de Esportes","article_modified_time":"2022-12-09T12:39:03+00:00","og_image":[{"url":"https:\/\/www.pmpf.rs.gov.br\/esportes\/wp-content\/uploads\/sites\/44\/2022\/09\/marquinho1.jpg"}],"twitter_card":"summary_large_image","twitter_misc":{"Est. tempo de leitura":"1 minuto"},"schema":{"@context":"https:\/\/schema.org","@graph":[{"@type":"WebPage","@id":"https:\/\/www.pmpf.rs.gov.br\/esportes\/marquinho-mattos\/","url":"https:\/\/www.pmpf.rs.gov.br\/esportes\/marquinho-mattos\/","name":"Marquinho Mattos - Secretaria de Esportes","isPartOf":{"@id":"https:\/\/www.pmpf.rs.gov.br\/esportes\/#website"},"primaryImageOfPage":{"@id":"https:\/\/www.pmpf.rs.gov.br\/esportes\/marquinho-mattos\/#primaryimage"},"image":{"@id":"https:\/\/www.pmpf.rs.gov.br\/esportes\/marquinho-mattos\/#primaryimage"},"thumbnailUrl":"https:\/\/www.pmpf.rs.gov.br\/esportes\/wp-content\/uploads\/sites\/44\/2022\/09\/marquinho1.jpg","datePublished":"2022-09-23T19:34:13+00:00","dateModified":"2022-12-09T12:39:03+00:00","inLanguage":"pt-BR","potentialAction":[{"@type":"ReadAction","target":["https:\/\/www.pmpf.rs.gov.br\/esportes\/marquinho-mattos\/"]}]},{"@type":"ImageObject","inLanguage":"pt-BR","@id":"https:\/\/www.pmpf.rs.gov.br\/esportes\/marquinho-mattos\/#primaryimage","url":"https:\/\/www.pmpf.rs.gov.br\/esportes\/wp-content\/uploads\/sites\/44\/2022\/09\/marquinho1.jpg","contentUrl":"https:\/\/www.pmpf.rs.gov.br\/esportes\/wp-content\/uploads\/sites\/44\/2022\/09\/marquinho1.jpg","width":758,"height":767},{"@type":"WebSite","@id":"https:\/\/www.pmpf.rs.gov.br\/esportes\/#website","url":"https:\/\/www.pmpf.rs.gov.br\/esportes\/","name":"Secretaria de Esportes","description":"Site Secretaria de Esporte da Prefeitura de Passo Fundo","potentialAction":[{"@type":"SearchAction","target":{"@type":"EntryPoint","urlTemplate":"https:\/\/www.pmpf.rs.gov.br\/esportes\/?s={search_term_string}"},"query-input":{"@type":"PropertyValueSpecification","valueRequired":true,"valueName":"search_term_string"}}],"inLanguage":"pt-BR"}]}},"_links":{"self":[{"href":"https:\/\/www.pmpf.rs.gov.br\/esportes\/wp-json\/wp\/v2\/pages\/1150"}],"collection":[{"href":"https:\/\/www.pmpf.rs.gov.br\/esportes\/wp-json\/wp\/v2\/pages"}],"about":[{"href":"https:\/\/www.pmpf.rs.gov.br\/esportes\/wp-json\/wp\/v2\/types\/page"}],"author":[{"embeddable":true,"href":"https:\/\/www.pmpf.rs.gov.br\/esportes\/wp-json\/wp\/v2\/users\/4"}],"replies":[{"embeddable":true,"href":"https:\/\/www.pmpf.rs.gov.br\/esportes\/wp-json\/wp\/v2\/comments?post=1150"}],"version-history":[{"count":4,"href":"https:\/\/www.pmpf.rs.gov.br\/esportes\/wp-json\/wp\/v2\/pages\/1150\/revisions"}],"predecessor-version":[{"id":1260,"href":"https:\/\/www.pmpf.rs.gov.br\/esportes\/wp-json\/wp\/v2\/pages\/1150\/revisions\/1260"}],"wp:attachment":[{"href":"https:\/\/www.pmpf.rs.gov.br\/esportes\/wp-json\/wp\/v2\/media?parent=1150"}],"curies":[{"name":"wp","href":"https:\/\/api.w.org\/{rel}","templated":true}]}}