{"id":1006,"date":"2022-07-05T08:57:49","date_gmt":"2022-07-05T11:57:49","guid":{"rendered":"https:\/\/www.pmpf.rs.gov.br\/secretaria-extraordinaria-de-esportes\/?page_id=1006"},"modified":"2025-09-15T08:31:41","modified_gmt":"2025-09-15T11:31:41","slug":"corrida165","status":"publish","type":"page","link":"https:\/\/www.pmpf.rs.gov.br\/esportes\/corrida165\/","title":{"rendered":"3\u00aa Etapa do Circuito Municipal de Corrida de Rua 2025 &#8211; Passo Fundo Shopping"},"content":{"rendered":"\n<h3 class=\"wp-block-heading\">Inscri\u00e7\u00f5es de 15 \u00e0 22 de setembro ou at\u00e9 o limite de 900 vagas<\/h3>\n\n\n<div class=\"wp-block-image is-resized\">\n<figure class=\"alignleft size-full\"><img loading=\"lazy\" decoding=\"async\" width=\"419\" height=\"422\" src=\"https:\/\/www.pmpf.rs.gov.br\/esportes\/wp-content\/uploads\/sites\/44\/2025\/05\/corrida-rua-2025-logo.jpeg\" alt=\"\" class=\"wp-image-1879\" srcset=\"https:\/\/www.pmpf.rs.gov.br\/esportes\/wp-content\/uploads\/sites\/44\/2025\/05\/corrida-rua-2025-logo.jpeg 419w, https:\/\/www.pmpf.rs.gov.br\/esportes\/wp-content\/uploads\/sites\/44\/2025\/05\/corrida-rua-2025-logo-298x300.jpeg 298w, https:\/\/www.pmpf.rs.gov.br\/esportes\/wp-content\/uploads\/sites\/44\/2025\/05\/corrida-rua-2025-logo-150x150.jpeg 150w\" sizes=\"(max-width: 419px) 100vw, 419px\" \/><\/figure><\/div>\n\n\n<p><strong>Data<\/strong>: 28 de Setembro de 2025&nbsp; &nbsp;<\/p>\n\n\n\n<p><strong>Local<\/strong>: Avenida Presidente Vargas, em frente \u00e0 entrada principal do Passo Fundo Shopping<\/p>\n\n\n\n<p><strong>Dist\u00e2ncia<\/strong>: aproximadamente 5.000m<\/p>\n\n\n\n<p><strong>Hor\u00e1rio de Largada<\/strong>: 8:00hs<\/p>\n\n\n\n<p><strong>Aten\u00e7\u00e3o:&nbsp;<\/strong><\/p>\n\n\n\n<p>1. <strong>SOMENTE PARA MAIORES DE 16 ANOS<\/strong>, sendo v\u00e1lida a idade em 31\/12\/2025.<\/p>\n\n\n\n<p>2. <strong>INSCRI\u00c7\u00c3O<\/strong> para <strong>PESSOAS COM DEFICI\u00caNCIA<\/strong> e\/ou <strong>DEFICIENTE VISUAL<\/strong> ser\u00e3o exclusivamente feitas pelo Whatsapp 54 99618-2794.<\/p>\n\n\n\n<p>3. N\u00e3o haver\u00e1 troca de chip \/ inscri\u00e7\u00e3o.<\/p>\n\n\n\n<p>4.Troca Solid\u00e1ria:&nbsp;1Kg de ra\u00e7\u00e3o para gatos +1kg de ra\u00e7\u00e3o para c\u00e3es, no dia da retirada do kit<\/p>\n\n\n\n<p><strong>RETIRADA DE KIT<\/strong>:<\/p>\n\n\n\n<p>Ser\u00e1 na&nbsp;na Secretaria de Esportes (Avenida Brasil Oeste 792, fundos)<\/p>\n\n\n\n<ul class=\"wp-block-list\">\n<li>no dia 25 de Setembro,&nbsp; das 13:30 \u00e0s 17hs;<\/li>\n\n\n\n<li>no dia 26 de Setembro, das 8:30 \u00e0s 11:30hs e das 13:30 \u00e0s 17hs;<\/li>\n\n\n\n<li>no dia 27 de Setembro,&nbsp;das 12 \u00e0s 16hs<\/li>\n\n\n\n<li>no dia 28 de&nbsp;Setembro, <strong>EXCLUSIVAMENTE<\/strong> para <strong>N\u00e3o Moradores do Munic\u00edp<\/strong>io, das 7:00 \u00e0s 7:30h, no local da prova<\/li>\n<\/ul>\n\n\n\n<div style=\"height:20px\" aria-hidden=\"true\" class=\"wp-block-spacer\"><\/div>\n\n\n\n<div class=\"wp-block-buttons is-layout-flex wp-block-buttons-is-layout-flex\">\n<div class=\"wp-block-button has-custom-font-size has-small-font-size\"><a class=\"wp-block-button__link has-white-color has-blue-background-color has-text-color has-background wp-element-button\" href=\"https:\/\/www.pmpf.rs.gov.br\/esportes\/wp-content\/uploads\/sites\/44\/2022\/02\/corrida2025-3etapa-regulamento.pdf\" style=\"border-radius:12px\">Regulamento<\/a><\/div>\n\n\n\n<div class=\"wp-block-button has-custom-font-size has-small-font-size\"><a class=\"wp-block-button__link has-white-color has-blue-background-color has-text-color has-background wp-element-button\" href=\"https:\/\/www.sympla.com.br\/evento\/3a-etapa-do-circuito-municipal-de-corrida-de-rua-2025\/3122224\" style=\"border-radius:12px\" target=\"_blank\" rel=\"noreferrer noopener\">Inscri\u00e7\u00f5es<\/a><\/div>\n<\/div>\n\n\n\n<hr class=\"wp-block-separator has-css-opacity\"\/>\n","protected":false},"excerpt":{"rendered":"<p>Inscri\u00e7\u00f5es de 15 \u00e0 22 de setembro ou at\u00e9 o limite de 900 vagas Data: 28 de Setembro de 2025&nbsp; &nbsp; Local: Avenida Presidente Vargas, em frente \u00e0 entrada principal do Passo [&hellip;]<\/p>\n","protected":false},"author":4,"featured_media":0,"parent":0,"menu_order":0,"comment_status":"closed","ping_status":"closed","template":"","meta":{"footnotes":""},"class_list":["post-1006","page","type-page","status-publish","hentry"],"yoast_head":"<!-- This site is optimized with the Yoast SEO plugin v23.8 - https:\/\/yoast.com\/wordpress\/plugins\/seo\/ -->\n<title>3\u00aa Etapa do Circuito Municipal de Corrida de Rua 2025 - Passo Fundo Shopping - Secretaria de Esportes<\/title>\n<meta name=\"robots\" content=\"index, follow, max-snippet:-1, max-image-preview:large, max-video-preview:-1\" \/>\n<link rel=\"canonical\" href=\"https:\/\/www.pmpf.rs.gov.br\/esportes\/corrida165\/\" \/>\n<meta property=\"og:locale\" content=\"pt_BR\" \/>\n<meta property=\"og:type\" content=\"article\" \/>\n<meta property=\"og:title\" content=\"3\u00aa Etapa do Circuito Municipal de Corrida de Rua 2025 - Passo Fundo Shopping - Secretaria de Esportes\" \/>\n<meta property=\"og:description\" content=\"Inscri\u00e7\u00f5es de 15 \u00e0 22 de setembro ou at\u00e9 o limite de 900 vagas Data: 28 de Setembro de 2025&nbsp; &nbsp; Local: Avenida Presidente Vargas, em frente \u00e0 entrada principal do Passo [&hellip;]\" \/>\n<meta property=\"og:url\" content=\"https:\/\/www.pmpf.rs.gov.br\/esportes\/corrida165\/\" \/>\n<meta property=\"og:site_name\" content=\"Secretaria de Esportes\" \/>\n<meta property=\"article:modified_time\" content=\"2025-09-15T11:31:41+00:00\" \/>\n<meta property=\"og:image\" content=\"https:\/\/www.pmpf.rs.gov.br\/esportes\/wp-content\/uploads\/sites\/44\/2025\/05\/corrida-rua-2025-logo.jpeg\" \/>\n\t<meta property=\"og:image:width\" content=\"419\" \/>\n\t<meta property=\"og:image:height\" content=\"422\" \/>\n\t<meta property=\"og:image:type\" content=\"image\/jpeg\" \/>\n<meta name=\"twitter:card\" content=\"summary_large_image\" \/>\n<meta name=\"twitter:label1\" content=\"Est. tempo de leitura\" \/>\n\t<meta name=\"twitter:data1\" content=\"1 minuto\" \/>\n<script type=\"application\/ld+json\" class=\"yoast-schema-graph\">{\"@context\":\"https:\/\/schema.org\",\"@graph\":[{\"@type\":\"WebPage\",\"@id\":\"https:\/\/www.pmpf.rs.gov.br\/esportes\/corrida165\/\",\"url\":\"https:\/\/www.pmpf.rs.gov.br\/esportes\/corrida165\/\",\"name\":\"3\u00aa Etapa do Circuito Municipal de Corrida de Rua 2025 - Passo Fundo Shopping - Secretaria de Esportes\",\"isPartOf\":{\"@id\":\"https:\/\/www.pmpf.rs.gov.br\/esportes\/#website\"},\"primaryImageOfPage\":{\"@id\":\"https:\/\/www.pmpf.rs.gov.br\/esportes\/corrida165\/#primaryimage\"},\"image\":{\"@id\":\"https:\/\/www.pmpf.rs.gov.br\/esportes\/corrida165\/#primaryimage\"},\"thumbnailUrl\":\"https:\/\/www.pmpf.rs.gov.br\/esportes\/wp-content\/uploads\/sites\/44\/2025\/05\/corrida-rua-2025-logo.jpeg\",\"datePublished\":\"2022-07-05T11:57:49+00:00\",\"dateModified\":\"2025-09-15T11:31:41+00:00\",\"inLanguage\":\"pt-BR\",\"potentialAction\":[{\"@type\":\"ReadAction\",\"target\":[\"https:\/\/www.pmpf.rs.gov.br\/esportes\/corrida165\/\"]}]},{\"@type\":\"ImageObject\",\"inLanguage\":\"pt-BR\",\"@id\":\"https:\/\/www.pmpf.rs.gov.br\/esportes\/corrida165\/#primaryimage\",\"url\":\"https:\/\/www.pmpf.rs.gov.br\/esportes\/wp-content\/uploads\/sites\/44\/2025\/05\/corrida-rua-2025-logo.jpeg\",\"contentUrl\":\"https:\/\/www.pmpf.rs.gov.br\/esportes\/wp-content\/uploads\/sites\/44\/2025\/05\/corrida-rua-2025-logo.jpeg\",\"width\":419,\"height\":422},{\"@type\":\"WebSite\",\"@id\":\"https:\/\/www.pmpf.rs.gov.br\/esportes\/#website\",\"url\":\"https:\/\/www.pmpf.rs.gov.br\/esportes\/\",\"name\":\"Secretaria de Esportes\",\"description\":\"Site Secretaria de Esporte da Prefeitura de Passo Fundo\",\"potentialAction\":[{\"@type\":\"SearchAction\",\"target\":{\"@type\":\"EntryPoint\",\"urlTemplate\":\"https:\/\/www.pmpf.rs.gov.br\/esportes\/?s={search_term_string}\"},\"query-input\":{\"@type\":\"PropertyValueSpecification\",\"valueRequired\":true,\"valueName\":\"search_term_string\"}}],\"inLanguage\":\"pt-BR\"}]}<\/script>\n<!-- \/ Yoast SEO plugin. -->","yoast_head_json":{"title":"3\u00aa Etapa do Circuito Municipal de Corrida de Rua 2025 - Passo Fundo Shopping - Secretaria de Esportes","robots":{"index":"index","follow":"follow","max-snippet":"max-snippet:-1","max-image-preview":"max-image-preview:large","max-video-preview":"max-video-preview:-1"},"canonical":"https:\/\/www.pmpf.rs.gov.br\/esportes\/corrida165\/","og_locale":"pt_BR","og_type":"article","og_title":"3\u00aa Etapa do Circuito Municipal de Corrida de Rua 2025 - Passo Fundo Shopping - Secretaria de Esportes","og_description":"Inscri\u00e7\u00f5es de 15 \u00e0 22 de setembro ou at\u00e9 o limite de 900 vagas Data: 28 de Setembro de 2025&nbsp; &nbsp; Local: Avenida Presidente Vargas, em frente \u00e0 entrada principal do Passo [&hellip;]","og_url":"https:\/\/www.pmpf.rs.gov.br\/esportes\/corrida165\/","og_site_name":"Secretaria de Esportes","article_modified_time":"2025-09-15T11:31:41+00:00","og_image":[{"width":419,"height":422,"url":"https:\/\/www.pmpf.rs.gov.br\/esportes\/wp-content\/uploads\/sites\/44\/2025\/05\/corrida-rua-2025-logo.jpeg","type":"image\/jpeg"}],"twitter_card":"summary_large_image","twitter_misc":{"Est. tempo de leitura":"1 minuto"},"schema":{"@context":"https:\/\/schema.org","@graph":[{"@type":"WebPage","@id":"https:\/\/www.pmpf.rs.gov.br\/esportes\/corrida165\/","url":"https:\/\/www.pmpf.rs.gov.br\/esportes\/corrida165\/","name":"3\u00aa Etapa do Circuito Municipal de Corrida de Rua 2025 - Passo Fundo Shopping - Secretaria de Esportes","isPartOf":{"@id":"https:\/\/www.pmpf.rs.gov.br\/esportes\/#website"},"primaryImageOfPage":{"@id":"https:\/\/www.pmpf.rs.gov.br\/esportes\/corrida165\/#primaryimage"},"image":{"@id":"https:\/\/www.pmpf.rs.gov.br\/esportes\/corrida165\/#primaryimage"},"thumbnailUrl":"https:\/\/www.pmpf.rs.gov.br\/esportes\/wp-content\/uploads\/sites\/44\/2025\/05\/corrida-rua-2025-logo.jpeg","datePublished":"2022-07-05T11:57:49+00:00","dateModified":"2025-09-15T11:31:41+00:00","inLanguage":"pt-BR","potentialAction":[{"@type":"ReadAction","target":["https:\/\/www.pmpf.rs.gov.br\/esportes\/corrida165\/"]}]},{"@type":"ImageObject","inLanguage":"pt-BR","@id":"https:\/\/www.pmpf.rs.gov.br\/esportes\/corrida165\/#primaryimage","url":"https:\/\/www.pmpf.rs.gov.br\/esportes\/wp-content\/uploads\/sites\/44\/2025\/05\/corrida-rua-2025-logo.jpeg","contentUrl":"https:\/\/www.pmpf.rs.gov.br\/esportes\/wp-content\/uploads\/sites\/44\/2025\/05\/corrida-rua-2025-logo.jpeg","width":419,"height":422},{"@type":"WebSite","@id":"https:\/\/www.pmpf.rs.gov.br\/esportes\/#website","url":"https:\/\/www.pmpf.rs.gov.br\/esportes\/","name":"Secretaria de Esportes","description":"Site Secretaria de Esporte da Prefeitura de Passo Fundo","potentialAction":[{"@type":"SearchAction","target":{"@type":"EntryPoint","urlTemplate":"https:\/\/www.pmpf.rs.gov.br\/esportes\/?s={search_term_string}"},"query-input":{"@type":"PropertyValueSpecification","valueRequired":true,"valueName":"search_term_string"}}],"inLanguage":"pt-BR"}]}},"_links":{"self":[{"href":"https:\/\/www.pmpf.rs.gov.br\/esportes\/wp-json\/wp\/v2\/pages\/1006"}],"collection":[{"href":"https:\/\/www.pmpf.rs.gov.br\/esportes\/wp-json\/wp\/v2\/pages"}],"about":[{"href":"https:\/\/www.pmpf.rs.gov.br\/esportes\/wp-json\/wp\/v2\/types\/page"}],"author":[{"embeddable":true,"href":"https:\/\/www.pmpf.rs.gov.br\/esportes\/wp-json\/wp\/v2\/users\/4"}],"replies":[{"embeddable":true,"href":"https:\/\/www.pmpf.rs.gov.br\/esportes\/wp-json\/wp\/v2\/comments?post=1006"}],"version-history":[{"count":26,"href":"https:\/\/www.pmpf.rs.gov.br\/esportes\/wp-json\/wp\/v2\/pages\/1006\/revisions"}],"predecessor-version":[{"id":2004,"href":"https:\/\/www.pmpf.rs.gov.br\/esportes\/wp-json\/wp\/v2\/pages\/1006\/revisions\/2004"}],"wp:attachment":[{"href":"https:\/\/www.pmpf.rs.gov.br\/esportes\/wp-json\/wp\/v2\/media?parent=1006"}],"curies":[{"name":"wp","href":"https:\/\/api.w.org\/{rel}","templated":true}]}}