{"id":5,"date":"2023-03-07T15:03:54","date_gmt":"2023-03-07T18:03:54","guid":{"rendered":"https:\/\/www.pmpf.rs.gov.br\/escolademusica\/?page_id=5"},"modified":"2023-08-08T09:28:42","modified_gmt":"2023-08-08T12:28:42","slug":"escola-publica-de-musica-yamandu-costa","status":"publish","type":"page","link":"https:\/\/www.pmpf.rs.gov.br\/escolademusica\/","title":{"rendered":"Escola P\u00fablica de M\u00fasica Yamandu Costa"},"content":{"rendered":"\n<p>A Escola P\u00fablica de M\u00fasica \u00e9 uma a\u00e7\u00e3o da Prefeitura Municipal de Passo Fundo com o objetivo de oferecer um processo de qualifica\u00e7\u00e3o da forma\u00e7\u00e3o humana&nbsp; por meio do ensino da m\u00fasica instrumental, buscando promover a inclus\u00e3o social de crian\u00e7as, adolescentes e jovens da rede p\u00fablica de educa\u00e7\u00e3o e assist\u00eancia social do territ\u00f3rio de Passo Fundo.<\/p>\n\n\n\n<p>A iniciativa, desenvolvida no \u00e2mbito das Cidades Educadoras, tem o apoio do violonista passo-fundense Yamandu Costa. Ganhador do Grammy Latino 2021, Yamandu v\u00ea na m\u00fasica uma oportunidade poderosa de forma\u00e7\u00e3o humana.&nbsp;<\/p>\n\n\n\n<p>A Escola consiste no oferecimento de oportunidades de desenvolvimento de sensibilidade&nbsp; para crian\u00e7as e jovens do territ\u00f3rio.<\/p>\n\n\n\n<p>Com sua sede central localizada no Parque da Gare, contar\u00e1 com 4 c\u00e9lulas, localizadas em escolas municipais nos 4 quadrantes do Munic\u00edpio, a saber:<\/p>\n\n\n\n<ul class=\"wp-block-list\">\n<li>Quadrante 1 \u2013&nbsp; EMEF Benoni Rosado<\/li>\n\n\n\n<li>Quadrante 2 \u2013 EMEF Senador Pasqualini<\/li>\n\n\n\n<li>Quadrante 3 \u2013 EMEF Wolmar Salton<\/li>\n\n\n\n<li>Quadrante 4 \u2013 EMEF Cohab Secchi<\/li>\n<\/ul>\n\n\n\n<p>A equipe da Escola P\u00fablica de M\u00fasica Yamandu Costa conta com 1 maestro, 4 bachar\u00e9is em m\u00fasica e 4 bacharelandos em m\u00fasica, respons\u00e1veis pela execu\u00e7\u00e3o do projeto metodol\u00f3gico da escola. As modalidades trabalhadas s\u00e3o: Cordas, Cordas Friccionadas, Percuss\u00e3o e Sopro.<\/p>\n\n\n\n<h1 class=\"wp-block-heading\">Quem \u00e9 Yamandu Costa?<\/h1>\n\n\n\n<div class=\"wp-block-columns is-layout-flex wp-container-core-columns-is-layout-1 wp-block-columns-is-layout-flex\">\n<div class=\"wp-block-column is-layout-flow wp-block-column-is-layout-flow\">\n<figure class=\"wp-block-embed is-type-video is-provider-youtube wp-block-embed-youtube wp-embed-aspect-16-9 wp-has-aspect-ratio\"><div class=\"wp-block-embed__wrapper\">\n<iframe loading=\"lazy\" title=\"A Legrand - Yamandu Costa (re-arranged by Andriy Ivchenko)\" width=\"600\" height=\"338\" src=\"https:\/\/www.youtube.com\/embed\/IJTv22QqImA?feature=oembed\" frameborder=\"0\" allow=\"accelerometer; autoplay; clipboard-write; encrypted-media; gyroscope; picture-in-picture; web-share\" referrerpolicy=\"strict-origin-when-cross-origin\" allowfullscreen><\/iframe>\n<\/div><\/figure>\n<\/div>\n\n\n\n<div class=\"wp-block-column is-layout-flow wp-block-column-is-layout-flow\">\n<p>Violonista e compositor, Yamandu Costa come\u00e7ou a estudar viol\u00e3o aos 7 anos de idade com o pai, Algacir Costa, e aprimorou-se com L\u00facio Yanel, virtuoso argentino radicado no Brasil. Aos 17 anos, apresentou-se pela primeira vez em S\u00e3o Paulo, no Circuito Cultural Banco do Brasil, produzido pelo Est\u00fadio Tom Brasil, e, a partir da\u00ed, passou a ser reconhecido como m\u00fasico revela\u00e7\u00e3o do viol\u00e3o brasileiro.<\/p>\n<\/div>\n<\/div>\n\n\n\n<p><\/p>\n\n\n\n<p>Um dos maiores fen\u00f4menos da m\u00fasica brasileira de todos os tempos, Yamandu Costa \u00e9 capaz de, sozinho no palco, levantar em \u00eaxtase plateias das mais especializadas e de emocionar o grande p\u00fablico aos mais apurados ouvidos. Suas interpreta\u00e7\u00f5es perform\u00e1ticas conseguem remodelar cada m\u00fasica que toca e revelam uma profunda intimidade com seu instrumento.<\/p>\n\n\n\n<p>Yamandu Costa toca de choro \u00e0 m\u00fasica cl\u00e1ssica brasileira, mas tamb\u00e9m \u00e9 um ga\u00facho cheio de milongas, tangos, zambas e chamam\u00e9s. \u00c9 uma mistura de todos os estilos e cria interpreta\u00e7\u00f5es de rara personalidade no seu viol\u00e3o de 7 cordas, fazendo jus ao significado de seu belo nome: \u201co precursor das \u00e1guas\u201d.<\/p>\n\n\n\n<p>Yamandu Costa percorreu os mais importantes palcos do Brasil e do mundo, participando de grandes festivais e encontros. \u00c9 vencedor dos mais relevantes pr\u00eamios da m\u00fasica brasileira e internacional, como o Grammy Latino, em 2021.<\/p>\n\n\n\n<h1 class=\"wp-block-heading has-text-align-left\">O que \u00e9 a Escola P\u00fablica de M\u00fasica Yamandu Costa?<\/h1>\n\n\n\n<p>A Escola P\u00fablica de M\u00fasica \u00e9 uma iniciativa inovadora da Prefeitura de Passo Fundo, no \u00e2mbito da Carta das Cidades Educadoras, para levar aos jovens uma oportunidade de transforma\u00e7\u00e3o social a partir da m\u00fasica, sendo voltada aos alunos do sexto ao nono ano da rede municipal. O projeto leva o nome do g\u00eanio da m\u00fasica mundial, vencedor do Grammy Latino em 2021 e passo-fundense Yamandu Costa.<\/p>\n\n\n\n<p>Os estudantes que tiverem interesse em participar do projeto ter\u00e3o acesso a quatro modalidades de ensino de m\u00fasica, que contemplam instrumentos de cordas, cordas friccionadas, percuss\u00e3o e sopro.<\/p>\n\n\n\n<h1 class=\"wp-block-heading\">Onde acontecer\u00e3o as aulas?<\/h1>\n\n\n\n<p>Quatro escolas de Ensino Fundamental concentrar\u00e3o as aulas de m\u00fasica e, por isso, foram contempladas com uma sala de ensaio e instrumentos. S\u00e3o elas: Senador Pasqualini, Cohab Secchi, Benoni Rosado e Wolmar Salton.<\/p>\n\n\n\n<p>A escolha das institui\u00e7\u00f5es foi realizada com a divis\u00e3o da cidade em quatro quadrantes. Essas escolas acolher\u00e3o alunos de outras institui\u00e7\u00f5es de suas regi\u00f5es. O formato parte de uma dimens\u00e3o de cidade educadora, em que elas t\u00eam o territ\u00f3rio como espa\u00e7o de a\u00e7\u00e3o.<\/p>\n\n\n\n<p>A Escola de M\u00fasica conta com professores e auxiliares contratados pela Prefeitura. Em sistema de rod\u00edzio, eles ir\u00e3o at\u00e9 as escolas para ministrar as aulas.<\/p>\n\n\n\n<h1 class=\"wp-block-heading\">Sede da Escola P\u00fablica de M\u00fasica<\/h1>\n\n\n\n<div class=\"wp-block-columns is-layout-flex wp-container-core-columns-is-layout-3 wp-block-columns-is-layout-flex\">\n<div class=\"wp-block-column is-layout-flow wp-block-column-is-layout-flow\">\n<div class=\"wp-block-columns is-layout-flex wp-container-core-columns-is-layout-2 wp-block-columns-is-layout-flex\">\n<div class=\"wp-block-column is-layout-flow wp-block-column-is-layout-flow\">\n<figure class=\"wp-block-image size-large\"><img loading=\"lazy\" decoding=\"async\" width=\"1024\" height=\"683\" src=\"https:\/\/www.pmpf.rs.gov.br\/escolademusica\/wp-content\/uploads\/sites\/77\/2023\/03\/MSF05576-1-copiar-2-1024x683.jpg\" alt=\"\" class=\"wp-image-20\" srcset=\"https:\/\/www.pmpf.rs.gov.br\/escolademusica\/wp-content\/uploads\/sites\/77\/2023\/03\/MSF05576-1-copiar-2-1024x683.jpg 1024w, https:\/\/www.pmpf.rs.gov.br\/escolademusica\/wp-content\/uploads\/sites\/77\/2023\/03\/MSF05576-1-copiar-2-300x200.jpg 300w, https:\/\/www.pmpf.rs.gov.br\/escolademusica\/wp-content\/uploads\/sites\/77\/2023\/03\/MSF05576-1-copiar-2-768x512.jpg 768w, https:\/\/www.pmpf.rs.gov.br\/escolademusica\/wp-content\/uploads\/sites\/77\/2023\/03\/MSF05576-1-copiar-2-1536x1024.jpg 1536w, https:\/\/www.pmpf.rs.gov.br\/escolademusica\/wp-content\/uploads\/sites\/77\/2023\/03\/MSF05576-1-copiar-2-2048x1365.jpg 2048w\" sizes=\"(max-width: 1024px) 100vw, 1024px\" \/><\/figure>\n<\/div>\n<\/div>\n<\/div>\n\n\n\n<div class=\"wp-block-column is-layout-flow wp-block-column-is-layout-flow\">\n<p>A sede da Escola de M\u00fasica Yamandu Costa fica no Parque da Gare, em um pr\u00e9dio constru\u00eddo pela Prefeitura. Neste espa\u00e7o, ser\u00e1 realizado um trabalho espec\u00edfico de aprofundado com os alunos que apresentarem maior aptid\u00e3o nas escolas do quadrante. Sendo assim, os alunos que se destacarem v\u00e3o poder estar no conservat\u00f3rio para compor conjuntos musicais formados por crian\u00e7as e jovens da rede p\u00fablica municipal de educa\u00e7\u00e3o.<\/p>\n<\/div>\n<\/div>\n\n\n\n<hr class=\"wp-block-separator has-alpha-channel-opacity\"\/>\n","protected":false},"excerpt":{"rendered":"<p>A Escola P\u00fablica de M\u00fasica \u00e9 uma a\u00e7\u00e3o da Prefeitura Municipal de Passo Fundo com o objetivo de oferecer um processo de qualifica\u00e7\u00e3o da forma\u00e7\u00e3o humana&nbsp; por meio do ensino da m\u00fasica [&hellip;]<\/p>\n","protected":false},"author":4,"featured_media":0,"parent":0,"menu_order":0,"comment_status":"closed","ping_status":"closed","template":"","meta":{"footnotes":""},"class_list":["post-5","page","type-page","status-publish","hentry"],"yoast_head":"<!-- This site is optimized with the Yoast SEO plugin v23.8 - https:\/\/yoast.com\/wordpress\/plugins\/seo\/ -->\n<title>Escola P\u00fablica de M\u00fasica Yamandu Costa - Escola P\u00fablica de M\u00fasica Yamandu Costa<\/title>\n<meta name=\"robots\" content=\"index, follow, max-snippet:-1, max-image-preview:large, max-video-preview:-1\" \/>\n<link rel=\"canonical\" href=\"https:\/\/www.pmpf.rs.gov.br\/escolademusica\/\" \/>\n<meta property=\"og:locale\" content=\"pt_BR\" \/>\n<meta property=\"og:type\" content=\"article\" \/>\n<meta property=\"og:title\" content=\"Escola P\u00fablica de M\u00fasica Yamandu Costa - Escola P\u00fablica de M\u00fasica Yamandu Costa\" \/>\n<meta property=\"og:description\" content=\"A Escola P\u00fablica de M\u00fasica \u00e9 uma a\u00e7\u00e3o da Prefeitura Municipal de Passo Fundo com o objetivo de oferecer um processo de qualifica\u00e7\u00e3o da forma\u00e7\u00e3o humana&nbsp; por meio do ensino da m\u00fasica [&hellip;]\" \/>\n<meta property=\"og:url\" content=\"https:\/\/www.pmpf.rs.gov.br\/escolademusica\/\" \/>\n<meta property=\"og:site_name\" content=\"Escola P\u00fablica de M\u00fasica Yamandu Costa\" \/>\n<meta property=\"article:modified_time\" content=\"2023-08-08T12:28:42+00:00\" \/>\n<meta property=\"og:image\" content=\"https:\/\/www.pmpf.rs.gov.br\/escolademusica\/wp-content\/uploads\/sites\/77\/2023\/03\/MSF05576-1-copiar-2-1024x683.jpg\" \/>\n<meta name=\"twitter:card\" content=\"summary_large_image\" \/>\n<meta name=\"twitter:label1\" content=\"Est. tempo de leitura\" \/>\n\t<meta name=\"twitter:data1\" content=\"4 minutos\" \/>\n<script type=\"application\/ld+json\" class=\"yoast-schema-graph\">{\"@context\":\"https:\/\/schema.org\",\"@graph\":[{\"@type\":\"WebPage\",\"@id\":\"https:\/\/www.pmpf.rs.gov.br\/escolademusica\/\",\"url\":\"https:\/\/www.pmpf.rs.gov.br\/escolademusica\/\",\"name\":\"Escola P\u00fablica de M\u00fasica Yamandu Costa - Escola P\u00fablica de M\u00fasica Yamandu Costa\",\"isPartOf\":{\"@id\":\"https:\/\/www.pmpf.rs.gov.br\/escolademusica\/#website\"},\"primaryImageOfPage\":{\"@id\":\"https:\/\/www.pmpf.rs.gov.br\/escolademusica\/#primaryimage\"},\"image\":{\"@id\":\"https:\/\/www.pmpf.rs.gov.br\/escolademusica\/#primaryimage\"},\"thumbnailUrl\":\"https:\/\/www.pmpf.rs.gov.br\/escolademusica\/wp-content\/uploads\/sites\/77\/2023\/03\/MSF05576-1-copiar-2-1024x683.jpg\",\"datePublished\":\"2023-03-07T18:03:54+00:00\",\"dateModified\":\"2023-08-08T12:28:42+00:00\",\"breadcrumb\":{\"@id\":\"https:\/\/www.pmpf.rs.gov.br\/escolademusica\/#breadcrumb\"},\"inLanguage\":\"pt-BR\",\"potentialAction\":[{\"@type\":\"ReadAction\",\"target\":[\"https:\/\/www.pmpf.rs.gov.br\/escolademusica\/\"]}]},{\"@type\":\"ImageObject\",\"inLanguage\":\"pt-BR\",\"@id\":\"https:\/\/www.pmpf.rs.gov.br\/escolademusica\/#primaryimage\",\"url\":\"https:\/\/www.pmpf.rs.gov.br\/escolademusica\/wp-content\/uploads\/sites\/77\/2023\/03\/MSF05576-1-copiar-2-scaled.jpg\",\"contentUrl\":\"https:\/\/www.pmpf.rs.gov.br\/escolademusica\/wp-content\/uploads\/sites\/77\/2023\/03\/MSF05576-1-copiar-2-scaled.jpg\",\"width\":2560,\"height\":1707},{\"@type\":\"BreadcrumbList\",\"@id\":\"https:\/\/www.pmpf.rs.gov.br\/escolademusica\/#breadcrumb\",\"itemListElement\":[{\"@type\":\"ListItem\",\"position\":1,\"name\":\"In\u00edcio\",\"item\":\"https:\/\/www.pmpf.rs.gov.br\/escolademusica\/\"},{\"@type\":\"ListItem\",\"position\":2,\"name\":\"Escola P\u00fablica de M\u00fasica Yamandu Costa\"}]},{\"@type\":\"WebSite\",\"@id\":\"https:\/\/www.pmpf.rs.gov.br\/escolademusica\/#website\",\"url\":\"https:\/\/www.pmpf.rs.gov.br\/escolademusica\/\",\"name\":\"Escola P\u00fablica de M\u00fasica Yamandu Costa\",\"description\":\"\",\"potentialAction\":[{\"@type\":\"SearchAction\",\"target\":{\"@type\":\"EntryPoint\",\"urlTemplate\":\"https:\/\/www.pmpf.rs.gov.br\/escolademusica\/?s={search_term_string}\"},\"query-input\":{\"@type\":\"PropertyValueSpecification\",\"valueRequired\":true,\"valueName\":\"search_term_string\"}}],\"inLanguage\":\"pt-BR\"}]}<\/script>\n<!-- \/ Yoast SEO plugin. -->","yoast_head_json":{"title":"Escola P\u00fablica de M\u00fasica Yamandu Costa - Escola P\u00fablica de M\u00fasica Yamandu Costa","robots":{"index":"index","follow":"follow","max-snippet":"max-snippet:-1","max-image-preview":"max-image-preview:large","max-video-preview":"max-video-preview:-1"},"canonical":"https:\/\/www.pmpf.rs.gov.br\/escolademusica\/","og_locale":"pt_BR","og_type":"article","og_title":"Escola P\u00fablica de M\u00fasica Yamandu Costa - Escola P\u00fablica de M\u00fasica Yamandu Costa","og_description":"A Escola P\u00fablica de M\u00fasica \u00e9 uma a\u00e7\u00e3o da Prefeitura Municipal de Passo Fundo com o objetivo de oferecer um processo de qualifica\u00e7\u00e3o da forma\u00e7\u00e3o humana&nbsp; por meio do ensino da m\u00fasica [&hellip;]","og_url":"https:\/\/www.pmpf.rs.gov.br\/escolademusica\/","og_site_name":"Escola P\u00fablica de M\u00fasica Yamandu Costa","article_modified_time":"2023-08-08T12:28:42+00:00","og_image":[{"url":"https:\/\/www.pmpf.rs.gov.br\/escolademusica\/wp-content\/uploads\/sites\/77\/2023\/03\/MSF05576-1-copiar-2-1024x683.jpg"}],"twitter_card":"summary_large_image","twitter_misc":{"Est. tempo de leitura":"4 minutos"},"schema":{"@context":"https:\/\/schema.org","@graph":[{"@type":"WebPage","@id":"https:\/\/www.pmpf.rs.gov.br\/escolademusica\/","url":"https:\/\/www.pmpf.rs.gov.br\/escolademusica\/","name":"Escola P\u00fablica de M\u00fasica Yamandu Costa - Escola P\u00fablica de M\u00fasica Yamandu Costa","isPartOf":{"@id":"https:\/\/www.pmpf.rs.gov.br\/escolademusica\/#website"},"primaryImageOfPage":{"@id":"https:\/\/www.pmpf.rs.gov.br\/escolademusica\/#primaryimage"},"image":{"@id":"https:\/\/www.pmpf.rs.gov.br\/escolademusica\/#primaryimage"},"thumbnailUrl":"https:\/\/www.pmpf.rs.gov.br\/escolademusica\/wp-content\/uploads\/sites\/77\/2023\/03\/MSF05576-1-copiar-2-1024x683.jpg","datePublished":"2023-03-07T18:03:54+00:00","dateModified":"2023-08-08T12:28:42+00:00","breadcrumb":{"@id":"https:\/\/www.pmpf.rs.gov.br\/escolademusica\/#breadcrumb"},"inLanguage":"pt-BR","potentialAction":[{"@type":"ReadAction","target":["https:\/\/www.pmpf.rs.gov.br\/escolademusica\/"]}]},{"@type":"ImageObject","inLanguage":"pt-BR","@id":"https:\/\/www.pmpf.rs.gov.br\/escolademusica\/#primaryimage","url":"https:\/\/www.pmpf.rs.gov.br\/escolademusica\/wp-content\/uploads\/sites\/77\/2023\/03\/MSF05576-1-copiar-2-scaled.jpg","contentUrl":"https:\/\/www.pmpf.rs.gov.br\/escolademusica\/wp-content\/uploads\/sites\/77\/2023\/03\/MSF05576-1-copiar-2-scaled.jpg","width":2560,"height":1707},{"@type":"BreadcrumbList","@id":"https:\/\/www.pmpf.rs.gov.br\/escolademusica\/#breadcrumb","itemListElement":[{"@type":"ListItem","position":1,"name":"In\u00edcio","item":"https:\/\/www.pmpf.rs.gov.br\/escolademusica\/"},{"@type":"ListItem","position":2,"name":"Escola P\u00fablica de M\u00fasica Yamandu Costa"}]},{"@type":"WebSite","@id":"https:\/\/www.pmpf.rs.gov.br\/escolademusica\/#website","url":"https:\/\/www.pmpf.rs.gov.br\/escolademusica\/","name":"Escola P\u00fablica de M\u00fasica Yamandu Costa","description":"","potentialAction":[{"@type":"SearchAction","target":{"@type":"EntryPoint","urlTemplate":"https:\/\/www.pmpf.rs.gov.br\/escolademusica\/?s={search_term_string}"},"query-input":{"@type":"PropertyValueSpecification","valueRequired":true,"valueName":"search_term_string"}}],"inLanguage":"pt-BR"}]}},"_links":{"self":[{"href":"https:\/\/www.pmpf.rs.gov.br\/escolademusica\/wp-json\/wp\/v2\/pages\/5"}],"collection":[{"href":"https:\/\/www.pmpf.rs.gov.br\/escolademusica\/wp-json\/wp\/v2\/pages"}],"about":[{"href":"https:\/\/www.pmpf.rs.gov.br\/escolademusica\/wp-json\/wp\/v2\/types\/page"}],"author":[{"embeddable":true,"href":"https:\/\/www.pmpf.rs.gov.br\/escolademusica\/wp-json\/wp\/v2\/users\/4"}],"replies":[{"embeddable":true,"href":"https:\/\/www.pmpf.rs.gov.br\/escolademusica\/wp-json\/wp\/v2\/comments?post=5"}],"version-history":[{"count":10,"href":"https:\/\/www.pmpf.rs.gov.br\/escolademusica\/wp-json\/wp\/v2\/pages\/5\/revisions"}],"predecessor-version":[{"id":25,"href":"https:\/\/www.pmpf.rs.gov.br\/escolademusica\/wp-json\/wp\/v2\/pages\/5\/revisions\/25"}],"wp:attachment":[{"href":"https:\/\/www.pmpf.rs.gov.br\/escolademusica\/wp-json\/wp\/v2\/media?parent=5"}],"curies":[{"name":"wp","href":"https:\/\/api.w.org\/{rel}","templated":true}]}}