{"id":132,"date":"2025-05-28T16:18:37","date_gmt":"2025-05-28T19:18:37","guid":{"rendered":"https:\/\/www.pmpf.rs.gov.br\/eps\/?page_id=132"},"modified":"2025-05-28T16:45:35","modified_gmt":"2025-05-28T19:45:35","slug":"jacaranda","status":"publish","type":"page","link":"https:\/\/www.pmpf.rs.gov.br\/eps\/escoladesustentabilidade\/jacaranda\/","title":{"rendered":"Plantio de Jacarand\u00e1-mimoso marca compromisso com a sustentabilidade"},"content":{"rendered":"\n<h3 class=\"wp-block-heading\"><em>Escola P\u00fablica de Sustentabilidade <\/em>de Passo Fundo<\/h3>\n\n\n\n<p>No dia 6 de junho de 2025, foi realizada uma a\u00e7\u00e3o coletiva de plantio de Jacarand\u00e1-mimoso (Jacaranda mimosifolia) em diversas escolas da Rede Municipal de Educa\u00e7\u00e3o, al\u00e9m de terrenos de fam\u00edlias das comunidades escolares. A iniciativa integrou o mesmo movimento que marcou a inaugura\u00e7\u00e3o da Escola P\u00fablica de Sustentabilidade, onde tamb\u00e9m foi plantado um exemplar da esp\u00e9cie.<\/p>\n\n\n\n<p>A escolha pelo Jacarand\u00e1-mimoso valoriza uma \u00e1rvore de grande porte, conhecida por sua copa amplamente ramificada e pela exuberante flora\u00e7\u00e3o roxa na primavera e no ver\u00e3o. Esta a\u00e7\u00e3o refor\u00e7a o compromisso de Passo Fundo com a educa\u00e7\u00e3o ambiental, incentivando o plantio respons\u00e1vel e consciente de esp\u00e9cies nativas e ornamentais adequadas ao espa\u00e7o urbano.<\/p>\n\n\n\n<p>A atividade foi organizada em parceria entre as Secretarias Municipais de Meio Ambiente e Educa\u00e7\u00e3o, fortalecendo as pol\u00edticas intersetoriais e concretizando os princ\u00edpios da Carta das Cidades Educadoras.<\/p>\n\n\n\n<p>Confira no link a seguir orienta\u00e7\u00f5es pr\u00e1ticas sobre o plantio:<\/p>\n\n\n\n<figure class=\"wp-block-embed is-type-wp-embed is-provider-canva wp-block-embed-canva\"><div class=\"wp-block-embed__wrapper\">\n<iframe loading=\"lazy\" class=\"wp-embedded-content\" sandbox=\"allow-scripts\" security=\"restricted\" title=\"Como plantar e cuidar do seu Jacarand\u00e1-mimoso\" src=\"https:\/\/www.canva.com\/design\/DAGow9jakII\/Y7EqCaY3Oq71ddoxiZUcTQ\/view?embed&#038;meta#?secret=bfHS9LGqdU\" data-secret=\"bfHS9LGqdU\" height=\"900\" width=\"506\"><\/iframe>\n<\/div><\/figure>\n\n\n\n<p><a href=\"https:\/\/www.canva.com\/design\/DAGow9jakII\/Y7EqCaY3Oq71ddoxiZUcTQ\/view?utm_content=DAGow9jakII&amp;utm_campaign=designshare&amp;utm_medium=embeds&amp;utm_source=link\" target=\"_blank\" rel=\"noreferrer noopener\">Como plantar e cuidar do seu Jacarand\u00e1-mimoso<\/a> de Prefeitura de Passo Fundo<\/p>\n\n\n\n<p><\/p>\n","protected":false},"excerpt":{"rendered":"<p>Escola P\u00fablica de Sustentabilidade de Passo Fundo No dia 6 de junho de 2025, foi realizada uma a\u00e7\u00e3o coletiva de plantio de Jacarand\u00e1-mimoso (Jacaranda mimosifolia) em diversas escolas da Rede Municipal de [&hellip;]<\/p>\n","protected":false},"author":22,"featured_media":0,"parent":128,"menu_order":0,"comment_status":"closed","ping_status":"closed","template":"","meta":{"footnotes":""},"class_list":["post-132","page","type-page","status-publish","hentry"],"yoast_head":"<!-- This site is optimized with the Yoast SEO plugin v23.8 - https:\/\/yoast.com\/wordpress\/plugins\/seo\/ -->\n<title>Plantio de Jacarand\u00e1-mimoso marca compromisso com a sustentabilidade - Escolas P\u00fablicas<\/title>\n<meta name=\"robots\" content=\"index, follow, max-snippet:-1, max-image-preview:large, max-video-preview:-1\" \/>\n<link rel=\"canonical\" href=\"https:\/\/www.pmpf.rs.gov.br\/eps\/escoladesustentabilidade\/jacaranda\/\" \/>\n<meta property=\"og:locale\" content=\"pt_BR\" \/>\n<meta property=\"og:type\" content=\"article\" \/>\n<meta property=\"og:title\" content=\"Plantio de Jacarand\u00e1-mimoso marca compromisso com a sustentabilidade - Escolas P\u00fablicas\" \/>\n<meta property=\"og:description\" content=\"Escola P\u00fablica de Sustentabilidade de Passo Fundo No dia 6 de junho de 2025, foi realizada uma a\u00e7\u00e3o coletiva de plantio de Jacarand\u00e1-mimoso (Jacaranda mimosifolia) em diversas escolas da Rede Municipal de [&hellip;]\" \/>\n<meta property=\"og:url\" content=\"https:\/\/www.pmpf.rs.gov.br\/eps\/escoladesustentabilidade\/jacaranda\/\" \/>\n<meta property=\"og:site_name\" content=\"Escolas P\u00fablicas\" \/>\n<meta property=\"article:modified_time\" content=\"2025-05-28T19:45:35+00:00\" \/>\n<meta name=\"twitter:card\" content=\"summary_large_image\" \/>\n<meta name=\"twitter:label1\" content=\"Est. tempo de leitura\" \/>\n\t<meta name=\"twitter:data1\" content=\"1 minuto\" \/>\n<script type=\"application\/ld+json\" class=\"yoast-schema-graph\">{\"@context\":\"https:\/\/schema.org\",\"@graph\":[{\"@type\":\"WebPage\",\"@id\":\"https:\/\/www.pmpf.rs.gov.br\/eps\/escoladesustentabilidade\/jacaranda\/\",\"url\":\"https:\/\/www.pmpf.rs.gov.br\/eps\/escoladesustentabilidade\/jacaranda\/\",\"name\":\"Plantio de Jacarand\u00e1-mimoso marca compromisso com a sustentabilidade - Escolas P\u00fablicas\",\"isPartOf\":{\"@id\":\"https:\/\/www.pmpf.rs.gov.br\/eps\/#website\"},\"datePublished\":\"2025-05-28T19:18:37+00:00\",\"dateModified\":\"2025-05-28T19:45:35+00:00\",\"breadcrumb\":{\"@id\":\"https:\/\/www.pmpf.rs.gov.br\/eps\/escoladesustentabilidade\/jacaranda\/#breadcrumb\"},\"inLanguage\":\"pt-BR\",\"potentialAction\":[{\"@type\":\"ReadAction\",\"target\":[\"https:\/\/www.pmpf.rs.gov.br\/eps\/escoladesustentabilidade\/jacaranda\/\"]}]},{\"@type\":\"BreadcrumbList\",\"@id\":\"https:\/\/www.pmpf.rs.gov.br\/eps\/escoladesustentabilidade\/jacaranda\/#breadcrumb\",\"itemListElement\":[{\"@type\":\"ListItem\",\"position\":1,\"name\":\"In\u00edcio\",\"item\":\"https:\/\/www.pmpf.rs.gov.br\/eps\/\"},{\"@type\":\"ListItem\",\"position\":2,\"name\":\"Escola P\u00fablica de Sustentabilidade\",\"item\":\"https:\/\/www.pmpf.rs.gov.br\/eps\/escoladesustentabilidade\/\"},{\"@type\":\"ListItem\",\"position\":3,\"name\":\"Plantio de Jacarand\u00e1-mimoso marca compromisso com a sustentabilidade\"}]},{\"@type\":\"WebSite\",\"@id\":\"https:\/\/www.pmpf.rs.gov.br\/eps\/#website\",\"url\":\"https:\/\/www.pmpf.rs.gov.br\/eps\/\",\"name\":\"Escolas P\u00fablicas\",\"description\":\"\",\"potentialAction\":[{\"@type\":\"SearchAction\",\"target\":{\"@type\":\"EntryPoint\",\"urlTemplate\":\"https:\/\/www.pmpf.rs.gov.br\/eps\/?s={search_term_string}\"},\"query-input\":{\"@type\":\"PropertyValueSpecification\",\"valueRequired\":true,\"valueName\":\"search_term_string\"}}],\"inLanguage\":\"pt-BR\"}]}<\/script>\n<!-- \/ Yoast SEO plugin. -->","yoast_head_json":{"title":"Plantio de Jacarand\u00e1-mimoso marca compromisso com a sustentabilidade - Escolas P\u00fablicas","robots":{"index":"index","follow":"follow","max-snippet":"max-snippet:-1","max-image-preview":"max-image-preview:large","max-video-preview":"max-video-preview:-1"},"canonical":"https:\/\/www.pmpf.rs.gov.br\/eps\/escoladesustentabilidade\/jacaranda\/","og_locale":"pt_BR","og_type":"article","og_title":"Plantio de Jacarand\u00e1-mimoso marca compromisso com a sustentabilidade - Escolas P\u00fablicas","og_description":"Escola P\u00fablica de Sustentabilidade de Passo Fundo No dia 6 de junho de 2025, foi realizada uma a\u00e7\u00e3o coletiva de plantio de Jacarand\u00e1-mimoso (Jacaranda mimosifolia) em diversas escolas da Rede Municipal de [&hellip;]","og_url":"https:\/\/www.pmpf.rs.gov.br\/eps\/escoladesustentabilidade\/jacaranda\/","og_site_name":"Escolas P\u00fablicas","article_modified_time":"2025-05-28T19:45:35+00:00","twitter_card":"summary_large_image","twitter_misc":{"Est. tempo de leitura":"1 minuto"},"schema":{"@context":"https:\/\/schema.org","@graph":[{"@type":"WebPage","@id":"https:\/\/www.pmpf.rs.gov.br\/eps\/escoladesustentabilidade\/jacaranda\/","url":"https:\/\/www.pmpf.rs.gov.br\/eps\/escoladesustentabilidade\/jacaranda\/","name":"Plantio de Jacarand\u00e1-mimoso marca compromisso com a sustentabilidade - Escolas P\u00fablicas","isPartOf":{"@id":"https:\/\/www.pmpf.rs.gov.br\/eps\/#website"},"datePublished":"2025-05-28T19:18:37+00:00","dateModified":"2025-05-28T19:45:35+00:00","breadcrumb":{"@id":"https:\/\/www.pmpf.rs.gov.br\/eps\/escoladesustentabilidade\/jacaranda\/#breadcrumb"},"inLanguage":"pt-BR","potentialAction":[{"@type":"ReadAction","target":["https:\/\/www.pmpf.rs.gov.br\/eps\/escoladesustentabilidade\/jacaranda\/"]}]},{"@type":"BreadcrumbList","@id":"https:\/\/www.pmpf.rs.gov.br\/eps\/escoladesustentabilidade\/jacaranda\/#breadcrumb","itemListElement":[{"@type":"ListItem","position":1,"name":"In\u00edcio","item":"https:\/\/www.pmpf.rs.gov.br\/eps\/"},{"@type":"ListItem","position":2,"name":"Escola P\u00fablica de Sustentabilidade","item":"https:\/\/www.pmpf.rs.gov.br\/eps\/escoladesustentabilidade\/"},{"@type":"ListItem","position":3,"name":"Plantio de Jacarand\u00e1-mimoso marca compromisso com a sustentabilidade"}]},{"@type":"WebSite","@id":"https:\/\/www.pmpf.rs.gov.br\/eps\/#website","url":"https:\/\/www.pmpf.rs.gov.br\/eps\/","name":"Escolas P\u00fablicas","description":"","potentialAction":[{"@type":"SearchAction","target":{"@type":"EntryPoint","urlTemplate":"https:\/\/www.pmpf.rs.gov.br\/eps\/?s={search_term_string}"},"query-input":{"@type":"PropertyValueSpecification","valueRequired":true,"valueName":"search_term_string"}}],"inLanguage":"pt-BR"}]}},"_links":{"self":[{"href":"https:\/\/www.pmpf.rs.gov.br\/eps\/wp-json\/wp\/v2\/pages\/132"}],"collection":[{"href":"https:\/\/www.pmpf.rs.gov.br\/eps\/wp-json\/wp\/v2\/pages"}],"about":[{"href":"https:\/\/www.pmpf.rs.gov.br\/eps\/wp-json\/wp\/v2\/types\/page"}],"author":[{"embeddable":true,"href":"https:\/\/www.pmpf.rs.gov.br\/eps\/wp-json\/wp\/v2\/users\/22"}],"replies":[{"embeddable":true,"href":"https:\/\/www.pmpf.rs.gov.br\/eps\/wp-json\/wp\/v2\/comments?post=132"}],"version-history":[{"count":4,"href":"https:\/\/www.pmpf.rs.gov.br\/eps\/wp-json\/wp\/v2\/pages\/132\/revisions"}],"predecessor-version":[{"id":136,"href":"https:\/\/www.pmpf.rs.gov.br\/eps\/wp-json\/wp\/v2\/pages\/132\/revisions\/136"}],"up":[{"embeddable":true,"href":"https:\/\/www.pmpf.rs.gov.br\/eps\/wp-json\/wp\/v2\/pages\/128"}],"wp:attachment":[{"href":"https:\/\/www.pmpf.rs.gov.br\/eps\/wp-json\/wp\/v2\/media?parent=132"}],"curies":[{"name":"wp","href":"https:\/\/api.w.org\/{rel}","templated":true}]}}