{"id":128,"date":"2025-05-28T15:58:28","date_gmt":"2025-05-28T18:58:28","guid":{"rendered":"https:\/\/www.pmpf.rs.gov.br\/eps\/?page_id=128"},"modified":"2026-02-24T16:32:58","modified_gmt":"2026-02-24T19:32:58","slug":"escoladesustentabilidade","status":"publish","type":"page","link":"https:\/\/www.pmpf.rs.gov.br\/eps\/escoladesustentabilidade\/","title":{"rendered":"Escola P\u00fablica de Sustentabilidade"},"content":{"rendered":"<div class=\"wp-block-image\">\n<figure class=\"alignleft size-large is-resized\"><img loading=\"lazy\" decoding=\"async\" width=\"1024\" height=\"768\" src=\"https:\/\/www.pmpf.rs.gov.br\/eps\/wp-content\/uploads\/sites\/82\/2026\/02\/foto-aula-sustentabilidade-1024x768.jpg\" alt=\"\" class=\"wp-image-156\" style=\"width:380px;height:auto\" srcset=\"https:\/\/www.pmpf.rs.gov.br\/eps\/wp-content\/uploads\/sites\/82\/2026\/02\/foto-aula-sustentabilidade-1024x768.jpg 1024w, https:\/\/www.pmpf.rs.gov.br\/eps\/wp-content\/uploads\/sites\/82\/2026\/02\/foto-aula-sustentabilidade-300x225.jpg 300w, https:\/\/www.pmpf.rs.gov.br\/eps\/wp-content\/uploads\/sites\/82\/2026\/02\/foto-aula-sustentabilidade-768x576.jpg 768w, https:\/\/www.pmpf.rs.gov.br\/eps\/wp-content\/uploads\/sites\/82\/2026\/02\/foto-aula-sustentabilidade-1536x1152.jpg 1536w, https:\/\/www.pmpf.rs.gov.br\/eps\/wp-content\/uploads\/sites\/82\/2026\/02\/foto-aula-sustentabilidade.jpg 1600w\" sizes=\"(max-width: 1024px) 100vw, 1024px\" \/><\/figure><\/div>\n\n\n<p>A Prefeitura de Passo Fundo deu um passo importante na consolida\u00e7\u00e3o de pol\u00edticas ambientais com a inaugura\u00e7\u00e3o da Escola P\u00fablica de Sustentabilidade,  no Parque Ambiental Banhado da Vergueiro. Fruto da parceria entre as <strong>Secretarias Municipais de Meio Ambiente<\/strong> e <strong>Educa\u00e7\u00e3o<\/strong>, o espa\u00e7o tem como objetivo promover <strong>forma\u00e7\u00e3o, conscientiza\u00e7\u00e3o e pr\u00e1ticas sustent\u00e1veis abertas \u00e0 comunidade.<\/strong><\/p>\n\n\n\n<p>Com estrutura para at\u00e9 40 pessoas por atividade, a escola oferece trilhas tem\u00e1ticas, oficinas, minicursos e palestras mensais, sempre com foco em educa\u00e7\u00e3o ambiental e viv\u00eancia na natureza.<\/p>\n\n\n\n<p>O funcionamento \u00e9 em dois turnos, de segunda a sexta-feira, com atividades pr\u00e1ticas voltadas \u00e0 fauna, flora, biomas e recursos h\u00eddricos. A participa\u00e7\u00e3o deve ser agendada por formul\u00e1rio disponibilizados no final desta p\u00e1gina. Al\u00e9m disso, o espa\u00e7o estar\u00e1 aberto para passeios livres, promovendo a conex\u00e3o da popula\u00e7\u00e3o com o meio ambiente.<\/p>\n\n\n\n<div style=\"height:10px\" aria-hidden=\"true\" class=\"wp-block-spacer\"><\/div>\n\n\n\n<div class=\"wp-block-buttons is-content-justification-center is-layout-flex wp-container-core-buttons-is-layout-1 wp-block-buttons-is-layout-flex\">\n<div class=\"wp-block-button\"><a class=\"wp-block-button__link has-white-color has-blue-background-color has-text-color has-background has-link-color wp-element-button\" href=\"https:\/\/sites.google.com\/edu.pmpf.rs.gov.br\/escolapublicadesustentabilide\/in%C3%ADcio\" style=\"border-radius:12px\" target=\"_blank\" rel=\"noreferrer noopener\">Site da Escola<\/a><\/div>\n\n\n\n<div class=\"wp-block-button\"><a class=\"wp-block-button__link has-white-color has-blue-background-color has-text-color has-background has-link-color wp-element-button\" href=\"https:\/\/sites.google.com\/edu.pmpf.rs.gov.br\/escolapublicadesustentabilide\/locais\" style=\"border-radius:12px\" target=\"_blank\" rel=\"noreferrer noopener\">Agendar Visitas<\/a><\/div>\n<\/div>\n\n\n\n<hr class=\"wp-block-separator has-alpha-channel-opacity\"\/>\n\n\n\n<p><br><\/p>\n","protected":false},"excerpt":{"rendered":"<p>A Prefeitura de Passo Fundo deu um passo importante na consolida\u00e7\u00e3o de pol\u00edticas ambientais com a inaugura\u00e7\u00e3o da Escola P\u00fablica de Sustentabilidade, no Parque Ambiental Banhado da Vergueiro. Fruto da parceria entre [&hellip;]<\/p>\n","protected":false},"author":22,"featured_media":0,"parent":0,"menu_order":0,"comment_status":"closed","ping_status":"closed","template":"","meta":{"footnotes":""},"class_list":["post-128","page","type-page","status-publish","hentry"],"yoast_head":"<!-- This site is optimized with the Yoast SEO plugin v23.8 - https:\/\/yoast.com\/wordpress\/plugins\/seo\/ -->\n<title>Escola P\u00fablica de Sustentabilidade - Escolas P\u00fablicas<\/title>\n<meta name=\"robots\" content=\"index, follow, max-snippet:-1, max-image-preview:large, max-video-preview:-1\" \/>\n<link rel=\"canonical\" href=\"https:\/\/www.pmpf.rs.gov.br\/eps\/escoladesustentabilidade\/\" \/>\n<meta property=\"og:locale\" content=\"pt_BR\" \/>\n<meta property=\"og:type\" content=\"article\" \/>\n<meta property=\"og:title\" content=\"Escola P\u00fablica de Sustentabilidade - Escolas P\u00fablicas\" \/>\n<meta property=\"og:description\" content=\"A Prefeitura de Passo Fundo deu um passo importante na consolida\u00e7\u00e3o de pol\u00edticas ambientais com a inaugura\u00e7\u00e3o da Escola P\u00fablica de Sustentabilidade, no Parque Ambiental Banhado da Vergueiro. Fruto da parceria entre [&hellip;]\" \/>\n<meta property=\"og:url\" content=\"https:\/\/www.pmpf.rs.gov.br\/eps\/escoladesustentabilidade\/\" \/>\n<meta property=\"og:site_name\" content=\"Escolas P\u00fablicas\" \/>\n<meta property=\"article:modified_time\" content=\"2026-02-24T19:32:58+00:00\" \/>\n<meta property=\"og:image\" content=\"https:\/\/www.pmpf.rs.gov.br\/eps\/wp-content\/uploads\/sites\/82\/2026\/02\/foto-aula-sustentabilidade.jpg\" \/>\n\t<meta property=\"og:image:width\" content=\"1600\" \/>\n\t<meta property=\"og:image:height\" content=\"1200\" \/>\n\t<meta property=\"og:image:type\" content=\"image\/jpeg\" \/>\n<meta name=\"twitter:card\" content=\"summary_large_image\" \/>\n<meta name=\"twitter:label1\" content=\"Est. tempo de leitura\" \/>\n\t<meta name=\"twitter:data1\" content=\"1 minuto\" \/>\n<script type=\"application\/ld+json\" class=\"yoast-schema-graph\">{\"@context\":\"https:\/\/schema.org\",\"@graph\":[{\"@type\":\"WebPage\",\"@id\":\"https:\/\/www.pmpf.rs.gov.br\/eps\/escoladesustentabilidade\/\",\"url\":\"https:\/\/www.pmpf.rs.gov.br\/eps\/escoladesustentabilidade\/\",\"name\":\"Escola P\u00fablica de Sustentabilidade - Escolas P\u00fablicas\",\"isPartOf\":{\"@id\":\"https:\/\/www.pmpf.rs.gov.br\/eps\/#website\"},\"primaryImageOfPage\":{\"@id\":\"https:\/\/www.pmpf.rs.gov.br\/eps\/escoladesustentabilidade\/#primaryimage\"},\"image\":{\"@id\":\"https:\/\/www.pmpf.rs.gov.br\/eps\/escoladesustentabilidade\/#primaryimage\"},\"thumbnailUrl\":\"https:\/\/www.pmpf.rs.gov.br\/eps\/wp-content\/uploads\/sites\/82\/2026\/02\/foto-aula-sustentabilidade-1024x768.jpg\",\"datePublished\":\"2025-05-28T18:58:28+00:00\",\"dateModified\":\"2026-02-24T19:32:58+00:00\",\"breadcrumb\":{\"@id\":\"https:\/\/www.pmpf.rs.gov.br\/eps\/escoladesustentabilidade\/#breadcrumb\"},\"inLanguage\":\"pt-BR\",\"potentialAction\":[{\"@type\":\"ReadAction\",\"target\":[\"https:\/\/www.pmpf.rs.gov.br\/eps\/escoladesustentabilidade\/\"]}]},{\"@type\":\"ImageObject\",\"inLanguage\":\"pt-BR\",\"@id\":\"https:\/\/www.pmpf.rs.gov.br\/eps\/escoladesustentabilidade\/#primaryimage\",\"url\":\"https:\/\/www.pmpf.rs.gov.br\/eps\/wp-content\/uploads\/sites\/82\/2026\/02\/foto-aula-sustentabilidade.jpg\",\"contentUrl\":\"https:\/\/www.pmpf.rs.gov.br\/eps\/wp-content\/uploads\/sites\/82\/2026\/02\/foto-aula-sustentabilidade.jpg\",\"width\":1600,\"height\":1200},{\"@type\":\"BreadcrumbList\",\"@id\":\"https:\/\/www.pmpf.rs.gov.br\/eps\/escoladesustentabilidade\/#breadcrumb\",\"itemListElement\":[{\"@type\":\"ListItem\",\"position\":1,\"name\":\"In\u00edcio\",\"item\":\"https:\/\/www.pmpf.rs.gov.br\/eps\/\"},{\"@type\":\"ListItem\",\"position\":2,\"name\":\"Escola P\u00fablica de Sustentabilidade\"}]},{\"@type\":\"WebSite\",\"@id\":\"https:\/\/www.pmpf.rs.gov.br\/eps\/#website\",\"url\":\"https:\/\/www.pmpf.rs.gov.br\/eps\/\",\"name\":\"Escolas P\u00fablicas\",\"description\":\"\",\"potentialAction\":[{\"@type\":\"SearchAction\",\"target\":{\"@type\":\"EntryPoint\",\"urlTemplate\":\"https:\/\/www.pmpf.rs.gov.br\/eps\/?s={search_term_string}\"},\"query-input\":{\"@type\":\"PropertyValueSpecification\",\"valueRequired\":true,\"valueName\":\"search_term_string\"}}],\"inLanguage\":\"pt-BR\"}]}<\/script>\n<!-- \/ Yoast SEO plugin. -->","yoast_head_json":{"title":"Escola P\u00fablica de Sustentabilidade - Escolas P\u00fablicas","robots":{"index":"index","follow":"follow","max-snippet":"max-snippet:-1","max-image-preview":"max-image-preview:large","max-video-preview":"max-video-preview:-1"},"canonical":"https:\/\/www.pmpf.rs.gov.br\/eps\/escoladesustentabilidade\/","og_locale":"pt_BR","og_type":"article","og_title":"Escola P\u00fablica de Sustentabilidade - Escolas P\u00fablicas","og_description":"A Prefeitura de Passo Fundo deu um passo importante na consolida\u00e7\u00e3o de pol\u00edticas ambientais com a inaugura\u00e7\u00e3o da Escola P\u00fablica de Sustentabilidade, no Parque Ambiental Banhado da Vergueiro. Fruto da parceria entre [&hellip;]","og_url":"https:\/\/www.pmpf.rs.gov.br\/eps\/escoladesustentabilidade\/","og_site_name":"Escolas P\u00fablicas","article_modified_time":"2026-02-24T19:32:58+00:00","og_image":[{"width":1600,"height":1200,"url":"https:\/\/www.pmpf.rs.gov.br\/eps\/wp-content\/uploads\/sites\/82\/2026\/02\/foto-aula-sustentabilidade.jpg","type":"image\/jpeg"}],"twitter_card":"summary_large_image","twitter_misc":{"Est. tempo de leitura":"1 minuto"},"schema":{"@context":"https:\/\/schema.org","@graph":[{"@type":"WebPage","@id":"https:\/\/www.pmpf.rs.gov.br\/eps\/escoladesustentabilidade\/","url":"https:\/\/www.pmpf.rs.gov.br\/eps\/escoladesustentabilidade\/","name":"Escola P\u00fablica de Sustentabilidade - Escolas P\u00fablicas","isPartOf":{"@id":"https:\/\/www.pmpf.rs.gov.br\/eps\/#website"},"primaryImageOfPage":{"@id":"https:\/\/www.pmpf.rs.gov.br\/eps\/escoladesustentabilidade\/#primaryimage"},"image":{"@id":"https:\/\/www.pmpf.rs.gov.br\/eps\/escoladesustentabilidade\/#primaryimage"},"thumbnailUrl":"https:\/\/www.pmpf.rs.gov.br\/eps\/wp-content\/uploads\/sites\/82\/2026\/02\/foto-aula-sustentabilidade-1024x768.jpg","datePublished":"2025-05-28T18:58:28+00:00","dateModified":"2026-02-24T19:32:58+00:00","breadcrumb":{"@id":"https:\/\/www.pmpf.rs.gov.br\/eps\/escoladesustentabilidade\/#breadcrumb"},"inLanguage":"pt-BR","potentialAction":[{"@type":"ReadAction","target":["https:\/\/www.pmpf.rs.gov.br\/eps\/escoladesustentabilidade\/"]}]},{"@type":"ImageObject","inLanguage":"pt-BR","@id":"https:\/\/www.pmpf.rs.gov.br\/eps\/escoladesustentabilidade\/#primaryimage","url":"https:\/\/www.pmpf.rs.gov.br\/eps\/wp-content\/uploads\/sites\/82\/2026\/02\/foto-aula-sustentabilidade.jpg","contentUrl":"https:\/\/www.pmpf.rs.gov.br\/eps\/wp-content\/uploads\/sites\/82\/2026\/02\/foto-aula-sustentabilidade.jpg","width":1600,"height":1200},{"@type":"BreadcrumbList","@id":"https:\/\/www.pmpf.rs.gov.br\/eps\/escoladesustentabilidade\/#breadcrumb","itemListElement":[{"@type":"ListItem","position":1,"name":"In\u00edcio","item":"https:\/\/www.pmpf.rs.gov.br\/eps\/"},{"@type":"ListItem","position":2,"name":"Escola P\u00fablica de Sustentabilidade"}]},{"@type":"WebSite","@id":"https:\/\/www.pmpf.rs.gov.br\/eps\/#website","url":"https:\/\/www.pmpf.rs.gov.br\/eps\/","name":"Escolas P\u00fablicas","description":"","potentialAction":[{"@type":"SearchAction","target":{"@type":"EntryPoint","urlTemplate":"https:\/\/www.pmpf.rs.gov.br\/eps\/?s={search_term_string}"},"query-input":{"@type":"PropertyValueSpecification","valueRequired":true,"valueName":"search_term_string"}}],"inLanguage":"pt-BR"}]}},"_links":{"self":[{"href":"https:\/\/www.pmpf.rs.gov.br\/eps\/wp-json\/wp\/v2\/pages\/128"}],"collection":[{"href":"https:\/\/www.pmpf.rs.gov.br\/eps\/wp-json\/wp\/v2\/pages"}],"about":[{"href":"https:\/\/www.pmpf.rs.gov.br\/eps\/wp-json\/wp\/v2\/types\/page"}],"author":[{"embeddable":true,"href":"https:\/\/www.pmpf.rs.gov.br\/eps\/wp-json\/wp\/v2\/users\/22"}],"replies":[{"embeddable":true,"href":"https:\/\/www.pmpf.rs.gov.br\/eps\/wp-json\/wp\/v2\/comments?post=128"}],"version-history":[{"count":12,"href":"https:\/\/www.pmpf.rs.gov.br\/eps\/wp-json\/wp\/v2\/pages\/128\/revisions"}],"predecessor-version":[{"id":160,"href":"https:\/\/www.pmpf.rs.gov.br\/eps\/wp-json\/wp\/v2\/pages\/128\/revisions\/160"}],"wp:attachment":[{"href":"https:\/\/www.pmpf.rs.gov.br\/eps\/wp-json\/wp\/v2\/media?parent=128"}],"curies":[{"name":"wp","href":"https:\/\/api.w.org\/{rel}","templated":true}]}}