{"id":9142,"date":"2023-03-23T08:38:14","date_gmt":"2023-03-23T11:38:14","guid":{"rendered":"https:\/\/www.pmpf.rs.gov.br\/educacao\/?page_id=9142"},"modified":"2023-03-23T10:10:39","modified_gmt":"2023-03-23T13:10:39","slug":"tunel","status":"publish","type":"page","link":"https:\/\/www.pmpf.rs.gov.br\/educacao\/tunel\/","title":{"rendered":"T\u00fanel da Literatura"},"content":{"rendered":"\n<h4 class=\"wp-block-heading\"><strong><em>Projeto pedag\u00f3gico de revitaliza\u00e7\u00e3o<\/em><\/strong><\/h4>\n\n\n\n<p>Passo Fundo \u00e9 considerada a Capital Nacional da Literatura. Dentro da arquitetura urbana da cidade, est\u00e3o espalhados monumentos s\u00edmbolos dessa marca, formando diversos<strong> Largos da Literatura <\/strong>com letras gigantes, \u00e1rvores das Letras e os t\u00faneis da literatura, que homenageiam a literatura em movimento.&nbsp;<\/p>\n\n\n\n<figure class=\"wp-block-image size-full\"><img loading=\"lazy\" decoding=\"async\" width=\"728\" height=\"204\" src=\"https:\/\/www.pmpf.rs.gov.br\/educacao\/wp-content\/uploads\/sites\/43\/2023\/03\/tunel-1.png\" alt=\"\" class=\"wp-image-9147\" srcset=\"https:\/\/www.pmpf.rs.gov.br\/educacao\/wp-content\/uploads\/sites\/43\/2023\/03\/tunel-1.png 728w, https:\/\/www.pmpf.rs.gov.br\/educacao\/wp-content\/uploads\/sites\/43\/2023\/03\/tunel-1-300x84.png 300w\" sizes=\"(max-width: 728px) 100vw, 728px\" \/><\/figure>\n\n\n\n<p>Neste contexto, os <strong>t\u00faneis da literatura<\/strong> foram instalados em lugares hist\u00f3ricos e estrat\u00e9gicos da cidade, com o objetivo de envolver a comunidade em diferentes manifesta\u00e7\u00f5es culturais e incentivar o h\u00e1bito de leitura. Periodicamente, os t\u00faneis eram adesivados com textos, privilegiando distintos segmentos liter\u00e1rios, oportunizando \u00e0 popula\u00e7\u00e3o em geral momentos singulares de leitura em espa\u00e7o p\u00fablico.&nbsp;<\/p>\n\n\n\n<p>Com o objetivo de unir a arquitetura simb\u00f3lica da cidade, com o trabalho de pr\u00e1ticas liter\u00e1rias realizado nas escolas de Passo Fundo, d\u00e1-se in\u00edcio ao processo de revitaliza\u00e7\u00e3o dos t\u00faneis. A Secretaria de Educa\u00e7\u00e3o organiza, nos t\u00faneis, um ambiente de EXPOSI\u00c7\u00c3O DIGITAL, a partir de QR Codes, de pr\u00e1ticas liter\u00e1rias realizadas nas escolas da Rede Municipal de Ensino de Passo Fundo.<\/p>\n\n\n\n<h2 class=\"wp-block-heading\">T\u00fanel da Pra\u00e7a Armando Sbeghen<\/h2>\n\n\n\n<p><\/p>\n\n\n\n<div class=\"wp-block-buttons is-layout-flex wp-block-buttons-is-layout-flex\"><\/div>\n\n\n\n<p>\u00c9 onde est\u00e1 situado o Marco da Capital Nacional de Literatura e foi inaugurada em mar\u00e7o de 2008. O local tem como destaques:<\/p>\n\n\n\n<ul class=\"wp-block-list\">\n<li>A \u00c1rvore das Letras, com 15 metros de altura;&nbsp;<\/li>\n\n\n\n<li>O Monumento aos Tropeiros, pedra de uma tonelada, sobre a origem do nome Passo Fundo;<\/li>\n\n\n\n<li>Dois t\u00faneis em metal com chapas para divulga\u00e7\u00e3o de trabalhos dos alunos da Rede Municipal.<\/li>\n<\/ul>\n\n\n\n<p>Confira as pr\u00e1ticas liter\u00e1rias da ESCOLA MUNICIPAL DE ENSINO FUNDAMENTAL DANIEL DIPP que est\u00e3o em exposi\u00e7\u00e3o digital nesses t\u00faneis:<\/p>\n\n\n\n<div class=\"wp-block-buttons is-layout-flex wp-block-buttons-is-layout-flex\">\n<div class=\"wp-block-button\"><a class=\"wp-block-button__link has-blue-background-color has-background wp-element-button\">QR Code 1<\/a><\/div>\n\n\n\n<div class=\"wp-block-button\"><a class=\"wp-block-button__link has-blue-background-color has-background wp-element-button\">QR Code 2<\/a><\/div>\n\n\n\n<div class=\"wp-block-button\"><a class=\"wp-block-button__link has-blue-background-color has-background wp-element-button\">QR Code 3<\/a><\/div>\n\n\n\n<div class=\"wp-block-button\"><a class=\"wp-block-button__link has-blue-background-color has-background wp-element-button\">QR Code 4<\/a><\/div>\n<\/div>\n\n\n\n<h2 class=\"wp-block-heading\">T\u00fanel da Pra\u00e7a Santa Terezinha<\/h2>\n","protected":false},"excerpt":{"rendered":"<p>Projeto pedag\u00f3gico de revitaliza\u00e7\u00e3o Passo Fundo \u00e9 considerada a Capital Nacional da Literatura. Dentro da arquitetura urbana da cidade, est\u00e3o espalhados monumentos s\u00edmbolos dessa marca, formando diversos Largos da Literatura com letras [&hellip;]<\/p>\n","protected":false},"author":22,"featured_media":0,"parent":0,"menu_order":0,"comment_status":"closed","ping_status":"closed","template":"","meta":{"footnotes":""},"class_list":["post-9142","page","type-page","status-publish","hentry"],"yoast_head":"<!-- This site is optimized with the Yoast SEO plugin v23.8 - https:\/\/yoast.com\/wordpress\/plugins\/seo\/ -->\n<title>T\u00fanel da Literatura - Secretaria de Educa\u00e7\u00e3o<\/title>\n<meta name=\"robots\" content=\"index, follow, max-snippet:-1, max-image-preview:large, max-video-preview:-1\" \/>\n<link rel=\"canonical\" href=\"https:\/\/www.pmpf.rs.gov.br\/educacao\/tunel\/\" \/>\n<meta property=\"og:locale\" content=\"pt_BR\" \/>\n<meta property=\"og:type\" content=\"article\" \/>\n<meta property=\"og:title\" content=\"T\u00fanel da Literatura - Secretaria de Educa\u00e7\u00e3o\" \/>\n<meta property=\"og:description\" content=\"Projeto pedag\u00f3gico de revitaliza\u00e7\u00e3o Passo Fundo \u00e9 considerada a Capital Nacional da Literatura. Dentro da arquitetura urbana da cidade, est\u00e3o espalhados monumentos s\u00edmbolos dessa marca, formando diversos Largos da Literatura com letras [&hellip;]\" \/>\n<meta property=\"og:url\" content=\"https:\/\/www.pmpf.rs.gov.br\/educacao\/tunel\/\" \/>\n<meta property=\"og:site_name\" content=\"Secretaria de Educa\u00e7\u00e3o\" \/>\n<meta property=\"article:modified_time\" content=\"2023-03-23T13:10:39+00:00\" \/>\n<meta property=\"og:image\" content=\"https:\/\/www.pmpf.rs.gov.br\/educacao\/wp-content\/uploads\/sites\/43\/2023\/03\/tunel-1.png\" \/>\n<meta name=\"twitter:card\" content=\"summary_large_image\" \/>\n<meta name=\"twitter:label1\" content=\"Est. tempo de leitura\" \/>\n\t<meta name=\"twitter:data1\" content=\"1 minuto\" \/>\n<script type=\"application\/ld+json\" class=\"yoast-schema-graph\">{\"@context\":\"https:\/\/schema.org\",\"@graph\":[{\"@type\":\"WebPage\",\"@id\":\"https:\/\/www.pmpf.rs.gov.br\/educacao\/tunel\/\",\"url\":\"https:\/\/www.pmpf.rs.gov.br\/educacao\/tunel\/\",\"name\":\"T\u00fanel da Literatura - Secretaria de Educa\u00e7\u00e3o\",\"isPartOf\":{\"@id\":\"https:\/\/www.pmpf.rs.gov.br\/educacao\/#website\"},\"primaryImageOfPage\":{\"@id\":\"https:\/\/www.pmpf.rs.gov.br\/educacao\/tunel\/#primaryimage\"},\"image\":{\"@id\":\"https:\/\/www.pmpf.rs.gov.br\/educacao\/tunel\/#primaryimage\"},\"thumbnailUrl\":\"https:\/\/www.pmpf.rs.gov.br\/educacao\/wp-content\/uploads\/sites\/43\/2023\/03\/tunel-1.png\",\"datePublished\":\"2023-03-23T11:38:14+00:00\",\"dateModified\":\"2023-03-23T13:10:39+00:00\",\"inLanguage\":\"pt-BR\",\"potentialAction\":[{\"@type\":\"ReadAction\",\"target\":[\"https:\/\/www.pmpf.rs.gov.br\/educacao\/tunel\/\"]}]},{\"@type\":\"ImageObject\",\"inLanguage\":\"pt-BR\",\"@id\":\"https:\/\/www.pmpf.rs.gov.br\/educacao\/tunel\/#primaryimage\",\"url\":\"https:\/\/www.pmpf.rs.gov.br\/educacao\/wp-content\/uploads\/sites\/43\/2023\/03\/tunel-1.png\",\"contentUrl\":\"https:\/\/www.pmpf.rs.gov.br\/educacao\/wp-content\/uploads\/sites\/43\/2023\/03\/tunel-1.png\",\"width\":728,\"height\":204},{\"@type\":\"WebSite\",\"@id\":\"https:\/\/www.pmpf.rs.gov.br\/educacao\/#website\",\"url\":\"https:\/\/www.pmpf.rs.gov.br\/educacao\/\",\"name\":\"Secretaria de Educa\u00e7\u00e3o\",\"description\":\"Secretaria de Educa\u00e7\u00e3o da cidade de Passo Fundo\",\"potentialAction\":[{\"@type\":\"SearchAction\",\"target\":{\"@type\":\"EntryPoint\",\"urlTemplate\":\"https:\/\/www.pmpf.rs.gov.br\/educacao\/?s={search_term_string}\"},\"query-input\":{\"@type\":\"PropertyValueSpecification\",\"valueRequired\":true,\"valueName\":\"search_term_string\"}}],\"inLanguage\":\"pt-BR\"}]}<\/script>\n<!-- \/ Yoast SEO plugin. -->","yoast_head_json":{"title":"T\u00fanel da Literatura - Secretaria de Educa\u00e7\u00e3o","robots":{"index":"index","follow":"follow","max-snippet":"max-snippet:-1","max-image-preview":"max-image-preview:large","max-video-preview":"max-video-preview:-1"},"canonical":"https:\/\/www.pmpf.rs.gov.br\/educacao\/tunel\/","og_locale":"pt_BR","og_type":"article","og_title":"T\u00fanel da Literatura - Secretaria de Educa\u00e7\u00e3o","og_description":"Projeto pedag\u00f3gico de revitaliza\u00e7\u00e3o Passo Fundo \u00e9 considerada a Capital Nacional da Literatura. Dentro da arquitetura urbana da cidade, est\u00e3o espalhados monumentos s\u00edmbolos dessa marca, formando diversos Largos da Literatura com letras [&hellip;]","og_url":"https:\/\/www.pmpf.rs.gov.br\/educacao\/tunel\/","og_site_name":"Secretaria de Educa\u00e7\u00e3o","article_modified_time":"2023-03-23T13:10:39+00:00","og_image":[{"url":"https:\/\/www.pmpf.rs.gov.br\/educacao\/wp-content\/uploads\/sites\/43\/2023\/03\/tunel-1.png"}],"twitter_card":"summary_large_image","twitter_misc":{"Est. tempo de leitura":"1 minuto"},"schema":{"@context":"https:\/\/schema.org","@graph":[{"@type":"WebPage","@id":"https:\/\/www.pmpf.rs.gov.br\/educacao\/tunel\/","url":"https:\/\/www.pmpf.rs.gov.br\/educacao\/tunel\/","name":"T\u00fanel da Literatura - Secretaria de Educa\u00e7\u00e3o","isPartOf":{"@id":"https:\/\/www.pmpf.rs.gov.br\/educacao\/#website"},"primaryImageOfPage":{"@id":"https:\/\/www.pmpf.rs.gov.br\/educacao\/tunel\/#primaryimage"},"image":{"@id":"https:\/\/www.pmpf.rs.gov.br\/educacao\/tunel\/#primaryimage"},"thumbnailUrl":"https:\/\/www.pmpf.rs.gov.br\/educacao\/wp-content\/uploads\/sites\/43\/2023\/03\/tunel-1.png","datePublished":"2023-03-23T11:38:14+00:00","dateModified":"2023-03-23T13:10:39+00:00","inLanguage":"pt-BR","potentialAction":[{"@type":"ReadAction","target":["https:\/\/www.pmpf.rs.gov.br\/educacao\/tunel\/"]}]},{"@type":"ImageObject","inLanguage":"pt-BR","@id":"https:\/\/www.pmpf.rs.gov.br\/educacao\/tunel\/#primaryimage","url":"https:\/\/www.pmpf.rs.gov.br\/educacao\/wp-content\/uploads\/sites\/43\/2023\/03\/tunel-1.png","contentUrl":"https:\/\/www.pmpf.rs.gov.br\/educacao\/wp-content\/uploads\/sites\/43\/2023\/03\/tunel-1.png","width":728,"height":204},{"@type":"WebSite","@id":"https:\/\/www.pmpf.rs.gov.br\/educacao\/#website","url":"https:\/\/www.pmpf.rs.gov.br\/educacao\/","name":"Secretaria de Educa\u00e7\u00e3o","description":"Secretaria de Educa\u00e7\u00e3o da cidade de Passo Fundo","potentialAction":[{"@type":"SearchAction","target":{"@type":"EntryPoint","urlTemplate":"https:\/\/www.pmpf.rs.gov.br\/educacao\/?s={search_term_string}"},"query-input":{"@type":"PropertyValueSpecification","valueRequired":true,"valueName":"search_term_string"}}],"inLanguage":"pt-BR"}]}},"_links":{"self":[{"href":"https:\/\/www.pmpf.rs.gov.br\/educacao\/wp-json\/wp\/v2\/pages\/9142"}],"collection":[{"href":"https:\/\/www.pmpf.rs.gov.br\/educacao\/wp-json\/wp\/v2\/pages"}],"about":[{"href":"https:\/\/www.pmpf.rs.gov.br\/educacao\/wp-json\/wp\/v2\/types\/page"}],"author":[{"embeddable":true,"href":"https:\/\/www.pmpf.rs.gov.br\/educacao\/wp-json\/wp\/v2\/users\/22"}],"replies":[{"embeddable":true,"href":"https:\/\/www.pmpf.rs.gov.br\/educacao\/wp-json\/wp\/v2\/comments?post=9142"}],"version-history":[{"count":5,"href":"https:\/\/www.pmpf.rs.gov.br\/educacao\/wp-json\/wp\/v2\/pages\/9142\/revisions"}],"predecessor-version":[{"id":9271,"href":"https:\/\/www.pmpf.rs.gov.br\/educacao\/wp-json\/wp\/v2\/pages\/9142\/revisions\/9271"}],"wp:attachment":[{"href":"https:\/\/www.pmpf.rs.gov.br\/educacao\/wp-json\/wp\/v2\/media?parent=9142"}],"curies":[{"name":"wp","href":"https:\/\/api.w.org\/{rel}","templated":true}]}}