{"id":8520,"date":"2022-08-24T08:26:41","date_gmt":"2022-08-24T11:26:41","guid":{"rendered":"https:\/\/www.pmpf.rs.gov.br\/educacao\/?page_id=8520"},"modified":"2022-10-24T15:17:24","modified_gmt":"2022-10-24T18:17:24","slug":"maestro","status":"publish","type":"page","link":"https:\/\/www.pmpf.rs.gov.br\/educacao\/maestro\/","title":{"rendered":"Processo Seletivo Simplificado de Maestro"},"content":{"rendered":"\n<figure class=\"wp-block-image size-large is-style-default\"><img loading=\"lazy\" decoding=\"async\" width=\"1024\" height=\"256\" src=\"https:\/\/www.pmpf.rs.gov.br\/educacao\/wp-content\/uploads\/sites\/43\/2022\/08\/banner_escola_musica-1024x256.png\" alt=\"\" class=\"wp-image-8527\" srcset=\"https:\/\/www.pmpf.rs.gov.br\/educacao\/wp-content\/uploads\/sites\/43\/2022\/08\/banner_escola_musica-1024x256.png 1024w, https:\/\/www.pmpf.rs.gov.br\/educacao\/wp-content\/uploads\/sites\/43\/2022\/08\/banner_escola_musica-300x75.png 300w, https:\/\/www.pmpf.rs.gov.br\/educacao\/wp-content\/uploads\/sites\/43\/2022\/08\/banner_escola_musica-768x192.png 768w, https:\/\/www.pmpf.rs.gov.br\/educacao\/wp-content\/uploads\/sites\/43\/2022\/08\/banner_escola_musica-1536x384.png 1536w, https:\/\/www.pmpf.rs.gov.br\/educacao\/wp-content\/uploads\/sites\/43\/2022\/08\/banner_escola_musica-2048x512.png 2048w\" sizes=\"(max-width: 1024px) 100vw, 1024px\" \/><\/figure>\n\n\n\n<div style=\"height:20px\" aria-hidden=\"true\" class=\"wp-block-spacer\"><\/div>\n\n\n\n<p>O Processo Seletivo ser\u00e1 por meio de Prova de T\u00edtulos e Prova de Habilidades e Aptid\u00e3o Musical, visando contrata\u00e7\u00e3o por tempo determinado de Maestro para atuar nas oficinas de m\u00fasica da Escola P\u00fablica de M\u00fasica Yamandu Costa, e atender a necessidade tempor\u00e1ria de excepcional interesse p\u00fablico do Munic\u00edpio de Passo Fundo.<\/p>\n\n\n\n<h3 class=\"wp-block-heading\">Cronograma e Editais<\/h3>\n\n\n\n<p>Edital de Abertura &#8211; 24\/08\/2022 &#8211;<a href=\"https:\/\/www.pmpf.rs.gov.br\/educacao\/wp-content\/uploads\/sites\/43\/2021\/12\/edital_maestro_90_24082022.pdf\"> Edital 90\/2022<\/a><\/p>\n\n\n\n<p>Edital de Retifica\u00e7\u00e3o &#8211; 29\/08\/2022 &#8211; <a href=\"https:\/\/www.pmpf.rs.gov.br\/transparencia\/wp-content\/uploads\/sites\/31\/2022\/08\/concPublico2022_edital95_30082022.pdf\" target=\"_blank\" rel=\"noreferrer noopener\">Edital 95\/2022<\/a><\/p>\n\n\n\n<p>Inscri\u00e7\u00f5es Prorrogadas at\u00e9 02\/09\/2022 &#8211; <a href=\"https:\/\/forms.gle\/maDfMUSidNu9wchU9\" target=\"_blank\" rel=\"noreferrer noopener\">Formul\u00e1rio de Inscri\u00e7\u00e3o<\/a><\/p>\n\n\n\n<p>Homologa\u00e7\u00e3o das Inscri\u00e7\u00f5es &#8211; 06\/09\/2022 &#8211;  <a href=\"https:\/\/www.pmpf.rs.gov.br\/transparencia\/wp-content\/uploads\/sites\/31\/2022\/09\/concPublico2022_edital96_06092022.pdf\" target=\"_blank\" rel=\"noreferrer noopener\">Edital 96\/2022<\/a><\/p>\n\n\n\n<p>Homologa\u00e7\u00e3o das inscri\u00e7\u00f5es ap\u00f3s recursos, e calend\u00e1rio de provas &#8211; 13\/09\/2022 \u2013 <a href=\"https:\/\/www.pmpf.rs.gov.br\/transparencia\/wp-content\/uploads\/sites\/31\/2022\/09\/concPublico2022_edital101_13092022.pdf\" target=\"_blank\" rel=\"noreferrer noopener\">Edital 101\/2022<\/a><\/p>\n\n\n\n<p>Classifica\u00e7\u00e3o preliminar ap\u00f3s realiza\u00e7\u00e3o das provas &#8211; 22\/09\/2022  \u2013 <a href=\"https:\/\/www.pmpf.rs.gov.br\/transparencia\/wp-content\/uploads\/sites\/31\/2022\/09\/concPublico2022_edital106_22092022.pdf\" target=\"_blank\" rel=\"noreferrer noopener\">Edital 106\/2022<\/a><\/p>\n\n\n\n<p>Classifica\u00e7\u00e3o Final e Homologa\u00e7\u00e3o &#8211; 28\/09\/2022 &#8211; <a href=\"https:\/\/www.pmpf.rs.gov.br\/transparencia\/wp-content\/uploads\/sites\/31\/2022\/09\/concPublico2022_edital112_28092022.pdf\" target=\"_blank\" rel=\"noreferrer noopener\">Edital 112\/2022<\/a><\/p>\n\n\n\n<p>Disp\u00f5e sobre a contrata\u00e7\u00e3o por tempo determinado &#8211; 14\/10\/2022 &#8211;  <a href=\"https:\/\/www.pmpf.rs.gov.br\/transparencia\/wp-content\/uploads\/sites\/31\/2022\/10\/concPublico2022_edital121_14102022.pdf\" target=\"_blank\" rel=\"noreferrer noopener\">Edital 121\/2022<\/a><\/p>\n\n\n\n<hr class=\"wp-block-separator has-css-opacity\"\/>\n","protected":false},"excerpt":{"rendered":"<p>O Processo Seletivo ser\u00e1 por meio de Prova de T\u00edtulos e Prova de Habilidades e Aptid\u00e3o Musical, visando contrata\u00e7\u00e3o por tempo determinado de Maestro para atuar nas oficinas de m\u00fasica da Escola [&hellip;]<\/p>\n","protected":false},"author":4,"featured_media":0,"parent":0,"menu_order":0,"comment_status":"closed","ping_status":"closed","template":"","meta":{"footnotes":""},"class_list":["post-8520","page","type-page","status-publish","hentry"],"yoast_head":"<!-- This site is optimized with the Yoast SEO plugin v23.8 - https:\/\/yoast.com\/wordpress\/plugins\/seo\/ -->\n<title>Processo Seletivo Simplificado de Maestro - Secretaria de Educa\u00e7\u00e3o<\/title>\n<meta name=\"robots\" content=\"index, follow, max-snippet:-1, max-image-preview:large, max-video-preview:-1\" \/>\n<link rel=\"canonical\" href=\"https:\/\/www.pmpf.rs.gov.br\/educacao\/maestro\/\" \/>\n<meta property=\"og:locale\" content=\"pt_BR\" \/>\n<meta property=\"og:type\" content=\"article\" \/>\n<meta property=\"og:title\" content=\"Processo Seletivo Simplificado de Maestro - Secretaria de Educa\u00e7\u00e3o\" \/>\n<meta property=\"og:description\" content=\"O Processo Seletivo ser\u00e1 por meio de Prova de T\u00edtulos e Prova de Habilidades e Aptid\u00e3o Musical, visando contrata\u00e7\u00e3o por tempo determinado de Maestro para atuar nas oficinas de m\u00fasica da Escola [&hellip;]\" \/>\n<meta property=\"og:url\" content=\"https:\/\/www.pmpf.rs.gov.br\/educacao\/maestro\/\" \/>\n<meta property=\"og:site_name\" content=\"Secretaria de Educa\u00e7\u00e3o\" \/>\n<meta property=\"article:modified_time\" content=\"2022-10-24T18:17:24+00:00\" \/>\n<meta property=\"og:image\" content=\"https:\/\/www.pmpf.rs.gov.br\/educacao\/wp-content\/uploads\/sites\/43\/2022\/08\/banner_escola_musica-1024x256.png\" \/>\n<meta name=\"twitter:card\" content=\"summary_large_image\" \/>\n<meta name=\"twitter:label1\" content=\"Est. tempo de leitura\" \/>\n\t<meta name=\"twitter:data1\" content=\"1 minuto\" \/>\n<script type=\"application\/ld+json\" class=\"yoast-schema-graph\">{\"@context\":\"https:\/\/schema.org\",\"@graph\":[{\"@type\":\"WebPage\",\"@id\":\"https:\/\/www.pmpf.rs.gov.br\/educacao\/maestro\/\",\"url\":\"https:\/\/www.pmpf.rs.gov.br\/educacao\/maestro\/\",\"name\":\"Processo Seletivo Simplificado de Maestro - Secretaria de Educa\u00e7\u00e3o\",\"isPartOf\":{\"@id\":\"https:\/\/www.pmpf.rs.gov.br\/educacao\/#website\"},\"primaryImageOfPage\":{\"@id\":\"https:\/\/www.pmpf.rs.gov.br\/educacao\/maestro\/#primaryimage\"},\"image\":{\"@id\":\"https:\/\/www.pmpf.rs.gov.br\/educacao\/maestro\/#primaryimage\"},\"thumbnailUrl\":\"https:\/\/www.pmpf.rs.gov.br\/educacao\/wp-content\/uploads\/sites\/43\/2022\/08\/banner_escola_musica-1024x256.png\",\"datePublished\":\"2022-08-24T11:26:41+00:00\",\"dateModified\":\"2022-10-24T18:17:24+00:00\",\"inLanguage\":\"pt-BR\",\"potentialAction\":[{\"@type\":\"ReadAction\",\"target\":[\"https:\/\/www.pmpf.rs.gov.br\/educacao\/maestro\/\"]}]},{\"@type\":\"ImageObject\",\"inLanguage\":\"pt-BR\",\"@id\":\"https:\/\/www.pmpf.rs.gov.br\/educacao\/maestro\/#primaryimage\",\"url\":\"https:\/\/www.pmpf.rs.gov.br\/educacao\/wp-content\/uploads\/sites\/43\/2022\/08\/banner_escola_musica.png\",\"contentUrl\":\"https:\/\/www.pmpf.rs.gov.br\/educacao\/wp-content\/uploads\/sites\/43\/2022\/08\/banner_escola_musica.png\",\"width\":5001,\"height\":1251},{\"@type\":\"WebSite\",\"@id\":\"https:\/\/www.pmpf.rs.gov.br\/educacao\/#website\",\"url\":\"https:\/\/www.pmpf.rs.gov.br\/educacao\/\",\"name\":\"Secretaria de Educa\u00e7\u00e3o\",\"description\":\"Secretaria de Educa\u00e7\u00e3o da cidade de Passo Fundo\",\"potentialAction\":[{\"@type\":\"SearchAction\",\"target\":{\"@type\":\"EntryPoint\",\"urlTemplate\":\"https:\/\/www.pmpf.rs.gov.br\/educacao\/?s={search_term_string}\"},\"query-input\":{\"@type\":\"PropertyValueSpecification\",\"valueRequired\":true,\"valueName\":\"search_term_string\"}}],\"inLanguage\":\"pt-BR\"}]}<\/script>\n<!-- \/ Yoast SEO plugin. -->","yoast_head_json":{"title":"Processo Seletivo Simplificado de Maestro - Secretaria de Educa\u00e7\u00e3o","robots":{"index":"index","follow":"follow","max-snippet":"max-snippet:-1","max-image-preview":"max-image-preview:large","max-video-preview":"max-video-preview:-1"},"canonical":"https:\/\/www.pmpf.rs.gov.br\/educacao\/maestro\/","og_locale":"pt_BR","og_type":"article","og_title":"Processo Seletivo Simplificado de Maestro - Secretaria de Educa\u00e7\u00e3o","og_description":"O Processo Seletivo ser\u00e1 por meio de Prova de T\u00edtulos e Prova de Habilidades e Aptid\u00e3o Musical, visando contrata\u00e7\u00e3o por tempo determinado de Maestro para atuar nas oficinas de m\u00fasica da Escola [&hellip;]","og_url":"https:\/\/www.pmpf.rs.gov.br\/educacao\/maestro\/","og_site_name":"Secretaria de Educa\u00e7\u00e3o","article_modified_time":"2022-10-24T18:17:24+00:00","og_image":[{"url":"https:\/\/www.pmpf.rs.gov.br\/educacao\/wp-content\/uploads\/sites\/43\/2022\/08\/banner_escola_musica-1024x256.png"}],"twitter_card":"summary_large_image","twitter_misc":{"Est. tempo de leitura":"1 minuto"},"schema":{"@context":"https:\/\/schema.org","@graph":[{"@type":"WebPage","@id":"https:\/\/www.pmpf.rs.gov.br\/educacao\/maestro\/","url":"https:\/\/www.pmpf.rs.gov.br\/educacao\/maestro\/","name":"Processo Seletivo Simplificado de Maestro - Secretaria de Educa\u00e7\u00e3o","isPartOf":{"@id":"https:\/\/www.pmpf.rs.gov.br\/educacao\/#website"},"primaryImageOfPage":{"@id":"https:\/\/www.pmpf.rs.gov.br\/educacao\/maestro\/#primaryimage"},"image":{"@id":"https:\/\/www.pmpf.rs.gov.br\/educacao\/maestro\/#primaryimage"},"thumbnailUrl":"https:\/\/www.pmpf.rs.gov.br\/educacao\/wp-content\/uploads\/sites\/43\/2022\/08\/banner_escola_musica-1024x256.png","datePublished":"2022-08-24T11:26:41+00:00","dateModified":"2022-10-24T18:17:24+00:00","inLanguage":"pt-BR","potentialAction":[{"@type":"ReadAction","target":["https:\/\/www.pmpf.rs.gov.br\/educacao\/maestro\/"]}]},{"@type":"ImageObject","inLanguage":"pt-BR","@id":"https:\/\/www.pmpf.rs.gov.br\/educacao\/maestro\/#primaryimage","url":"https:\/\/www.pmpf.rs.gov.br\/educacao\/wp-content\/uploads\/sites\/43\/2022\/08\/banner_escola_musica.png","contentUrl":"https:\/\/www.pmpf.rs.gov.br\/educacao\/wp-content\/uploads\/sites\/43\/2022\/08\/banner_escola_musica.png","width":5001,"height":1251},{"@type":"WebSite","@id":"https:\/\/www.pmpf.rs.gov.br\/educacao\/#website","url":"https:\/\/www.pmpf.rs.gov.br\/educacao\/","name":"Secretaria de Educa\u00e7\u00e3o","description":"Secretaria de Educa\u00e7\u00e3o da cidade de Passo Fundo","potentialAction":[{"@type":"SearchAction","target":{"@type":"EntryPoint","urlTemplate":"https:\/\/www.pmpf.rs.gov.br\/educacao\/?s={search_term_string}"},"query-input":{"@type":"PropertyValueSpecification","valueRequired":true,"valueName":"search_term_string"}}],"inLanguage":"pt-BR"}]}},"_links":{"self":[{"href":"https:\/\/www.pmpf.rs.gov.br\/educacao\/wp-json\/wp\/v2\/pages\/8520"}],"collection":[{"href":"https:\/\/www.pmpf.rs.gov.br\/educacao\/wp-json\/wp\/v2\/pages"}],"about":[{"href":"https:\/\/www.pmpf.rs.gov.br\/educacao\/wp-json\/wp\/v2\/types\/page"}],"author":[{"embeddable":true,"href":"https:\/\/www.pmpf.rs.gov.br\/educacao\/wp-json\/wp\/v2\/users\/4"}],"replies":[{"embeddable":true,"href":"https:\/\/www.pmpf.rs.gov.br\/educacao\/wp-json\/wp\/v2\/comments?post=8520"}],"version-history":[{"count":30,"href":"https:\/\/www.pmpf.rs.gov.br\/educacao\/wp-json\/wp\/v2\/pages\/8520\/revisions"}],"predecessor-version":[{"id":8781,"href":"https:\/\/www.pmpf.rs.gov.br\/educacao\/wp-json\/wp\/v2\/pages\/8520\/revisions\/8781"}],"wp:attachment":[{"href":"https:\/\/www.pmpf.rs.gov.br\/educacao\/wp-json\/wp\/v2\/media?parent=8520"}],"curies":[{"name":"wp","href":"https:\/\/api.w.org\/{rel}","templated":true}]}}