{"id":8319,"date":"2022-03-22T15:34:08","date_gmt":"2022-03-22T18:34:08","guid":{"rendered":"https:\/\/www.pmpf.rs.gov.br\/educacao\/?page_id=8319"},"modified":"2022-03-22T15:46:37","modified_gmt":"2022-03-22T18:46:37","slug":"cheque-livro","status":"publish","type":"page","link":"https:\/\/www.pmpf.rs.gov.br\/educacao\/cheque-livro\/","title":{"rendered":"Cheque Livro"},"content":{"rendered":"\n<h2 class=\"wp-block-heading\">Permite ao Professor municipal adquirir livros com subs\u00eddios da Prefeitura<\/h2>\n\n\n\n<p>O Cheque Livro&nbsp; caracteriza-se por ser uma pol\u00edtica p\u00fablica de promo\u00e7\u00e3o \u00e0 leitura, por meio da qual professores efetivos da Prefeitura t\u00eam direito a subs\u00eddios para aquisi\u00e7\u00e3o de livros.&nbsp; Desta forma, para utilizar o Cheque Livro, o professor poder\u00e1 adquirir uma obra na livraria de sua prefer\u00eancia, com sede em Passo Fundo. As obras a serem adquiridas dever\u00e3o ter rela\u00e7\u00e3o com a \u00e1rea de forma\u00e7\u00e3o do professor.<\/p>\n\n\n\n<p>Assim, o valor a ser percebido \u00e9 de R$ 50,00 a cada quadrimestre, para cada professor, os quais n\u00e3o ser\u00e3o cumulativos, totalizando o valor de R$ 150,00 ao ano.<\/p>\n\n\n\n<p>O projeto funciona por meio de ressarcimento. Ap\u00f3s adquirir o livro, o professor dever\u00e1 preencher o formul\u00e1rio dispon\u00edvel no Portal, imprimi-lo e, juntamente com a nota fiscal de compra, via original, entreg\u00e1-lo ao diretor(a) da escola, que se responsabilizar\u00e1 de repass\u00e1-lo ao N\u00facleo de Recursos Materiais e Financeiros, da Coordenadoria de Administra\u00e7\u00e3o e Planejamento, da Sme.<\/p>\n\n\n\n<p>Destaca-se que o Cheque Livro \u00e9 um benef\u00edcio que possui car\u00e1ter indenizat\u00f3rio, sendo pessoal e intransfer\u00edvel. Para tanto, a nota fiscal dever\u00e1 estar em nome do professor a ser indenizado.<\/p>\n\n\n\n<p>Eventuais d\u00favidas podem ser esclarecidas pelo telefone (54)3316-7186<\/p>\n\n\n\n<p><a href=\"https:\/\/www.pmpf.rs.gov.br\/educacao\/wp-content\/uploads\/sites\/43\/2021\/12\/01_2014_cheque_livro.pdf\">Of\u00edcio n\u00ba01\/2014<\/a><br><a href=\"https:\/\/www.pmpf.rs.gov.br\/educacao\/wp-content\/uploads\/sites\/43\/2021\/12\/formulario_cheque_livro.pdf\">Formul\u00e1rio de Ressarcimento<\/a><\/p>\n","protected":false},"excerpt":{"rendered":"<p>Permite ao Professor municipal adquirir livros com subs\u00eddios da Prefeitura O Cheque Livro&nbsp; caracteriza-se por ser uma pol\u00edtica p\u00fablica de promo\u00e7\u00e3o \u00e0 leitura, por meio da qual professores efetivos da Prefeitura t\u00eam [&hellip;]<\/p>\n","protected":false},"author":4,"featured_media":0,"parent":0,"menu_order":0,"comment_status":"closed","ping_status":"closed","template":"","meta":{"footnotes":""},"class_list":["post-8319","page","type-page","status-publish","hentry"],"yoast_head":"<!-- This site is optimized with the Yoast SEO plugin v23.8 - https:\/\/yoast.com\/wordpress\/plugins\/seo\/ -->\n<title>Cheque Livro - Secretaria de Educa\u00e7\u00e3o<\/title>\n<meta name=\"robots\" content=\"index, follow, max-snippet:-1, max-image-preview:large, max-video-preview:-1\" \/>\n<link rel=\"canonical\" href=\"https:\/\/www.pmpf.rs.gov.br\/educacao\/cheque-livro\/\" \/>\n<meta property=\"og:locale\" content=\"pt_BR\" \/>\n<meta property=\"og:type\" content=\"article\" \/>\n<meta property=\"og:title\" content=\"Cheque Livro - Secretaria de Educa\u00e7\u00e3o\" \/>\n<meta property=\"og:description\" content=\"Permite ao Professor municipal adquirir livros com subs\u00eddios da Prefeitura O Cheque Livro&nbsp; caracteriza-se por ser uma pol\u00edtica p\u00fablica de promo\u00e7\u00e3o \u00e0 leitura, por meio da qual professores efetivos da Prefeitura t\u00eam [&hellip;]\" \/>\n<meta property=\"og:url\" content=\"https:\/\/www.pmpf.rs.gov.br\/educacao\/cheque-livro\/\" \/>\n<meta property=\"og:site_name\" content=\"Secretaria de Educa\u00e7\u00e3o\" \/>\n<meta property=\"article:modified_time\" content=\"2022-03-22T18:46:37+00:00\" \/>\n<meta name=\"twitter:card\" content=\"summary_large_image\" \/>\n<meta name=\"twitter:label1\" content=\"Est. tempo de leitura\" \/>\n\t<meta name=\"twitter:data1\" content=\"1 minuto\" \/>\n<script type=\"application\/ld+json\" class=\"yoast-schema-graph\">{\"@context\":\"https:\/\/schema.org\",\"@graph\":[{\"@type\":\"WebPage\",\"@id\":\"https:\/\/www.pmpf.rs.gov.br\/educacao\/cheque-livro\/\",\"url\":\"https:\/\/www.pmpf.rs.gov.br\/educacao\/cheque-livro\/\",\"name\":\"Cheque Livro - Secretaria de Educa\u00e7\u00e3o\",\"isPartOf\":{\"@id\":\"https:\/\/www.pmpf.rs.gov.br\/educacao\/#website\"},\"datePublished\":\"2022-03-22T18:34:08+00:00\",\"dateModified\":\"2022-03-22T18:46:37+00:00\",\"inLanguage\":\"pt-BR\",\"potentialAction\":[{\"@type\":\"ReadAction\",\"target\":[\"https:\/\/www.pmpf.rs.gov.br\/educacao\/cheque-livro\/\"]}]},{\"@type\":\"WebSite\",\"@id\":\"https:\/\/www.pmpf.rs.gov.br\/educacao\/#website\",\"url\":\"https:\/\/www.pmpf.rs.gov.br\/educacao\/\",\"name\":\"Secretaria de Educa\u00e7\u00e3o\",\"description\":\"Secretaria de Educa\u00e7\u00e3o da cidade de Passo Fundo\",\"potentialAction\":[{\"@type\":\"SearchAction\",\"target\":{\"@type\":\"EntryPoint\",\"urlTemplate\":\"https:\/\/www.pmpf.rs.gov.br\/educacao\/?s={search_term_string}\"},\"query-input\":{\"@type\":\"PropertyValueSpecification\",\"valueRequired\":true,\"valueName\":\"search_term_string\"}}],\"inLanguage\":\"pt-BR\"}]}<\/script>\n<!-- \/ Yoast SEO plugin. -->","yoast_head_json":{"title":"Cheque Livro - Secretaria de Educa\u00e7\u00e3o","robots":{"index":"index","follow":"follow","max-snippet":"max-snippet:-1","max-image-preview":"max-image-preview:large","max-video-preview":"max-video-preview:-1"},"canonical":"https:\/\/www.pmpf.rs.gov.br\/educacao\/cheque-livro\/","og_locale":"pt_BR","og_type":"article","og_title":"Cheque Livro - Secretaria de Educa\u00e7\u00e3o","og_description":"Permite ao Professor municipal adquirir livros com subs\u00eddios da Prefeitura O Cheque Livro&nbsp; caracteriza-se por ser uma pol\u00edtica p\u00fablica de promo\u00e7\u00e3o \u00e0 leitura, por meio da qual professores efetivos da Prefeitura t\u00eam [&hellip;]","og_url":"https:\/\/www.pmpf.rs.gov.br\/educacao\/cheque-livro\/","og_site_name":"Secretaria de Educa\u00e7\u00e3o","article_modified_time":"2022-03-22T18:46:37+00:00","twitter_card":"summary_large_image","twitter_misc":{"Est. tempo de leitura":"1 minuto"},"schema":{"@context":"https:\/\/schema.org","@graph":[{"@type":"WebPage","@id":"https:\/\/www.pmpf.rs.gov.br\/educacao\/cheque-livro\/","url":"https:\/\/www.pmpf.rs.gov.br\/educacao\/cheque-livro\/","name":"Cheque Livro - Secretaria de Educa\u00e7\u00e3o","isPartOf":{"@id":"https:\/\/www.pmpf.rs.gov.br\/educacao\/#website"},"datePublished":"2022-03-22T18:34:08+00:00","dateModified":"2022-03-22T18:46:37+00:00","inLanguage":"pt-BR","potentialAction":[{"@type":"ReadAction","target":["https:\/\/www.pmpf.rs.gov.br\/educacao\/cheque-livro\/"]}]},{"@type":"WebSite","@id":"https:\/\/www.pmpf.rs.gov.br\/educacao\/#website","url":"https:\/\/www.pmpf.rs.gov.br\/educacao\/","name":"Secretaria de Educa\u00e7\u00e3o","description":"Secretaria de Educa\u00e7\u00e3o da cidade de Passo Fundo","potentialAction":[{"@type":"SearchAction","target":{"@type":"EntryPoint","urlTemplate":"https:\/\/www.pmpf.rs.gov.br\/educacao\/?s={search_term_string}"},"query-input":{"@type":"PropertyValueSpecification","valueRequired":true,"valueName":"search_term_string"}}],"inLanguage":"pt-BR"}]}},"_links":{"self":[{"href":"https:\/\/www.pmpf.rs.gov.br\/educacao\/wp-json\/wp\/v2\/pages\/8319"}],"collection":[{"href":"https:\/\/www.pmpf.rs.gov.br\/educacao\/wp-json\/wp\/v2\/pages"}],"about":[{"href":"https:\/\/www.pmpf.rs.gov.br\/educacao\/wp-json\/wp\/v2\/types\/page"}],"author":[{"embeddable":true,"href":"https:\/\/www.pmpf.rs.gov.br\/educacao\/wp-json\/wp\/v2\/users\/4"}],"replies":[{"embeddable":true,"href":"https:\/\/www.pmpf.rs.gov.br\/educacao\/wp-json\/wp\/v2\/comments?post=8319"}],"version-history":[{"count":2,"href":"https:\/\/www.pmpf.rs.gov.br\/educacao\/wp-json\/wp\/v2\/pages\/8319\/revisions"}],"predecessor-version":[{"id":8321,"href":"https:\/\/www.pmpf.rs.gov.br\/educacao\/wp-json\/wp\/v2\/pages\/8319\/revisions\/8321"}],"wp:attachment":[{"href":"https:\/\/www.pmpf.rs.gov.br\/educacao\/wp-json\/wp\/v2\/media?parent=8319"}],"curies":[{"name":"wp","href":"https:\/\/api.w.org\/{rel}","templated":true}]}}