{"id":132,"date":"2021-12-21T13:16:00","date_gmt":"2021-12-21T16:16:00","guid":{"rendered":"https:\/\/www.pmpf.rs.gov.br\/educacao\/?page_id=132"},"modified":"2022-05-10T16:48:38","modified_gmt":"2022-05-10T19:48:38","slug":"transporte-escolar","status":"publish","type":"page","link":"https:\/\/www.pmpf.rs.gov.br\/educacao\/transporte-escolar\/","title":{"rendered":"Transporte Escolar"},"content":{"rendered":"\n<p>O Transporte Escolar atende alunos de escolas p\u00fablicas municipais e estaduais, residentes nas \u00e1reas urbana e rural do Munic\u00edpio.<\/p>\n\n\n\n<p>Em fun\u00e7\u00e3o do aumento da popula\u00e7\u00e3o estudantil e da necessidade de deslocamento para as escolas, o transporte escolar \u00e9 oferecido, pela Prefeitura, de forma gratuita aos alunos do Ensino Fundamental. Atualmente, contamos com 40 linhas (28 rurais + 12 urbanas) e 19 empresas contratadas por licita\u00e7\u00e3o.\u00a0 O valor \u00e9 pago por km rodado (ida e volta). Transportamos em 2022, em torno de 2.000 alunos.<\/p>\n","protected":false},"excerpt":{"rendered":"<p>O Transporte Escolar atende alunos de escolas p\u00fablicas municipais e estaduais, residentes nas \u00e1reas urbana e rural do Munic\u00edpio. Em fun\u00e7\u00e3o do aumento da popula\u00e7\u00e3o estudantil e da necessidade de deslocamento para [&hellip;]<\/p>\n","protected":false},"author":1,"featured_media":0,"parent":0,"menu_order":0,"comment_status":"closed","ping_status":"closed","template":"","meta":{"footnotes":""},"class_list":["post-132","page","type-page","status-publish","hentry"],"yoast_head":"<!-- This site is optimized with the Yoast SEO plugin v23.8 - https:\/\/yoast.com\/wordpress\/plugins\/seo\/ -->\n<title>Transporte Escolar - Secretaria de Educa\u00e7\u00e3o<\/title>\n<meta name=\"robots\" content=\"index, follow, max-snippet:-1, max-image-preview:large, max-video-preview:-1\" \/>\n<link rel=\"canonical\" href=\"https:\/\/www.pmpf.rs.gov.br\/educacao\/transporte-escolar\/\" \/>\n<meta property=\"og:locale\" content=\"pt_BR\" \/>\n<meta property=\"og:type\" content=\"article\" \/>\n<meta property=\"og:title\" content=\"Transporte Escolar - Secretaria de Educa\u00e7\u00e3o\" \/>\n<meta property=\"og:description\" content=\"O Transporte Escolar atende alunos de escolas p\u00fablicas municipais e estaduais, residentes nas \u00e1reas urbana e rural do Munic\u00edpio. Em fun\u00e7\u00e3o do aumento da popula\u00e7\u00e3o estudantil e da necessidade de deslocamento para [&hellip;]\" \/>\n<meta property=\"og:url\" content=\"https:\/\/www.pmpf.rs.gov.br\/educacao\/transporte-escolar\/\" \/>\n<meta property=\"og:site_name\" content=\"Secretaria de Educa\u00e7\u00e3o\" \/>\n<meta property=\"article:modified_time\" content=\"2022-05-10T19:48:38+00:00\" \/>\n<meta name=\"twitter:card\" content=\"summary_large_image\" \/>\n<meta name=\"twitter:label1\" content=\"Est. tempo de leitura\" \/>\n\t<meta name=\"twitter:data1\" content=\"1 minuto\" \/>\n<script type=\"application\/ld+json\" class=\"yoast-schema-graph\">{\"@context\":\"https:\/\/schema.org\",\"@graph\":[{\"@type\":\"WebPage\",\"@id\":\"https:\/\/www.pmpf.rs.gov.br\/educacao\/transporte-escolar\/\",\"url\":\"https:\/\/www.pmpf.rs.gov.br\/educacao\/transporte-escolar\/\",\"name\":\"Transporte Escolar - Secretaria de Educa\u00e7\u00e3o\",\"isPartOf\":{\"@id\":\"https:\/\/www.pmpf.rs.gov.br\/educacao\/#website\"},\"datePublished\":\"2021-12-21T16:16:00+00:00\",\"dateModified\":\"2022-05-10T19:48:38+00:00\",\"inLanguage\":\"pt-BR\",\"potentialAction\":[{\"@type\":\"ReadAction\",\"target\":[\"https:\/\/www.pmpf.rs.gov.br\/educacao\/transporte-escolar\/\"]}]},{\"@type\":\"WebSite\",\"@id\":\"https:\/\/www.pmpf.rs.gov.br\/educacao\/#website\",\"url\":\"https:\/\/www.pmpf.rs.gov.br\/educacao\/\",\"name\":\"Secretaria de Educa\u00e7\u00e3o\",\"description\":\"Secretaria de Educa\u00e7\u00e3o da cidade de Passo Fundo\",\"potentialAction\":[{\"@type\":\"SearchAction\",\"target\":{\"@type\":\"EntryPoint\",\"urlTemplate\":\"https:\/\/www.pmpf.rs.gov.br\/educacao\/?s={search_term_string}\"},\"query-input\":{\"@type\":\"PropertyValueSpecification\",\"valueRequired\":true,\"valueName\":\"search_term_string\"}}],\"inLanguage\":\"pt-BR\"}]}<\/script>\n<!-- \/ Yoast SEO plugin. -->","yoast_head_json":{"title":"Transporte Escolar - Secretaria de Educa\u00e7\u00e3o","robots":{"index":"index","follow":"follow","max-snippet":"max-snippet:-1","max-image-preview":"max-image-preview:large","max-video-preview":"max-video-preview:-1"},"canonical":"https:\/\/www.pmpf.rs.gov.br\/educacao\/transporte-escolar\/","og_locale":"pt_BR","og_type":"article","og_title":"Transporte Escolar - Secretaria de Educa\u00e7\u00e3o","og_description":"O Transporte Escolar atende alunos de escolas p\u00fablicas municipais e estaduais, residentes nas \u00e1reas urbana e rural do Munic\u00edpio. Em fun\u00e7\u00e3o do aumento da popula\u00e7\u00e3o estudantil e da necessidade de deslocamento para [&hellip;]","og_url":"https:\/\/www.pmpf.rs.gov.br\/educacao\/transporte-escolar\/","og_site_name":"Secretaria de Educa\u00e7\u00e3o","article_modified_time":"2022-05-10T19:48:38+00:00","twitter_card":"summary_large_image","twitter_misc":{"Est. tempo de leitura":"1 minuto"},"schema":{"@context":"https:\/\/schema.org","@graph":[{"@type":"WebPage","@id":"https:\/\/www.pmpf.rs.gov.br\/educacao\/transporte-escolar\/","url":"https:\/\/www.pmpf.rs.gov.br\/educacao\/transporte-escolar\/","name":"Transporte Escolar - Secretaria de Educa\u00e7\u00e3o","isPartOf":{"@id":"https:\/\/www.pmpf.rs.gov.br\/educacao\/#website"},"datePublished":"2021-12-21T16:16:00+00:00","dateModified":"2022-05-10T19:48:38+00:00","inLanguage":"pt-BR","potentialAction":[{"@type":"ReadAction","target":["https:\/\/www.pmpf.rs.gov.br\/educacao\/transporte-escolar\/"]}]},{"@type":"WebSite","@id":"https:\/\/www.pmpf.rs.gov.br\/educacao\/#website","url":"https:\/\/www.pmpf.rs.gov.br\/educacao\/","name":"Secretaria de Educa\u00e7\u00e3o","description":"Secretaria de Educa\u00e7\u00e3o da cidade de Passo Fundo","potentialAction":[{"@type":"SearchAction","target":{"@type":"EntryPoint","urlTemplate":"https:\/\/www.pmpf.rs.gov.br\/educacao\/?s={search_term_string}"},"query-input":{"@type":"PropertyValueSpecification","valueRequired":true,"valueName":"search_term_string"}}],"inLanguage":"pt-BR"}]}},"_links":{"self":[{"href":"https:\/\/www.pmpf.rs.gov.br\/educacao\/wp-json\/wp\/v2\/pages\/132"}],"collection":[{"href":"https:\/\/www.pmpf.rs.gov.br\/educacao\/wp-json\/wp\/v2\/pages"}],"about":[{"href":"https:\/\/www.pmpf.rs.gov.br\/educacao\/wp-json\/wp\/v2\/types\/page"}],"author":[{"embeddable":true,"href":"https:\/\/www.pmpf.rs.gov.br\/educacao\/wp-json\/wp\/v2\/users\/1"}],"replies":[{"embeddable":true,"href":"https:\/\/www.pmpf.rs.gov.br\/educacao\/wp-json\/wp\/v2\/comments?post=132"}],"version-history":[{"count":2,"href":"https:\/\/www.pmpf.rs.gov.br\/educacao\/wp-json\/wp\/v2\/pages\/132\/revisions"}],"predecessor-version":[{"id":8431,"href":"https:\/\/www.pmpf.rs.gov.br\/educacao\/wp-json\/wp\/v2\/pages\/132\/revisions\/8431"}],"wp:attachment":[{"href":"https:\/\/www.pmpf.rs.gov.br\/educacao\/wp-json\/wp\/v2\/media?parent=132"}],"curies":[{"name":"wp","href":"https:\/\/api.w.org\/{rel}","templated":true}]}}