{"id":121,"date":"2021-12-21T12:11:28","date_gmt":"2021-12-21T15:11:28","guid":{"rendered":"https:\/\/www.pmpf.rs.gov.br\/educacao\/?page_id=121"},"modified":"2025-01-14T09:21:32","modified_gmt":"2025-01-14T12:21:32","slug":"cemae","status":"publish","type":"page","link":"https:\/\/www.pmpf.rs.gov.br\/educacao\/cemae\/","title":{"rendered":"Centro P\u00f3s-Covid de Combate \u00e0 Desigualdade Educacional"},"content":{"rendered":"\n<p>O Centro P\u00f3s-Covid de Combate \u00e0 Desigualdade Educacional visa implementar medidas voltadas ao desenvolvimento integral de seus usu\u00e1rios, com base na equidade e nos direitos humanos, propondo a\u00e7\u00f5es de qualifica\u00e7\u00e3o da educa\u00e7\u00e3o a partir do atendimento multidisciplinar, do cuidado aos estudantes, \u00e0 escola e \u00e0s suas fam\u00edlias. Para tanto,\u00a0 prop\u00f5e encaminhamentos que qualifiquem as a\u00e7\u00f5es pedag\u00f3gicas, com vistas a uma aprendizagem mais significativa por meio da ci\u00eancia, da tecnologia e da inova\u00e7\u00e3o, atrav\u00e9s da interface com os diversos projetos oferecidos pela Secretaria Municipal de Educa\u00e7\u00e3o (SME).\u00a0<\/p>\n\n\n\n<p>Em s\u00edntese o Centro tem a responsabilidade de desenvolver e assegurar uma pol\u00edtica p\u00fablica educacional de excel\u00eancia com foco no cuidado das pessoas, em especial dos estudantes da Rede Municipal, frente aos desafios apresentados durante e ap\u00f3s a pandemia do COVID-19. Dessa forma, projeta um sistema de ensino inclusivo, colaborando para forma\u00e7\u00e3o de cidad\u00e3os cr\u00edticos, inovadores e capazes de impactar positivamente a sociedade, atrav\u00e9s de uma educa\u00e7\u00e3o para uma cidadania democr\u00e1tica e global.<\/p>\n\n\n\n<p>Est\u00e1 localizado na Rua Ant\u00f4nio Ara\u00fajo, n\u00ba 1151, 1\u00ba andar<\/p>\n\n\n\n<p><strong>Hor\u00e1rio de Atendimento:<\/strong> Manh\u00e3: 8h \u00e0s 12h \u00a0 Tarde: 13h \u00e0s 17h de segunda a sexta-feira<\/p>\n\n\n\n<p><strong>E-mail:<\/strong> centroedu@edu.pmpf.rs.gov.br<\/p>\n\n\n\n<p><\/p>\n","protected":false},"excerpt":{"rendered":"<p>O Centro P\u00f3s-Covid de Combate \u00e0 Desigualdade Educacional visa implementar medidas voltadas ao desenvolvimento integral de seus usu\u00e1rios, com base na equidade e nos direitos humanos, propondo a\u00e7\u00f5es de qualifica\u00e7\u00e3o da educa\u00e7\u00e3o [&hellip;]<\/p>\n","protected":false},"author":1,"featured_media":0,"parent":0,"menu_order":0,"comment_status":"closed","ping_status":"closed","template":"","meta":{"footnotes":""},"class_list":["post-121","page","type-page","status-publish","hentry"],"yoast_head":"<!-- This site is optimized with the Yoast SEO plugin v23.8 - https:\/\/yoast.com\/wordpress\/plugins\/seo\/ -->\n<title>Centro P\u00f3s-Covid de Combate \u00e0 Desigualdade Educacional - Secretaria de Educa\u00e7\u00e3o<\/title>\n<meta name=\"robots\" content=\"index, follow, max-snippet:-1, max-image-preview:large, max-video-preview:-1\" \/>\n<link rel=\"canonical\" href=\"https:\/\/www.pmpf.rs.gov.br\/educacao\/cemae\/\" \/>\n<meta property=\"og:locale\" content=\"pt_BR\" \/>\n<meta property=\"og:type\" content=\"article\" \/>\n<meta property=\"og:title\" content=\"Centro P\u00f3s-Covid de Combate \u00e0 Desigualdade Educacional - Secretaria de Educa\u00e7\u00e3o\" \/>\n<meta property=\"og:description\" content=\"O Centro P\u00f3s-Covid de Combate \u00e0 Desigualdade Educacional visa implementar medidas voltadas ao desenvolvimento integral de seus usu\u00e1rios, com base na equidade e nos direitos humanos, propondo a\u00e7\u00f5es de qualifica\u00e7\u00e3o da educa\u00e7\u00e3o [&hellip;]\" \/>\n<meta property=\"og:url\" content=\"https:\/\/www.pmpf.rs.gov.br\/educacao\/cemae\/\" \/>\n<meta property=\"og:site_name\" content=\"Secretaria de Educa\u00e7\u00e3o\" \/>\n<meta property=\"article:modified_time\" content=\"2025-01-14T12:21:32+00:00\" \/>\n<meta name=\"twitter:card\" content=\"summary_large_image\" \/>\n<meta name=\"twitter:label1\" content=\"Est. tempo de leitura\" \/>\n\t<meta name=\"twitter:data1\" content=\"1 minuto\" \/>\n<script type=\"application\/ld+json\" class=\"yoast-schema-graph\">{\"@context\":\"https:\/\/schema.org\",\"@graph\":[{\"@type\":\"WebPage\",\"@id\":\"https:\/\/www.pmpf.rs.gov.br\/educacao\/cemae\/\",\"url\":\"https:\/\/www.pmpf.rs.gov.br\/educacao\/cemae\/\",\"name\":\"Centro P\u00f3s-Covid de Combate \u00e0 Desigualdade Educacional - Secretaria de Educa\u00e7\u00e3o\",\"isPartOf\":{\"@id\":\"https:\/\/www.pmpf.rs.gov.br\/educacao\/#website\"},\"datePublished\":\"2021-12-21T15:11:28+00:00\",\"dateModified\":\"2025-01-14T12:21:32+00:00\",\"inLanguage\":\"pt-BR\",\"potentialAction\":[{\"@type\":\"ReadAction\",\"target\":[\"https:\/\/www.pmpf.rs.gov.br\/educacao\/cemae\/\"]}]},{\"@type\":\"WebSite\",\"@id\":\"https:\/\/www.pmpf.rs.gov.br\/educacao\/#website\",\"url\":\"https:\/\/www.pmpf.rs.gov.br\/educacao\/\",\"name\":\"Secretaria de Educa\u00e7\u00e3o\",\"description\":\"Secretaria de Educa\u00e7\u00e3o da cidade de Passo Fundo\",\"potentialAction\":[{\"@type\":\"SearchAction\",\"target\":{\"@type\":\"EntryPoint\",\"urlTemplate\":\"https:\/\/www.pmpf.rs.gov.br\/educacao\/?s={search_term_string}\"},\"query-input\":{\"@type\":\"PropertyValueSpecification\",\"valueRequired\":true,\"valueName\":\"search_term_string\"}}],\"inLanguage\":\"pt-BR\"}]}<\/script>\n<!-- \/ Yoast SEO plugin. -->","yoast_head_json":{"title":"Centro P\u00f3s-Covid de Combate \u00e0 Desigualdade Educacional - Secretaria de Educa\u00e7\u00e3o","robots":{"index":"index","follow":"follow","max-snippet":"max-snippet:-1","max-image-preview":"max-image-preview:large","max-video-preview":"max-video-preview:-1"},"canonical":"https:\/\/www.pmpf.rs.gov.br\/educacao\/cemae\/","og_locale":"pt_BR","og_type":"article","og_title":"Centro P\u00f3s-Covid de Combate \u00e0 Desigualdade Educacional - Secretaria de Educa\u00e7\u00e3o","og_description":"O Centro P\u00f3s-Covid de Combate \u00e0 Desigualdade Educacional visa implementar medidas voltadas ao desenvolvimento integral de seus usu\u00e1rios, com base na equidade e nos direitos humanos, propondo a\u00e7\u00f5es de qualifica\u00e7\u00e3o da educa\u00e7\u00e3o [&hellip;]","og_url":"https:\/\/www.pmpf.rs.gov.br\/educacao\/cemae\/","og_site_name":"Secretaria de Educa\u00e7\u00e3o","article_modified_time":"2025-01-14T12:21:32+00:00","twitter_card":"summary_large_image","twitter_misc":{"Est. tempo de leitura":"1 minuto"},"schema":{"@context":"https:\/\/schema.org","@graph":[{"@type":"WebPage","@id":"https:\/\/www.pmpf.rs.gov.br\/educacao\/cemae\/","url":"https:\/\/www.pmpf.rs.gov.br\/educacao\/cemae\/","name":"Centro P\u00f3s-Covid de Combate \u00e0 Desigualdade Educacional - Secretaria de Educa\u00e7\u00e3o","isPartOf":{"@id":"https:\/\/www.pmpf.rs.gov.br\/educacao\/#website"},"datePublished":"2021-12-21T15:11:28+00:00","dateModified":"2025-01-14T12:21:32+00:00","inLanguage":"pt-BR","potentialAction":[{"@type":"ReadAction","target":["https:\/\/www.pmpf.rs.gov.br\/educacao\/cemae\/"]}]},{"@type":"WebSite","@id":"https:\/\/www.pmpf.rs.gov.br\/educacao\/#website","url":"https:\/\/www.pmpf.rs.gov.br\/educacao\/","name":"Secretaria de Educa\u00e7\u00e3o","description":"Secretaria de Educa\u00e7\u00e3o da cidade de Passo Fundo","potentialAction":[{"@type":"SearchAction","target":{"@type":"EntryPoint","urlTemplate":"https:\/\/www.pmpf.rs.gov.br\/educacao\/?s={search_term_string}"},"query-input":{"@type":"PropertyValueSpecification","valueRequired":true,"valueName":"search_term_string"}}],"inLanguage":"pt-BR"}]}},"_links":{"self":[{"href":"https:\/\/www.pmpf.rs.gov.br\/educacao\/wp-json\/wp\/v2\/pages\/121"}],"collection":[{"href":"https:\/\/www.pmpf.rs.gov.br\/educacao\/wp-json\/wp\/v2\/pages"}],"about":[{"href":"https:\/\/www.pmpf.rs.gov.br\/educacao\/wp-json\/wp\/v2\/types\/page"}],"author":[{"embeddable":true,"href":"https:\/\/www.pmpf.rs.gov.br\/educacao\/wp-json\/wp\/v2\/users\/1"}],"replies":[{"embeddable":true,"href":"https:\/\/www.pmpf.rs.gov.br\/educacao\/wp-json\/wp\/v2\/comments?post=121"}],"version-history":[{"count":4,"href":"https:\/\/www.pmpf.rs.gov.br\/educacao\/wp-json\/wp\/v2\/pages\/121\/revisions"}],"predecessor-version":[{"id":9868,"href":"https:\/\/www.pmpf.rs.gov.br\/educacao\/wp-json\/wp\/v2\/pages\/121\/revisions\/9868"}],"wp:attachment":[{"href":"https:\/\/www.pmpf.rs.gov.br\/educacao\/wp-json\/wp\/v2\/media?parent=121"}],"curies":[{"name":"wp","href":"https:\/\/api.w.org\/{rel}","templated":true}]}}