{"id":109,"date":"2021-12-21T12:05:05","date_gmt":"2021-12-21T15:05:05","guid":{"rendered":"https:\/\/www.pmpf.rs.gov.br\/educacao\/?page_id=109"},"modified":"2022-05-10T10:25:34","modified_gmt":"2022-05-10T13:25:34","slug":"estrutura","status":"publish","type":"page","link":"https:\/\/www.pmpf.rs.gov.br\/educacao\/estrutura\/","title":{"rendered":"Estrutura"},"content":{"rendered":"\n<h2 class=\"wp-block-heading\">Coordenadoria de Administra\u00e7\u00e3o e Planejamento<\/h2>\n\n\n\n<p>Respons\u00e1vel pelo trabalho de administra\u00e7\u00e3o e planejamento da Rede Municipal de Ensino de Passo Fundo, em especial no que se refere \u00e0 infraestrutura e&nbsp; aos recursos humanos, tendo como miss\u00e3o elaborar e organizar condi\u00e7\u00f5es necess\u00e1rias para um ensino de qualidade no munic\u00edpio de Passo Fundo.<\/p>\n\n\n\n<p>No \u00e2mbito da estrutura da Secretaria Municipal de Educa\u00e7\u00e3o (SME), \u00e9 o \u00f3rg\u00e3o encarregado pela integra\u00e7\u00e3o das demais coordenadorias de trabalho que comp\u00f5em a gest\u00e3o. Tamb\u00e9m, atua no assessoramento ao secret\u00e1rio, participando das tomadas de decis\u00f5es, coordenando e delegando as atribui\u00e7\u00f5es de controle, planejamento e acompanhamento da execu\u00e7\u00e3o or\u00e7ament\u00e1ria dos recursos alocados na Secretaria.&nbsp;<\/p>\n\n\n\n<p>Al\u00e9m disso, tem a fun\u00e7\u00e3o de planejar, coordenar e avaliar as atividades referentes aos recursos humanos, bem como coordenar as atividades de natureza administrativa, a fim de que seja garantida &nbsp; a infraestrutura adequada \u00e0s necessidades b\u00e1sicas das unidades escolares. Por fim, cabe a esta coordenadoria, ainda, analisar os custos relativos \u00e0s demandas da Secretaria e gerir os contratos administrativos e conv\u00eanios.<\/p>\n\n\n\n<p><strong>Estrutura da coordenadoria<\/strong><\/p>\n\n\n\n<p><strong>N\u00facleo de Recursos Humanos:<\/strong> acompanha a vida funcional dos servidores lotados na Secretaria Municipal de Educa\u00e7\u00e3o e d\u00e1 suporte \u00e0s escolas para as demandas de recursos humanos que se fazem necess\u00e1rios ao bom funcionamento do cotidiano educacional.<\/p>\n\n\n\n<p><strong>N\u00facleo de Recursos Materiais e Financeiros:<\/strong> respons\u00e1vel pelo encaminhamento e acompanhamento dos materiais solicitados pelas escolas da Rede, fazendo a gest\u00e3o da aquisi\u00e7\u00e3o e do estoque deles e o controle or\u00e7ament\u00e1rio da SME. Tamb\u00e9m, acompanha as demandas de estrutura f\u00edsica das escolas e o controle e acompanhamento dos&nbsp; contratos de loca\u00e7\u00e3o e servi\u00e7os terceirizados.<\/p>\n\n\n\n<p><strong>N\u00facleo de Transporte Escolar:<\/strong> acompanha todas as demandas oriundas do transporte escolar da rede p\u00fablica de ensino.<\/p>\n\n\n\n<p><strong>N\u00facleo de Presta\u00e7\u00e3o de Contas:<\/strong> realiza o atendimento e orienta\u00e7\u00f5es \u00e0s equipes diretivas sobre recursos financeiros provenientes do MEC\/FNDE.<\/p>\n\n\n\n<p><strong>N\u00facleo de Registro e Estat\u00edsticas Educacionais e Legisla\u00e7\u00e3o: <\/strong>realiza o acompanhamento do Censo Escolar do Sistema Municipal de Ensino e atua como um elo de liga\u00e7\u00e3o entre o Instituto de Previd\u00eancia&nbsp; Social dos Servidores Municipais de Passo Fundo (IPPASSO) e a SME, realizando as pesquisas e os registros necess\u00e1rios para o encaminhamento das aposentadorias de todos os servidores efetivos da Secretaria. Cabe ao N\u00facleo, tamb\u00e9m, acompanhar a necessidade dos vales-transportes dos professores e funcion\u00e1rios efetivos.<\/p>\n\n\n\n<hr class=\"wp-block-separator\"\/>\n\n\n\n<h2 class=\"wp-block-heading\">Coordenadoria de Educa\u00e7\u00e3o<\/h2>\n\n\n\n<p>Atua no gerenciamento da rela\u00e7\u00e3o entre a Secretaria Municipal de Educa\u00e7\u00e3o e as escolas.<\/p>\n\n\n\n<p>\u00c9&nbsp; respons\u00e1vel por fomentar a rela\u00e7\u00e3o pedag\u00f3gica com as equipes gestoras e o corpo docente das escolas da Rede Municipal de Ensino de Passo Fundo. Em seu cotidiano de atua\u00e7\u00e3o, promove a\u00e7\u00f5es voltadas ao processo de ensino e aprendizagem, orienta e viabiliza a an\u00e1lise e a aprova\u00e7\u00e3o dos planos de trabalho, programas, projetos, calend\u00e1rios escolares, Projeto Pol\u00edtico-Pedag\u00f3gico, Regimento Escolar, Matriz Curricular, Documento Orientador do Territ\u00f3rio Municipal de Passo Fundo, Rede de Apoio \u00e0 Escola (RAE) e a forma\u00e7\u00f5es pedag\u00f3gicas aos profissionais de Educa\u00e7\u00e3o por meio on-line e\/ou presencial.<\/p>\n\n\n\n<p>Fazem parte da estrutura da Coordenadoria:<\/p>\n\n\n\n<ul class=\"wp-block-list\"><li><strong>N\u00facleo de Educa\u00e7\u00e3o Infantil:<\/strong> Assessora as escolas municipais de Educa\u00e7\u00e3o Infantil nos aspectos pertinentes ao processo de ensino e aprendizagem. Realiza encontros de forma\u00e7\u00e3o com diretores e coordenadores para suporte e apoio pedag\u00f3gico e organizacional. Organiza forma\u00e7\u00e3o continuada para os professores da Rede, buscando qualificar o trabalho realizado. Orienta sobre legisla\u00e7\u00e3o vigente e\u00a0 atualiza\u00e7\u00e3o dos documentos que embasam o trabalho da escola.<\/li><li><strong>N\u00facleo de Ensino Fundamental:<\/strong> Assessora e d\u00e1 suporte pedag\u00f3gico \u00e0s escolas municipais de Ensino Fundamental. Atua na forma\u00e7\u00e3o continuada para professores da Rede. Organiza forma\u00e7\u00f5es e encontros para an\u00e1lise, planejamento e organiza\u00e7\u00e3o com diretores e coordenadores pedag\u00f3gicos. Informa sobre legisla\u00e7\u00e3o, orienta sobre\u00a0 procedimentos pedag\u00f3gicos que visem melhorias no processo ensino-aprendizagem.<\/li><li><strong>N\u00facleo de Educa\u00e7\u00e3o Especial:<\/strong> Assessora as escolas municipais na educa\u00e7\u00e3o planejada para estudantes com defici\u00eancia, transtorno do espectro autista e altas habilidades e\/ou superdota\u00e7\u00e3o (p\u00fablico da educa\u00e7\u00e3o especial), possibilitando acessibilidade e eliminando as barreiras que possam vir a existir. \u00c9 respons\u00e1vel pelas seguintes\u00a0 fun\u00e7\u00f5es: \u00a0a) realizar o levantamento da demanda de p\u00fablico alvo a ser atendido; b) planejar a\u00e7\u00f5es e estabelecer pol\u00edticas condizentes ao atendimento de estudantes com defici\u00eancia, transtornos do espectro autista e altas habilidades\/ superdota\u00e7\u00e3o; c) prover o acesso e perman\u00eancia de estudantes com defici\u00eancia, transtornos do espectro autista e altas habilidades\/superdota\u00e7\u00e3o; d) promover a forma\u00e7\u00e3o continuada de professores de Atendimento Educacional Especializada \u2013 AEE que atuam nas Salas de Recursos e forma\u00e7\u00e3o de monitores; e) auxiliar os professores de AEE na organiza\u00e7\u00e3o dos Planos de Trabalhos (Plano de Desenvolvimento Individualizado e Plano Educacional Individualizado) e nas adapta\u00e7\u00f5es curriculares necess\u00e1rias; e f) garantir o direito do Atendimento Educacional Especializado aos alunos da educa\u00e7\u00e3o especial.<\/li><li><strong>Centro P\u00f3s-Covid de Combate \u00e0 Desigualdade Educacional:<\/strong> Assessorar e orientar a Rede Municipal de Ensino, no sentido de contribuir, de forma integrada, com o processo de ensino-aprendizagem, apoiando os profissionais das escolas, para garantir aos estudantes os atendimentos adequados \u00e0s suas necessidades, a fim de ajud\u00e1-los a superar as dificuldades apresentadas. Desenvolver estrat\u00e9gias para atender os estudantes que tenham, dificuldades e transtornos de aprendizagens, de modo que usufruam da escola como um espa\u00e7o de\u00a0 aprender, de construir, de conviver e de se desenvolver. Subsidiar as escolas na tarefa de combater a evas\u00e3o escolar, oferecendo parceria e apoio por meio de capacita\u00e7\u00f5es, a\u00e7\u00f5es conjuntas de promo\u00e7\u00e3o dos direitos \u00e0 educa\u00e7\u00e3o, mapeando os alunos infrequentes, atuando junto a escola na abordagem com os n\u00facleos familiares mapeados. Permitir que todas as crian\u00e7as voltem \u00e0 escola e a um ambiente de aprendizagem favor\u00e1vel, que tamb\u00e9m atenda \u00e0 sua sa\u00fade, bem-estar psicossocial e outras necessidades. Envolver a fam\u00edlia dos estudantes no processo de ensino, visando aprendizagens significativas. Articular as a\u00e7\u00f5es entre as Secretarias Municipais e demais institui\u00e7\u00f5es, acionando uma rede de atendimentos com\u00a0 recursos diferenciados\u00a0 e de excel\u00eancia que respondam \u00e0s demandas e aos desafios da educa\u00e7\u00e3o inclusiva.<\/li><\/ul>\n\n\n\n<hr class=\"wp-block-separator\"\/>\n\n\n\n<h2 class=\"wp-block-heading\">Coordenadoria de Nutri\u00e7\u00e3o Escolar<\/h2>\n\n\n\n<ol class=\"wp-block-list\"><li>Gest\u00e3o dos recursos do Programa Nacional de Alimenta\u00e7\u00e3o Escolar (PNAE): Baseado na Resolu\u00e7\u00e3o n\u00ba 6 de 08 de maio de 2020 e Resolu\u00e7\u00e3o n\u00ba 20 de 02 de dezembro de 2020.&nbsp;<\/li><li>Chamada p\u00fablica e licita\u00e7\u00f5es de alimenta\u00e7\u00e3o escolar.<\/li><li>Gest\u00e3o dos alimentos: realizar o pedido com os fornecedores, o recebimento, o armazenamento e o controle de entrada e sa\u00edda do estoque; \u00e9 respons\u00e1vel pela log\u00edstica de entregas da alimenta\u00e7\u00e3o escolar para as escolas da&nbsp; Rede Municipal de Ensino, Filantr\u00f3picas cadastradas no munic\u00edpio e Secretaria Municipal de Cidadania e Assist\u00eancia Social (SEMCAS).<\/li><li>Responsabilidade t\u00e9cnica: \u00e9 de compet\u00eancia da Coordenadoria de Nutri\u00e7\u00e3o realizar o diagn\u00f3stico e acompanhamento do estado nutricional dos estudantes da&nbsp; Rede Municipal de Ensino (EMEIS e EMEFS); identificar os indiv\u00edduos com necessidades especiais na alimenta\u00e7\u00e3o escolar; planejar, elaborar acompanhar e avaliar o card\u00e1pio da alimenta\u00e7\u00e3o escolar com base no diagn\u00f3stico nutricional; promover e realizar a\u00e7\u00f5es de educa\u00e7\u00e3o alimentar e nutricional para comunidade escolar; planejar, orientar e supervisionar as atividades de sele\u00e7\u00e3o, compra e armazenamento, produ\u00e7\u00e3o e distribui\u00e7\u00e3o dos alimentos; planejar, coordenar e supervisionar a aplica\u00e7\u00e3o de testes de aceitabilidade de alimentos na rede escolar; interagir com os agricultores familiares e empreendedores familiares rurais e suas organiza\u00e7\u00f5es; participar do processo de licita\u00e7\u00e3o e de compra direta da agricultura familiar para aquisi\u00e7\u00e3o de g\u00eaneros aliment\u00edcios, no \u00e2mbito da parte t\u00e9cnica; orientar e supervisionar as atividades de higieniza\u00e7\u00e3o de ambientes, armazenamento de alimentos, ve\u00edculos de transporte de alimentos, equipamentos e utens\u00edlios da institui\u00e7\u00e3o; elaborar e implantar o Manual de Boas Pr\u00e1ticas para os servi\u00e7os de alimenta\u00e7\u00e3o escolar; elaborar o Plano anual de trabalho do PAE (Programa de Alimenta\u00e7\u00e3o Escolar); assessorar o CAE (Conselho de alimenta\u00e7\u00e3o Escolar).<\/li><\/ol>\n\n\n\n<hr class=\"wp-block-separator\"\/>\n\n\n\n<h2 class=\"wp-block-heading\">Escola das Profiss\u00f5es<\/h2>\n\n\n\n<p>Construir uma carreira de sucesso e planejar um futuro feliz s\u00e3o desejos comuns a pessoas de todas as idades. Embora cada um busque sonhos \u00e0 sua maneira, o caminho \u00e9 sempre o mesmo: a educa\u00e7\u00e3o. Ela \u00e9 indispens\u00e1vel para qualquer pessoa entrar no mercado de trabalho e se desenvolver como profissional. O resultado desse trabalho \u00e9 mais profissionais qualificados e, por consequ\u00eancia, um universo mais colaborativo, competitivo e capaz de criar oportunidades.<\/p>\n\n\n\n<p>A Escola das Profiss\u00f5es tem a importante miss\u00e3o de incentivar seus alunos a uma educa\u00e7\u00e3o transformadora, que inclua conte\u00fados e desenvolva compet\u00eancias que v\u00e3o al\u00e9m do consciente intelectual. Isso significa que empatia, solidariedade e \u00e9tica devem fazer parte do curr\u00edculo de forma\u00e7\u00e3o dos profissionais que j\u00e1 est\u00e3o ou que ingressar\u00e3o no mercado de trabalho.&nbsp;&nbsp;<\/p>\n\n\n\n<p>Baseada nessa premissa, a Escola das Profiss\u00f5es constitui-se em um espa\u00e7o que, por meio da educa\u00e7\u00e3o continuada, busca desenvolver a\u00e7\u00f5es e ofertar diferentes propostas de forma\u00e7\u00e3o e qualifica\u00e7\u00e3o, atendendo pessoas de todas as idades que buscam qualifica\u00e7\u00e3o para o trabalho, tendo como foco o desenvolvimento sustent\u00e1vel e o empreendedorismo, prioritariamente das classes menos favorecidas.<\/p>\n\n\n\n<p>Est\u00e3o vinculados \u00e0 Escola das Profiss\u00f5es tr\u00eas eixos de trabalho: Profissionais do Futuro, Qualific@REE e o UpDate.<\/p>\n\n\n\n<hr class=\"wp-block-separator\"\/>\n\n\n\n<h2 class=\"wp-block-heading\">Coordenadoria de Inova\u00e7\u00f5es Educacionais<\/h2>\n\n\n\n<p>Respons\u00e1vel pela cria\u00e7\u00e3o de projetos educacionais voltados \u00e0 ci\u00eancia, \u00e0 tecnologia e \u00e0 inova\u00e7\u00e3o, buscando qualificar os processos de ensino-aprendizagem da Rede Municipal de Ensino de Passo Fundo. Fundamenta seu trabalho, em vista disso, nas discuss\u00f5es mais atualizadas sobre educa\u00e7\u00e3o.<\/p>\n\n\n\n<p><strong>Estrutura<\/strong><\/p>\n\n\n\n<ul class=\"wp-block-list\"><li>N\u00facleo de Estudos e Projetos \u2013 mant\u00e9m o v\u00ednculo da Secretaria Municipal de Educa\u00e7\u00e3o de Passo Fundo com os sistemas federais de financiamento da educa\u00e7\u00e3o, informando dados e aderindo a programas, conv\u00eanios e termos de compromisso dos minist\u00e9rios. Atua, tamb\u00e9m, no desenvolvimento de programas, projetos e a\u00e7\u00f5es voltados para as necessidades das escolas da Rede Municipal de Ensino, a fim de qualificar os processos de ensino e de aprendizagem e garantir um ensino p\u00fablico de qualidade.<\/li><li>N\u00facleo de Tecnologia Educacional &#8211; realiza a assist\u00eancia \u00e0 tecnologia na Rede Municipal de Ensino, executando a montagem, a instala\u00e7\u00e3o e a configura\u00e7\u00e3o de equipamentos de inform\u00e1tica, comunica\u00e7\u00e3o e informa\u00e7\u00e3o.&nbsp; Atua, ainda, no suporte ao Sistema de Gest\u00e3o Escolar, permitindo o desenvolvimento de rotinas relacionadas aos processos pedag\u00f3gicos.<\/li><\/ul>\n\n\n\n<p><strong>Programas<\/strong><\/p>\n\n\n\n<ul class=\"wp-block-list\"><li>Minha Escola de Cara Nova<\/li><li>EducatechPF<\/li><li>Internacionaliza\u00e7\u00e3o da Educa\u00e7\u00e3o B\u00e1sica<\/li><\/ul>\n\n\n\n<p><strong>Projetos<\/strong><\/p>\n\n\n\n<ul class=\"wp-block-list\"><li>Learning Spaces<\/li><li>Ki_da_Hort@<\/li><li>Welcome Centre<\/li><li>Educapf Journal<\/li><\/ul>\n\n\n\n<p><strong>Projetos da Parte Diversificada<\/strong><\/p>\n\n\n\n<ul class=\"wp-block-list\"><li>Cidadania Global<\/li><li>Cultura Digital<\/li><li>Pensamento Cient\u00edfico<\/li><li>Psicomotricidade<\/li><\/ul>\n\n\n\n<p><strong>Conhe\u00e7a os projetos em<\/strong> <a href=\"https:\/\/www.educapf.org\/apresenta\">educapf.org\/apresenta<\/a>.<\/p>\n\n\n\n<p><strong>A\u00e7\u00f5es<\/strong><\/p>\n\n\n\n<p>Plano de Comunica\u00e7\u00e3o com a Rede Municipal de Ensino<\/p>\n\n\n\n<p>Desenvolvimento de E-books&nbsp;<\/p>\n\n\n\n<hr class=\"wp-block-separator\"\/>\n","protected":false},"excerpt":{"rendered":"<p>Coordenadoria de Administra\u00e7\u00e3o e Planejamento Respons\u00e1vel pelo trabalho de administra\u00e7\u00e3o e planejamento da Rede Municipal de Ensino de Passo Fundo, em especial no que se refere \u00e0 infraestrutura e&nbsp; aos recursos humanos, [&hellip;]<\/p>\n","protected":false},"author":1,"featured_media":0,"parent":0,"menu_order":0,"comment_status":"closed","ping_status":"closed","template":"","meta":{"footnotes":""},"class_list":["post-109","page","type-page","status-publish","hentry"],"yoast_head":"<!-- This site is optimized with the Yoast SEO plugin v23.8 - https:\/\/yoast.com\/wordpress\/plugins\/seo\/ -->\n<title>Estrutura - Secretaria de Educa\u00e7\u00e3o<\/title>\n<meta name=\"robots\" content=\"index, follow, max-snippet:-1, max-image-preview:large, max-video-preview:-1\" \/>\n<link rel=\"canonical\" href=\"https:\/\/www.pmpf.rs.gov.br\/educacao\/estrutura\/\" \/>\n<meta property=\"og:locale\" content=\"pt_BR\" \/>\n<meta property=\"og:type\" content=\"article\" \/>\n<meta property=\"og:title\" content=\"Estrutura - Secretaria de Educa\u00e7\u00e3o\" \/>\n<meta property=\"og:description\" content=\"Coordenadoria de Administra\u00e7\u00e3o e Planejamento Respons\u00e1vel pelo trabalho de administra\u00e7\u00e3o e planejamento da Rede Municipal de Ensino de Passo Fundo, em especial no que se refere \u00e0 infraestrutura e&nbsp; aos recursos humanos, [&hellip;]\" \/>\n<meta property=\"og:url\" content=\"https:\/\/www.pmpf.rs.gov.br\/educacao\/estrutura\/\" \/>\n<meta property=\"og:site_name\" content=\"Secretaria de Educa\u00e7\u00e3o\" \/>\n<meta property=\"article:modified_time\" content=\"2022-05-10T13:25:34+00:00\" \/>\n<meta name=\"twitter:card\" content=\"summary_large_image\" \/>\n<meta name=\"twitter:label1\" content=\"Est. tempo de leitura\" \/>\n\t<meta name=\"twitter:data1\" content=\"4 minutos\" \/>\n<script type=\"application\/ld+json\" class=\"yoast-schema-graph\">{\"@context\":\"https:\/\/schema.org\",\"@graph\":[{\"@type\":\"WebPage\",\"@id\":\"https:\/\/www.pmpf.rs.gov.br\/educacao\/estrutura\/\",\"url\":\"https:\/\/www.pmpf.rs.gov.br\/educacao\/estrutura\/\",\"name\":\"Estrutura - Secretaria de Educa\u00e7\u00e3o\",\"isPartOf\":{\"@id\":\"https:\/\/www.pmpf.rs.gov.br\/educacao\/#website\"},\"datePublished\":\"2021-12-21T15:05:05+00:00\",\"dateModified\":\"2022-05-10T13:25:34+00:00\",\"inLanguage\":\"pt-BR\",\"potentialAction\":[{\"@type\":\"ReadAction\",\"target\":[\"https:\/\/www.pmpf.rs.gov.br\/educacao\/estrutura\/\"]}]},{\"@type\":\"WebSite\",\"@id\":\"https:\/\/www.pmpf.rs.gov.br\/educacao\/#website\",\"url\":\"https:\/\/www.pmpf.rs.gov.br\/educacao\/\",\"name\":\"Secretaria de Educa\u00e7\u00e3o\",\"description\":\"Secretaria de Educa\u00e7\u00e3o da cidade de Passo Fundo\",\"potentialAction\":[{\"@type\":\"SearchAction\",\"target\":{\"@type\":\"EntryPoint\",\"urlTemplate\":\"https:\/\/www.pmpf.rs.gov.br\/educacao\/?s={search_term_string}\"},\"query-input\":{\"@type\":\"PropertyValueSpecification\",\"valueRequired\":true,\"valueName\":\"search_term_string\"}}],\"inLanguage\":\"pt-BR\"}]}<\/script>\n<!-- \/ Yoast SEO plugin. -->","yoast_head_json":{"title":"Estrutura - Secretaria de Educa\u00e7\u00e3o","robots":{"index":"index","follow":"follow","max-snippet":"max-snippet:-1","max-image-preview":"max-image-preview:large","max-video-preview":"max-video-preview:-1"},"canonical":"https:\/\/www.pmpf.rs.gov.br\/educacao\/estrutura\/","og_locale":"pt_BR","og_type":"article","og_title":"Estrutura - Secretaria de Educa\u00e7\u00e3o","og_description":"Coordenadoria de Administra\u00e7\u00e3o e Planejamento Respons\u00e1vel pelo trabalho de administra\u00e7\u00e3o e planejamento da Rede Municipal de Ensino de Passo Fundo, em especial no que se refere \u00e0 infraestrutura e&nbsp; aos recursos humanos, [&hellip;]","og_url":"https:\/\/www.pmpf.rs.gov.br\/educacao\/estrutura\/","og_site_name":"Secretaria de Educa\u00e7\u00e3o","article_modified_time":"2022-05-10T13:25:34+00:00","twitter_card":"summary_large_image","twitter_misc":{"Est. tempo de leitura":"4 minutos"},"schema":{"@context":"https:\/\/schema.org","@graph":[{"@type":"WebPage","@id":"https:\/\/www.pmpf.rs.gov.br\/educacao\/estrutura\/","url":"https:\/\/www.pmpf.rs.gov.br\/educacao\/estrutura\/","name":"Estrutura - Secretaria de Educa\u00e7\u00e3o","isPartOf":{"@id":"https:\/\/www.pmpf.rs.gov.br\/educacao\/#website"},"datePublished":"2021-12-21T15:05:05+00:00","dateModified":"2022-05-10T13:25:34+00:00","inLanguage":"pt-BR","potentialAction":[{"@type":"ReadAction","target":["https:\/\/www.pmpf.rs.gov.br\/educacao\/estrutura\/"]}]},{"@type":"WebSite","@id":"https:\/\/www.pmpf.rs.gov.br\/educacao\/#website","url":"https:\/\/www.pmpf.rs.gov.br\/educacao\/","name":"Secretaria de Educa\u00e7\u00e3o","description":"Secretaria de Educa\u00e7\u00e3o da cidade de Passo Fundo","potentialAction":[{"@type":"SearchAction","target":{"@type":"EntryPoint","urlTemplate":"https:\/\/www.pmpf.rs.gov.br\/educacao\/?s={search_term_string}"},"query-input":{"@type":"PropertyValueSpecification","valueRequired":true,"valueName":"search_term_string"}}],"inLanguage":"pt-BR"}]}},"_links":{"self":[{"href":"https:\/\/www.pmpf.rs.gov.br\/educacao\/wp-json\/wp\/v2\/pages\/109"}],"collection":[{"href":"https:\/\/www.pmpf.rs.gov.br\/educacao\/wp-json\/wp\/v2\/pages"}],"about":[{"href":"https:\/\/www.pmpf.rs.gov.br\/educacao\/wp-json\/wp\/v2\/types\/page"}],"author":[{"embeddable":true,"href":"https:\/\/www.pmpf.rs.gov.br\/educacao\/wp-json\/wp\/v2\/users\/1"}],"replies":[{"embeddable":true,"href":"https:\/\/www.pmpf.rs.gov.br\/educacao\/wp-json\/wp\/v2\/comments?post=109"}],"version-history":[{"count":10,"href":"https:\/\/www.pmpf.rs.gov.br\/educacao\/wp-json\/wp\/v2\/pages\/109\/revisions"}],"predecessor-version":[{"id":8410,"href":"https:\/\/www.pmpf.rs.gov.br\/educacao\/wp-json\/wp\/v2\/pages\/109\/revisions\/8410"}],"wp:attachment":[{"href":"https:\/\/www.pmpf.rs.gov.br\/educacao\/wp-json\/wp\/v2\/media?parent=109"}],"curies":[{"name":"wp","href":"https:\/\/api.w.org\/{rel}","templated":true}]}}