{"id":10150,"date":"2025-10-17T16:36:42","date_gmt":"2025-10-17T19:36:42","guid":{"rendered":"https:\/\/www.pmpf.rs.gov.br\/educacao\/?page_id=10150"},"modified":"2025-11-04T16:41:24","modified_gmt":"2025-11-04T19:41:24","slug":"inscricoes-alunos2026","status":"publish","type":"page","link":"https:\/\/www.pmpf.rs.gov.br\/educacao\/inscricoes-alunos2026\/","title":{"rendered":"Inscri\u00e7\u00f5es 2026"},"content":{"rendered":"\n<h3 class=\"wp-block-heading\">Para Alunos Novos na Educa\u00e7\u00e3o Infantil e 1\u00ba Ano do Ensino Fundamental<\/h3>\n\n\n\n<h4 class=\"wp-block-heading\"><strong>Per\u00edodo:<\/strong> 20\/10 a 31\/10<\/h4>\n\n\n\n<h4 class=\"wp-block-heading\"><strong>Aten\u00e7\u00e3o: O processo de inscri\u00e7\u00e3o n\u00e3o garante a Vaga!<\/strong><\/h4>\n\n\n\n<div style=\"height:16px\" aria-hidden=\"true\" class=\"wp-block-spacer\"><\/div>\n\n\n\n<div class=\"wp-block-buttons is-content-justification-center is-layout-flex wp-container-core-buttons-is-layout-1 wp-block-buttons-is-layout-flex\">\n<div class=\"wp-block-button has-custom-font-size\" style=\"font-size:17px\"><a class=\"wp-block-button__link has-white-color has-blue-background-color has-text-color has-background has-link-color wp-element-button\" href=\"https:\/\/www.pmpf.rs.gov.br\/educacao\/wp-content\/uploads\/sites\/43\/2023\/02\/ed-213-2025-inscricoes-alunos.pdf\" style=\"border-radius:8px\" target=\"_blank\" rel=\"noreferrer noopener\">Edital 213\/2025<\/a><\/div>\n\n\n\n<div class=\"wp-block-button has-custom-font-size\" style=\"font-size:17px\"><a class=\"wp-block-button__link has-white-color has-blue-background-color has-text-color has-background has-link-color wp-element-button\" href=\"https:\/\/www.pmpf.rs.gov.br\/educacao\/wp-content\/uploads\/sites\/43\/2023\/02\/decreto-141-2025.pdf\" style=\"border-radius:8px\" target=\"_blank\" rel=\"noreferrer noopener\">Decreto 141\/2025<\/a><\/div>\n\n\n\n<div class=\"wp-block-button has-custom-font-size\" style=\"font-size:17px\"><a class=\"wp-block-button__link has-white-color has-blue-background-color has-text-color has-background has-link-color wp-element-button\" href=\"https:\/\/smesge.pmpf.rs.gov.br\/advance4\/advance4portal\/pages\/adm\/login.php?db=0002\" style=\"border-radius:8px\" target=\"_blank\" rel=\"noreferrer noopener\">Inscri\u00e7\u00f5es 2026<\/a><\/div>\n<\/div>\n\n\n\n<div style=\"height:12px\" aria-hidden=\"true\" class=\"wp-block-spacer\"><\/div>\n\n\n\n<h4 class=\"wp-block-heading\">Separamos um passo a passo sobre como realizar o processo:<\/h4>\n\n\n\n<div style=\"height:50px\" aria-hidden=\"true\" class=\"wp-block-spacer\"><\/div>\n\n\n\n<figure class=\"wp-block-gallery has-nested-images columns-default is-cropped wp-block-gallery-1 is-layout-flex wp-block-gallery-is-layout-flex\">\n<figure class=\"wp-block-image size-large\"><img loading=\"lazy\" decoding=\"async\" width=\"820\" height=\"1024\" data-id=\"10102\" src=\"https:\/\/www.pmpf.rs.gov.br\/educacao\/wp-content\/uploads\/sites\/43\/2025\/10\/datas-rematricula-820x1024.jpg\" alt=\"\" class=\"wp-image-10102\" srcset=\"https:\/\/www.pmpf.rs.gov.br\/educacao\/wp-content\/uploads\/sites\/43\/2025\/10\/datas-rematricula-820x1024.jpg 820w, https:\/\/www.pmpf.rs.gov.br\/educacao\/wp-content\/uploads\/sites\/43\/2025\/10\/datas-rematricula-240x300.jpg 240w, https:\/\/www.pmpf.rs.gov.br\/educacao\/wp-content\/uploads\/sites\/43\/2025\/10\/datas-rematricula-768x959.jpg 768w, https:\/\/www.pmpf.rs.gov.br\/educacao\/wp-content\/uploads\/sites\/43\/2025\/10\/datas-rematricula-1229x1536.jpg 1229w, https:\/\/www.pmpf.rs.gov.br\/educacao\/wp-content\/uploads\/sites\/43\/2025\/10\/datas-rematricula.jpg 1440w\" sizes=\"(max-width: 820px) 100vw, 820px\" \/><\/figure>\n\n\n\n<figure class=\"wp-block-image size-large\"><img loading=\"lazy\" decoding=\"async\" width=\"819\" height=\"1024\" data-id=\"10103\" src=\"https:\/\/www.pmpf.rs.gov.br\/educacao\/wp-content\/uploads\/sites\/43\/2025\/10\/locais-inscricao-presencial-819x1024.jpg\" alt=\"\" class=\"wp-image-10103\" srcset=\"https:\/\/www.pmpf.rs.gov.br\/educacao\/wp-content\/uploads\/sites\/43\/2025\/10\/locais-inscricao-presencial-819x1024.jpg 819w, https:\/\/www.pmpf.rs.gov.br\/educacao\/wp-content\/uploads\/sites\/43\/2025\/10\/locais-inscricao-presencial-240x300.jpg 240w, https:\/\/www.pmpf.rs.gov.br\/educacao\/wp-content\/uploads\/sites\/43\/2025\/10\/locais-inscricao-presencial-768x961.jpg 768w, https:\/\/www.pmpf.rs.gov.br\/educacao\/wp-content\/uploads\/sites\/43\/2025\/10\/locais-inscricao-presencial-1228x1536.jpg 1228w, https:\/\/www.pmpf.rs.gov.br\/educacao\/wp-content\/uploads\/sites\/43\/2025\/10\/locais-inscricao-presencial.jpg 1439w\" sizes=\"(max-width: 819px) 100vw, 819px\" \/><\/figure>\n<\/figure>\n\n\n\n<div style=\"height:50px\" aria-hidden=\"true\" class=\"wp-block-spacer\"><\/div>\n\n\n\n<figure class=\"wp-block-gallery has-nested-images columns-default is-cropped wp-block-gallery-2 is-layout-flex wp-block-gallery-is-layout-flex\">\n<figure class=\"wp-block-image size-large\"><img loading=\"lazy\" decoding=\"async\" width=\"819\" height=\"1024\" data-id=\"10100\" src=\"https:\/\/www.pmpf.rs.gov.br\/educacao\/wp-content\/uploads\/sites\/43\/2025\/10\/confira-o-passo-a-passo-819x1024.jpg\" alt=\"\" class=\"wp-image-10100\" srcset=\"https:\/\/www.pmpf.rs.gov.br\/educacao\/wp-content\/uploads\/sites\/43\/2025\/10\/confira-o-passo-a-passo-819x1024.jpg 819w, https:\/\/www.pmpf.rs.gov.br\/educacao\/wp-content\/uploads\/sites\/43\/2025\/10\/confira-o-passo-a-passo-240x300.jpg 240w, https:\/\/www.pmpf.rs.gov.br\/educacao\/wp-content\/uploads\/sites\/43\/2025\/10\/confira-o-passo-a-passo-768x960.jpg 768w, https:\/\/www.pmpf.rs.gov.br\/educacao\/wp-content\/uploads\/sites\/43\/2025\/10\/confira-o-passo-a-passo-1229x1536.jpg 1229w, https:\/\/www.pmpf.rs.gov.br\/educacao\/wp-content\/uploads\/sites\/43\/2025\/10\/confira-o-passo-a-passo.jpg 1440w\" sizes=\"(max-width: 819px) 100vw, 819px\" \/><\/figure>\n\n\n\n<figure class=\"wp-block-image size-large is-style-default\"><img loading=\"lazy\" decoding=\"async\" width=\"819\" height=\"1024\" data-id=\"10101\" src=\"https:\/\/www.pmpf.rs.gov.br\/educacao\/wp-content\/uploads\/sites\/43\/2025\/10\/inscricao-pelo-site-819x1024.jpg\" alt=\"\" class=\"wp-image-10101\" srcset=\"https:\/\/www.pmpf.rs.gov.br\/educacao\/wp-content\/uploads\/sites\/43\/2025\/10\/inscricao-pelo-site-819x1024.jpg 819w, https:\/\/www.pmpf.rs.gov.br\/educacao\/wp-content\/uploads\/sites\/43\/2025\/10\/inscricao-pelo-site-240x300.jpg 240w, https:\/\/www.pmpf.rs.gov.br\/educacao\/wp-content\/uploads\/sites\/43\/2025\/10\/inscricao-pelo-site-768x961.jpg 768w, https:\/\/www.pmpf.rs.gov.br\/educacao\/wp-content\/uploads\/sites\/43\/2025\/10\/inscricao-pelo-site-1228x1536.jpg 1228w, https:\/\/www.pmpf.rs.gov.br\/educacao\/wp-content\/uploads\/sites\/43\/2025\/10\/inscricao-pelo-site.jpg 1439w\" sizes=\"(max-width: 819px) 100vw, 819px\" \/><\/figure>\n<\/figure>\n\n\n\n<figure class=\"wp-block-gallery has-nested-images columns-default is-cropped wp-block-gallery-3 is-layout-flex wp-block-gallery-is-layout-flex\">\n<figure class=\"wp-block-image size-large\"><img loading=\"lazy\" decoding=\"async\" width=\"1424\" height=\"1782\" data-id=\"10106\" src=\"https:\/\/www.pmpf.rs.gov.br\/educacao\/wp-content\/uploads\/sites\/43\/2025\/10\/criterios-de-selecao-edited.jpg\" alt=\"\" class=\"wp-image-10106\" srcset=\"https:\/\/www.pmpf.rs.gov.br\/educacao\/wp-content\/uploads\/sites\/43\/2025\/10\/criterios-de-selecao-edited.jpg 1424w, https:\/\/www.pmpf.rs.gov.br\/educacao\/wp-content\/uploads\/sites\/43\/2025\/10\/criterios-de-selecao-edited-240x300.jpg 240w, https:\/\/www.pmpf.rs.gov.br\/educacao\/wp-content\/uploads\/sites\/43\/2025\/10\/criterios-de-selecao-edited-818x1024.jpg 818w, https:\/\/www.pmpf.rs.gov.br\/educacao\/wp-content\/uploads\/sites\/43\/2025\/10\/criterios-de-selecao-edited-768x961.jpg 768w, https:\/\/www.pmpf.rs.gov.br\/educacao\/wp-content\/uploads\/sites\/43\/2025\/10\/criterios-de-selecao-edited-1227x1536.jpg 1227w\" sizes=\"(max-width: 1424px) 100vw, 1424px\" \/><\/figure>\n\n\n\n<figure class=\"wp-block-image size-large\"><img loading=\"lazy\" decoding=\"async\" width=\"819\" height=\"1024\" data-id=\"10105\" src=\"https:\/\/www.pmpf.rs.gov.br\/educacao\/wp-content\/uploads\/sites\/43\/2025\/10\/mais-informacoes-819x1024.jpg\" alt=\"\" class=\"wp-image-10105\" srcset=\"https:\/\/www.pmpf.rs.gov.br\/educacao\/wp-content\/uploads\/sites\/43\/2025\/10\/mais-informacoes-819x1024.jpg 819w, https:\/\/www.pmpf.rs.gov.br\/educacao\/wp-content\/uploads\/sites\/43\/2025\/10\/mais-informacoes-240x300.jpg 240w, https:\/\/www.pmpf.rs.gov.br\/educacao\/wp-content\/uploads\/sites\/43\/2025\/10\/mais-informacoes-768x961.jpg 768w, https:\/\/www.pmpf.rs.gov.br\/educacao\/wp-content\/uploads\/sites\/43\/2025\/10\/mais-informacoes-1228x1536.jpg 1228w, https:\/\/www.pmpf.rs.gov.br\/educacao\/wp-content\/uploads\/sites\/43\/2025\/10\/mais-informacoes.jpg 1439w\" sizes=\"(max-width: 819px) 100vw, 819px\" \/><\/figure>\n<\/figure>\n\n\n\n<hr class=\"wp-block-separator has-alpha-channel-opacity\"\/>\n\n\n\n<p>Mais informa\u00e7\u00f5es com a Central de Vagas do Munic\u00edpio:<\/p>\n\n\n\n<p><img loading=\"lazy\" decoding=\"async\" height=\"16\" width=\"16\" alt=\"\ud83d\udcf2\" src=\"https:\/\/static.xx.fbcdn.net\/images\/emoji.php\/v9\/td8\/1\/16\/1f4f2.png\"> 54 99617-9279<\/p>\n\n\n\n<p><img loading=\"lazy\" decoding=\"async\" height=\"16\" width=\"16\" alt=\"\ud83d\udcde\" src=\"https:\/\/static.xx.fbcdn.net\/images\/emoji.php\/v9\/t4d\/1\/16\/1f4de.png\"> 54 3316-7210 e 54 3314-6911<\/p>\n\n\n\n<p><img loading=\"lazy\" decoding=\"async\" height=\"16\" width=\"16\" src=\"https:\/\/static.xx.fbcdn.net\/images\/emoji.php\/v9\/tc0\/1\/16\/1f4e9.png\" alt=\"\ud83d\udce9\"> central.vagas@edu.pmpf.rs.gov.br<\/p>\n\n\n\n<p><img loading=\"lazy\" decoding=\"async\" height=\"16\" width=\"16\" src=\"https:\/\/static.xx.fbcdn.net\/images\/emoji.php\/v9\/t2d\/1\/16\/1f4cd.png\" alt=\"\ud83d\udccd\"> Avenida Brasil Leste, 839, junto \u00e0 Escola das Profiss\u00f5es<\/p>\n\n\n\n<hr class=\"wp-block-separator has-alpha-channel-opacity\"\/>\n","protected":false},"excerpt":{"rendered":"<p>Para Alunos Novos na Educa\u00e7\u00e3o Infantil e 1\u00ba Ano do Ensino Fundamental Per\u00edodo: 20\/10 a 31\/10 Aten\u00e7\u00e3o: O processo de inscri\u00e7\u00e3o n\u00e3o garante a Vaga! Separamos um passo a passo sobre como [&hellip;]<\/p>\n","protected":false},"author":4,"featured_media":0,"parent":0,"menu_order":0,"comment_status":"closed","ping_status":"closed","template":"","meta":{"footnotes":""},"class_list":["post-10150","page","type-page","status-publish","hentry"],"yoast_head":"<!-- This site is optimized with the Yoast SEO plugin v23.8 - https:\/\/yoast.com\/wordpress\/plugins\/seo\/ -->\n<title>Inscri\u00e7\u00f5es 2026 - Secretaria de Educa\u00e7\u00e3o<\/title>\n<meta name=\"robots\" content=\"index, follow, max-snippet:-1, max-image-preview:large, max-video-preview:-1\" \/>\n<link rel=\"canonical\" href=\"https:\/\/www.pmpf.rs.gov.br\/educacao\/inscricoes-alunos2026\/\" \/>\n<meta property=\"og:locale\" content=\"pt_BR\" \/>\n<meta property=\"og:type\" content=\"article\" \/>\n<meta property=\"og:title\" content=\"Inscri\u00e7\u00f5es 2026 - Secretaria de Educa\u00e7\u00e3o\" \/>\n<meta property=\"og:description\" content=\"Para Alunos Novos na Educa\u00e7\u00e3o Infantil e 1\u00ba Ano do Ensino Fundamental Per\u00edodo: 20\/10 a 31\/10 Aten\u00e7\u00e3o: O processo de inscri\u00e7\u00e3o n\u00e3o garante a Vaga! Separamos um passo a passo sobre como [&hellip;]\" \/>\n<meta property=\"og:url\" content=\"https:\/\/www.pmpf.rs.gov.br\/educacao\/inscricoes-alunos2026\/\" \/>\n<meta property=\"og:site_name\" content=\"Secretaria de Educa\u00e7\u00e3o\" \/>\n<meta property=\"article:modified_time\" content=\"2025-11-04T19:41:24+00:00\" \/>\n<meta property=\"og:image\" content=\"https:\/\/www.pmpf.rs.gov.br\/educacao\/wp-content\/uploads\/sites\/43\/2025\/10\/datas-rematricula.jpg\" \/>\n\t<meta property=\"og:image:width\" content=\"1440\" \/>\n\t<meta property=\"og:image:height\" content=\"1799\" \/>\n\t<meta property=\"og:image:type\" content=\"image\/jpeg\" \/>\n<meta name=\"twitter:card\" content=\"summary_large_image\" \/>\n<script type=\"application\/ld+json\" class=\"yoast-schema-graph\">{\"@context\":\"https:\/\/schema.org\",\"@graph\":[{\"@type\":\"WebPage\",\"@id\":\"https:\/\/www.pmpf.rs.gov.br\/educacao\/inscricoes-alunos2026\/\",\"url\":\"https:\/\/www.pmpf.rs.gov.br\/educacao\/inscricoes-alunos2026\/\",\"name\":\"Inscri\u00e7\u00f5es 2026 - Secretaria de Educa\u00e7\u00e3o\",\"isPartOf\":{\"@id\":\"https:\/\/www.pmpf.rs.gov.br\/educacao\/#website\"},\"primaryImageOfPage\":{\"@id\":\"https:\/\/www.pmpf.rs.gov.br\/educacao\/inscricoes-alunos2026\/#primaryimage\"},\"image\":{\"@id\":\"https:\/\/www.pmpf.rs.gov.br\/educacao\/inscricoes-alunos2026\/#primaryimage\"},\"thumbnailUrl\":\"https:\/\/www.pmpf.rs.gov.br\/educacao\/wp-content\/uploads\/sites\/43\/2025\/10\/datas-rematricula-820x1024.jpg\",\"datePublished\":\"2025-10-17T19:36:42+00:00\",\"dateModified\":\"2025-11-04T19:41:24+00:00\",\"inLanguage\":\"pt-BR\",\"potentialAction\":[{\"@type\":\"ReadAction\",\"target\":[\"https:\/\/www.pmpf.rs.gov.br\/educacao\/inscricoes-alunos2026\/\"]}]},{\"@type\":\"ImageObject\",\"inLanguage\":\"pt-BR\",\"@id\":\"https:\/\/www.pmpf.rs.gov.br\/educacao\/inscricoes-alunos2026\/#primaryimage\",\"url\":\"https:\/\/www.pmpf.rs.gov.br\/educacao\/wp-content\/uploads\/sites\/43\/2025\/10\/datas-rematricula.jpg\",\"contentUrl\":\"https:\/\/www.pmpf.rs.gov.br\/educacao\/wp-content\/uploads\/sites\/43\/2025\/10\/datas-rematricula.jpg\",\"width\":1440,\"height\":1799,\"caption\":\"Datas para rematr\u00edcula\"},{\"@type\":\"WebSite\",\"@id\":\"https:\/\/www.pmpf.rs.gov.br\/educacao\/#website\",\"url\":\"https:\/\/www.pmpf.rs.gov.br\/educacao\/\",\"name\":\"Secretaria de Educa\u00e7\u00e3o\",\"description\":\"Secretaria de Educa\u00e7\u00e3o da cidade de Passo Fundo\",\"potentialAction\":[{\"@type\":\"SearchAction\",\"target\":{\"@type\":\"EntryPoint\",\"urlTemplate\":\"https:\/\/www.pmpf.rs.gov.br\/educacao\/?s={search_term_string}\"},\"query-input\":{\"@type\":\"PropertyValueSpecification\",\"valueRequired\":true,\"valueName\":\"search_term_string\"}}],\"inLanguage\":\"pt-BR\"}]}<\/script>\n<!-- \/ Yoast SEO plugin. -->","yoast_head_json":{"title":"Inscri\u00e7\u00f5es 2026 - Secretaria de Educa\u00e7\u00e3o","robots":{"index":"index","follow":"follow","max-snippet":"max-snippet:-1","max-image-preview":"max-image-preview:large","max-video-preview":"max-video-preview:-1"},"canonical":"https:\/\/www.pmpf.rs.gov.br\/educacao\/inscricoes-alunos2026\/","og_locale":"pt_BR","og_type":"article","og_title":"Inscri\u00e7\u00f5es 2026 - Secretaria de Educa\u00e7\u00e3o","og_description":"Para Alunos Novos na Educa\u00e7\u00e3o Infantil e 1\u00ba Ano do Ensino Fundamental Per\u00edodo: 20\/10 a 31\/10 Aten\u00e7\u00e3o: O processo de inscri\u00e7\u00e3o n\u00e3o garante a Vaga! Separamos um passo a passo sobre como [&hellip;]","og_url":"https:\/\/www.pmpf.rs.gov.br\/educacao\/inscricoes-alunos2026\/","og_site_name":"Secretaria de Educa\u00e7\u00e3o","article_modified_time":"2025-11-04T19:41:24+00:00","og_image":[{"width":1440,"height":1799,"url":"https:\/\/www.pmpf.rs.gov.br\/educacao\/wp-content\/uploads\/sites\/43\/2025\/10\/datas-rematricula.jpg","type":"image\/jpeg"}],"twitter_card":"summary_large_image","schema":{"@context":"https:\/\/schema.org","@graph":[{"@type":"WebPage","@id":"https:\/\/www.pmpf.rs.gov.br\/educacao\/inscricoes-alunos2026\/","url":"https:\/\/www.pmpf.rs.gov.br\/educacao\/inscricoes-alunos2026\/","name":"Inscri\u00e7\u00f5es 2026 - Secretaria de Educa\u00e7\u00e3o","isPartOf":{"@id":"https:\/\/www.pmpf.rs.gov.br\/educacao\/#website"},"primaryImageOfPage":{"@id":"https:\/\/www.pmpf.rs.gov.br\/educacao\/inscricoes-alunos2026\/#primaryimage"},"image":{"@id":"https:\/\/www.pmpf.rs.gov.br\/educacao\/inscricoes-alunos2026\/#primaryimage"},"thumbnailUrl":"https:\/\/www.pmpf.rs.gov.br\/educacao\/wp-content\/uploads\/sites\/43\/2025\/10\/datas-rematricula-820x1024.jpg","datePublished":"2025-10-17T19:36:42+00:00","dateModified":"2025-11-04T19:41:24+00:00","inLanguage":"pt-BR","potentialAction":[{"@type":"ReadAction","target":["https:\/\/www.pmpf.rs.gov.br\/educacao\/inscricoes-alunos2026\/"]}]},{"@type":"ImageObject","inLanguage":"pt-BR","@id":"https:\/\/www.pmpf.rs.gov.br\/educacao\/inscricoes-alunos2026\/#primaryimage","url":"https:\/\/www.pmpf.rs.gov.br\/educacao\/wp-content\/uploads\/sites\/43\/2025\/10\/datas-rematricula.jpg","contentUrl":"https:\/\/www.pmpf.rs.gov.br\/educacao\/wp-content\/uploads\/sites\/43\/2025\/10\/datas-rematricula.jpg","width":1440,"height":1799,"caption":"Datas para rematr\u00edcula"},{"@type":"WebSite","@id":"https:\/\/www.pmpf.rs.gov.br\/educacao\/#website","url":"https:\/\/www.pmpf.rs.gov.br\/educacao\/","name":"Secretaria de Educa\u00e7\u00e3o","description":"Secretaria de Educa\u00e7\u00e3o da cidade de Passo Fundo","potentialAction":[{"@type":"SearchAction","target":{"@type":"EntryPoint","urlTemplate":"https:\/\/www.pmpf.rs.gov.br\/educacao\/?s={search_term_string}"},"query-input":{"@type":"PropertyValueSpecification","valueRequired":true,"valueName":"search_term_string"}}],"inLanguage":"pt-BR"}]}},"_links":{"self":[{"href":"https:\/\/www.pmpf.rs.gov.br\/educacao\/wp-json\/wp\/v2\/pages\/10150"}],"collection":[{"href":"https:\/\/www.pmpf.rs.gov.br\/educacao\/wp-json\/wp\/v2\/pages"}],"about":[{"href":"https:\/\/www.pmpf.rs.gov.br\/educacao\/wp-json\/wp\/v2\/types\/page"}],"author":[{"embeddable":true,"href":"https:\/\/www.pmpf.rs.gov.br\/educacao\/wp-json\/wp\/v2\/users\/4"}],"replies":[{"embeddable":true,"href":"https:\/\/www.pmpf.rs.gov.br\/educacao\/wp-json\/wp\/v2\/comments?post=10150"}],"version-history":[{"count":5,"href":"https:\/\/www.pmpf.rs.gov.br\/educacao\/wp-json\/wp\/v2\/pages\/10150\/revisions"}],"predecessor-version":[{"id":10183,"href":"https:\/\/www.pmpf.rs.gov.br\/educacao\/wp-json\/wp\/v2\/pages\/10150\/revisions\/10183"}],"wp:attachment":[{"href":"https:\/\/www.pmpf.rs.gov.br\/educacao\/wp-json\/wp\/v2\/media?parent=10150"}],"curies":[{"name":"wp","href":"https:\/\/api.w.org\/{rel}","templated":true}]}}