{"id":3617,"date":"2023-02-06T09:28:28","date_gmt":"2023-02-06T12:28:28","guid":{"rendered":"https:\/\/www.pmpf.rs.gov.br\/cultura\/?page_id=3617"},"modified":"2025-05-13T14:51:07","modified_gmt":"2025-05-13T17:51:07","slug":"funcultura","status":"publish","type":"page","link":"https:\/\/www.pmpf.rs.gov.br\/cultura\/funcultura\/","title":{"rendered":"9\u00ba Pr\u00eamio FUNCULTURA"},"content":{"rendered":"<div class=\"wp-block-image is-style-default\">\n<figure class=\"alignleft size-full\"><img loading=\"lazy\" decoding=\"async\" width=\"225\" height=\"225\" src=\"https:\/\/www.pmpf.rs.gov.br\/cultura\/wp-content\/uploads\/sites\/25\/2021\/11\/logo_funcultura.png\" alt=\"\" class=\"wp-image-3217\" srcset=\"https:\/\/www.pmpf.rs.gov.br\/cultura\/wp-content\/uploads\/sites\/25\/2021\/11\/logo_funcultura.png 225w, https:\/\/www.pmpf.rs.gov.br\/cultura\/wp-content\/uploads\/sites\/25\/2021\/11\/logo_funcultura-150x150.png 150w\" sizes=\"(max-width: 225px) 100vw, 225px\" \/><\/figure><\/div>\n\n\n<p>Nesta edi\u00e7\u00e3o, o Pr\u00eamio Funcultura vai contemplar 52 projetos culturais, com valores que variam de R$ 15 mil a R$ 50 mil. Ser\u00e3o dois projetos premiados com R$ 50 mil, dez com R$ 30 mil e 40 iniciativas com R$ 15 mil. O objetivo \u00e9 impulsionar a produ\u00e7\u00e3o cultural nos diferentes segmentos art\u00edsticos, garantindo apoio financeiro para a realiza\u00e7\u00e3o de iniciativas que contribuam com a diversidade e a riqueza cultural do munic\u00edpio.<\/p>\n\n\n\n<p><\/p>\n\n\n\n<div style=\"height:20px\" aria-hidden=\"true\" class=\"wp-block-spacer\"><\/div>\n\n\n\n<div class=\"wp-block-buttons is-content-justification-center is-layout-flex wp-container-core-buttons-is-layout-1 wp-block-buttons-is-layout-flex\">\n<div class=\"wp-block-button has-custom-font-size has-small-font-size\"><a class=\"wp-block-button__link has-white-color has-blue-background-color has-text-color has-background has-link-color wp-element-button\" href=\"https:\/\/grp.pmpf.rs.gov.br\/transparencia\/portal\/#\/consultaLicitacao\/detalhesLicitacao\/eyJudW1lcm9Ub3RhbCI6IjkxMDUiLCJ0aXBvQXZhbGlhY2FvIjoiSSIsImFkbWluaXN0cmFjYW8iOiIxIiwidGlwbyI6IlAiLCJtb3N0cmFMaW5rIjp0cnVlfQ==\" style=\"border-radius:8px\" target=\"_blank\" rel=\"noreferrer noopener\">LICITA\u00c7\u00c3O CHAMAMENTO P\u00daBLICO 05\/2025<\/a><\/div>\n<\/div>\n\n\n\n<div style=\"height:30px\" aria-hidden=\"true\" class=\"wp-block-spacer\"><\/div>\n\n\n\n<p><strong>Informa\u00e7\u00f5es:<\/strong> (54) 3316-7124, (54) 3316-7125<\/p>\n\n\n\n<hr class=\"wp-block-separator has-css-opacity\"\/>\n","protected":false},"excerpt":{"rendered":"<p>Nesta edi\u00e7\u00e3o, o Pr\u00eamio Funcultura vai contemplar 52 projetos culturais, com valores que variam de R$ 15 mil a R$ 50 mil. Ser\u00e3o dois projetos premiados com R$ 50 mil, dez com [&hellip;]<\/p>\n","protected":false},"author":4,"featured_media":0,"parent":0,"menu_order":0,"comment_status":"closed","ping_status":"closed","template":"","meta":{"footnotes":""},"class_list":["post-3617","page","type-page","status-publish","hentry"],"yoast_head":"<!-- This site is optimized with the Yoast SEO plugin v23.8 - https:\/\/yoast.com\/wordpress\/plugins\/seo\/ -->\n<title>9\u00ba Pr\u00eamio FUNCULTURA - Secretaria de Cultura<\/title>\n<meta name=\"robots\" content=\"index, follow, max-snippet:-1, max-image-preview:large, max-video-preview:-1\" \/>\n<link rel=\"canonical\" href=\"https:\/\/www.pmpf.rs.gov.br\/cultura\/funcultura\/\" \/>\n<meta property=\"og:locale\" content=\"pt_BR\" \/>\n<meta property=\"og:type\" content=\"article\" \/>\n<meta property=\"og:title\" content=\"9\u00ba Pr\u00eamio FUNCULTURA - Secretaria de Cultura\" \/>\n<meta property=\"og:description\" content=\"Nesta edi\u00e7\u00e3o, o Pr\u00eamio Funcultura vai contemplar 52 projetos culturais, com valores que variam de R$ 15 mil a R$ 50 mil. Ser\u00e3o dois projetos premiados com R$ 50 mil, dez com [&hellip;]\" \/>\n<meta property=\"og:url\" content=\"https:\/\/www.pmpf.rs.gov.br\/cultura\/funcultura\/\" \/>\n<meta property=\"og:site_name\" content=\"Secretaria de Cultura\" \/>\n<meta property=\"article:modified_time\" content=\"2025-05-13T17:51:07+00:00\" \/>\n<meta property=\"og:image\" content=\"https:\/\/www.pmpf.rs.gov.br\/cultura\/wp-content\/uploads\/sites\/25\/2021\/11\/logo_funcultura.png\" \/>\n\t<meta property=\"og:image:width\" content=\"225\" \/>\n\t<meta property=\"og:image:height\" content=\"225\" \/>\n\t<meta property=\"og:image:type\" content=\"image\/png\" \/>\n<meta name=\"twitter:card\" content=\"summary_large_image\" \/>\n<script type=\"application\/ld+json\" class=\"yoast-schema-graph\">{\"@context\":\"https:\/\/schema.org\",\"@graph\":[{\"@type\":\"WebPage\",\"@id\":\"https:\/\/www.pmpf.rs.gov.br\/cultura\/funcultura\/\",\"url\":\"https:\/\/www.pmpf.rs.gov.br\/cultura\/funcultura\/\",\"name\":\"9\u00ba Pr\u00eamio FUNCULTURA - Secretaria de Cultura\",\"isPartOf\":{\"@id\":\"https:\/\/www.pmpf.rs.gov.br\/cultura\/#website\"},\"primaryImageOfPage\":{\"@id\":\"https:\/\/www.pmpf.rs.gov.br\/cultura\/funcultura\/#primaryimage\"},\"image\":{\"@id\":\"https:\/\/www.pmpf.rs.gov.br\/cultura\/funcultura\/#primaryimage\"},\"thumbnailUrl\":\"https:\/\/www.pmpf.rs.gov.br\/cultura\/wp-content\/uploads\/sites\/25\/2021\/11\/logo_funcultura.png\",\"datePublished\":\"2023-02-06T12:28:28+00:00\",\"dateModified\":\"2025-05-13T17:51:07+00:00\",\"inLanguage\":\"pt-BR\",\"potentialAction\":[{\"@type\":\"ReadAction\",\"target\":[\"https:\/\/www.pmpf.rs.gov.br\/cultura\/funcultura\/\"]}]},{\"@type\":\"ImageObject\",\"inLanguage\":\"pt-BR\",\"@id\":\"https:\/\/www.pmpf.rs.gov.br\/cultura\/funcultura\/#primaryimage\",\"url\":\"https:\/\/www.pmpf.rs.gov.br\/cultura\/wp-content\/uploads\/sites\/25\/2021\/11\/logo_funcultura.png\",\"contentUrl\":\"https:\/\/www.pmpf.rs.gov.br\/cultura\/wp-content\/uploads\/sites\/25\/2021\/11\/logo_funcultura.png\",\"width\":225,\"height\":225},{\"@type\":\"WebSite\",\"@id\":\"https:\/\/www.pmpf.rs.gov.br\/cultura\/#website\",\"url\":\"https:\/\/www.pmpf.rs.gov.br\/cultura\/\",\"name\":\"Secretaria de Cultura\",\"description\":\"S\u00f3 mais um site Prefeitura de Passo Fundo\",\"potentialAction\":[{\"@type\":\"SearchAction\",\"target\":{\"@type\":\"EntryPoint\",\"urlTemplate\":\"https:\/\/www.pmpf.rs.gov.br\/cultura\/?s={search_term_string}\"},\"query-input\":{\"@type\":\"PropertyValueSpecification\",\"valueRequired\":true,\"valueName\":\"search_term_string\"}}],\"inLanguage\":\"pt-BR\"}]}<\/script>\n<!-- \/ Yoast SEO plugin. -->","yoast_head_json":{"title":"9\u00ba Pr\u00eamio FUNCULTURA - Secretaria de Cultura","robots":{"index":"index","follow":"follow","max-snippet":"max-snippet:-1","max-image-preview":"max-image-preview:large","max-video-preview":"max-video-preview:-1"},"canonical":"https:\/\/www.pmpf.rs.gov.br\/cultura\/funcultura\/","og_locale":"pt_BR","og_type":"article","og_title":"9\u00ba Pr\u00eamio FUNCULTURA - Secretaria de Cultura","og_description":"Nesta edi\u00e7\u00e3o, o Pr\u00eamio Funcultura vai contemplar 52 projetos culturais, com valores que variam de R$ 15 mil a R$ 50 mil. Ser\u00e3o dois projetos premiados com R$ 50 mil, dez com [&hellip;]","og_url":"https:\/\/www.pmpf.rs.gov.br\/cultura\/funcultura\/","og_site_name":"Secretaria de Cultura","article_modified_time":"2025-05-13T17:51:07+00:00","og_image":[{"width":225,"height":225,"url":"https:\/\/www.pmpf.rs.gov.br\/cultura\/wp-content\/uploads\/sites\/25\/2021\/11\/logo_funcultura.png","type":"image\/png"}],"twitter_card":"summary_large_image","schema":{"@context":"https:\/\/schema.org","@graph":[{"@type":"WebPage","@id":"https:\/\/www.pmpf.rs.gov.br\/cultura\/funcultura\/","url":"https:\/\/www.pmpf.rs.gov.br\/cultura\/funcultura\/","name":"9\u00ba Pr\u00eamio FUNCULTURA - Secretaria de Cultura","isPartOf":{"@id":"https:\/\/www.pmpf.rs.gov.br\/cultura\/#website"},"primaryImageOfPage":{"@id":"https:\/\/www.pmpf.rs.gov.br\/cultura\/funcultura\/#primaryimage"},"image":{"@id":"https:\/\/www.pmpf.rs.gov.br\/cultura\/funcultura\/#primaryimage"},"thumbnailUrl":"https:\/\/www.pmpf.rs.gov.br\/cultura\/wp-content\/uploads\/sites\/25\/2021\/11\/logo_funcultura.png","datePublished":"2023-02-06T12:28:28+00:00","dateModified":"2025-05-13T17:51:07+00:00","inLanguage":"pt-BR","potentialAction":[{"@type":"ReadAction","target":["https:\/\/www.pmpf.rs.gov.br\/cultura\/funcultura\/"]}]},{"@type":"ImageObject","inLanguage":"pt-BR","@id":"https:\/\/www.pmpf.rs.gov.br\/cultura\/funcultura\/#primaryimage","url":"https:\/\/www.pmpf.rs.gov.br\/cultura\/wp-content\/uploads\/sites\/25\/2021\/11\/logo_funcultura.png","contentUrl":"https:\/\/www.pmpf.rs.gov.br\/cultura\/wp-content\/uploads\/sites\/25\/2021\/11\/logo_funcultura.png","width":225,"height":225},{"@type":"WebSite","@id":"https:\/\/www.pmpf.rs.gov.br\/cultura\/#website","url":"https:\/\/www.pmpf.rs.gov.br\/cultura\/","name":"Secretaria de Cultura","description":"S\u00f3 mais um site Prefeitura de Passo Fundo","potentialAction":[{"@type":"SearchAction","target":{"@type":"EntryPoint","urlTemplate":"https:\/\/www.pmpf.rs.gov.br\/cultura\/?s={search_term_string}"},"query-input":{"@type":"PropertyValueSpecification","valueRequired":true,"valueName":"search_term_string"}}],"inLanguage":"pt-BR"}]}},"_links":{"self":[{"href":"https:\/\/www.pmpf.rs.gov.br\/cultura\/wp-json\/wp\/v2\/pages\/3617"}],"collection":[{"href":"https:\/\/www.pmpf.rs.gov.br\/cultura\/wp-json\/wp\/v2\/pages"}],"about":[{"href":"https:\/\/www.pmpf.rs.gov.br\/cultura\/wp-json\/wp\/v2\/types\/page"}],"author":[{"embeddable":true,"href":"https:\/\/www.pmpf.rs.gov.br\/cultura\/wp-json\/wp\/v2\/users\/4"}],"replies":[{"embeddable":true,"href":"https:\/\/www.pmpf.rs.gov.br\/cultura\/wp-json\/wp\/v2\/comments?post=3617"}],"version-history":[{"count":21,"href":"https:\/\/www.pmpf.rs.gov.br\/cultura\/wp-json\/wp\/v2\/pages\/3617\/revisions"}],"predecessor-version":[{"id":4201,"href":"https:\/\/www.pmpf.rs.gov.br\/cultura\/wp-json\/wp\/v2\/pages\/3617\/revisions\/4201"}],"wp:attachment":[{"href":"https:\/\/www.pmpf.rs.gov.br\/cultura\/wp-json\/wp\/v2\/media?parent=3617"}],"curies":[{"name":"wp","href":"https:\/\/api.w.org\/{rel}","templated":true}]}}