{"id":288,"date":"2021-12-21T00:31:43","date_gmt":"2021-12-21T03:31:43","guid":{"rendered":"https:\/\/www.pmpf.rs.gov.br\/secretaria-de-cultura\/?page_id=288"},"modified":"2021-12-21T00:31:43","modified_gmt":"2021-12-21T03:31:43","slug":"festejos-farroupilha","status":"publish","type":"page","link":"https:\/\/www.pmpf.rs.gov.br\/cultura\/festejos-farroupilha\/","title":{"rendered":"Festejos Farroupilha"},"content":{"rendered":"\n<h2 class=\"wp-block-heading\">Culto \u00e0s tradi\u00e7\u00f5es ga\u00fachas<\/h2>\n\n\n\n<div class=\"wp-block-image\"><figure class=\"alignleft size-full is-resized\"><img loading=\"lazy\" decoding=\"async\" src=\"https:\/\/www.pmpf.rs.gov.br\/secretaria-de-cultura\/wp-content\/uploads\/sites\/25\/2021\/12\/I2018-05-02_16_19_28_106220.jpg\" alt=\"\" class=\"wp-image-289\" width=\"303\" height=\"173\" srcset=\"https:\/\/www.pmpf.rs.gov.br\/cultura\/wp-content\/uploads\/sites\/25\/2021\/12\/I2018-05-02_16_19_28_106220.jpg 700w, https:\/\/www.pmpf.rs.gov.br\/cultura\/wp-content\/uploads\/sites\/25\/2021\/12\/I2018-05-02_16_19_28_106220-300x171.jpg 300w\" sizes=\"(max-width: 303px) 100vw, 303px\" \/><\/figure><\/div>\n\n\n\n<p><strong>Per\u00edodo:<\/strong>&nbsp;Setembro<\/p>\n\n\n\n<p>Festejos Farroupilha de Passo Fundo \u00e9 um raro momento para preservar e cultuar a hist\u00f3ria e a tradi\u00e7\u00e3o do Rio Grande do Sul em toda sua extens\u00e3o, promovendo, neste per\u00edodo a integra\u00e7\u00e3o das entidades tradicionalistas locais com a comunidade.<\/p>\n\n\n\n<p>Acontecem diversas atividades nos CTGs locais, conforme programa\u00e7\u00e3o disponibilizada no per\u00edodo.<\/p>\n","protected":false},"excerpt":{"rendered":"<p>Culto \u00e0s tradi\u00e7\u00f5es ga\u00fachas Per\u00edodo:&nbsp;Setembro Festejos Farroupilha de Passo Fundo \u00e9 um raro momento para preservar e cultuar a hist\u00f3ria e a tradi\u00e7\u00e3o do Rio Grande do Sul em toda sua extens\u00e3o, [&hellip;]<\/p>\n","protected":false},"author":1,"featured_media":0,"parent":0,"menu_order":0,"comment_status":"closed","ping_status":"closed","template":"","meta":{"footnotes":""},"class_list":["post-288","page","type-page","status-publish","hentry"],"yoast_head":"<!-- This site is optimized with the Yoast SEO plugin v23.8 - https:\/\/yoast.com\/wordpress\/plugins\/seo\/ -->\n<title>Festejos Farroupilha - Secretaria de Cultura<\/title>\n<meta name=\"robots\" content=\"index, follow, max-snippet:-1, max-image-preview:large, max-video-preview:-1\" \/>\n<link rel=\"canonical\" href=\"https:\/\/www.pmpf.rs.gov.br\/cultura\/festejos-farroupilha\/\" \/>\n<meta property=\"og:locale\" content=\"pt_BR\" \/>\n<meta property=\"og:type\" content=\"article\" \/>\n<meta property=\"og:title\" content=\"Festejos Farroupilha - Secretaria de Cultura\" \/>\n<meta property=\"og:description\" content=\"Culto \u00e0s tradi\u00e7\u00f5es ga\u00fachas Per\u00edodo:&nbsp;Setembro Festejos Farroupilha de Passo Fundo \u00e9 um raro momento para preservar e cultuar a hist\u00f3ria e a tradi\u00e7\u00e3o do Rio Grande do Sul em toda sua extens\u00e3o, [&hellip;]\" \/>\n<meta property=\"og:url\" content=\"https:\/\/www.pmpf.rs.gov.br\/cultura\/festejos-farroupilha\/\" \/>\n<meta property=\"og:site_name\" content=\"Secretaria de Cultura\" \/>\n<meta property=\"og:image\" content=\"https:\/\/www.pmpf.rs.gov.br\/secretaria-de-cultura\/wp-content\/uploads\/sites\/25\/2021\/12\/I2018-05-02_16_19_28_106220.jpg\" \/>\n<meta name=\"twitter:card\" content=\"summary_large_image\" \/>\n<meta name=\"twitter:label1\" content=\"Est. tempo de leitura\" \/>\n\t<meta name=\"twitter:data1\" content=\"1 minuto\" \/>\n<script type=\"application\/ld+json\" class=\"yoast-schema-graph\">{\"@context\":\"https:\/\/schema.org\",\"@graph\":[{\"@type\":\"WebPage\",\"@id\":\"https:\/\/www.pmpf.rs.gov.br\/cultura\/festejos-farroupilha\/\",\"url\":\"https:\/\/www.pmpf.rs.gov.br\/cultura\/festejos-farroupilha\/\",\"name\":\"Festejos Farroupilha - Secretaria de Cultura\",\"isPartOf\":{\"@id\":\"https:\/\/www.pmpf.rs.gov.br\/cultura\/#website\"},\"primaryImageOfPage\":{\"@id\":\"https:\/\/www.pmpf.rs.gov.br\/cultura\/festejos-farroupilha\/#primaryimage\"},\"image\":{\"@id\":\"https:\/\/www.pmpf.rs.gov.br\/cultura\/festejos-farroupilha\/#primaryimage\"},\"thumbnailUrl\":\"https:\/\/www.pmpf.rs.gov.br\/secretaria-de-cultura\/wp-content\/uploads\/sites\/25\/2021\/12\/I2018-05-02_16_19_28_106220.jpg\",\"datePublished\":\"2021-12-21T03:31:43+00:00\",\"dateModified\":\"2021-12-21T03:31:43+00:00\",\"inLanguage\":\"pt-BR\",\"potentialAction\":[{\"@type\":\"ReadAction\",\"target\":[\"https:\/\/www.pmpf.rs.gov.br\/cultura\/festejos-farroupilha\/\"]}]},{\"@type\":\"ImageObject\",\"inLanguage\":\"pt-BR\",\"@id\":\"https:\/\/www.pmpf.rs.gov.br\/cultura\/festejos-farroupilha\/#primaryimage\",\"url\":\"https:\/\/www.pmpf.rs.gov.br\/secretaria-de-cultura\/wp-content\/uploads\/sites\/25\/2021\/12\/I2018-05-02_16_19_28_106220.jpg\",\"contentUrl\":\"https:\/\/www.pmpf.rs.gov.br\/secretaria-de-cultura\/wp-content\/uploads\/sites\/25\/2021\/12\/I2018-05-02_16_19_28_106220.jpg\"},{\"@type\":\"WebSite\",\"@id\":\"https:\/\/www.pmpf.rs.gov.br\/cultura\/#website\",\"url\":\"https:\/\/www.pmpf.rs.gov.br\/cultura\/\",\"name\":\"Secretaria de Cultura\",\"description\":\"S\u00f3 mais um site Prefeitura de Passo Fundo\",\"potentialAction\":[{\"@type\":\"SearchAction\",\"target\":{\"@type\":\"EntryPoint\",\"urlTemplate\":\"https:\/\/www.pmpf.rs.gov.br\/cultura\/?s={search_term_string}\"},\"query-input\":{\"@type\":\"PropertyValueSpecification\",\"valueRequired\":true,\"valueName\":\"search_term_string\"}}],\"inLanguage\":\"pt-BR\"}]}<\/script>\n<!-- \/ Yoast SEO plugin. -->","yoast_head_json":{"title":"Festejos Farroupilha - Secretaria de Cultura","robots":{"index":"index","follow":"follow","max-snippet":"max-snippet:-1","max-image-preview":"max-image-preview:large","max-video-preview":"max-video-preview:-1"},"canonical":"https:\/\/www.pmpf.rs.gov.br\/cultura\/festejos-farroupilha\/","og_locale":"pt_BR","og_type":"article","og_title":"Festejos Farroupilha - Secretaria de Cultura","og_description":"Culto \u00e0s tradi\u00e7\u00f5es ga\u00fachas Per\u00edodo:&nbsp;Setembro Festejos Farroupilha de Passo Fundo \u00e9 um raro momento para preservar e cultuar a hist\u00f3ria e a tradi\u00e7\u00e3o do Rio Grande do Sul em toda sua extens\u00e3o, [&hellip;]","og_url":"https:\/\/www.pmpf.rs.gov.br\/cultura\/festejos-farroupilha\/","og_site_name":"Secretaria de Cultura","og_image":[{"url":"https:\/\/www.pmpf.rs.gov.br\/secretaria-de-cultura\/wp-content\/uploads\/sites\/25\/2021\/12\/I2018-05-02_16_19_28_106220.jpg"}],"twitter_card":"summary_large_image","twitter_misc":{"Est. tempo de leitura":"1 minuto"},"schema":{"@context":"https:\/\/schema.org","@graph":[{"@type":"WebPage","@id":"https:\/\/www.pmpf.rs.gov.br\/cultura\/festejos-farroupilha\/","url":"https:\/\/www.pmpf.rs.gov.br\/cultura\/festejos-farroupilha\/","name":"Festejos Farroupilha - Secretaria de Cultura","isPartOf":{"@id":"https:\/\/www.pmpf.rs.gov.br\/cultura\/#website"},"primaryImageOfPage":{"@id":"https:\/\/www.pmpf.rs.gov.br\/cultura\/festejos-farroupilha\/#primaryimage"},"image":{"@id":"https:\/\/www.pmpf.rs.gov.br\/cultura\/festejos-farroupilha\/#primaryimage"},"thumbnailUrl":"https:\/\/www.pmpf.rs.gov.br\/secretaria-de-cultura\/wp-content\/uploads\/sites\/25\/2021\/12\/I2018-05-02_16_19_28_106220.jpg","datePublished":"2021-12-21T03:31:43+00:00","dateModified":"2021-12-21T03:31:43+00:00","inLanguage":"pt-BR","potentialAction":[{"@type":"ReadAction","target":["https:\/\/www.pmpf.rs.gov.br\/cultura\/festejos-farroupilha\/"]}]},{"@type":"ImageObject","inLanguage":"pt-BR","@id":"https:\/\/www.pmpf.rs.gov.br\/cultura\/festejos-farroupilha\/#primaryimage","url":"https:\/\/www.pmpf.rs.gov.br\/secretaria-de-cultura\/wp-content\/uploads\/sites\/25\/2021\/12\/I2018-05-02_16_19_28_106220.jpg","contentUrl":"https:\/\/www.pmpf.rs.gov.br\/secretaria-de-cultura\/wp-content\/uploads\/sites\/25\/2021\/12\/I2018-05-02_16_19_28_106220.jpg"},{"@type":"WebSite","@id":"https:\/\/www.pmpf.rs.gov.br\/cultura\/#website","url":"https:\/\/www.pmpf.rs.gov.br\/cultura\/","name":"Secretaria de Cultura","description":"S\u00f3 mais um site Prefeitura de Passo Fundo","potentialAction":[{"@type":"SearchAction","target":{"@type":"EntryPoint","urlTemplate":"https:\/\/www.pmpf.rs.gov.br\/cultura\/?s={search_term_string}"},"query-input":{"@type":"PropertyValueSpecification","valueRequired":true,"valueName":"search_term_string"}}],"inLanguage":"pt-BR"}]}},"_links":{"self":[{"href":"https:\/\/www.pmpf.rs.gov.br\/cultura\/wp-json\/wp\/v2\/pages\/288"}],"collection":[{"href":"https:\/\/www.pmpf.rs.gov.br\/cultura\/wp-json\/wp\/v2\/pages"}],"about":[{"href":"https:\/\/www.pmpf.rs.gov.br\/cultura\/wp-json\/wp\/v2\/types\/page"}],"author":[{"embeddable":true,"href":"https:\/\/www.pmpf.rs.gov.br\/cultura\/wp-json\/wp\/v2\/users\/1"}],"replies":[{"embeddable":true,"href":"https:\/\/www.pmpf.rs.gov.br\/cultura\/wp-json\/wp\/v2\/comments?post=288"}],"version-history":[{"count":1,"href":"https:\/\/www.pmpf.rs.gov.br\/cultura\/wp-json\/wp\/v2\/pages\/288\/revisions"}],"predecessor-version":[{"id":290,"href":"https:\/\/www.pmpf.rs.gov.br\/cultura\/wp-json\/wp\/v2\/pages\/288\/revisions\/290"}],"wp:attachment":[{"href":"https:\/\/www.pmpf.rs.gov.br\/cultura\/wp-json\/wp\/v2\/media?parent=288"}],"curies":[{"name":"wp","href":"https:\/\/api.w.org\/{rel}","templated":true}]}}