{"id":284,"date":"2021-12-21T00:29:55","date_gmt":"2021-12-21T03:29:55","guid":{"rendered":"https:\/\/www.pmpf.rs.gov.br\/secretaria-de-cultura\/?page_id=284"},"modified":"2021-12-21T00:29:55","modified_gmt":"2021-12-21T03:29:55","slug":"feira-do-livro","status":"publish","type":"page","link":"https:\/\/www.pmpf.rs.gov.br\/cultura\/feira-do-livro\/","title":{"rendered":"Feira do Livro"},"content":{"rendered":"\n<h2 class=\"wp-block-heading\">A leitura mais perto de voc\u00ea<\/h2>\n\n\n\n<div class=\"wp-block-image\"><figure class=\"alignleft size-large is-resized\"><img loading=\"lazy\" decoding=\"async\" src=\"https:\/\/www.pmpf.rs.gov.br\/secretaria-de-cultura\/wp-content\/uploads\/sites\/25\/2021\/12\/I2015-11-02_08_40_50_339528-1024x683.jpg\" alt=\"\" class=\"wp-image-285\" width=\"292\" height=\"195\" srcset=\"https:\/\/www.pmpf.rs.gov.br\/cultura\/wp-content\/uploads\/sites\/25\/2021\/12\/I2015-11-02_08_40_50_339528-1024x683.jpg 1024w, https:\/\/www.pmpf.rs.gov.br\/cultura\/wp-content\/uploads\/sites\/25\/2021\/12\/I2015-11-02_08_40_50_339528-300x200.jpg 300w, https:\/\/www.pmpf.rs.gov.br\/cultura\/wp-content\/uploads\/sites\/25\/2021\/12\/I2015-11-02_08_40_50_339528-768x512.jpg 768w, https:\/\/www.pmpf.rs.gov.br\/cultura\/wp-content\/uploads\/sites\/25\/2021\/12\/I2015-11-02_08_40_50_339528-1536x1024.jpg 1536w, https:\/\/www.pmpf.rs.gov.br\/cultura\/wp-content\/uploads\/sites\/25\/2021\/12\/I2015-11-02_08_40_50_339528-2048x1365.jpg 2048w\" sizes=\"(max-width: 292px) 100vw, 292px\" \/><\/figure><\/div>\n\n\n\n<p>A Feira do Livro de Passo Fundo tem por objetivo oferecer \u00e0 comunidade passo-fundense e regional o acesso a livros com pre\u00e7os inferiores aos praticados no mercado e \u00e0 produ\u00e7\u00e3o cultural de artistas locais e regionais, propiciando o interc\u00e2mbio entre autores, editoras e leitores de m\u00faltiplas linguagens. O evento \u00e9 promovido, anualmente, entre os meses de novembro pela Universidade de Passo Fundo e Prefeitura Municipal, atrav\u00e9s da Secretaria de Cultura e conta com diversos apoiadores e a participa\u00e7\u00e3o dos livreiros de Passo Fundo.<\/p>\n\n\n\n<p>A Comiss\u00e3o Organizadora da Feira do Livro escolhe, anualmente:<br><strong>Um patrono<\/strong>&nbsp;&#8211; pessoa que pelo seu esp\u00edrito empreendedor apoia e divulga os projetos realizados em Passo Fundo em prol da leitura.<br><strong>Amigo do livro<\/strong>&nbsp;&#8211; pessoa ou entidade que marca sua trajet\u00f3ria com a n\u00edtida preocupa\u00e7\u00e3o em promover a intera\u00e7\u00e3o entre leitor, obra e autor.<br><strong>Educador Em\u00e9rito<\/strong>&nbsp;&#8211; pessoa preocupada com a educa\u00e7\u00e3o e forma\u00e7\u00e3o de leitores.<\/p>\n\n\n\n<p>Passo Fundo hoje faz parte do mapa cultural do Brasil, pela sua movimenta\u00e7\u00e3o cultural, pelas a\u00e7\u00f5es de incentivo \u00e0 leitura, com a certeza de que saber ler e utilizar esse conhecimento aprimora a qualidade de vida do povo.<\/p>\n","protected":false},"excerpt":{"rendered":"<p>A leitura mais perto de voc\u00ea A Feira do Livro de Passo Fundo tem por objetivo oferecer \u00e0 comunidade passo-fundense e regional o acesso a livros com pre\u00e7os inferiores aos praticados no [&hellip;]<\/p>\n","protected":false},"author":1,"featured_media":0,"parent":0,"menu_order":0,"comment_status":"closed","ping_status":"closed","template":"","meta":{"footnotes":""},"class_list":["post-284","page","type-page","status-publish","hentry"],"yoast_head":"<!-- This site is optimized with the Yoast SEO plugin v23.8 - https:\/\/yoast.com\/wordpress\/plugins\/seo\/ -->\n<title>Feira do Livro - Secretaria de Cultura<\/title>\n<meta name=\"robots\" content=\"index, follow, max-snippet:-1, max-image-preview:large, max-video-preview:-1\" \/>\n<link rel=\"canonical\" href=\"https:\/\/www.pmpf.rs.gov.br\/cultura\/feira-do-livro\/\" \/>\n<meta property=\"og:locale\" content=\"pt_BR\" \/>\n<meta property=\"og:type\" content=\"article\" \/>\n<meta property=\"og:title\" content=\"Feira do Livro - Secretaria de Cultura\" \/>\n<meta property=\"og:description\" content=\"A leitura mais perto de voc\u00ea A Feira do Livro de Passo Fundo tem por objetivo oferecer \u00e0 comunidade passo-fundense e regional o acesso a livros com pre\u00e7os inferiores aos praticados no [&hellip;]\" \/>\n<meta property=\"og:url\" content=\"https:\/\/www.pmpf.rs.gov.br\/cultura\/feira-do-livro\/\" \/>\n<meta property=\"og:site_name\" content=\"Secretaria de Cultura\" \/>\n<meta property=\"og:image\" content=\"https:\/\/www.pmpf.rs.gov.br\/secretaria-de-cultura\/wp-content\/uploads\/sites\/25\/2021\/12\/I2015-11-02_08_40_50_339528-1024x683.jpg\" \/>\n<meta name=\"twitter:card\" content=\"summary_large_image\" \/>\n<meta name=\"twitter:label1\" content=\"Est. tempo de leitura\" \/>\n\t<meta name=\"twitter:data1\" content=\"2 minutos\" \/>\n<script type=\"application\/ld+json\" class=\"yoast-schema-graph\">{\"@context\":\"https:\/\/schema.org\",\"@graph\":[{\"@type\":\"WebPage\",\"@id\":\"https:\/\/www.pmpf.rs.gov.br\/cultura\/feira-do-livro\/\",\"url\":\"https:\/\/www.pmpf.rs.gov.br\/cultura\/feira-do-livro\/\",\"name\":\"Feira do Livro - Secretaria de Cultura\",\"isPartOf\":{\"@id\":\"https:\/\/www.pmpf.rs.gov.br\/cultura\/#website\"},\"primaryImageOfPage\":{\"@id\":\"https:\/\/www.pmpf.rs.gov.br\/cultura\/feira-do-livro\/#primaryimage\"},\"image\":{\"@id\":\"https:\/\/www.pmpf.rs.gov.br\/cultura\/feira-do-livro\/#primaryimage\"},\"thumbnailUrl\":\"https:\/\/www.pmpf.rs.gov.br\/secretaria-de-cultura\/wp-content\/uploads\/sites\/25\/2021\/12\/I2015-11-02_08_40_50_339528-1024x683.jpg\",\"datePublished\":\"2021-12-21T03:29:55+00:00\",\"dateModified\":\"2021-12-21T03:29:55+00:00\",\"inLanguage\":\"pt-BR\",\"potentialAction\":[{\"@type\":\"ReadAction\",\"target\":[\"https:\/\/www.pmpf.rs.gov.br\/cultura\/feira-do-livro\/\"]}]},{\"@type\":\"ImageObject\",\"inLanguage\":\"pt-BR\",\"@id\":\"https:\/\/www.pmpf.rs.gov.br\/cultura\/feira-do-livro\/#primaryimage\",\"url\":\"https:\/\/www.pmpf.rs.gov.br\/secretaria-de-cultura\/wp-content\/uploads\/sites\/25\/2021\/12\/I2015-11-02_08_40_50_339528-1024x683.jpg\",\"contentUrl\":\"https:\/\/www.pmpf.rs.gov.br\/secretaria-de-cultura\/wp-content\/uploads\/sites\/25\/2021\/12\/I2015-11-02_08_40_50_339528-1024x683.jpg\"},{\"@type\":\"WebSite\",\"@id\":\"https:\/\/www.pmpf.rs.gov.br\/cultura\/#website\",\"url\":\"https:\/\/www.pmpf.rs.gov.br\/cultura\/\",\"name\":\"Secretaria de Cultura\",\"description\":\"S\u00f3 mais um site Prefeitura de Passo Fundo\",\"potentialAction\":[{\"@type\":\"SearchAction\",\"target\":{\"@type\":\"EntryPoint\",\"urlTemplate\":\"https:\/\/www.pmpf.rs.gov.br\/cultura\/?s={search_term_string}\"},\"query-input\":{\"@type\":\"PropertyValueSpecification\",\"valueRequired\":true,\"valueName\":\"search_term_string\"}}],\"inLanguage\":\"pt-BR\"}]}<\/script>\n<!-- \/ Yoast SEO plugin. -->","yoast_head_json":{"title":"Feira do Livro - Secretaria de Cultura","robots":{"index":"index","follow":"follow","max-snippet":"max-snippet:-1","max-image-preview":"max-image-preview:large","max-video-preview":"max-video-preview:-1"},"canonical":"https:\/\/www.pmpf.rs.gov.br\/cultura\/feira-do-livro\/","og_locale":"pt_BR","og_type":"article","og_title":"Feira do Livro - Secretaria de Cultura","og_description":"A leitura mais perto de voc\u00ea A Feira do Livro de Passo Fundo tem por objetivo oferecer \u00e0 comunidade passo-fundense e regional o acesso a livros com pre\u00e7os inferiores aos praticados no [&hellip;]","og_url":"https:\/\/www.pmpf.rs.gov.br\/cultura\/feira-do-livro\/","og_site_name":"Secretaria de Cultura","og_image":[{"url":"https:\/\/www.pmpf.rs.gov.br\/secretaria-de-cultura\/wp-content\/uploads\/sites\/25\/2021\/12\/I2015-11-02_08_40_50_339528-1024x683.jpg"}],"twitter_card":"summary_large_image","twitter_misc":{"Est. tempo de leitura":"2 minutos"},"schema":{"@context":"https:\/\/schema.org","@graph":[{"@type":"WebPage","@id":"https:\/\/www.pmpf.rs.gov.br\/cultura\/feira-do-livro\/","url":"https:\/\/www.pmpf.rs.gov.br\/cultura\/feira-do-livro\/","name":"Feira do Livro - Secretaria de Cultura","isPartOf":{"@id":"https:\/\/www.pmpf.rs.gov.br\/cultura\/#website"},"primaryImageOfPage":{"@id":"https:\/\/www.pmpf.rs.gov.br\/cultura\/feira-do-livro\/#primaryimage"},"image":{"@id":"https:\/\/www.pmpf.rs.gov.br\/cultura\/feira-do-livro\/#primaryimage"},"thumbnailUrl":"https:\/\/www.pmpf.rs.gov.br\/secretaria-de-cultura\/wp-content\/uploads\/sites\/25\/2021\/12\/I2015-11-02_08_40_50_339528-1024x683.jpg","datePublished":"2021-12-21T03:29:55+00:00","dateModified":"2021-12-21T03:29:55+00:00","inLanguage":"pt-BR","potentialAction":[{"@type":"ReadAction","target":["https:\/\/www.pmpf.rs.gov.br\/cultura\/feira-do-livro\/"]}]},{"@type":"ImageObject","inLanguage":"pt-BR","@id":"https:\/\/www.pmpf.rs.gov.br\/cultura\/feira-do-livro\/#primaryimage","url":"https:\/\/www.pmpf.rs.gov.br\/secretaria-de-cultura\/wp-content\/uploads\/sites\/25\/2021\/12\/I2015-11-02_08_40_50_339528-1024x683.jpg","contentUrl":"https:\/\/www.pmpf.rs.gov.br\/secretaria-de-cultura\/wp-content\/uploads\/sites\/25\/2021\/12\/I2015-11-02_08_40_50_339528-1024x683.jpg"},{"@type":"WebSite","@id":"https:\/\/www.pmpf.rs.gov.br\/cultura\/#website","url":"https:\/\/www.pmpf.rs.gov.br\/cultura\/","name":"Secretaria de Cultura","description":"S\u00f3 mais um site Prefeitura de Passo Fundo","potentialAction":[{"@type":"SearchAction","target":{"@type":"EntryPoint","urlTemplate":"https:\/\/www.pmpf.rs.gov.br\/cultura\/?s={search_term_string}"},"query-input":{"@type":"PropertyValueSpecification","valueRequired":true,"valueName":"search_term_string"}}],"inLanguage":"pt-BR"}]}},"_links":{"self":[{"href":"https:\/\/www.pmpf.rs.gov.br\/cultura\/wp-json\/wp\/v2\/pages\/284"}],"collection":[{"href":"https:\/\/www.pmpf.rs.gov.br\/cultura\/wp-json\/wp\/v2\/pages"}],"about":[{"href":"https:\/\/www.pmpf.rs.gov.br\/cultura\/wp-json\/wp\/v2\/types\/page"}],"author":[{"embeddable":true,"href":"https:\/\/www.pmpf.rs.gov.br\/cultura\/wp-json\/wp\/v2\/users\/1"}],"replies":[{"embeddable":true,"href":"https:\/\/www.pmpf.rs.gov.br\/cultura\/wp-json\/wp\/v2\/comments?post=284"}],"version-history":[{"count":1,"href":"https:\/\/www.pmpf.rs.gov.br\/cultura\/wp-json\/wp\/v2\/pages\/284\/revisions"}],"predecessor-version":[{"id":286,"href":"https:\/\/www.pmpf.rs.gov.br\/cultura\/wp-json\/wp\/v2\/pages\/284\/revisions\/286"}],"wp:attachment":[{"href":"https:\/\/www.pmpf.rs.gov.br\/cultura\/wp-json\/wp\/v2\/media?parent=284"}],"curies":[{"name":"wp","href":"https:\/\/api.w.org\/{rel}","templated":true}]}}