{"id":246,"date":"2021-12-21T00:15:21","date_gmt":"2021-12-21T03:15:21","guid":{"rendered":"https:\/\/www.pmpf.rs.gov.br\/secretaria-de-cultura\/?page_id=246"},"modified":"2021-12-21T00:15:21","modified_gmt":"2021-12-21T03:15:21","slug":"carnaval-popular","status":"publish","type":"page","link":"https:\/\/www.pmpf.rs.gov.br\/cultura\/carnaval-popular\/","title":{"rendered":"Carnaval Popular"},"content":{"rendered":"\n<h2 class=\"wp-block-heading\">Valoriza\u00e7\u00e3o do samba e resgate da hist\u00f3ria do carnaval.<\/h2>\n\n\n\n<p>O Carnaval Popular no Parque da Gare \u00e9 um evento gratuito, para todos os foli\u00f5es Passo-Fundense celebrarem uma das tradi\u00e7\u00f5es mais populares do Brasil.<\/p>\n\n\n\n<p>Ser\u00e1 realizado um evento com foco nas fam\u00edlias, valoriza\u00e7\u00e3o do samba e no resgate da hist\u00f3ria do carnaval.<\/p>\n\n\n\n<p>Conscientiza\u00e7\u00e3o, inclus\u00e3o e muito samba estar\u00e3o presentes nesse evento que tem como objetivo criar um novo modelo de festejar o carnaval na cidade.<\/p>\n\n\n\n<p>Participar\u00e3o das atividades a Apae e os grupos de terceira idade do munic\u00edpio. A realiza\u00e7\u00e3o \u00e9 da Prefeitura de Passo Fundo, atrav\u00e9s das secretarias de Cultura e Sa\u00fade e Funda\u00e7\u00e3o Passo Fundo de Turismo (Passotur).<\/p>\n\n\n\n<p>Ser\u00e3o duas datas:<\/p>\n\n\n\n<p>O primeiro dia, ser\u00e1 dedicado ao Carnaval Infantil;<\/p>\n\n\n\n<p>O segundo dia para as festas de toda a comunidade.<\/p>\n\n\n\n<p><\/p>\n\n\n\n<figure class=\"wp-block-gallery columns-3 is-cropped wp-block-gallery-1 is-layout-flex wp-block-gallery-is-layout-flex\"><ul class=\"blocks-gallery-grid\"><li class=\"blocks-gallery-item\"><figure><img loading=\"lazy\" decoding=\"async\" width=\"1024\" height=\"680\" src=\"https:\/\/www.pmpf.rs.gov.br\/secretaria-de-cultura\/wp-content\/uploads\/sites\/25\/2021\/12\/I2018-04-19_15_35_53_106220-1024x680.jpeg\" alt=\"\" data-id=\"247\" data-full-url=\"https:\/\/www.pmpf.rs.gov.br\/secretaria-de-cultura\/wp-content\/uploads\/sites\/25\/2021\/12\/I2018-04-19_15_35_53_106220.jpeg\" data-link=\"https:\/\/www.pmpf.rs.gov.br\/secretaria-de-cultura\/?attachment_id=247\" class=\"wp-image-247\" srcset=\"https:\/\/www.pmpf.rs.gov.br\/cultura\/wp-content\/uploads\/sites\/25\/2021\/12\/I2018-04-19_15_35_53_106220-1024x680.jpeg 1024w, https:\/\/www.pmpf.rs.gov.br\/cultura\/wp-content\/uploads\/sites\/25\/2021\/12\/I2018-04-19_15_35_53_106220-300x199.jpeg 300w, https:\/\/www.pmpf.rs.gov.br\/cultura\/wp-content\/uploads\/sites\/25\/2021\/12\/I2018-04-19_15_35_53_106220-768x510.jpeg 768w, https:\/\/www.pmpf.rs.gov.br\/cultura\/wp-content\/uploads\/sites\/25\/2021\/12\/I2018-04-19_15_35_53_106220-1536x1020.jpeg 1536w, https:\/\/www.pmpf.rs.gov.br\/cultura\/wp-content\/uploads\/sites\/25\/2021\/12\/I2018-04-19_15_35_53_106220.jpeg 2048w\" sizes=\"(max-width: 1024px) 100vw, 1024px\" \/><\/figure><\/li><li class=\"blocks-gallery-item\"><figure><img loading=\"lazy\" decoding=\"async\" width=\"1024\" height=\"680\" src=\"https:\/\/www.pmpf.rs.gov.br\/secretaria-de-cultura\/wp-content\/uploads\/sites\/25\/2021\/12\/I2018-04-19_15_38_25_106220-1024x680.jpeg\" alt=\"\" data-id=\"248\" data-full-url=\"https:\/\/www.pmpf.rs.gov.br\/secretaria-de-cultura\/wp-content\/uploads\/sites\/25\/2021\/12\/I2018-04-19_15_38_25_106220.jpeg\" data-link=\"https:\/\/www.pmpf.rs.gov.br\/secretaria-de-cultura\/?attachment_id=248\" class=\"wp-image-248\" srcset=\"https:\/\/www.pmpf.rs.gov.br\/cultura\/wp-content\/uploads\/sites\/25\/2021\/12\/I2018-04-19_15_38_25_106220-1024x680.jpeg 1024w, https:\/\/www.pmpf.rs.gov.br\/cultura\/wp-content\/uploads\/sites\/25\/2021\/12\/I2018-04-19_15_38_25_106220-300x199.jpeg 300w, https:\/\/www.pmpf.rs.gov.br\/cultura\/wp-content\/uploads\/sites\/25\/2021\/12\/I2018-04-19_15_38_25_106220-768x510.jpeg 768w, https:\/\/www.pmpf.rs.gov.br\/cultura\/wp-content\/uploads\/sites\/25\/2021\/12\/I2018-04-19_15_38_25_106220-1536x1020.jpeg 1536w, https:\/\/www.pmpf.rs.gov.br\/cultura\/wp-content\/uploads\/sites\/25\/2021\/12\/I2018-04-19_15_38_25_106220.jpeg 2048w\" sizes=\"(max-width: 1024px) 100vw, 1024px\" \/><\/figure><\/li><li class=\"blocks-gallery-item\"><figure><img loading=\"lazy\" decoding=\"async\" width=\"1024\" height=\"680\" src=\"https:\/\/www.pmpf.rs.gov.br\/secretaria-de-cultura\/wp-content\/uploads\/sites\/25\/2021\/12\/I2018-04-19_15_43_39_106220-1024x680.jpg\" alt=\"\" data-id=\"249\" data-full-url=\"https:\/\/www.pmpf.rs.gov.br\/secretaria-de-cultura\/wp-content\/uploads\/sites\/25\/2021\/12\/I2018-04-19_15_43_39_106220.jpg\" data-link=\"https:\/\/www.pmpf.rs.gov.br\/secretaria-de-cultura\/?attachment_id=249\" class=\"wp-image-249\" srcset=\"https:\/\/www.pmpf.rs.gov.br\/cultura\/wp-content\/uploads\/sites\/25\/2021\/12\/I2018-04-19_15_43_39_106220-1024x680.jpg 1024w, https:\/\/www.pmpf.rs.gov.br\/cultura\/wp-content\/uploads\/sites\/25\/2021\/12\/I2018-04-19_15_43_39_106220-300x199.jpg 300w, https:\/\/www.pmpf.rs.gov.br\/cultura\/wp-content\/uploads\/sites\/25\/2021\/12\/I2018-04-19_15_43_39_106220-768x510.jpg 768w, https:\/\/www.pmpf.rs.gov.br\/cultura\/wp-content\/uploads\/sites\/25\/2021\/12\/I2018-04-19_15_43_39_106220-1536x1020.jpg 1536w, https:\/\/www.pmpf.rs.gov.br\/cultura\/wp-content\/uploads\/sites\/25\/2021\/12\/I2018-04-19_15_43_39_106220.jpg 2048w\" sizes=\"(max-width: 1024px) 100vw, 1024px\" \/><\/figure><\/li><li class=\"blocks-gallery-item\"><figure><img loading=\"lazy\" decoding=\"async\" width=\"1024\" height=\"680\" src=\"https:\/\/www.pmpf.rs.gov.br\/secretaria-de-cultura\/wp-content\/uploads\/sites\/25\/2021\/12\/I2018-04-19_16_11_45_106220-1024x680.jpg\" alt=\"\" data-id=\"250\" data-full-url=\"https:\/\/www.pmpf.rs.gov.br\/secretaria-de-cultura\/wp-content\/uploads\/sites\/25\/2021\/12\/I2018-04-19_16_11_45_106220.jpg\" data-link=\"https:\/\/www.pmpf.rs.gov.br\/secretaria-de-cultura\/?attachment_id=250\" class=\"wp-image-250\" srcset=\"https:\/\/www.pmpf.rs.gov.br\/cultura\/wp-content\/uploads\/sites\/25\/2021\/12\/I2018-04-19_16_11_45_106220-1024x680.jpg 1024w, https:\/\/www.pmpf.rs.gov.br\/cultura\/wp-content\/uploads\/sites\/25\/2021\/12\/I2018-04-19_16_11_45_106220-300x199.jpg 300w, https:\/\/www.pmpf.rs.gov.br\/cultura\/wp-content\/uploads\/sites\/25\/2021\/12\/I2018-04-19_16_11_45_106220-768x510.jpg 768w, https:\/\/www.pmpf.rs.gov.br\/cultura\/wp-content\/uploads\/sites\/25\/2021\/12\/I2018-04-19_16_11_45_106220-1536x1020.jpg 1536w, https:\/\/www.pmpf.rs.gov.br\/cultura\/wp-content\/uploads\/sites\/25\/2021\/12\/I2018-04-19_16_11_45_106220.jpg 2048w\" sizes=\"(max-width: 1024px) 100vw, 1024px\" \/><\/figure><\/li><li class=\"blocks-gallery-item\"><figure><img loading=\"lazy\" decoding=\"async\" width=\"1024\" height=\"680\" src=\"https:\/\/www.pmpf.rs.gov.br\/secretaria-de-cultura\/wp-content\/uploads\/sites\/25\/2021\/12\/I2018-04-19_16_15_22_106220-1024x680.jpg\" alt=\"\" data-id=\"251\" data-full-url=\"https:\/\/www.pmpf.rs.gov.br\/secretaria-de-cultura\/wp-content\/uploads\/sites\/25\/2021\/12\/I2018-04-19_16_15_22_106220.jpg\" data-link=\"https:\/\/www.pmpf.rs.gov.br\/secretaria-de-cultura\/?attachment_id=251\" class=\"wp-image-251\" srcset=\"https:\/\/www.pmpf.rs.gov.br\/cultura\/wp-content\/uploads\/sites\/25\/2021\/12\/I2018-04-19_16_15_22_106220-1024x680.jpg 1024w, https:\/\/www.pmpf.rs.gov.br\/cultura\/wp-content\/uploads\/sites\/25\/2021\/12\/I2018-04-19_16_15_22_106220-300x199.jpg 300w, https:\/\/www.pmpf.rs.gov.br\/cultura\/wp-content\/uploads\/sites\/25\/2021\/12\/I2018-04-19_16_15_22_106220-768x510.jpg 768w, https:\/\/www.pmpf.rs.gov.br\/cultura\/wp-content\/uploads\/sites\/25\/2021\/12\/I2018-04-19_16_15_22_106220-1536x1020.jpg 1536w, https:\/\/www.pmpf.rs.gov.br\/cultura\/wp-content\/uploads\/sites\/25\/2021\/12\/I2018-04-19_16_15_22_106220.jpg 2048w\" sizes=\"(max-width: 1024px) 100vw, 1024px\" \/><\/figure><\/li><li class=\"blocks-gallery-item\"><figure><img loading=\"lazy\" decoding=\"async\" width=\"1024\" height=\"768\" src=\"https:\/\/www.pmpf.rs.gov.br\/secretaria-de-cultura\/wp-content\/uploads\/sites\/25\/2021\/12\/I2018-04-19_16_28_24_106220-1024x768.jpg\" alt=\"\" data-id=\"252\" data-full-url=\"https:\/\/www.pmpf.rs.gov.br\/secretaria-de-cultura\/wp-content\/uploads\/sites\/25\/2021\/12\/I2018-04-19_16_28_24_106220-scaled.jpg\" data-link=\"https:\/\/www.pmpf.rs.gov.br\/secretaria-de-cultura\/?attachment_id=252\" class=\"wp-image-252\" srcset=\"https:\/\/www.pmpf.rs.gov.br\/cultura\/wp-content\/uploads\/sites\/25\/2021\/12\/I2018-04-19_16_28_24_106220-1024x768.jpg 1024w, https:\/\/www.pmpf.rs.gov.br\/cultura\/wp-content\/uploads\/sites\/25\/2021\/12\/I2018-04-19_16_28_24_106220-300x225.jpg 300w, https:\/\/www.pmpf.rs.gov.br\/cultura\/wp-content\/uploads\/sites\/25\/2021\/12\/I2018-04-19_16_28_24_106220-768x576.jpg 768w, https:\/\/www.pmpf.rs.gov.br\/cultura\/wp-content\/uploads\/sites\/25\/2021\/12\/I2018-04-19_16_28_24_106220-1536x1152.jpg 1536w, https:\/\/www.pmpf.rs.gov.br\/cultura\/wp-content\/uploads\/sites\/25\/2021\/12\/I2018-04-19_16_28_24_106220-2048x1536.jpg 2048w\" sizes=\"(max-width: 1024px) 100vw, 1024px\" \/><\/figure><\/li><li class=\"blocks-gallery-item\"><figure><img loading=\"lazy\" decoding=\"async\" width=\"1024\" height=\"768\" src=\"https:\/\/www.pmpf.rs.gov.br\/secretaria-de-cultura\/wp-content\/uploads\/sites\/25\/2021\/12\/I2018-04-19_16_30_27_106220-1024x768.jpg\" alt=\"\" data-id=\"253\" data-full-url=\"https:\/\/www.pmpf.rs.gov.br\/secretaria-de-cultura\/wp-content\/uploads\/sites\/25\/2021\/12\/I2018-04-19_16_30_27_106220-scaled.jpg\" data-link=\"https:\/\/www.pmpf.rs.gov.br\/secretaria-de-cultura\/?attachment_id=253\" class=\"wp-image-253\" srcset=\"https:\/\/www.pmpf.rs.gov.br\/cultura\/wp-content\/uploads\/sites\/25\/2021\/12\/I2018-04-19_16_30_27_106220-1024x768.jpg 1024w, https:\/\/www.pmpf.rs.gov.br\/cultura\/wp-content\/uploads\/sites\/25\/2021\/12\/I2018-04-19_16_30_27_106220-300x225.jpg 300w, https:\/\/www.pmpf.rs.gov.br\/cultura\/wp-content\/uploads\/sites\/25\/2021\/12\/I2018-04-19_16_30_27_106220-768x576.jpg 768w, https:\/\/www.pmpf.rs.gov.br\/cultura\/wp-content\/uploads\/sites\/25\/2021\/12\/I2018-04-19_16_30_27_106220-1536x1152.jpg 1536w, https:\/\/www.pmpf.rs.gov.br\/cultura\/wp-content\/uploads\/sites\/25\/2021\/12\/I2018-04-19_16_30_27_106220-2048x1536.jpg 2048w\" sizes=\"(max-width: 1024px) 100vw, 1024px\" \/><\/figure><\/li><li class=\"blocks-gallery-item\"><figure><img loading=\"lazy\" decoding=\"async\" width=\"1024\" height=\"768\" src=\"https:\/\/www.pmpf.rs.gov.br\/secretaria-de-cultura\/wp-content\/uploads\/sites\/25\/2021\/12\/I2018-04-19_16_22_03_106220-1024x768.jpg\" alt=\"\" data-id=\"254\" data-full-url=\"https:\/\/www.pmpf.rs.gov.br\/secretaria-de-cultura\/wp-content\/uploads\/sites\/25\/2021\/12\/I2018-04-19_16_22_03_106220-scaled.jpg\" data-link=\"https:\/\/www.pmpf.rs.gov.br\/secretaria-de-cultura\/?attachment_id=254\" class=\"wp-image-254\" srcset=\"https:\/\/www.pmpf.rs.gov.br\/cultura\/wp-content\/uploads\/sites\/25\/2021\/12\/I2018-04-19_16_22_03_106220-1024x768.jpg 1024w, https:\/\/www.pmpf.rs.gov.br\/cultura\/wp-content\/uploads\/sites\/25\/2021\/12\/I2018-04-19_16_22_03_106220-300x225.jpg 300w, https:\/\/www.pmpf.rs.gov.br\/cultura\/wp-content\/uploads\/sites\/25\/2021\/12\/I2018-04-19_16_22_03_106220-768x576.jpg 768w, https:\/\/www.pmpf.rs.gov.br\/cultura\/wp-content\/uploads\/sites\/25\/2021\/12\/I2018-04-19_16_22_03_106220-1536x1152.jpg 1536w, https:\/\/www.pmpf.rs.gov.br\/cultura\/wp-content\/uploads\/sites\/25\/2021\/12\/I2018-04-19_16_22_03_106220-2048x1536.jpg 2048w\" sizes=\"(max-width: 1024px) 100vw, 1024px\" \/><\/figure><\/li><\/ul><\/figure>\n","protected":false},"excerpt":{"rendered":"<p>Valoriza\u00e7\u00e3o do samba e resgate da hist\u00f3ria do carnaval. O Carnaval Popular no Parque da Gare \u00e9 um evento gratuito, para todos os foli\u00f5es Passo-Fundense celebrarem uma das tradi\u00e7\u00f5es mais populares do [&hellip;]<\/p>\n","protected":false},"author":1,"featured_media":0,"parent":0,"menu_order":0,"comment_status":"closed","ping_status":"closed","template":"","meta":{"footnotes":""},"class_list":["post-246","page","type-page","status-publish","hentry"],"yoast_head":"<!-- This site is optimized with the Yoast SEO plugin v23.8 - https:\/\/yoast.com\/wordpress\/plugins\/seo\/ -->\n<title>Carnaval Popular - Secretaria de Cultura<\/title>\n<meta name=\"robots\" content=\"index, follow, max-snippet:-1, max-image-preview:large, max-video-preview:-1\" \/>\n<link rel=\"canonical\" href=\"https:\/\/www.pmpf.rs.gov.br\/cultura\/carnaval-popular\/\" \/>\n<meta property=\"og:locale\" content=\"pt_BR\" \/>\n<meta property=\"og:type\" content=\"article\" \/>\n<meta property=\"og:title\" content=\"Carnaval Popular - Secretaria de Cultura\" \/>\n<meta property=\"og:description\" content=\"Valoriza\u00e7\u00e3o do samba e resgate da hist\u00f3ria do carnaval. O Carnaval Popular no Parque da Gare \u00e9 um evento gratuito, para todos os foli\u00f5es Passo-Fundense celebrarem uma das tradi\u00e7\u00f5es mais populares do [&hellip;]\" \/>\n<meta property=\"og:url\" content=\"https:\/\/www.pmpf.rs.gov.br\/cultura\/carnaval-popular\/\" \/>\n<meta property=\"og:site_name\" content=\"Secretaria de Cultura\" \/>\n<meta property=\"og:image\" content=\"https:\/\/www.pmpf.rs.gov.br\/secretaria-de-cultura\/wp-content\/uploads\/sites\/25\/2021\/12\/I2018-04-19_15_35_53_106220-1024x680.jpeg\" \/>\n<meta name=\"twitter:card\" content=\"summary_large_image\" \/>\n<meta name=\"twitter:label1\" content=\"Est. tempo de leitura\" \/>\n\t<meta name=\"twitter:data1\" content=\"3 minutos\" \/>\n<script type=\"application\/ld+json\" class=\"yoast-schema-graph\">{\"@context\":\"https:\/\/schema.org\",\"@graph\":[{\"@type\":\"WebPage\",\"@id\":\"https:\/\/www.pmpf.rs.gov.br\/cultura\/carnaval-popular\/\",\"url\":\"https:\/\/www.pmpf.rs.gov.br\/cultura\/carnaval-popular\/\",\"name\":\"Carnaval Popular - Secretaria de Cultura\",\"isPartOf\":{\"@id\":\"https:\/\/www.pmpf.rs.gov.br\/cultura\/#website\"},\"primaryImageOfPage\":{\"@id\":\"https:\/\/www.pmpf.rs.gov.br\/cultura\/carnaval-popular\/#primaryimage\"},\"image\":{\"@id\":\"https:\/\/www.pmpf.rs.gov.br\/cultura\/carnaval-popular\/#primaryimage\"},\"thumbnailUrl\":\"https:\/\/www.pmpf.rs.gov.br\/secretaria-de-cultura\/wp-content\/uploads\/sites\/25\/2021\/12\/I2018-04-19_15_35_53_106220-1024x680.jpeg\",\"datePublished\":\"2021-12-21T03:15:21+00:00\",\"dateModified\":\"2021-12-21T03:15:21+00:00\",\"inLanguage\":\"pt-BR\",\"potentialAction\":[{\"@type\":\"ReadAction\",\"target\":[\"https:\/\/www.pmpf.rs.gov.br\/cultura\/carnaval-popular\/\"]}]},{\"@type\":\"ImageObject\",\"inLanguage\":\"pt-BR\",\"@id\":\"https:\/\/www.pmpf.rs.gov.br\/cultura\/carnaval-popular\/#primaryimage\",\"url\":\"https:\/\/www.pmpf.rs.gov.br\/secretaria-de-cultura\/wp-content\/uploads\/sites\/25\/2021\/12\/I2018-04-19_15_35_53_106220-1024x680.jpeg\",\"contentUrl\":\"https:\/\/www.pmpf.rs.gov.br\/secretaria-de-cultura\/wp-content\/uploads\/sites\/25\/2021\/12\/I2018-04-19_15_35_53_106220-1024x680.jpeg\"},{\"@type\":\"WebSite\",\"@id\":\"https:\/\/www.pmpf.rs.gov.br\/cultura\/#website\",\"url\":\"https:\/\/www.pmpf.rs.gov.br\/cultura\/\",\"name\":\"Secretaria de Cultura\",\"description\":\"S\u00f3 mais um site Prefeitura de Passo Fundo\",\"potentialAction\":[{\"@type\":\"SearchAction\",\"target\":{\"@type\":\"EntryPoint\",\"urlTemplate\":\"https:\/\/www.pmpf.rs.gov.br\/cultura\/?s={search_term_string}\"},\"query-input\":{\"@type\":\"PropertyValueSpecification\",\"valueRequired\":true,\"valueName\":\"search_term_string\"}}],\"inLanguage\":\"pt-BR\"}]}<\/script>\n<!-- \/ Yoast SEO plugin. -->","yoast_head_json":{"title":"Carnaval Popular - Secretaria de Cultura","robots":{"index":"index","follow":"follow","max-snippet":"max-snippet:-1","max-image-preview":"max-image-preview:large","max-video-preview":"max-video-preview:-1"},"canonical":"https:\/\/www.pmpf.rs.gov.br\/cultura\/carnaval-popular\/","og_locale":"pt_BR","og_type":"article","og_title":"Carnaval Popular - Secretaria de Cultura","og_description":"Valoriza\u00e7\u00e3o do samba e resgate da hist\u00f3ria do carnaval. O Carnaval Popular no Parque da Gare \u00e9 um evento gratuito, para todos os foli\u00f5es Passo-Fundense celebrarem uma das tradi\u00e7\u00f5es mais populares do [&hellip;]","og_url":"https:\/\/www.pmpf.rs.gov.br\/cultura\/carnaval-popular\/","og_site_name":"Secretaria de Cultura","og_image":[{"url":"https:\/\/www.pmpf.rs.gov.br\/secretaria-de-cultura\/wp-content\/uploads\/sites\/25\/2021\/12\/I2018-04-19_15_35_53_106220-1024x680.jpeg"}],"twitter_card":"summary_large_image","twitter_misc":{"Est. tempo de leitura":"3 minutos"},"schema":{"@context":"https:\/\/schema.org","@graph":[{"@type":"WebPage","@id":"https:\/\/www.pmpf.rs.gov.br\/cultura\/carnaval-popular\/","url":"https:\/\/www.pmpf.rs.gov.br\/cultura\/carnaval-popular\/","name":"Carnaval Popular - Secretaria de Cultura","isPartOf":{"@id":"https:\/\/www.pmpf.rs.gov.br\/cultura\/#website"},"primaryImageOfPage":{"@id":"https:\/\/www.pmpf.rs.gov.br\/cultura\/carnaval-popular\/#primaryimage"},"image":{"@id":"https:\/\/www.pmpf.rs.gov.br\/cultura\/carnaval-popular\/#primaryimage"},"thumbnailUrl":"https:\/\/www.pmpf.rs.gov.br\/secretaria-de-cultura\/wp-content\/uploads\/sites\/25\/2021\/12\/I2018-04-19_15_35_53_106220-1024x680.jpeg","datePublished":"2021-12-21T03:15:21+00:00","dateModified":"2021-12-21T03:15:21+00:00","inLanguage":"pt-BR","potentialAction":[{"@type":"ReadAction","target":["https:\/\/www.pmpf.rs.gov.br\/cultura\/carnaval-popular\/"]}]},{"@type":"ImageObject","inLanguage":"pt-BR","@id":"https:\/\/www.pmpf.rs.gov.br\/cultura\/carnaval-popular\/#primaryimage","url":"https:\/\/www.pmpf.rs.gov.br\/secretaria-de-cultura\/wp-content\/uploads\/sites\/25\/2021\/12\/I2018-04-19_15_35_53_106220-1024x680.jpeg","contentUrl":"https:\/\/www.pmpf.rs.gov.br\/secretaria-de-cultura\/wp-content\/uploads\/sites\/25\/2021\/12\/I2018-04-19_15_35_53_106220-1024x680.jpeg"},{"@type":"WebSite","@id":"https:\/\/www.pmpf.rs.gov.br\/cultura\/#website","url":"https:\/\/www.pmpf.rs.gov.br\/cultura\/","name":"Secretaria de Cultura","description":"S\u00f3 mais um site Prefeitura de Passo Fundo","potentialAction":[{"@type":"SearchAction","target":{"@type":"EntryPoint","urlTemplate":"https:\/\/www.pmpf.rs.gov.br\/cultura\/?s={search_term_string}"},"query-input":{"@type":"PropertyValueSpecification","valueRequired":true,"valueName":"search_term_string"}}],"inLanguage":"pt-BR"}]}},"_links":{"self":[{"href":"https:\/\/www.pmpf.rs.gov.br\/cultura\/wp-json\/wp\/v2\/pages\/246"}],"collection":[{"href":"https:\/\/www.pmpf.rs.gov.br\/cultura\/wp-json\/wp\/v2\/pages"}],"about":[{"href":"https:\/\/www.pmpf.rs.gov.br\/cultura\/wp-json\/wp\/v2\/types\/page"}],"author":[{"embeddable":true,"href":"https:\/\/www.pmpf.rs.gov.br\/cultura\/wp-json\/wp\/v2\/users\/1"}],"replies":[{"embeddable":true,"href":"https:\/\/www.pmpf.rs.gov.br\/cultura\/wp-json\/wp\/v2\/comments?post=246"}],"version-history":[{"count":1,"href":"https:\/\/www.pmpf.rs.gov.br\/cultura\/wp-json\/wp\/v2\/pages\/246\/revisions"}],"predecessor-version":[{"id":255,"href":"https:\/\/www.pmpf.rs.gov.br\/cultura\/wp-json\/wp\/v2\/pages\/246\/revisions\/255"}],"wp:attachment":[{"href":"https:\/\/www.pmpf.rs.gov.br\/cultura\/wp-json\/wp\/v2\/media?parent=246"}],"curies":[{"name":"wp","href":"https:\/\/api.w.org\/{rel}","templated":true}]}}