{"id":222,"date":"2021-12-20T23:53:29","date_gmt":"2021-12-21T02:53:29","guid":{"rendered":"https:\/\/www.pmpf.rs.gov.br\/secretaria-de-cultura\/?page_id=222"},"modified":"2022-02-16T08:49:06","modified_gmt":"2022-02-16T11:49:06","slug":"batalha-do-pulador","status":"publish","type":"page","link":"https:\/\/www.pmpf.rs.gov.br\/cultura\/batalha-do-pulador\/","title":{"rendered":"Batalha do Pulador"},"content":{"rendered":"\n<h2 class=\"wp-block-heading\" id=\"historia-e-encenacao\">Hist\u00f3ria e encena\u00e7\u00e3o<\/h2>\n\n\n\n<p>Foi o combate mais importante e sangrento da Revolu\u00e7\u00e3o Federalista (1893-1895), ocorrida em 1894, no hoje distrito de Pulador, no Rio Grande do Sul, entre duas fac\u00e7\u00f5es representadas pelos maragatos (tamb\u00e9m chamados federalistas ou monarquistas) e os pica-paus (tamb\u00e9m chamados de republicanos ou legalistas).<\/p>\n\n\n\n<p>Ap\u00f3s a Proclama\u00e7\u00e3o da Rep\u00fablica, em 15 de novembro de 1889, ocorreram dissens\u00f5es pol\u00edticas na rec\u00e9m-criada federa\u00e7\u00e3o. No estado ga\u00facho as diferen\u00e7as se deram entre os federalistas de Gaspar Silveira Martins, conhecidos como maragatos, e os republicanos de J\u00falio de Castilhos, conhecidos como pica-paus, acabaram por fazer eclodir o movimento revolucion\u00e1rio.<\/p>\n\n\n\n<p>Na tomada de Bag\u00e9 pelo Coronel Arthur Oscar, enviado de J\u00falio de Castilhos, os maragatos deixaram suas fam\u00edlias e atravessaram a fronteira para o Uruguai, at\u00e9 que voltaram ao Rio Grande em 1893, pelas colunas comandadas por Gumercindo Saraiva, antigo delegado de pol\u00edcia.<\/p>\n\n\n\n<p><strong>A batalha<\/strong><\/p>\n\n\n\n<p>No dia 27 de junho de 1894, na localidade chamada Pulador, cerca de 4.600 homens entraram em violento combate que perdurou por seis horas, com grande n\u00famero de baixas nos dois lados, terminando com pica-paus e maragatos, j\u00e1 sem muni\u00e7\u00e3o, lutando no corpo-a-corpo.<\/p>\n\n\n\n<p>Os legalistas contavam com cerca de 3.000 homens, entre os volunt\u00e1rios do senador Pinheiro Machado, sob o comando do seu irm\u00e3o Salvador Pinheiro Machado,[1] contra 1.600 revolucion\u00e1rios federalistas. O saldo final de mortos e feridos diverge, dependendo do historiador, mas a maioria das fontes estima entre 800 a 1000 mortos, destacando-se que n\u00e3o houve prisioneiros. Os sobreviventes, de ambos os lados esconderam-se em matos pr\u00f3ximos.<\/p>\n\n\n\n<p><strong>Conseq\u00fc\u00eancias<\/strong><\/p>\n\n\n\n<p>A batalha resultou no enfraquecimento definitivo dos maragatos, que foram obrigados a assinar o tratado de paz um ano depois, o que contribuiu para a consolida\u00e7\u00e3o definitiva da Rep\u00fablica brasileira.<\/p>\n\n\n\n<p><strong>Encena\u00e7\u00e3o<\/strong><\/p>\n\n\n\n<p>Anualmente a Batalha do Pulador \u00e9 encenada por tradicionalistas de Passo Fundo, munic\u00edpio a que pertence o distrito onde ocorreu o fato.<\/p>\n\n\n\n<p><\/p>\n\n\n\n<figure class=\"wp-block-gallery has-nested-images columns-default is-cropped wp-block-gallery-1 is-layout-flex wp-block-gallery-is-layout-flex\">\n<figure class=\"wp-block-image size-large\"><img loading=\"lazy\" decoding=\"async\" width=\"300\" height=\"202\" data-id=\"223\" src=\"https:\/\/www.pmpf.rs.gov.br\/secretaria-de-cultura\/wp-content\/uploads\/sites\/25\/2021\/12\/I2018-04-12_15_14_35_106220.jpeg\" alt=\"\" class=\"wp-image-223\"\/><\/figure>\n\n\n\n<figure class=\"wp-block-image size-large\"><img loading=\"lazy\" decoding=\"async\" width=\"273\" height=\"198\" data-id=\"224\" src=\"https:\/\/www.pmpf.rs.gov.br\/secretaria-de-cultura\/wp-content\/uploads\/sites\/25\/2021\/12\/I2018-04-12_15_20_05_106220.jpeg\" alt=\"\" class=\"wp-image-224\"\/><\/figure>\n\n\n\n<figure class=\"wp-block-image size-large\"><img loading=\"lazy\" decoding=\"async\" width=\"288\" height=\"212\" data-id=\"225\" src=\"https:\/\/www.pmpf.rs.gov.br\/secretaria-de-cultura\/wp-content\/uploads\/sites\/25\/2021\/12\/I2018-04-12_15_20_56_106220.jpeg\" alt=\"\" class=\"wp-image-225\"\/><\/figure>\n\n\n\n<figure class=\"wp-block-image size-large\"><img loading=\"lazy\" decoding=\"async\" width=\"146\" height=\"208\" data-id=\"226\" src=\"https:\/\/www.pmpf.rs.gov.br\/secretaria-de-cultura\/wp-content\/uploads\/sites\/25\/2021\/12\/I2018-04-12_15_10_07_106220.jpeg\" alt=\"\" class=\"wp-image-226\"\/><\/figure>\n<\/figure>\n\n\n\n<p><strong>Bibliografia<\/strong><\/p>\n\n\n\n<p><a href=\"https:\/\/pt.wikipedia.org\/wiki\/Hern%C3%A2ni_Donato\" target=\"_blank\" rel=\"noreferrer noopener\">Hern\u00e2ni Donato foi um escritor, historiador, jornalista, professor, tradutor e roteirista brasileiro.<\/a><\/p>\n","protected":false},"excerpt":{"rendered":"<p>Hist\u00f3ria e encena\u00e7\u00e3o Foi o combate mais importante e sangrento da Revolu\u00e7\u00e3o Federalista (1893-1895), ocorrida em 1894, no hoje distrito de Pulador, no Rio Grande do Sul, entre duas fac\u00e7\u00f5es representadas pelos [&hellip;]<\/p>\n","protected":false},"author":1,"featured_media":0,"parent":0,"menu_order":0,"comment_status":"closed","ping_status":"closed","template":"","meta":{"footnotes":""},"class_list":["post-222","page","type-page","status-publish","hentry"],"yoast_head":"<!-- This site is optimized with the Yoast SEO plugin v23.8 - https:\/\/yoast.com\/wordpress\/plugins\/seo\/ -->\n<title>Batalha do Pulador - Secretaria de Cultura<\/title>\n<meta name=\"robots\" content=\"index, follow, max-snippet:-1, max-image-preview:large, max-video-preview:-1\" \/>\n<link rel=\"canonical\" href=\"https:\/\/www.pmpf.rs.gov.br\/cultura\/batalha-do-pulador\/\" \/>\n<meta property=\"og:locale\" content=\"pt_BR\" \/>\n<meta property=\"og:type\" content=\"article\" \/>\n<meta property=\"og:title\" content=\"Batalha do Pulador - Secretaria de Cultura\" \/>\n<meta property=\"og:description\" content=\"Hist\u00f3ria e encena\u00e7\u00e3o Foi o combate mais importante e sangrento da Revolu\u00e7\u00e3o Federalista (1893-1895), ocorrida em 1894, no hoje distrito de Pulador, no Rio Grande do Sul, entre duas fac\u00e7\u00f5es representadas pelos [&hellip;]\" \/>\n<meta property=\"og:url\" content=\"https:\/\/www.pmpf.rs.gov.br\/cultura\/batalha-do-pulador\/\" \/>\n<meta property=\"og:site_name\" content=\"Secretaria de Cultura\" \/>\n<meta property=\"article:modified_time\" content=\"2022-02-16T11:49:06+00:00\" \/>\n<meta property=\"og:image\" content=\"https:\/\/www.pmpf.rs.gov.br\/secretaria-de-cultura\/wp-content\/uploads\/sites\/25\/2021\/12\/I2018-04-12_15_14_35_106220.jpeg\" \/>\n<meta name=\"twitter:card\" content=\"summary_large_image\" \/>\n<meta name=\"twitter:label1\" content=\"Est. tempo de leitura\" \/>\n\t<meta name=\"twitter:data1\" content=\"3 minutos\" \/>\n<script type=\"application\/ld+json\" class=\"yoast-schema-graph\">{\"@context\":\"https:\/\/schema.org\",\"@graph\":[{\"@type\":\"WebPage\",\"@id\":\"https:\/\/www.pmpf.rs.gov.br\/cultura\/batalha-do-pulador\/\",\"url\":\"https:\/\/www.pmpf.rs.gov.br\/cultura\/batalha-do-pulador\/\",\"name\":\"Batalha do Pulador - Secretaria de Cultura\",\"isPartOf\":{\"@id\":\"https:\/\/www.pmpf.rs.gov.br\/cultura\/#website\"},\"primaryImageOfPage\":{\"@id\":\"https:\/\/www.pmpf.rs.gov.br\/cultura\/batalha-do-pulador\/#primaryimage\"},\"image\":{\"@id\":\"https:\/\/www.pmpf.rs.gov.br\/cultura\/batalha-do-pulador\/#primaryimage\"},\"thumbnailUrl\":\"https:\/\/www.pmpf.rs.gov.br\/secretaria-de-cultura\/wp-content\/uploads\/sites\/25\/2021\/12\/I2018-04-12_15_14_35_106220.jpeg\",\"datePublished\":\"2021-12-21T02:53:29+00:00\",\"dateModified\":\"2022-02-16T11:49:06+00:00\",\"inLanguage\":\"pt-BR\",\"potentialAction\":[{\"@type\":\"ReadAction\",\"target\":[\"https:\/\/www.pmpf.rs.gov.br\/cultura\/batalha-do-pulador\/\"]}]},{\"@type\":\"ImageObject\",\"inLanguage\":\"pt-BR\",\"@id\":\"https:\/\/www.pmpf.rs.gov.br\/cultura\/batalha-do-pulador\/#primaryimage\",\"url\":\"https:\/\/www.pmpf.rs.gov.br\/secretaria-de-cultura\/wp-content\/uploads\/sites\/25\/2021\/12\/I2018-04-12_15_14_35_106220.jpeg\",\"contentUrl\":\"https:\/\/www.pmpf.rs.gov.br\/secretaria-de-cultura\/wp-content\/uploads\/sites\/25\/2021\/12\/I2018-04-12_15_14_35_106220.jpeg\"},{\"@type\":\"WebSite\",\"@id\":\"https:\/\/www.pmpf.rs.gov.br\/cultura\/#website\",\"url\":\"https:\/\/www.pmpf.rs.gov.br\/cultura\/\",\"name\":\"Secretaria de Cultura\",\"description\":\"S\u00f3 mais um site Prefeitura de Passo Fundo\",\"potentialAction\":[{\"@type\":\"SearchAction\",\"target\":{\"@type\":\"EntryPoint\",\"urlTemplate\":\"https:\/\/www.pmpf.rs.gov.br\/cultura\/?s={search_term_string}\"},\"query-input\":{\"@type\":\"PropertyValueSpecification\",\"valueRequired\":true,\"valueName\":\"search_term_string\"}}],\"inLanguage\":\"pt-BR\"}]}<\/script>\n<!-- \/ Yoast SEO plugin. -->","yoast_head_json":{"title":"Batalha do Pulador - Secretaria de Cultura","robots":{"index":"index","follow":"follow","max-snippet":"max-snippet:-1","max-image-preview":"max-image-preview:large","max-video-preview":"max-video-preview:-1"},"canonical":"https:\/\/www.pmpf.rs.gov.br\/cultura\/batalha-do-pulador\/","og_locale":"pt_BR","og_type":"article","og_title":"Batalha do Pulador - Secretaria de Cultura","og_description":"Hist\u00f3ria e encena\u00e7\u00e3o Foi o combate mais importante e sangrento da Revolu\u00e7\u00e3o Federalista (1893-1895), ocorrida em 1894, no hoje distrito de Pulador, no Rio Grande do Sul, entre duas fac\u00e7\u00f5es representadas pelos [&hellip;]","og_url":"https:\/\/www.pmpf.rs.gov.br\/cultura\/batalha-do-pulador\/","og_site_name":"Secretaria de Cultura","article_modified_time":"2022-02-16T11:49:06+00:00","og_image":[{"url":"https:\/\/www.pmpf.rs.gov.br\/secretaria-de-cultura\/wp-content\/uploads\/sites\/25\/2021\/12\/I2018-04-12_15_14_35_106220.jpeg"}],"twitter_card":"summary_large_image","twitter_misc":{"Est. tempo de leitura":"3 minutos"},"schema":{"@context":"https:\/\/schema.org","@graph":[{"@type":"WebPage","@id":"https:\/\/www.pmpf.rs.gov.br\/cultura\/batalha-do-pulador\/","url":"https:\/\/www.pmpf.rs.gov.br\/cultura\/batalha-do-pulador\/","name":"Batalha do Pulador - Secretaria de Cultura","isPartOf":{"@id":"https:\/\/www.pmpf.rs.gov.br\/cultura\/#website"},"primaryImageOfPage":{"@id":"https:\/\/www.pmpf.rs.gov.br\/cultura\/batalha-do-pulador\/#primaryimage"},"image":{"@id":"https:\/\/www.pmpf.rs.gov.br\/cultura\/batalha-do-pulador\/#primaryimage"},"thumbnailUrl":"https:\/\/www.pmpf.rs.gov.br\/secretaria-de-cultura\/wp-content\/uploads\/sites\/25\/2021\/12\/I2018-04-12_15_14_35_106220.jpeg","datePublished":"2021-12-21T02:53:29+00:00","dateModified":"2022-02-16T11:49:06+00:00","inLanguage":"pt-BR","potentialAction":[{"@type":"ReadAction","target":["https:\/\/www.pmpf.rs.gov.br\/cultura\/batalha-do-pulador\/"]}]},{"@type":"ImageObject","inLanguage":"pt-BR","@id":"https:\/\/www.pmpf.rs.gov.br\/cultura\/batalha-do-pulador\/#primaryimage","url":"https:\/\/www.pmpf.rs.gov.br\/secretaria-de-cultura\/wp-content\/uploads\/sites\/25\/2021\/12\/I2018-04-12_15_14_35_106220.jpeg","contentUrl":"https:\/\/www.pmpf.rs.gov.br\/secretaria-de-cultura\/wp-content\/uploads\/sites\/25\/2021\/12\/I2018-04-12_15_14_35_106220.jpeg"},{"@type":"WebSite","@id":"https:\/\/www.pmpf.rs.gov.br\/cultura\/#website","url":"https:\/\/www.pmpf.rs.gov.br\/cultura\/","name":"Secretaria de Cultura","description":"S\u00f3 mais um site Prefeitura de Passo Fundo","potentialAction":[{"@type":"SearchAction","target":{"@type":"EntryPoint","urlTemplate":"https:\/\/www.pmpf.rs.gov.br\/cultura\/?s={search_term_string}"},"query-input":{"@type":"PropertyValueSpecification","valueRequired":true,"valueName":"search_term_string"}}],"inLanguage":"pt-BR"}]}},"_links":{"self":[{"href":"https:\/\/www.pmpf.rs.gov.br\/cultura\/wp-json\/wp\/v2\/pages\/222"}],"collection":[{"href":"https:\/\/www.pmpf.rs.gov.br\/cultura\/wp-json\/wp\/v2\/pages"}],"about":[{"href":"https:\/\/www.pmpf.rs.gov.br\/cultura\/wp-json\/wp\/v2\/types\/page"}],"author":[{"embeddable":true,"href":"https:\/\/www.pmpf.rs.gov.br\/cultura\/wp-json\/wp\/v2\/users\/1"}],"replies":[{"embeddable":true,"href":"https:\/\/www.pmpf.rs.gov.br\/cultura\/wp-json\/wp\/v2\/comments?post=222"}],"version-history":[{"count":3,"href":"https:\/\/www.pmpf.rs.gov.br\/cultura\/wp-json\/wp\/v2\/pages\/222\/revisions"}],"predecessor-version":[{"id":3059,"href":"https:\/\/www.pmpf.rs.gov.br\/cultura\/wp-json\/wp\/v2\/pages\/222\/revisions\/3059"}],"wp:attachment":[{"href":"https:\/\/www.pmpf.rs.gov.br\/cultura\/wp-json\/wp\/v2\/media?parent=222"}],"curies":[{"name":"wp","href":"https:\/\/api.w.org\/{rel}","templated":true}]}}