{"id":101,"date":"2021-11-16T16:52:09","date_gmt":"2021-11-16T19:52:09","guid":{"rendered":"https:\/\/www.pmpf.rs.gov.br\/secretaria-de-cultura\/?page_id=101"},"modified":"2021-11-16T16:53:09","modified_gmt":"2021-11-16T19:53:09","slug":"estrutura","status":"publish","type":"page","link":"https:\/\/www.pmpf.rs.gov.br\/cultura\/estrutura\/","title":{"rendered":"Estrutura"},"content":{"rendered":"\n<h2 class=\"wp-block-heading\">Estrutura de Trabalho<\/h2>\n\n\n\n<p><strong>Administra\u00e7\u00e3o e Planejamento<\/strong><\/p>\n\n\n\n<p>\u00c9 o \u00f3rg\u00e3o respons\u00e1vel pelo controle de freq\u00fc\u00eancia (assiduidade e pontualidade) dos servidores com a elabora\u00e7\u00e3o da efetividade mensal; elabora\u00e7\u00e3o do registro e acompanhamento de f\u00e9rias, licen\u00e7as e outras situa\u00e7\u00f5es funcionais; recebimento, controle interno e expedi\u00e7\u00e3o dos processos internos e administrativos; elabora\u00e7\u00e3o de requisi\u00e7\u00f5es de materiais, servi\u00e7os, equipamentos e o conseq\u00fcente empenho com o anexo do documento fiscal respectivo, bem como o registro de entrada de materiais e equipamentos adquiridos para controle da demanda e conserva\u00e7\u00e3o dos mesmos; apoio administrativo \u00e0s demais Coordenadorias e N\u00facleos da Secretaria; controle da efici\u00eancia e efic\u00e1cia de todos os \u00f3rg\u00e3os da Secretaria, e de todos os processos e procedimentos administrativos; controle da execu\u00e7\u00e3o or\u00e7ament\u00e1ria da Secretaria; correspond\u00eancia oficial e demais servi\u00e7os da Secretaria;<\/p>\n\n\n\n<p><strong>Coordenadoria de Cultura<\/strong><\/p>\n\n\n\n<p>\u00c9 o \u00f3rg\u00e3o respons\u00e1vel pela formula\u00e7\u00e3o e execu\u00e7\u00e3o de pol\u00edticas p\u00fablicas municipais na \u00e1rea cultural, como tamb\u00e9m fomentar e apoiar as iniciativas privadas; orientar e auxiliar os respectivos N\u00facleos na execu\u00e7\u00e3o das compet\u00eancias atribu\u00eddas.<\/p>\n\n\n\n<p><strong>Estrutura de trabalho<\/strong><\/p>\n\n\n\n<ul class=\"wp-block-list\"><li>N\u00facleo de Promo\u00e7\u00e3o de Atividades Culturais<\/li><li>N\u00facleo de Pol\u00edticas Culturais de Inclus\u00e3o Social<\/li><\/ul>\n","protected":false},"excerpt":{"rendered":"<p>Estrutura de Trabalho Administra\u00e7\u00e3o e Planejamento \u00c9 o \u00f3rg\u00e3o respons\u00e1vel pelo controle de freq\u00fc\u00eancia (assiduidade e pontualidade) dos servidores com a elabora\u00e7\u00e3o da efetividade mensal; elabora\u00e7\u00e3o do registro e acompanhamento de f\u00e9rias, [&hellip;]<\/p>\n","protected":false},"author":1,"featured_media":0,"parent":0,"menu_order":0,"comment_status":"closed","ping_status":"closed","template":"","meta":{"footnotes":""},"class_list":["post-101","page","type-page","status-publish","hentry"],"yoast_head":"<!-- This site is optimized with the Yoast SEO plugin v23.8 - https:\/\/yoast.com\/wordpress\/plugins\/seo\/ -->\n<title>Estrutura - Secretaria de Cultura<\/title>\n<meta name=\"robots\" content=\"index, follow, max-snippet:-1, max-image-preview:large, max-video-preview:-1\" \/>\n<link rel=\"canonical\" href=\"https:\/\/www.pmpf.rs.gov.br\/cultura\/estrutura\/\" \/>\n<meta property=\"og:locale\" content=\"pt_BR\" \/>\n<meta property=\"og:type\" content=\"article\" \/>\n<meta property=\"og:title\" content=\"Estrutura - Secretaria de Cultura\" \/>\n<meta property=\"og:description\" content=\"Estrutura de Trabalho Administra\u00e7\u00e3o e Planejamento \u00c9 o \u00f3rg\u00e3o respons\u00e1vel pelo controle de freq\u00fc\u00eancia (assiduidade e pontualidade) dos servidores com a elabora\u00e7\u00e3o da efetividade mensal; elabora\u00e7\u00e3o do registro e acompanhamento de f\u00e9rias, [&hellip;]\" \/>\n<meta property=\"og:url\" content=\"https:\/\/www.pmpf.rs.gov.br\/cultura\/estrutura\/\" \/>\n<meta property=\"og:site_name\" content=\"Secretaria de Cultura\" \/>\n<meta property=\"article:modified_time\" content=\"2021-11-16T19:53:09+00:00\" \/>\n<meta name=\"twitter:card\" content=\"summary_large_image\" \/>\n<meta name=\"twitter:label1\" content=\"Est. tempo de leitura\" \/>\n\t<meta name=\"twitter:data1\" content=\"1 minuto\" \/>\n<script type=\"application\/ld+json\" class=\"yoast-schema-graph\">{\"@context\":\"https:\/\/schema.org\",\"@graph\":[{\"@type\":\"WebPage\",\"@id\":\"https:\/\/www.pmpf.rs.gov.br\/cultura\/estrutura\/\",\"url\":\"https:\/\/www.pmpf.rs.gov.br\/cultura\/estrutura\/\",\"name\":\"Estrutura - Secretaria de Cultura\",\"isPartOf\":{\"@id\":\"https:\/\/www.pmpf.rs.gov.br\/cultura\/#website\"},\"datePublished\":\"2021-11-16T19:52:09+00:00\",\"dateModified\":\"2021-11-16T19:53:09+00:00\",\"inLanguage\":\"pt-BR\",\"potentialAction\":[{\"@type\":\"ReadAction\",\"target\":[\"https:\/\/www.pmpf.rs.gov.br\/cultura\/estrutura\/\"]}]},{\"@type\":\"WebSite\",\"@id\":\"https:\/\/www.pmpf.rs.gov.br\/cultura\/#website\",\"url\":\"https:\/\/www.pmpf.rs.gov.br\/cultura\/\",\"name\":\"Secretaria de Cultura\",\"description\":\"S\u00f3 mais um site Prefeitura de Passo Fundo\",\"potentialAction\":[{\"@type\":\"SearchAction\",\"target\":{\"@type\":\"EntryPoint\",\"urlTemplate\":\"https:\/\/www.pmpf.rs.gov.br\/cultura\/?s={search_term_string}\"},\"query-input\":{\"@type\":\"PropertyValueSpecification\",\"valueRequired\":true,\"valueName\":\"search_term_string\"}}],\"inLanguage\":\"pt-BR\"}]}<\/script>\n<!-- \/ Yoast SEO plugin. -->","yoast_head_json":{"title":"Estrutura - Secretaria de Cultura","robots":{"index":"index","follow":"follow","max-snippet":"max-snippet:-1","max-image-preview":"max-image-preview:large","max-video-preview":"max-video-preview:-1"},"canonical":"https:\/\/www.pmpf.rs.gov.br\/cultura\/estrutura\/","og_locale":"pt_BR","og_type":"article","og_title":"Estrutura - Secretaria de Cultura","og_description":"Estrutura de Trabalho Administra\u00e7\u00e3o e Planejamento \u00c9 o \u00f3rg\u00e3o respons\u00e1vel pelo controle de freq\u00fc\u00eancia (assiduidade e pontualidade) dos servidores com a elabora\u00e7\u00e3o da efetividade mensal; elabora\u00e7\u00e3o do registro e acompanhamento de f\u00e9rias, [&hellip;]","og_url":"https:\/\/www.pmpf.rs.gov.br\/cultura\/estrutura\/","og_site_name":"Secretaria de Cultura","article_modified_time":"2021-11-16T19:53:09+00:00","twitter_card":"summary_large_image","twitter_misc":{"Est. tempo de leitura":"1 minuto"},"schema":{"@context":"https:\/\/schema.org","@graph":[{"@type":"WebPage","@id":"https:\/\/www.pmpf.rs.gov.br\/cultura\/estrutura\/","url":"https:\/\/www.pmpf.rs.gov.br\/cultura\/estrutura\/","name":"Estrutura - Secretaria de Cultura","isPartOf":{"@id":"https:\/\/www.pmpf.rs.gov.br\/cultura\/#website"},"datePublished":"2021-11-16T19:52:09+00:00","dateModified":"2021-11-16T19:53:09+00:00","inLanguage":"pt-BR","potentialAction":[{"@type":"ReadAction","target":["https:\/\/www.pmpf.rs.gov.br\/cultura\/estrutura\/"]}]},{"@type":"WebSite","@id":"https:\/\/www.pmpf.rs.gov.br\/cultura\/#website","url":"https:\/\/www.pmpf.rs.gov.br\/cultura\/","name":"Secretaria de Cultura","description":"S\u00f3 mais um site Prefeitura de Passo Fundo","potentialAction":[{"@type":"SearchAction","target":{"@type":"EntryPoint","urlTemplate":"https:\/\/www.pmpf.rs.gov.br\/cultura\/?s={search_term_string}"},"query-input":{"@type":"PropertyValueSpecification","valueRequired":true,"valueName":"search_term_string"}}],"inLanguage":"pt-BR"}]}},"_links":{"self":[{"href":"https:\/\/www.pmpf.rs.gov.br\/cultura\/wp-json\/wp\/v2\/pages\/101"}],"collection":[{"href":"https:\/\/www.pmpf.rs.gov.br\/cultura\/wp-json\/wp\/v2\/pages"}],"about":[{"href":"https:\/\/www.pmpf.rs.gov.br\/cultura\/wp-json\/wp\/v2\/types\/page"}],"author":[{"embeddable":true,"href":"https:\/\/www.pmpf.rs.gov.br\/cultura\/wp-json\/wp\/v2\/users\/1"}],"replies":[{"embeddable":true,"href":"https:\/\/www.pmpf.rs.gov.br\/cultura\/wp-json\/wp\/v2\/comments?post=101"}],"version-history":[{"count":1,"href":"https:\/\/www.pmpf.rs.gov.br\/cultura\/wp-json\/wp\/v2\/pages\/101\/revisions"}],"predecessor-version":[{"id":102,"href":"https:\/\/www.pmpf.rs.gov.br\/cultura\/wp-json\/wp\/v2\/pages\/101\/revisions\/102"}],"wp:attachment":[{"href":"https:\/\/www.pmpf.rs.gov.br\/cultura\/wp-json\/wp\/v2\/media?parent=101"}],"curies":[{"name":"wp","href":"https:\/\/api.w.org\/{rel}","templated":true}]}}