{"id":4,"date":"2022-04-13T10:39:33","date_gmt":"2022-04-13T13:39:33","guid":{"rendered":"https:\/\/www.pmpf.rs.gov.br\/coordenadorias-municipais\/?page_id=4"},"modified":"2022-04-13T14:25:59","modified_gmt":"2022-04-13T17:25:59","slug":"conselhos-municipais","status":"publish","type":"page","link":"https:\/\/www.pmpf.rs.gov.br\/coordenadorias-municipais\/","title":{"rendered":"P\u00e1gina inicial"},"content":{"rendered":"\n<p>As Coordenadorias Municipais atuam como extens\u00f5es do governo municipal, a fim de regular as atividades para qual cada \u00e1rea se prop\u00f5e. Promovem a\u00e7\u00f5es, coordenam programas, planejam atividades e desenvolvem projetos nas \u00e1reas correspondes.<\/p>\n","protected":false},"excerpt":{"rendered":"<p>As Coordenadorias Municipais atuam como extens\u00f5es do governo municipal, a fim de regular as atividades para qual cada \u00e1rea se prop\u00f5e. Promovem a\u00e7\u00f5es, coordenam programas, planejam atividades e desenvolvem projetos nas \u00e1reas [&hellip;]<\/p>\n","protected":false},"author":4,"featured_media":0,"parent":0,"menu_order":0,"comment_status":"closed","ping_status":"closed","template":"page_secretaria_com_sidebar.php","meta":{"footnotes":""},"class_list":["post-4","page","type-page","status-publish","hentry"],"yoast_head":"<!-- This site is optimized with the Yoast SEO plugin v23.8 - https:\/\/yoast.com\/wordpress\/plugins\/seo\/ -->\n<title>P\u00e1gina inicial - Coordenadorias Municipais<\/title>\n<meta name=\"robots\" content=\"index, follow, max-snippet:-1, max-image-preview:large, max-video-preview:-1\" \/>\n<link rel=\"canonical\" href=\"https:\/\/www.pmpf.rs.gov.br\/coordenadorias-municipais\/\" \/>\n<meta property=\"og:locale\" content=\"pt_BR\" \/>\n<meta property=\"og:type\" content=\"article\" \/>\n<meta property=\"og:title\" content=\"P\u00e1gina inicial - Coordenadorias Municipais\" \/>\n<meta property=\"og:description\" content=\"As Coordenadorias Municipais atuam como extens\u00f5es do governo municipal, a fim de regular as atividades para qual cada \u00e1rea se prop\u00f5e. Promovem a\u00e7\u00f5es, coordenam programas, planejam atividades e desenvolvem projetos nas \u00e1reas [&hellip;]\" \/>\n<meta property=\"og:url\" content=\"https:\/\/www.pmpf.rs.gov.br\/coordenadorias-municipais\/\" \/>\n<meta property=\"og:site_name\" content=\"Coordenadorias Municipais\" \/>\n<meta property=\"article:modified_time\" content=\"2022-04-13T17:25:59+00:00\" \/>\n<meta name=\"twitter:card\" content=\"summary_large_image\" \/>\n<script type=\"application\/ld+json\" class=\"yoast-schema-graph\">{\"@context\":\"https:\/\/schema.org\",\"@graph\":[{\"@type\":\"WebPage\",\"@id\":\"https:\/\/www.pmpf.rs.gov.br\/coordenadorias-municipais\/\",\"url\":\"https:\/\/www.pmpf.rs.gov.br\/coordenadorias-municipais\/\",\"name\":\"P\u00e1gina inicial - Coordenadorias Municipais\",\"isPartOf\":{\"@id\":\"https:\/\/www.pmpf.rs.gov.br\/coordenadorias-municipais\/#website\"},\"datePublished\":\"2022-04-13T13:39:33+00:00\",\"dateModified\":\"2022-04-13T17:25:59+00:00\",\"breadcrumb\":{\"@id\":\"https:\/\/www.pmpf.rs.gov.br\/coordenadorias-municipais\/#breadcrumb\"},\"inLanguage\":\"pt-BR\",\"potentialAction\":[{\"@type\":\"ReadAction\",\"target\":[\"https:\/\/www.pmpf.rs.gov.br\/coordenadorias-municipais\/\"]}]},{\"@type\":\"BreadcrumbList\",\"@id\":\"https:\/\/www.pmpf.rs.gov.br\/coordenadorias-municipais\/#breadcrumb\",\"itemListElement\":[{\"@type\":\"ListItem\",\"position\":1,\"name\":\"In\u00edcio\",\"item\":\"https:\/\/www.pmpf.rs.gov.br\/coordenadorias-municipais\/\"},{\"@type\":\"ListItem\",\"position\":2,\"name\":\"P\u00e1gina inicial\"}]},{\"@type\":\"WebSite\",\"@id\":\"https:\/\/www.pmpf.rs.gov.br\/coordenadorias-municipais\/#website\",\"url\":\"https:\/\/www.pmpf.rs.gov.br\/coordenadorias-municipais\/\",\"name\":\"Coordenadorias Municipais\",\"description\":\"S\u00f3 mais um site Prefeitura de Passo Fundo\",\"potentialAction\":[{\"@type\":\"SearchAction\",\"target\":{\"@type\":\"EntryPoint\",\"urlTemplate\":\"https:\/\/www.pmpf.rs.gov.br\/coordenadorias-municipais\/?s={search_term_string}\"},\"query-input\":{\"@type\":\"PropertyValueSpecification\",\"valueRequired\":true,\"valueName\":\"search_term_string\"}}],\"inLanguage\":\"pt-BR\"}]}<\/script>\n<!-- \/ Yoast SEO plugin. -->","yoast_head_json":{"title":"P\u00e1gina inicial - Coordenadorias Municipais","robots":{"index":"index","follow":"follow","max-snippet":"max-snippet:-1","max-image-preview":"max-image-preview:large","max-video-preview":"max-video-preview:-1"},"canonical":"https:\/\/www.pmpf.rs.gov.br\/coordenadorias-municipais\/","og_locale":"pt_BR","og_type":"article","og_title":"P\u00e1gina inicial - Coordenadorias Municipais","og_description":"As Coordenadorias Municipais atuam como extens\u00f5es do governo municipal, a fim de regular as atividades para qual cada \u00e1rea se prop\u00f5e. Promovem a\u00e7\u00f5es, coordenam programas, planejam atividades e desenvolvem projetos nas \u00e1reas [&hellip;]","og_url":"https:\/\/www.pmpf.rs.gov.br\/coordenadorias-municipais\/","og_site_name":"Coordenadorias Municipais","article_modified_time":"2022-04-13T17:25:59+00:00","twitter_card":"summary_large_image","schema":{"@context":"https:\/\/schema.org","@graph":[{"@type":"WebPage","@id":"https:\/\/www.pmpf.rs.gov.br\/coordenadorias-municipais\/","url":"https:\/\/www.pmpf.rs.gov.br\/coordenadorias-municipais\/","name":"P\u00e1gina inicial - Coordenadorias Municipais","isPartOf":{"@id":"https:\/\/www.pmpf.rs.gov.br\/coordenadorias-municipais\/#website"},"datePublished":"2022-04-13T13:39:33+00:00","dateModified":"2022-04-13T17:25:59+00:00","breadcrumb":{"@id":"https:\/\/www.pmpf.rs.gov.br\/coordenadorias-municipais\/#breadcrumb"},"inLanguage":"pt-BR","potentialAction":[{"@type":"ReadAction","target":["https:\/\/www.pmpf.rs.gov.br\/coordenadorias-municipais\/"]}]},{"@type":"BreadcrumbList","@id":"https:\/\/www.pmpf.rs.gov.br\/coordenadorias-municipais\/#breadcrumb","itemListElement":[{"@type":"ListItem","position":1,"name":"In\u00edcio","item":"https:\/\/www.pmpf.rs.gov.br\/coordenadorias-municipais\/"},{"@type":"ListItem","position":2,"name":"P\u00e1gina inicial"}]},{"@type":"WebSite","@id":"https:\/\/www.pmpf.rs.gov.br\/coordenadorias-municipais\/#website","url":"https:\/\/www.pmpf.rs.gov.br\/coordenadorias-municipais\/","name":"Coordenadorias Municipais","description":"S\u00f3 mais um site Prefeitura de Passo Fundo","potentialAction":[{"@type":"SearchAction","target":{"@type":"EntryPoint","urlTemplate":"https:\/\/www.pmpf.rs.gov.br\/coordenadorias-municipais\/?s={search_term_string}"},"query-input":{"@type":"PropertyValueSpecification","valueRequired":true,"valueName":"search_term_string"}}],"inLanguage":"pt-BR"}]}},"_links":{"self":[{"href":"https:\/\/www.pmpf.rs.gov.br\/coordenadorias-municipais\/wp-json\/wp\/v2\/pages\/4"}],"collection":[{"href":"https:\/\/www.pmpf.rs.gov.br\/coordenadorias-municipais\/wp-json\/wp\/v2\/pages"}],"about":[{"href":"https:\/\/www.pmpf.rs.gov.br\/coordenadorias-municipais\/wp-json\/wp\/v2\/types\/page"}],"author":[{"embeddable":true,"href":"https:\/\/www.pmpf.rs.gov.br\/coordenadorias-municipais\/wp-json\/wp\/v2\/users\/4"}],"replies":[{"embeddable":true,"href":"https:\/\/www.pmpf.rs.gov.br\/coordenadorias-municipais\/wp-json\/wp\/v2\/comments?post=4"}],"version-history":[{"count":4,"href":"https:\/\/www.pmpf.rs.gov.br\/coordenadorias-municipais\/wp-json\/wp\/v2\/pages\/4\/revisions"}],"predecessor-version":[{"id":9,"href":"https:\/\/www.pmpf.rs.gov.br\/coordenadorias-municipais\/wp-json\/wp\/v2\/pages\/4\/revisions\/9"}],"wp:attachment":[{"href":"https:\/\/www.pmpf.rs.gov.br\/coordenadorias-municipais\/wp-json\/wp\/v2\/media?parent=4"}],"curies":[{"name":"wp","href":"https:\/\/api.w.org\/{rel}","templated":true}]}}