{"id":4,"date":"2021-12-18T16:34:25","date_gmt":"2021-12-18T19:34:25","guid":{"rendered":"https:\/\/www.pmpf.rs.gov.br\/coordenadoria-da-mulher\/?page_id=4"},"modified":"2025-09-23T11:05:57","modified_gmt":"2025-09-23T14:05:57","slug":"responsavel-por-acoes-do-desenvolvimento-de-politicas-publicas-para-a-mulher","status":"publish","type":"page","link":"https:\/\/www.pmpf.rs.gov.br\/coordenadoria-da-mulher\/","title":{"rendered":"Inicial"},"content":{"rendered":"\n<h2 class=\"wp-block-heading\">Respons\u00e1vel por a\u00e7\u00f5es do desenvolvimento de pol\u00edticas p\u00fablicas para a mulher<\/h2>\n\n\n\n<p>A Coordenadoria Municipal da Mulher de Passo Fundo, sendo efetivada atrav\u00e9s da Lei n\u00ba224 em Maio de 2009, com a finalidade de assessorar, assistir, apoiar, articular e acompanhar a\u00e7\u00f5es e pol\u00edticas voltadas \u00e0 mulher. Ligada a Secret\u00e1ria de Gabinete da Prefeitura de Passo Fundo, tem a fun\u00e7\u00e3o de atuar visando a promo\u00e7\u00e3o dos direitos da mulher, a elimina\u00e7\u00e3o das discrimina\u00e7\u00f5es que a atingem, bem como a sua plena integra\u00e7\u00e3o na vida s\u00f3cio-econ\u00f4mica e politico-cultural.<\/p>\n\n\n\n<p>A Coordenadoria da Mulher de Passo fundo, tem por objetivo promover a cidadania feminina, atrav\u00e9s de pol\u00edticas p\u00fablicas para as mulheres capazes de combater a discrimina\u00e7\u00e3o, a exclus\u00e3o, a viol\u00eancia e a subordina\u00e7\u00e3o, assegurando seus direitos de igualdade e oportunidade. Com intuito de divulgar a&nbsp;<a href=\"http:\/\/www.planalto.gov.br\/ccivil_03\/_ato2004-2006\/2006\/lei\/l11340.htm\" target=\"_blank\" rel=\"noreferrer noopener\">Lei Maria da Penha<\/a>&nbsp;e aproximar as mulheres de institui\u00e7\u00f5es que possam ajudar na prote\u00e7\u00e3o contra a viol\u00eancia e na puni\u00e7\u00e3o dos respons\u00e1veis. Assim monitorando e articulando o poder p\u00fablico municipal no que se diz respeito as pol\u00edticas p\u00fablicas para mulheres.<\/p>\n\n\n\n<p>A partir de pol\u00edticas p\u00fablicas com diferentes \u00f3rg\u00e3os da sociedade, visando o desenvolvimento de programas dirigidos \u00e0 mulher em assuntos do seu interesse, tais como: sa\u00fade, seguran\u00e7a, educa\u00e7\u00e3o, qualifica\u00e7\u00e3o profissional, gera\u00e7\u00e3o de emprego e renda, entre outros.<\/p>\n\n\n\n<p><strong>Funcionamento:<\/strong> de segunda \u00e0 sexta-feira, das 08h at\u00e9 as 11h30min e das 13h30min at\u00e9 as 17h<\/p>\n\n\n\n<p><strong>Sede da Coordenadoria da Mulher<\/strong>: Rua Morom, 1324, Centro Comercial da Vinci, sala 104, Centro, Passo Fundo \u2013 RS, CEP 99051-400\u00a0<br><strong>Telefone:<\/strong> (54) 3314 8874<br><strong>E-mail:<\/strong> coordmulher@pmpf.rs.gov.br<\/p>\n","protected":false},"excerpt":{"rendered":"<p>Respons\u00e1vel por a\u00e7\u00f5es do desenvolvimento de pol\u00edticas p\u00fablicas para a mulher A Coordenadoria Municipal da Mulher de Passo Fundo, sendo efetivada atrav\u00e9s da Lei n\u00ba224 em Maio de 2009, com a finalidade [&hellip;]<\/p>\n","protected":false},"author":1,"featured_media":0,"parent":0,"menu_order":0,"comment_status":"closed","ping_status":"closed","template":"page_secretaria_com_sidebar.php","meta":{"footnotes":""},"class_list":["post-4","page","type-page","status-publish","hentry"],"yoast_head":"<!-- This site is optimized with the Yoast SEO plugin v23.8 - https:\/\/yoast.com\/wordpress\/plugins\/seo\/ -->\n<title>Inicial - Coordenadoria da Mulher<\/title>\n<meta name=\"robots\" content=\"index, follow, max-snippet:-1, max-image-preview:large, max-video-preview:-1\" \/>\n<link rel=\"canonical\" href=\"https:\/\/www.pmpf.rs.gov.br\/coordenadoria-da-mulher\/\" \/>\n<meta property=\"og:locale\" content=\"pt_BR\" \/>\n<meta property=\"og:type\" content=\"article\" \/>\n<meta property=\"og:title\" content=\"Inicial - Coordenadoria da Mulher\" \/>\n<meta property=\"og:description\" content=\"Respons\u00e1vel por a\u00e7\u00f5es do desenvolvimento de pol\u00edticas p\u00fablicas para a mulher A Coordenadoria Municipal da Mulher de Passo Fundo, sendo efetivada atrav\u00e9s da Lei n\u00ba224 em Maio de 2009, com a finalidade [&hellip;]\" \/>\n<meta property=\"og:url\" content=\"https:\/\/www.pmpf.rs.gov.br\/coordenadoria-da-mulher\/\" \/>\n<meta property=\"og:site_name\" content=\"Coordenadoria da Mulher\" \/>\n<meta property=\"article:modified_time\" content=\"2025-09-23T14:05:57+00:00\" \/>\n<meta name=\"twitter:card\" content=\"summary_large_image\" \/>\n<meta name=\"twitter:label1\" content=\"Est. tempo de leitura\" \/>\n\t<meta name=\"twitter:data1\" content=\"2 minutos\" \/>\n<script type=\"application\/ld+json\" class=\"yoast-schema-graph\">{\"@context\":\"https:\/\/schema.org\",\"@graph\":[{\"@type\":\"WebPage\",\"@id\":\"https:\/\/www.pmpf.rs.gov.br\/coordenadoria-da-mulher\/\",\"url\":\"https:\/\/www.pmpf.rs.gov.br\/coordenadoria-da-mulher\/\",\"name\":\"Inicial - Coordenadoria da Mulher\",\"isPartOf\":{\"@id\":\"https:\/\/www.pmpf.rs.gov.br\/coordenadoria-da-mulher\/#website\"},\"datePublished\":\"2021-12-18T19:34:25+00:00\",\"dateModified\":\"2025-09-23T14:05:57+00:00\",\"inLanguage\":\"pt-BR\",\"potentialAction\":[{\"@type\":\"ReadAction\",\"target\":[\"https:\/\/www.pmpf.rs.gov.br\/coordenadoria-da-mulher\/\"]}]},{\"@type\":\"WebSite\",\"@id\":\"https:\/\/www.pmpf.rs.gov.br\/coordenadoria-da-mulher\/#website\",\"url\":\"https:\/\/www.pmpf.rs.gov.br\/coordenadoria-da-mulher\/\",\"name\":\"Coordenadoria da Mulher\",\"description\":\"S\u00f3 mais um site Prefeitura de Passo Fundo\",\"potentialAction\":[{\"@type\":\"SearchAction\",\"target\":{\"@type\":\"EntryPoint\",\"urlTemplate\":\"https:\/\/www.pmpf.rs.gov.br\/coordenadoria-da-mulher\/?s={search_term_string}\"},\"query-input\":{\"@type\":\"PropertyValueSpecification\",\"valueRequired\":true,\"valueName\":\"search_term_string\"}}],\"inLanguage\":\"pt-BR\"}]}<\/script>\n<!-- \/ Yoast SEO plugin. -->","yoast_head_json":{"title":"Inicial - Coordenadoria da Mulher","robots":{"index":"index","follow":"follow","max-snippet":"max-snippet:-1","max-image-preview":"max-image-preview:large","max-video-preview":"max-video-preview:-1"},"canonical":"https:\/\/www.pmpf.rs.gov.br\/coordenadoria-da-mulher\/","og_locale":"pt_BR","og_type":"article","og_title":"Inicial - Coordenadoria da Mulher","og_description":"Respons\u00e1vel por a\u00e7\u00f5es do desenvolvimento de pol\u00edticas p\u00fablicas para a mulher A Coordenadoria Municipal da Mulher de Passo Fundo, sendo efetivada atrav\u00e9s da Lei n\u00ba224 em Maio de 2009, com a finalidade [&hellip;]","og_url":"https:\/\/www.pmpf.rs.gov.br\/coordenadoria-da-mulher\/","og_site_name":"Coordenadoria da Mulher","article_modified_time":"2025-09-23T14:05:57+00:00","twitter_card":"summary_large_image","twitter_misc":{"Est. tempo de leitura":"2 minutos"},"schema":{"@context":"https:\/\/schema.org","@graph":[{"@type":"WebPage","@id":"https:\/\/www.pmpf.rs.gov.br\/coordenadoria-da-mulher\/","url":"https:\/\/www.pmpf.rs.gov.br\/coordenadoria-da-mulher\/","name":"Inicial - Coordenadoria da Mulher","isPartOf":{"@id":"https:\/\/www.pmpf.rs.gov.br\/coordenadoria-da-mulher\/#website"},"datePublished":"2021-12-18T19:34:25+00:00","dateModified":"2025-09-23T14:05:57+00:00","inLanguage":"pt-BR","potentialAction":[{"@type":"ReadAction","target":["https:\/\/www.pmpf.rs.gov.br\/coordenadoria-da-mulher\/"]}]},{"@type":"WebSite","@id":"https:\/\/www.pmpf.rs.gov.br\/coordenadoria-da-mulher\/#website","url":"https:\/\/www.pmpf.rs.gov.br\/coordenadoria-da-mulher\/","name":"Coordenadoria da Mulher","description":"S\u00f3 mais um site Prefeitura de Passo Fundo","potentialAction":[{"@type":"SearchAction","target":{"@type":"EntryPoint","urlTemplate":"https:\/\/www.pmpf.rs.gov.br\/coordenadoria-da-mulher\/?s={search_term_string}"},"query-input":{"@type":"PropertyValueSpecification","valueRequired":true,"valueName":"search_term_string"}}],"inLanguage":"pt-BR"}]}},"_links":{"self":[{"href":"https:\/\/www.pmpf.rs.gov.br\/coordenadoria-da-mulher\/wp-json\/wp\/v2\/pages\/4"}],"collection":[{"href":"https:\/\/www.pmpf.rs.gov.br\/coordenadoria-da-mulher\/wp-json\/wp\/v2\/pages"}],"about":[{"href":"https:\/\/www.pmpf.rs.gov.br\/coordenadoria-da-mulher\/wp-json\/wp\/v2\/types\/page"}],"author":[{"embeddable":true,"href":"https:\/\/www.pmpf.rs.gov.br\/coordenadoria-da-mulher\/wp-json\/wp\/v2\/users\/1"}],"replies":[{"embeddable":true,"href":"https:\/\/www.pmpf.rs.gov.br\/coordenadoria-da-mulher\/wp-json\/wp\/v2\/comments?post=4"}],"version-history":[{"count":7,"href":"https:\/\/www.pmpf.rs.gov.br\/coordenadoria-da-mulher\/wp-json\/wp\/v2\/pages\/4\/revisions"}],"predecessor-version":[{"id":181,"href":"https:\/\/www.pmpf.rs.gov.br\/coordenadoria-da-mulher\/wp-json\/wp\/v2\/pages\/4\/revisions\/181"}],"wp:attachment":[{"href":"https:\/\/www.pmpf.rs.gov.br\/coordenadoria-da-mulher\/wp-json\/wp\/v2\/media?parent=4"}],"curies":[{"name":"wp","href":"https:\/\/api.w.org\/{rel}","templated":true}]}}