{"id":29,"date":"2021-12-20T14:06:32","date_gmt":"2021-12-20T17:06:32","guid":{"rendered":"https:\/\/www.pmpf.rs.gov.br\/coordenadoria-da-mulher\/?page_id=29"},"modified":"2021-12-20T14:06:41","modified_gmt":"2021-12-20T17:06:41","slug":"violencia-contra-a-mulher","status":"publish","type":"page","link":"https:\/\/www.pmpf.rs.gov.br\/coordenadoria-da-mulher\/violencia-contra-a-mulher\/","title":{"rendered":"Viol\u00eancia Contra a Mulher"},"content":{"rendered":"\n<h2 class=\"wp-block-heading\">Formas de Viol\u00eancia<\/h2>\n\n\n\n<p>Na esfera jur\u00eddica, viol\u00eancia significa uma esp\u00e9cie de coa\u00e7\u00e3o, ou forma de constrangimento, posto em pr\u00e1tica para vencer a capacidade de resist\u00eancia de outrem, ou a levar a execut\u00e1-lo, mesmo contra a sua vontade. \u00c9 igualmente, ato de for\u00e7a exercido contra as coisas, na inten\u00e7\u00e3o de violent\u00e1-las, devass\u00e1-las, ou delas se apossar.<\/p>\n\n\n\n<p>Existem diversas formas de identificar a viol\u00eancia contra a mulher, como: a les\u00e3o corporal, que \u00e9 a agress\u00e3o f\u00edsica, como socos, pontap\u00e9s, bofet\u00f5es, o estupro ou viol\u00eancia carnal, sendo todo atentado contra o pudor de pessoa de outro sexo, por meio de for\u00e7a f\u00edsica, ou grave amea\u00e7a, com a inten\u00e7\u00e3o de satisfazer nela desejos lascivos, ou atos de lux\u00faria; amea\u00e7a de morte ou qualquer outro mal, feitas por gestos, palavras ou por escrito.<\/p>\n\n\n\n<p>Abandono material, quando o homem, n\u00e3o reconhece a paternidade, obrigando assim a mulher, entrar com uma a\u00e7\u00e3o de investiga\u00e7\u00e3o de paternidade, para poder receber pens\u00e3o aliment\u00edcia.<\/p>\n\n\n\n<p>Mas nem todos deixam marcas f\u00edsicas, como as ofensas verbais e morais, que causam dores, que superam, a dor f\u00edsica. Humilha\u00e7\u00f5es, torturas, abandono, situa\u00e7\u00f5es dif\u00edceis de superar e praticamente imposs\u00edveis de prevenir, fazendo com que as mulheres percam a refer\u00eancia de cidadania.<\/p>\n\n\n\n<p>A viol\u00eancia contra a mulher, n\u00e3o esta restrita a um certo meio, n\u00e3o escolhendo ra\u00e7a, idade ou condi\u00e7\u00e3o social. A grande diferen\u00e7a \u00e9 que entre as pessoas de maior poder financeiro, as mulheres, acabam se calando contra a viol\u00eancia recebida por elas, talvez por medo, vergonha ou at\u00e9 mesmo por depend\u00eancia financeira.<\/p>\n\n\n\n<p>Toda a mulher violentada f\u00edsica ou moralmente, deve ter a coragem para denunciar o agressor, pois agindo esta protegendo-se contra futuras agress\u00f5es, e serve como exemplo para outras mulheres, pois enquanto houver a oculta\u00e7\u00e3o do crime sofrido, as solu\u00e7\u00f5es para o problema ser\u00e3o distantes.<\/p>\n\n\n\n<p>A liberdade e a justi\u00e7a, s\u00e3o um bem que necessita de condi\u00e7\u00f5es essenciais para que flores\u00e7a, ningu\u00e9m vive sozinho. A felicidade de uma pessoa est\u00e1 em amar e ser amada. Devemos cultivar a vida, denunciando todos os tipos de agress\u00f5es(viol\u00eancia) sofridas.<\/p>\n\n\n\n<p><strong>Telefones \u00dateis:<\/strong><strong>Delegacia Especializada da Mulher:<\/strong>&nbsp;(54) 3581.0725 | 3327.1523<\/p>\n\n\n\n<p><strong>Coordenadoria da Mulher:<\/strong>&nbsp;(54) 3312.8086<\/p>\n\n\n\n<p><strong>Conselho Municipal de Direitos da Mulher:<\/strong>&nbsp;(54) 3312.3070<\/p>\n\n\n\n<p><strong>Central de Atendimento \u00e0 Mulher:<\/strong>&nbsp;Ligue 180<\/p>\n","protected":false},"excerpt":{"rendered":"<p>Formas de Viol\u00eancia Na esfera jur\u00eddica, viol\u00eancia significa uma esp\u00e9cie de coa\u00e7\u00e3o, ou forma de constrangimento, posto em pr\u00e1tica para vencer a capacidade de resist\u00eancia de outrem, ou a levar a execut\u00e1-lo, [&hellip;]<\/p>\n","protected":false},"author":1,"featured_media":0,"parent":0,"menu_order":0,"comment_status":"closed","ping_status":"closed","template":"","meta":{"footnotes":""},"class_list":["post-29","page","type-page","status-publish","hentry"],"yoast_head":"<!-- This site is optimized with the Yoast SEO plugin v23.8 - https:\/\/yoast.com\/wordpress\/plugins\/seo\/ -->\n<title>Viol\u00eancia Contra a Mulher - Coordenadoria da Mulher<\/title>\n<meta name=\"robots\" content=\"index, follow, max-snippet:-1, max-image-preview:large, max-video-preview:-1\" \/>\n<link rel=\"canonical\" href=\"https:\/\/www.pmpf.rs.gov.br\/coordenadoria-da-mulher\/violencia-contra-a-mulher\/\" \/>\n<meta property=\"og:locale\" content=\"pt_BR\" \/>\n<meta property=\"og:type\" content=\"article\" \/>\n<meta property=\"og:title\" content=\"Viol\u00eancia Contra a Mulher - Coordenadoria da Mulher\" \/>\n<meta property=\"og:description\" content=\"Formas de Viol\u00eancia Na esfera jur\u00eddica, viol\u00eancia significa uma esp\u00e9cie de coa\u00e7\u00e3o, ou forma de constrangimento, posto em pr\u00e1tica para vencer a capacidade de resist\u00eancia de outrem, ou a levar a execut\u00e1-lo, [&hellip;]\" \/>\n<meta property=\"og:url\" content=\"https:\/\/www.pmpf.rs.gov.br\/coordenadoria-da-mulher\/violencia-contra-a-mulher\/\" \/>\n<meta property=\"og:site_name\" content=\"Coordenadoria da Mulher\" \/>\n<meta property=\"article:modified_time\" content=\"2021-12-20T17:06:41+00:00\" \/>\n<meta name=\"twitter:card\" content=\"summary_large_image\" \/>\n<meta name=\"twitter:label1\" content=\"Est. tempo de leitura\" \/>\n\t<meta name=\"twitter:data1\" content=\"3 minutos\" \/>\n<script type=\"application\/ld+json\" class=\"yoast-schema-graph\">{\"@context\":\"https:\/\/schema.org\",\"@graph\":[{\"@type\":\"WebPage\",\"@id\":\"https:\/\/www.pmpf.rs.gov.br\/coordenadoria-da-mulher\/violencia-contra-a-mulher\/\",\"url\":\"https:\/\/www.pmpf.rs.gov.br\/coordenadoria-da-mulher\/violencia-contra-a-mulher\/\",\"name\":\"Viol\u00eancia Contra a Mulher - Coordenadoria da Mulher\",\"isPartOf\":{\"@id\":\"https:\/\/www.pmpf.rs.gov.br\/coordenadoria-da-mulher\/#website\"},\"datePublished\":\"2021-12-20T17:06:32+00:00\",\"dateModified\":\"2021-12-20T17:06:41+00:00\",\"inLanguage\":\"pt-BR\",\"potentialAction\":[{\"@type\":\"ReadAction\",\"target\":[\"https:\/\/www.pmpf.rs.gov.br\/coordenadoria-da-mulher\/violencia-contra-a-mulher\/\"]}]},{\"@type\":\"WebSite\",\"@id\":\"https:\/\/www.pmpf.rs.gov.br\/coordenadoria-da-mulher\/#website\",\"url\":\"https:\/\/www.pmpf.rs.gov.br\/coordenadoria-da-mulher\/\",\"name\":\"Coordenadoria da Mulher\",\"description\":\"S\u00f3 mais um site Prefeitura de Passo Fundo\",\"potentialAction\":[{\"@type\":\"SearchAction\",\"target\":{\"@type\":\"EntryPoint\",\"urlTemplate\":\"https:\/\/www.pmpf.rs.gov.br\/coordenadoria-da-mulher\/?s={search_term_string}\"},\"query-input\":{\"@type\":\"PropertyValueSpecification\",\"valueRequired\":true,\"valueName\":\"search_term_string\"}}],\"inLanguage\":\"pt-BR\"}]}<\/script>\n<!-- \/ Yoast SEO plugin. -->","yoast_head_json":{"title":"Viol\u00eancia Contra a Mulher - Coordenadoria da Mulher","robots":{"index":"index","follow":"follow","max-snippet":"max-snippet:-1","max-image-preview":"max-image-preview:large","max-video-preview":"max-video-preview:-1"},"canonical":"https:\/\/www.pmpf.rs.gov.br\/coordenadoria-da-mulher\/violencia-contra-a-mulher\/","og_locale":"pt_BR","og_type":"article","og_title":"Viol\u00eancia Contra a Mulher - Coordenadoria da Mulher","og_description":"Formas de Viol\u00eancia Na esfera jur\u00eddica, viol\u00eancia significa uma esp\u00e9cie de coa\u00e7\u00e3o, ou forma de constrangimento, posto em pr\u00e1tica para vencer a capacidade de resist\u00eancia de outrem, ou a levar a execut\u00e1-lo, [&hellip;]","og_url":"https:\/\/www.pmpf.rs.gov.br\/coordenadoria-da-mulher\/violencia-contra-a-mulher\/","og_site_name":"Coordenadoria da Mulher","article_modified_time":"2021-12-20T17:06:41+00:00","twitter_card":"summary_large_image","twitter_misc":{"Est. tempo de leitura":"3 minutos"},"schema":{"@context":"https:\/\/schema.org","@graph":[{"@type":"WebPage","@id":"https:\/\/www.pmpf.rs.gov.br\/coordenadoria-da-mulher\/violencia-contra-a-mulher\/","url":"https:\/\/www.pmpf.rs.gov.br\/coordenadoria-da-mulher\/violencia-contra-a-mulher\/","name":"Viol\u00eancia Contra a Mulher - Coordenadoria da Mulher","isPartOf":{"@id":"https:\/\/www.pmpf.rs.gov.br\/coordenadoria-da-mulher\/#website"},"datePublished":"2021-12-20T17:06:32+00:00","dateModified":"2021-12-20T17:06:41+00:00","inLanguage":"pt-BR","potentialAction":[{"@type":"ReadAction","target":["https:\/\/www.pmpf.rs.gov.br\/coordenadoria-da-mulher\/violencia-contra-a-mulher\/"]}]},{"@type":"WebSite","@id":"https:\/\/www.pmpf.rs.gov.br\/coordenadoria-da-mulher\/#website","url":"https:\/\/www.pmpf.rs.gov.br\/coordenadoria-da-mulher\/","name":"Coordenadoria da Mulher","description":"S\u00f3 mais um site Prefeitura de Passo Fundo","potentialAction":[{"@type":"SearchAction","target":{"@type":"EntryPoint","urlTemplate":"https:\/\/www.pmpf.rs.gov.br\/coordenadoria-da-mulher\/?s={search_term_string}"},"query-input":{"@type":"PropertyValueSpecification","valueRequired":true,"valueName":"search_term_string"}}],"inLanguage":"pt-BR"}]}},"_links":{"self":[{"href":"https:\/\/www.pmpf.rs.gov.br\/coordenadoria-da-mulher\/wp-json\/wp\/v2\/pages\/29"}],"collection":[{"href":"https:\/\/www.pmpf.rs.gov.br\/coordenadoria-da-mulher\/wp-json\/wp\/v2\/pages"}],"about":[{"href":"https:\/\/www.pmpf.rs.gov.br\/coordenadoria-da-mulher\/wp-json\/wp\/v2\/types\/page"}],"author":[{"embeddable":true,"href":"https:\/\/www.pmpf.rs.gov.br\/coordenadoria-da-mulher\/wp-json\/wp\/v2\/users\/1"}],"replies":[{"embeddable":true,"href":"https:\/\/www.pmpf.rs.gov.br\/coordenadoria-da-mulher\/wp-json\/wp\/v2\/comments?post=29"}],"version-history":[{"count":1,"href":"https:\/\/www.pmpf.rs.gov.br\/coordenadoria-da-mulher\/wp-json\/wp\/v2\/pages\/29\/revisions"}],"predecessor-version":[{"id":30,"href":"https:\/\/www.pmpf.rs.gov.br\/coordenadoria-da-mulher\/wp-json\/wp\/v2\/pages\/29\/revisions\/30"}],"wp:attachment":[{"href":"https:\/\/www.pmpf.rs.gov.br\/coordenadoria-da-mulher\/wp-json\/wp\/v2\/media?parent=29"}],"curies":[{"name":"wp","href":"https:\/\/api.w.org\/{rel}","templated":true}]}}