{"id":949,"date":"2025-02-04T15:03:26","date_gmt":"2025-02-04T18:03:26","guid":{"rendered":"https:\/\/www.pmpf.rs.gov.br\/conselhos-municipais-de-passo-fundo\/?page_id=949"},"modified":"2026-03-06T10:17:35","modified_gmt":"2026-03-06T13:17:35","slug":"cipf","status":"publish","type":"page","link":"https:\/\/www.pmpf.rs.gov.br\/conselhos-municipais-de-passo-fundo\/cipf\/","title":{"rendered":"CIPF"},"content":{"rendered":"\n<div class=\"wp-block-group\"><div class=\"wp-block-group__inner-container is-layout-constrained wp-block-group-is-layout-constrained\">\n<h2 class=\"wp-block-heading\"><strong>Conselho de Inova\u00e7\u00e3o de Passo Fundo<\/strong><\/h2>\n\n\n<div class=\"wp-block-image\">\n<figure class=\"alignleft size-large is-resized\"><img loading=\"lazy\" decoding=\"async\" width=\"1024\" height=\"768\" src=\"https:\/\/www.pmpf.rs.gov.br\/conselhos-municipais-de-passo-fundo\/wp-content\/uploads\/sites\/37\/2025\/02\/foto-cipf-1024x768.jpg\" alt=\"\" class=\"wp-image-950\" style=\"width:385px;height:auto\" srcset=\"https:\/\/www.pmpf.rs.gov.br\/conselhos-municipais-de-passo-fundo\/wp-content\/uploads\/sites\/37\/2025\/02\/foto-cipf-1024x768.jpg 1024w, https:\/\/www.pmpf.rs.gov.br\/conselhos-municipais-de-passo-fundo\/wp-content\/uploads\/sites\/37\/2025\/02\/foto-cipf-300x225.jpg 300w, https:\/\/www.pmpf.rs.gov.br\/conselhos-municipais-de-passo-fundo\/wp-content\/uploads\/sites\/37\/2025\/02\/foto-cipf-768x576.jpg 768w, https:\/\/www.pmpf.rs.gov.br\/conselhos-municipais-de-passo-fundo\/wp-content\/uploads\/sites\/37\/2025\/02\/foto-cipf.jpg 1280w\" sizes=\"(max-width: 1024px) 100vw, 1024px\" \/><\/figure><\/div>\n\n\n<p class=\"has-medium-font-size\">O Conselho de Inova\u00e7\u00e3o de Passo Fundo (CIPF) foi criado pelos artigos 9\u00ba a 12 da Lei n\u00ba 5.683, de 1\u00ba de novembro de 2022. Trata-se de um \u00f3rg\u00e3o consultivo, deliberativo, normativo e permanente, formado por representantes do Poder Executivo, da comunidade cient\u00edfica, tecnol\u00f3gica e de inova\u00e7\u00e3o, das entidades empresariais e da sociedade civil organizada. Vinculado \u00e0 Secretaria Municipal de Inova\u00e7\u00e3o, o Conselho tem seus membros nomeados pelo Prefeito para um mandato de dois anos.<\/p>\n\n\n\n<p class=\"has-medium-font-size\">Composto por 9 membros titulares e respectivos suplentes, o CIPF garante uma composi\u00e7\u00e3o que abrange diversas compet\u00eancias t\u00e9cnicas nas \u00e1reas de ci\u00eancia, tecnologia, inova\u00e7\u00e3o e desenvolvimento econ\u00f4mico (\u00a71\u00ba).<\/p>\n\n\n\n<h3 class=\"wp-block-heading\">Informa\u00e7\u00f5es gerais:<\/h3>\n\n\n\n<p class=\"has-medium-font-size\"><strong>Presidente atual:<\/strong>&nbsp;B\u00e1rbara Fritzen<br><strong>Reuni\u00f5es ordin\u00e1rias:<\/strong>&nbsp;Bimestrais, sempre na segunda ter\u00e7a-feira do m\u00eas, \u00e0s 14h, no Hub do Instituto Alian\u00e7a Empresarial<br><strong>E-mail<\/strong>&nbsp;para contato:&nbsp;<a href=\"mailto:cap.inovacao@pmpf.rs.gov.br\" target=\"_blank\" rel=\"noreferrer noopener\">cap.inovacao@pmpf.rs.gov.br<\/a><br><strong>Telefone:&nbsp;<\/strong>(54) 99641-1922<br><strong>Situa\u00e7\u00e3o atual:&nbsp;<\/strong>Ativo<br><strong>Vencimento do mandato:<\/strong>&nbsp;Maio\/2026<\/p>\n<\/div><\/div>\n\n\n\n<hr class=\"wp-block-separator has-css-opacity\"\/>\n\n\n\n<h3 class=\"wp-block-heading\">Legisla\u00e7\u00e3o<\/h3>\n\n\n\n<ul class=\"wp-block-list\">\n<li><a href=\"https:\/\/www.pmpf.rs.gov.br\/conselhos-municipais-de-passo-fundo\/wp-content\/uploads\/sites\/37\/2021\/12\/regimento-interno-CIPF.pdf\" target=\"_blank\" rel=\"noreferrer noopener\">Regimento Interno<\/a> &#8211; Conselho de Inova\u00e7\u00e3o de Passo Fundo &#8211; CIPF;<\/li>\n\n\n\n<li><a href=\"https:\/\/www.pmpf.rs.gov.br\/conselhos-municipais-de-passo-fundo\/wp-content\/uploads\/sites\/37\/2021\/12\/portaria-2742-2023-nomeia-integrantes-CIPF.pdf\" target=\"_blank\" rel=\"noreferrer noopener\">Portaria n.\u00ba 2742\/2023<\/a> &#8211; Nomeia Integrantes do Conselho de Inova\u00e7\u00e3o de Passo Fundo &#8211; CIPF;<\/li>\n\n\n\n<li><a href=\"https:\/\/www.pmpf.rs.gov.br\/conselhos-municipais-de-passo-fundo\/wp-content\/uploads\/sites\/37\/2021\/12\/portaria-2510-2024.pdf\" target=\"_blank\" rel=\"noreferrer noopener\">Portaria n.\u00ba 2510\/2024<\/a> &#8211; Retifica\u00e7\u00e3o da Portaria n.\u00ba 2742\/2023;<\/li>\n\n\n\n<li><a href=\"https:\/\/www.pmpf.rs.gov.br\/conselhos-municipais-de-passo-fundo\/wp-content\/uploads\/sites\/37\/2021\/12\/portaria-505-2024.pdf\" target=\"_blank\" rel=\"noreferrer noopener\">Portaria n.\u00ba 505\/2024<\/a> &#8211; Altera a Portaria n.\u00ba 2742\/2023;<\/li>\n\n\n\n<li><a href=\"https:\/\/www.pmpf.rs.gov.br\/conselhos-municipais-de-passo-fundo\/wp-content\/uploads\/sites\/37\/2021\/12\/portaria-1126-2024.pdf\" target=\"_blank\" rel=\"noreferrer noopener\">Portaria n.\u00ba  1126\/2024<\/a> &#8211; Altera a Portaria n.\u00ba 2742\/2023.<\/li>\n<\/ul>\n\n\n\n<h3 class=\"wp-block-heading\">Atas<\/h3>\n\n\n\n<ul class=\"wp-block-list\">\n<li><a href=\"https:\/\/www.pmpf.rs.gov.br\/conselhos-municipais-de-passo-fundo\/wp-content\/uploads\/sites\/37\/2021\/12\/concPublico2026-edital47-06032026.pdf\">Ata da Reuni\u00e3o 03\/2025<\/a> &#8211; 09 de dezembro de 2025<\/li>\n<\/ul>\n\n\n\n<hr class=\"wp-block-separator has-alpha-channel-opacity\"\/>\n","protected":false},"excerpt":{"rendered":"<p>Conselho de Inova\u00e7\u00e3o de Passo Fundo O Conselho de Inova\u00e7\u00e3o de Passo Fundo (CIPF) foi criado pelos artigos 9\u00ba a 12 da Lei n\u00ba 5.683, de 1\u00ba de novembro de 2022. Trata-se [&hellip;]<\/p>\n","protected":false},"author":26,"featured_media":0,"parent":0,"menu_order":0,"comment_status":"closed","ping_status":"closed","template":"","meta":{"footnotes":""},"class_list":["post-949","page","type-page","status-publish","hentry"],"yoast_head":"<!-- This site is optimized with the Yoast SEO plugin v23.8 - https:\/\/yoast.com\/wordpress\/plugins\/seo\/ -->\n<title>CIPF - Conselhos Municipais de Passo Fundo<\/title>\n<meta name=\"robots\" content=\"index, follow, max-snippet:-1, max-image-preview:large, max-video-preview:-1\" \/>\n<link rel=\"canonical\" href=\"https:\/\/www.pmpf.rs.gov.br\/conselhos-municipais-de-passo-fundo\/cipf\/\" \/>\n<meta property=\"og:locale\" content=\"pt_BR\" \/>\n<meta property=\"og:type\" content=\"article\" \/>\n<meta property=\"og:title\" content=\"CIPF - Conselhos Municipais de Passo Fundo\" \/>\n<meta property=\"og:description\" content=\"Conselho de Inova\u00e7\u00e3o de Passo Fundo O Conselho de Inova\u00e7\u00e3o de Passo Fundo (CIPF) foi criado pelos artigos 9\u00ba a 12 da Lei n\u00ba 5.683, de 1\u00ba de novembro de 2022. Trata-se [&hellip;]\" \/>\n<meta property=\"og:url\" content=\"https:\/\/www.pmpf.rs.gov.br\/conselhos-municipais-de-passo-fundo\/cipf\/\" \/>\n<meta property=\"og:site_name\" content=\"Conselhos Municipais de Passo Fundo\" \/>\n<meta property=\"article:modified_time\" content=\"2026-03-06T13:17:35+00:00\" \/>\n<meta property=\"og:image\" content=\"https:\/\/www.pmpf.rs.gov.br\/conselhos-municipais-de-passo-fundo\/wp-content\/uploads\/sites\/37\/2025\/02\/foto-cipf.jpg\" \/>\n\t<meta property=\"og:image:width\" content=\"1280\" \/>\n\t<meta property=\"og:image:height\" content=\"960\" \/>\n\t<meta property=\"og:image:type\" content=\"image\/jpeg\" \/>\n<meta name=\"twitter:card\" content=\"summary_large_image\" \/>\n<meta name=\"twitter:label1\" content=\"Est. tempo de leitura\" \/>\n\t<meta name=\"twitter:data1\" content=\"1 minuto\" \/>\n<script type=\"application\/ld+json\" class=\"yoast-schema-graph\">{\"@context\":\"https:\/\/schema.org\",\"@graph\":[{\"@type\":\"WebPage\",\"@id\":\"https:\/\/www.pmpf.rs.gov.br\/conselhos-municipais-de-passo-fundo\/cipf\/\",\"url\":\"https:\/\/www.pmpf.rs.gov.br\/conselhos-municipais-de-passo-fundo\/cipf\/\",\"name\":\"CIPF - Conselhos Municipais de Passo Fundo\",\"isPartOf\":{\"@id\":\"https:\/\/www.pmpf.rs.gov.br\/conselhos-municipais-de-passo-fundo\/#website\"},\"primaryImageOfPage\":{\"@id\":\"https:\/\/www.pmpf.rs.gov.br\/conselhos-municipais-de-passo-fundo\/cipf\/#primaryimage\"},\"image\":{\"@id\":\"https:\/\/www.pmpf.rs.gov.br\/conselhos-municipais-de-passo-fundo\/cipf\/#primaryimage\"},\"thumbnailUrl\":\"https:\/\/www.pmpf.rs.gov.br\/conselhos-municipais-de-passo-fundo\/wp-content\/uploads\/sites\/37\/2025\/02\/foto-cipf-1024x768.jpg\",\"datePublished\":\"2025-02-04T18:03:26+00:00\",\"dateModified\":\"2026-03-06T13:17:35+00:00\",\"inLanguage\":\"pt-BR\",\"potentialAction\":[{\"@type\":\"ReadAction\",\"target\":[\"https:\/\/www.pmpf.rs.gov.br\/conselhos-municipais-de-passo-fundo\/cipf\/\"]}]},{\"@type\":\"ImageObject\",\"inLanguage\":\"pt-BR\",\"@id\":\"https:\/\/www.pmpf.rs.gov.br\/conselhos-municipais-de-passo-fundo\/cipf\/#primaryimage\",\"url\":\"https:\/\/www.pmpf.rs.gov.br\/conselhos-municipais-de-passo-fundo\/wp-content\/uploads\/sites\/37\/2025\/02\/foto-cipf.jpg\",\"contentUrl\":\"https:\/\/www.pmpf.rs.gov.br\/conselhos-municipais-de-passo-fundo\/wp-content\/uploads\/sites\/37\/2025\/02\/foto-cipf.jpg\",\"width\":1280,\"height\":960,\"caption\":\"CIPF - Conselho de Inova\u00e7\u00e3o de Passo Fundo\"},{\"@type\":\"WebSite\",\"@id\":\"https:\/\/www.pmpf.rs.gov.br\/conselhos-municipais-de-passo-fundo\/#website\",\"url\":\"https:\/\/www.pmpf.rs.gov.br\/conselhos-municipais-de-passo-fundo\/\",\"name\":\"Conselhos Municipais de Passo Fundo\",\"description\":\"S\u00f3 mais um site Prefeitura de Passo Fundo\",\"potentialAction\":[{\"@type\":\"SearchAction\",\"target\":{\"@type\":\"EntryPoint\",\"urlTemplate\":\"https:\/\/www.pmpf.rs.gov.br\/conselhos-municipais-de-passo-fundo\/?s={search_term_string}\"},\"query-input\":{\"@type\":\"PropertyValueSpecification\",\"valueRequired\":true,\"valueName\":\"search_term_string\"}}],\"inLanguage\":\"pt-BR\"}]}<\/script>\n<!-- \/ Yoast SEO plugin. -->","yoast_head_json":{"title":"CIPF - Conselhos Municipais de Passo Fundo","robots":{"index":"index","follow":"follow","max-snippet":"max-snippet:-1","max-image-preview":"max-image-preview:large","max-video-preview":"max-video-preview:-1"},"canonical":"https:\/\/www.pmpf.rs.gov.br\/conselhos-municipais-de-passo-fundo\/cipf\/","og_locale":"pt_BR","og_type":"article","og_title":"CIPF - Conselhos Municipais de Passo Fundo","og_description":"Conselho de Inova\u00e7\u00e3o de Passo Fundo O Conselho de Inova\u00e7\u00e3o de Passo Fundo (CIPF) foi criado pelos artigos 9\u00ba a 12 da Lei n\u00ba 5.683, de 1\u00ba de novembro de 2022. Trata-se [&hellip;]","og_url":"https:\/\/www.pmpf.rs.gov.br\/conselhos-municipais-de-passo-fundo\/cipf\/","og_site_name":"Conselhos Municipais de Passo Fundo","article_modified_time":"2026-03-06T13:17:35+00:00","og_image":[{"width":1280,"height":960,"url":"https:\/\/www.pmpf.rs.gov.br\/conselhos-municipais-de-passo-fundo\/wp-content\/uploads\/sites\/37\/2025\/02\/foto-cipf.jpg","type":"image\/jpeg"}],"twitter_card":"summary_large_image","twitter_misc":{"Est. tempo de leitura":"1 minuto"},"schema":{"@context":"https:\/\/schema.org","@graph":[{"@type":"WebPage","@id":"https:\/\/www.pmpf.rs.gov.br\/conselhos-municipais-de-passo-fundo\/cipf\/","url":"https:\/\/www.pmpf.rs.gov.br\/conselhos-municipais-de-passo-fundo\/cipf\/","name":"CIPF - Conselhos Municipais de Passo Fundo","isPartOf":{"@id":"https:\/\/www.pmpf.rs.gov.br\/conselhos-municipais-de-passo-fundo\/#website"},"primaryImageOfPage":{"@id":"https:\/\/www.pmpf.rs.gov.br\/conselhos-municipais-de-passo-fundo\/cipf\/#primaryimage"},"image":{"@id":"https:\/\/www.pmpf.rs.gov.br\/conselhos-municipais-de-passo-fundo\/cipf\/#primaryimage"},"thumbnailUrl":"https:\/\/www.pmpf.rs.gov.br\/conselhos-municipais-de-passo-fundo\/wp-content\/uploads\/sites\/37\/2025\/02\/foto-cipf-1024x768.jpg","datePublished":"2025-02-04T18:03:26+00:00","dateModified":"2026-03-06T13:17:35+00:00","inLanguage":"pt-BR","potentialAction":[{"@type":"ReadAction","target":["https:\/\/www.pmpf.rs.gov.br\/conselhos-municipais-de-passo-fundo\/cipf\/"]}]},{"@type":"ImageObject","inLanguage":"pt-BR","@id":"https:\/\/www.pmpf.rs.gov.br\/conselhos-municipais-de-passo-fundo\/cipf\/#primaryimage","url":"https:\/\/www.pmpf.rs.gov.br\/conselhos-municipais-de-passo-fundo\/wp-content\/uploads\/sites\/37\/2025\/02\/foto-cipf.jpg","contentUrl":"https:\/\/www.pmpf.rs.gov.br\/conselhos-municipais-de-passo-fundo\/wp-content\/uploads\/sites\/37\/2025\/02\/foto-cipf.jpg","width":1280,"height":960,"caption":"CIPF - Conselho de Inova\u00e7\u00e3o de Passo Fundo"},{"@type":"WebSite","@id":"https:\/\/www.pmpf.rs.gov.br\/conselhos-municipais-de-passo-fundo\/#website","url":"https:\/\/www.pmpf.rs.gov.br\/conselhos-municipais-de-passo-fundo\/","name":"Conselhos Municipais de Passo Fundo","description":"S\u00f3 mais um site Prefeitura de Passo Fundo","potentialAction":[{"@type":"SearchAction","target":{"@type":"EntryPoint","urlTemplate":"https:\/\/www.pmpf.rs.gov.br\/conselhos-municipais-de-passo-fundo\/?s={search_term_string}"},"query-input":{"@type":"PropertyValueSpecification","valueRequired":true,"valueName":"search_term_string"}}],"inLanguage":"pt-BR"}]}},"_links":{"self":[{"href":"https:\/\/www.pmpf.rs.gov.br\/conselhos-municipais-de-passo-fundo\/wp-json\/wp\/v2\/pages\/949"}],"collection":[{"href":"https:\/\/www.pmpf.rs.gov.br\/conselhos-municipais-de-passo-fundo\/wp-json\/wp\/v2\/pages"}],"about":[{"href":"https:\/\/www.pmpf.rs.gov.br\/conselhos-municipais-de-passo-fundo\/wp-json\/wp\/v2\/types\/page"}],"author":[{"embeddable":true,"href":"https:\/\/www.pmpf.rs.gov.br\/conselhos-municipais-de-passo-fundo\/wp-json\/wp\/v2\/users\/26"}],"replies":[{"embeddable":true,"href":"https:\/\/www.pmpf.rs.gov.br\/conselhos-municipais-de-passo-fundo\/wp-json\/wp\/v2\/comments?post=949"}],"version-history":[{"count":8,"href":"https:\/\/www.pmpf.rs.gov.br\/conselhos-municipais-de-passo-fundo\/wp-json\/wp\/v2\/pages\/949\/revisions"}],"predecessor-version":[{"id":1376,"href":"https:\/\/www.pmpf.rs.gov.br\/conselhos-municipais-de-passo-fundo\/wp-json\/wp\/v2\/pages\/949\/revisions\/1376"}],"wp:attachment":[{"href":"https:\/\/www.pmpf.rs.gov.br\/conselhos-municipais-de-passo-fundo\/wp-json\/wp\/v2\/media?parent=949"}],"curies":[{"name":"wp","href":"https:\/\/api.w.org\/{rel}","templated":true}]}}