{"id":85,"date":"2021-12-18T18:28:18","date_gmt":"2021-12-18T21:28:18","guid":{"rendered":"https:\/\/www.pmpf.rs.gov.br\/conselhos-municipais-de-passo-fundo\/?page_id=85"},"modified":"2025-07-18T10:21:54","modified_gmt":"2025-07-18T13:21:54","slug":"comtur","status":"publish","type":"page","link":"https:\/\/www.pmpf.rs.gov.br\/conselhos-municipais-de-passo-fundo\/comtur\/","title":{"rendered":"COMTUR"},"content":{"rendered":"\n<h2 class=\"wp-block-heading\">Conselho Municipal de Turismo<\/h2>\n\n\n\n<p>COMTUR &#8211; O Conselho Municipal de Turismo (COMTUR) foi criado por meio da&nbsp;<a target=\"_blank\" href=\"https:\/\/www.leismunicipais.com.br\/a1\/rs\/p\/passo-fundo\/lei-ordinaria\/2009\/459\/4585\/lei-ordinaria-n-4585-2009-cria-o-conselho-municipal-de-turismo-no-municipio-de-passo-fundo?q=4585%22\" rel=\"noreferrer noopener\">Lei n\u00ba 4585\/2009<\/a>. O referido conselho municipal tem car\u00e1ter consultivo, fiscalizador e formulador da pol\u00edtica p\u00fablica voltada para a&nbsp; o turismo.<\/p>\n\n\n\n<p>Compete ao Conselho Municipal de Turismo propor estrat\u00e9gias de acompanhamento, avalia\u00e7\u00e3o e fiscaliza\u00e7\u00e3o, bem como participa\u00e7\u00e3o no processo deliberativo de diretrizes das pol\u00edticas voltadas ao turismo, fomentando a inclus\u00e3o do turismo nas pol\u00edticas publicas desenvolvidas em \u00e2mbito municipal. Em s\u00edntese, compete ao COMTUR mobilizar a sociedade civil para o estudo, discuss\u00e3o e implementa\u00e7\u00e3o das prioridades da pol\u00edtica municipal voltadas ao turismo.<\/p>\n\n\n\n<p>Presidente atual: Adolfo de Freitas<br>Telefone:(54) 98404-4776, (54) 3581-0187<br>E-mail: <a href=\"mailto:comtur.passofundo@gmail.com\" target=\"_blank\" rel=\"noreferrer noopener\">comtur.passofundo@gmail.com<\/a><br>Situa\u00e7\u00e3o atual:\u00a0<strong>Ativo<\/strong>.<\/p>\n\n\n\n<hr class=\"wp-block-separator has-alpha-channel-opacity\"\/>\n\n\n\n<p><a href=\"https:\/\/www.pmpf.rs.gov.br\/conselhos-municipais-de-passo-fundo\/wp-content\/uploads\/sites\/37\/2021\/12\/comtur-edital55-31032025.pdf\" target=\"_blank\" rel=\"noreferrer noopener\">Edital 55\/2025<\/a> &#8211; 31\/03\/2025  &#8211; Convoca assembleia para escolha de entidades n\u00e3o governamentais para integrarem o Conselho Municipal de Turismo \u2013 COMTUR.<\/p>\n\n\n\n<p><a href=\"https:\/\/www.pmpf.rs.gov.br\/conselhos-municipais-de-passo-fundo\/wp-content\/uploads\/sites\/37\/2021\/12\/comtur-lista-entidades-homologadas-25042025.pdf\" target=\"_blank\" rel=\"noreferrer noopener\">Divulga\u00e7\u00e3o de Entidades Inscritas para a Gest\u00e3o 2025\/2027<\/a><\/p>\n\n\n\n<p><a href=\"https:\/\/www.pmpf.rs.gov.br\/conselhos-municipais-de-passo-fundo\/wp-content\/uploads\/sites\/37\/2021\/12\/comtur-lista-entidades-2025.pdf\" target=\"_blank\" rel=\"noreferrer noopener\">Lista de Entidades Aptas a Integrarem o COMTUR, Gest\u00e3o 2025\/2027<\/a><\/p>\n\n\n\n<hr class=\"wp-block-separator has-alpha-channel-opacity\"\/>\n","protected":false},"excerpt":{"rendered":"<p>Conselho Municipal de Turismo COMTUR &#8211; O Conselho Municipal de Turismo (COMTUR) foi criado por meio da&nbsp;Lei n\u00ba 4585\/2009. O referido conselho municipal tem car\u00e1ter consultivo, fiscalizador e formulador da pol\u00edtica p\u00fablica [&hellip;]<\/p>\n","protected":false},"author":1,"featured_media":0,"parent":0,"menu_order":0,"comment_status":"closed","ping_status":"closed","template":"","meta":{"footnotes":""},"class_list":["post-85","page","type-page","status-publish","hentry"],"yoast_head":"<!-- This site is optimized with the Yoast SEO plugin v23.8 - https:\/\/yoast.com\/wordpress\/plugins\/seo\/ -->\n<title>COMTUR - Conselhos Municipais de Passo Fundo<\/title>\n<meta name=\"robots\" content=\"index, follow, max-snippet:-1, max-image-preview:large, max-video-preview:-1\" \/>\n<link rel=\"canonical\" href=\"https:\/\/www.pmpf.rs.gov.br\/conselhos-municipais-de-passo-fundo\/comtur\/\" \/>\n<meta property=\"og:locale\" content=\"pt_BR\" \/>\n<meta property=\"og:type\" content=\"article\" \/>\n<meta property=\"og:title\" content=\"COMTUR - Conselhos Municipais de Passo Fundo\" \/>\n<meta property=\"og:description\" content=\"Conselho Municipal de Turismo COMTUR &#8211; O Conselho Municipal de Turismo (COMTUR) foi criado por meio da&nbsp;Lei n\u00ba 4585\/2009. O referido conselho municipal tem car\u00e1ter consultivo, fiscalizador e formulador da pol\u00edtica p\u00fablica [&hellip;]\" \/>\n<meta property=\"og:url\" content=\"https:\/\/www.pmpf.rs.gov.br\/conselhos-municipais-de-passo-fundo\/comtur\/\" \/>\n<meta property=\"og:site_name\" content=\"Conselhos Municipais de Passo Fundo\" \/>\n<meta property=\"article:modified_time\" content=\"2025-07-18T13:21:54+00:00\" \/>\n<meta name=\"twitter:card\" content=\"summary_large_image\" \/>\n<meta name=\"twitter:label1\" content=\"Est. tempo de leitura\" \/>\n\t<meta name=\"twitter:data1\" content=\"1 minuto\" \/>\n<script type=\"application\/ld+json\" class=\"yoast-schema-graph\">{\"@context\":\"https:\/\/schema.org\",\"@graph\":[{\"@type\":\"WebPage\",\"@id\":\"https:\/\/www.pmpf.rs.gov.br\/conselhos-municipais-de-passo-fundo\/comtur\/\",\"url\":\"https:\/\/www.pmpf.rs.gov.br\/conselhos-municipais-de-passo-fundo\/comtur\/\",\"name\":\"COMTUR - Conselhos Municipais de Passo Fundo\",\"isPartOf\":{\"@id\":\"https:\/\/www.pmpf.rs.gov.br\/conselhos-municipais-de-passo-fundo\/#website\"},\"datePublished\":\"2021-12-18T21:28:18+00:00\",\"dateModified\":\"2025-07-18T13:21:54+00:00\",\"inLanguage\":\"pt-BR\",\"potentialAction\":[{\"@type\":\"ReadAction\",\"target\":[\"https:\/\/www.pmpf.rs.gov.br\/conselhos-municipais-de-passo-fundo\/comtur\/\"]}]},{\"@type\":\"WebSite\",\"@id\":\"https:\/\/www.pmpf.rs.gov.br\/conselhos-municipais-de-passo-fundo\/#website\",\"url\":\"https:\/\/www.pmpf.rs.gov.br\/conselhos-municipais-de-passo-fundo\/\",\"name\":\"Conselhos Municipais de Passo Fundo\",\"description\":\"S\u00f3 mais um site Prefeitura de Passo Fundo\",\"potentialAction\":[{\"@type\":\"SearchAction\",\"target\":{\"@type\":\"EntryPoint\",\"urlTemplate\":\"https:\/\/www.pmpf.rs.gov.br\/conselhos-municipais-de-passo-fundo\/?s={search_term_string}\"},\"query-input\":{\"@type\":\"PropertyValueSpecification\",\"valueRequired\":true,\"valueName\":\"search_term_string\"}}],\"inLanguage\":\"pt-BR\"}]}<\/script>\n<!-- \/ Yoast SEO plugin. -->","yoast_head_json":{"title":"COMTUR - Conselhos Municipais de Passo Fundo","robots":{"index":"index","follow":"follow","max-snippet":"max-snippet:-1","max-image-preview":"max-image-preview:large","max-video-preview":"max-video-preview:-1"},"canonical":"https:\/\/www.pmpf.rs.gov.br\/conselhos-municipais-de-passo-fundo\/comtur\/","og_locale":"pt_BR","og_type":"article","og_title":"COMTUR - Conselhos Municipais de Passo Fundo","og_description":"Conselho Municipal de Turismo COMTUR &#8211; O Conselho Municipal de Turismo (COMTUR) foi criado por meio da&nbsp;Lei n\u00ba 4585\/2009. O referido conselho municipal tem car\u00e1ter consultivo, fiscalizador e formulador da pol\u00edtica p\u00fablica [&hellip;]","og_url":"https:\/\/www.pmpf.rs.gov.br\/conselhos-municipais-de-passo-fundo\/comtur\/","og_site_name":"Conselhos Municipais de Passo Fundo","article_modified_time":"2025-07-18T13:21:54+00:00","twitter_card":"summary_large_image","twitter_misc":{"Est. tempo de leitura":"1 minuto"},"schema":{"@context":"https:\/\/schema.org","@graph":[{"@type":"WebPage","@id":"https:\/\/www.pmpf.rs.gov.br\/conselhos-municipais-de-passo-fundo\/comtur\/","url":"https:\/\/www.pmpf.rs.gov.br\/conselhos-municipais-de-passo-fundo\/comtur\/","name":"COMTUR - Conselhos Municipais de Passo Fundo","isPartOf":{"@id":"https:\/\/www.pmpf.rs.gov.br\/conselhos-municipais-de-passo-fundo\/#website"},"datePublished":"2021-12-18T21:28:18+00:00","dateModified":"2025-07-18T13:21:54+00:00","inLanguage":"pt-BR","potentialAction":[{"@type":"ReadAction","target":["https:\/\/www.pmpf.rs.gov.br\/conselhos-municipais-de-passo-fundo\/comtur\/"]}]},{"@type":"WebSite","@id":"https:\/\/www.pmpf.rs.gov.br\/conselhos-municipais-de-passo-fundo\/#website","url":"https:\/\/www.pmpf.rs.gov.br\/conselhos-municipais-de-passo-fundo\/","name":"Conselhos Municipais de Passo Fundo","description":"S\u00f3 mais um site Prefeitura de Passo Fundo","potentialAction":[{"@type":"SearchAction","target":{"@type":"EntryPoint","urlTemplate":"https:\/\/www.pmpf.rs.gov.br\/conselhos-municipais-de-passo-fundo\/?s={search_term_string}"},"query-input":{"@type":"PropertyValueSpecification","valueRequired":true,"valueName":"search_term_string"}}],"inLanguage":"pt-BR"}]}},"_links":{"self":[{"href":"https:\/\/www.pmpf.rs.gov.br\/conselhos-municipais-de-passo-fundo\/wp-json\/wp\/v2\/pages\/85"}],"collection":[{"href":"https:\/\/www.pmpf.rs.gov.br\/conselhos-municipais-de-passo-fundo\/wp-json\/wp\/v2\/pages"}],"about":[{"href":"https:\/\/www.pmpf.rs.gov.br\/conselhos-municipais-de-passo-fundo\/wp-json\/wp\/v2\/types\/page"}],"author":[{"embeddable":true,"href":"https:\/\/www.pmpf.rs.gov.br\/conselhos-municipais-de-passo-fundo\/wp-json\/wp\/v2\/users\/1"}],"replies":[{"embeddable":true,"href":"https:\/\/www.pmpf.rs.gov.br\/conselhos-municipais-de-passo-fundo\/wp-json\/wp\/v2\/comments?post=85"}],"version-history":[{"count":12,"href":"https:\/\/www.pmpf.rs.gov.br\/conselhos-municipais-de-passo-fundo\/wp-json\/wp\/v2\/pages\/85\/revisions"}],"predecessor-version":[{"id":1151,"href":"https:\/\/www.pmpf.rs.gov.br\/conselhos-municipais-de-passo-fundo\/wp-json\/wp\/v2\/pages\/85\/revisions\/1151"}],"wp:attachment":[{"href":"https:\/\/www.pmpf.rs.gov.br\/conselhos-municipais-de-passo-fundo\/wp-json\/wp\/v2\/media?parent=85"}],"curies":[{"name":"wp","href":"https:\/\/api.w.org\/{rel}","templated":true}]}}