{"id":59,"date":"2021-12-18T17:55:12","date_gmt":"2021-12-18T20:55:12","guid":{"rendered":"https:\/\/www.pmpf.rs.gov.br\/conselhos-municipais-de-passo-fundo\/?page_id=59"},"modified":"2026-03-04T11:22:51","modified_gmt":"2026-03-04T14:22:51","slug":"cms","status":"publish","type":"page","link":"https:\/\/www.pmpf.rs.gov.br\/conselhos-municipais-de-passo-fundo\/cms\/","title":{"rendered":"CMS"},"content":{"rendered":"\n<h2 class=\"wp-block-heading\">Conselho Municipal de Sa\u00fade<\/h2>\n\n\n\n<div class=\"wp-block-media-text is-stacked-on-mobile\" style=\"grid-template-columns:43% auto\"><figure class=\"wp-block-media-text__media\"><img loading=\"lazy\" decoding=\"async\" width=\"1024\" height=\"725\" src=\"https:\/\/www.pmpf.rs.gov.br\/conselhos-municipais-de-passo-fundo\/wp-content\/uploads\/sites\/37\/2021\/12\/cms-mesa-diretiva-1024x725.jpg\" alt=\"\" class=\"wp-image-1370 size-full\" srcset=\"https:\/\/www.pmpf.rs.gov.br\/conselhos-municipais-de-passo-fundo\/wp-content\/uploads\/sites\/37\/2021\/12\/cms-mesa-diretiva-1024x725.jpg 1024w, https:\/\/www.pmpf.rs.gov.br\/conselhos-municipais-de-passo-fundo\/wp-content\/uploads\/sites\/37\/2021\/12\/cms-mesa-diretiva-300x213.jpg 300w, https:\/\/www.pmpf.rs.gov.br\/conselhos-municipais-de-passo-fundo\/wp-content\/uploads\/sites\/37\/2021\/12\/cms-mesa-diretiva-768x544.jpg 768w, https:\/\/www.pmpf.rs.gov.br\/conselhos-municipais-de-passo-fundo\/wp-content\/uploads\/sites\/37\/2021\/12\/cms-mesa-diretiva.jpg 1200w\" sizes=\"(max-width: 1024px) 100vw, 1024px\" \/><\/figure><div class=\"wp-block-media-text__content\">\n<p>O Conselho Municipal de Sa\u00fade (CMS) foi criado pela&nbsp;<a href=\"https:\/\/www.pmpf.rs.gov.br\/conselhos-municipais-de-passo-fundo\/wp-content\/uploads\/sites\/37\/2021\/12\/Lei-Ordinaria_2840-1992.pdf\" target=\"_blank\" rel=\"noreferrer noopener\">Lei n\u00ba2840\/1992<\/a>. O referido conselho tem car\u00e1ter gestor e fiscalizador do Sistema \u00danico de Sa\u00fade \u2013 SUS, \u00e0 n\u00edvel municipal, atuando na formula\u00e7\u00e3o de estrat\u00e9gias e no controle social da execu\u00e7\u00e3o da pol\u00edtica de sa\u00fade em nossa cidade. Em s\u00edntese, compete ao CMS estabelecer mecanismos de controle e avalia\u00e7\u00e3o sobre o Sistema \u00danico de Sa\u00fade (SUS), a n\u00edvel municipal, inclusive, quanto a fiscaliza\u00e7\u00e3o sobre as atividades administrativas e econ\u00f4mico-financeiras do Fundo Municipal de Sa\u00fade (FMS). Al\u00e9m destas atribui\u00e7\u00f5es espec\u00edficas, cabe ao CMS participar na elabora\u00e7\u00e3o e aprova\u00e7\u00e3o do Plano Municipal de Sa\u00fade.<\/p>\n<\/div><\/div>\n\n\n\n<p><strong>Presidente atual:<\/strong>\u00a0Nilton Jos\u00e9 Gomes<br><strong>Vice-Presidente: <\/strong>Diego Teixeira Farias\u00a0<br><strong>1\u00ba Secret\u00e1ria: <\/strong>Kely Szymanski<br><strong>2 \u00ba Secret\u00e1ria: <\/strong>Diulia\u00a0Corazza<br><strong>Dia, hor\u00e1rio e local das reuni\u00f5es ordin\u00e1rias:<\/strong>\u00a0segunda ter\u00e7a-feira do m\u00eas, \u00e0s 19 horas, no plen\u00e1rio da C\u00e2mara de Vereadores.<br><strong>E-mail para contato:<\/strong>\u00a0<a href=\"mailto:con.saude.pf@pmpf.rs.gov.br\" target=\"_blank\" rel=\"noreferrer noopener\">con.saude.pf@pmpf.rs.gov.br<\/a><br><strong>Telefone:\u00a0<\/strong>(54) 3316\u20131041 Ramal 1041<br><strong>Situa\u00e7\u00e3o atual: Ativo<\/strong><br><strong>Vencimento do mandato:<\/strong>\u00a0Janeiro\/2028<\/p>\n\n\n\n<hr class=\"wp-block-separator has-alpha-channel-opacity\"\/>\n\n\n\n<h3 class=\"wp-block-heading\">Elei\u00e7\u00e3o Entidades Membros do Conselho Municipal de Sa\u00fade<\/h3>\n\n\n\n<p>12\/12\/2023 &#8211; <a href=\"https:\/\/www.pmpf.rs.gov.br\/conselhos-municipais-de-passo-fundo\/wp-content\/uploads\/sites\/37\/2021\/12\/cms_edital_01_2023.pdf\" target=\"_blank\" rel=\"noreferrer noopener\">Edital 001\/2023<\/a> &#8211; Fixa data da elei\u00e7\u00e3o para escolha das entidades membros do Conselho Municipal de Sa\u00fade e d\u00e1 outras provid\u00eancias.<\/p>\n\n\n\n<p>05\/01\/2024 &#8211; <a href=\"https:\/\/www.pmpf.rs.gov.br\/conselhos-municipais-de-passo-fundo\/wp-content\/uploads\/sites\/37\/2021\/12\/EDITAL-1-2024-CONSELHO-DE-SAUDE.pdf\" target=\"_blank\" rel=\"noreferrer noopener\">Edital 001\/2024<\/a> &#8211; Edital de prorroga\u00e7\u00e3o das inscri\u00e7\u00f5es para a composi\u00e7\u00e3o do segmento 1, exclusivamente para entidades de representa\u00e7\u00e3o de profissionais da sa\u00fade para composi\u00e7\u00e3o do Conselho Municipal de Sa\u00fade de Passo Fundo &#8211; RS.<\/p>\n\n\n\n<p>16\/01\/2024 &#8211; <a href=\"https:\/\/www.pmpf.rs.gov.br\/conselhos-municipais-de-passo-fundo\/wp-content\/uploads\/sites\/37\/2021\/12\/CONSELHO-DE-SAUDE.pdf\" target=\"_blank\" rel=\"noreferrer noopener\">Edital 006\/2024<\/a> &#8211; Edital de homologa\u00e7\u00e3o final e n\u00e3o homologa\u00e7\u00e3o final das inscri\u00e7\u00f5es para a composi\u00e7\u00e3o do Conselho Municipal de Sa\u00fade de Passo Fundo &#8211; RS.<\/p>\n\n\n\n<p>17\/12\/2025 &#8211; <a href=\"https:\/\/www.pmpf.rs.gov.br\/conselhos-municipais-de-passo-fundo\/wp-content\/uploads\/sites\/37\/2021\/12\/portaria-3879-2025-17122025.pdf\" target=\"_blank\" rel=\"noreferrer noopener\">Portaria 3.879\/2025<\/a> &#8211; Institui e nomeia integrantes para a Comiss\u00e3o Especial de Coordena\u00e7\u00e3o e Fiscaliza\u00e7\u00e3o do processo de Elei\u00e7\u00e3o 2026 do Conselho Municipal de Sa\u00fade de Passo Fundo &#8211; RS.<\/p>\n\n\n\n<p>19\/12\/2025 &#8211; <a href=\"https:\/\/www.pmpf.rs.gov.br\/conselhos-municipais-de-passo-fundo\/wp-content\/uploads\/sites\/37\/2021\/12\/regimento_eleitoral_bieno_2026_a_2028.pdf\" target=\"_blank\" rel=\"noreferrer noopener\">Regimento Eleitoral Bi\u00eanio 2026\/2028<\/a><\/p>\n\n\n\n<p>19\/12\/2025 &#8211; <a href=\"https:\/\/www.pmpf.rs.gov.br\/conselhos-municipais-de-passo-fundo\/wp-content\/uploads\/sites\/37\/2021\/12\/edital_01_25_18122025.pdf\" target=\"_blank\" rel=\"noreferrer noopener\">Edital 01\/2025<\/a> &#8211; Fixada data da elei\u00e7\u00e3o para escolha das entidades membros do Conselho Municipal de Sa\u00fade e d\u00e1 outras provid\u00eancias<\/p>\n\n\n\n<p>20\/12\/2026 &#8211; <a href=\"https:\/\/www.pmpf.rs.gov.br\/conselhos-municipais-de-passo-fundo\/wp-content\/uploads\/sites\/37\/2021\/12\/cms-editalreftifica2-20012026.pdf\" target=\"_blank\" rel=\"noreferrer noopener\">Retifica\u00e7\u00e3o 02 Edital 01\/2025<\/a> &#8211; Referente as elei\u00e7\u00f5es para o Conselho Municipal de Sa\u00fade, bi\u00eanio 2006\/2008.<\/p>\n\n\n\n<p>26\/01\/2026 &#8211; <a href=\"https:\/\/www.pmpf.rs.gov.br\/conselhos-municipais-de-passo-fundo\/wp-content\/uploads\/sites\/37\/2021\/12\/cms-edital03-26012026.pdf\" target=\"_blank\" rel=\"noreferrer noopener\">Edital 03\/2026<\/a> &#8211; Homologa\u00e7\u00e3o das inscri\u00e7\u00f5es das elei\u00e7\u00f5es 2026 do Conselho Municipal de Sa\u00fade, bi\u00eanio 2006\/2008.<\/p>\n\n\n\n<p>30\/01\/2026 &#8211; <a href=\"https:\/\/www.pmpf.rs.gov.br\/conselhos-municipais-de-passo-fundo\/wp-content\/uploads\/sites\/37\/2021\/12\/cms-edital05-30012026.pdf\" target=\"_blank\" rel=\"noreferrer noopener\">Edital 05\/2026<\/a> &#8211; Prorroga\u00e7\u00e3o das inscri\u00e7\u00f5es do seguimento 1 para a composi\u00e7\u00e3o do Conselho Municipal de Sa\u00fade Bi\u00eanio 2026\/2028.<\/p>\n\n\n\n<p>02\/02\/2026 &#8211; <a href=\"https:\/\/www.pmpf.rs.gov.br\/conselhos-municipais-de-passo-fundo\/wp-content\/uploads\/sites\/37\/2021\/12\/cms-edital04_homologaca_02022026.pdf\" target=\"_blank\" rel=\"noreferrer noopener\">Edital 04\/2026<\/a> &#8211; Homologa\u00e7\u00e3o Final das Inscri\u00e7\u00f5es para a composi\u00e7\u00e3o do Conselho Municipal de Sa\u00fade de Passo Fundo- RS Bi\u00eanio 2026\/2028.<\/p>\n\n\n\n<p>06\/02\/2026 &#8211; <a href=\"https:\/\/www.pmpf.rs.gov.br\/conselhos-municipais-de-passo-fundo\/wp-content\/uploads\/sites\/37\/2021\/12\/cms-edital06_homologcao_inscritas_eleicoes_06022026.pdf\" target=\"_blank\" rel=\"noreferrer noopener\">Edital 06\/2026<\/a> &#8211; Homologa\u00e7\u00e3o das Entidades Inscritas para as Elei\u00e7\u00f5es do Conselho Municipal de Sa\u00fade Seguimento 1<\/p>\n\n\n\n<p>12\/02\/2026 &#8211; <a href=\"https:\/\/www.pmpf.rs.gov.br\/conselhos-municipais-de-passo-fundo\/wp-content\/uploads\/sites\/37\/2021\/12\/cms-Edita-07-Homolog-final.pdf\" target=\"_blank\" rel=\"noreferrer noopener\">Edital 07\/2026<\/a> &#8211; Homologa\u00e7\u00e3o das entidades eleitas para a composi\u00e7\u00e3o do Conselho Municipal de Sa\u00fade de Passo Fundo-RS Bi\u00eanio 2026\/2028.<\/p>\n\n\n\n<hr class=\"wp-block-separator has-alpha-channel-opacity\"\/>\n\n\n\n<p><\/p>\n","protected":false},"excerpt":{"rendered":"<p>Conselho Municipal de Sa\u00fade O Conselho Municipal de Sa\u00fade (CMS) foi criado pela&nbsp;Lei n\u00ba2840\/1992. O referido conselho tem car\u00e1ter gestor e fiscalizador do Sistema \u00danico de Sa\u00fade \u2013 SUS, \u00e0 n\u00edvel municipal, [&hellip;]<\/p>\n","protected":false},"author":1,"featured_media":0,"parent":0,"menu_order":0,"comment_status":"closed","ping_status":"closed","template":"","meta":{"footnotes":""},"class_list":["post-59","page","type-page","status-publish","hentry"],"yoast_head":"<!-- This site is optimized with the Yoast SEO plugin v23.8 - https:\/\/yoast.com\/wordpress\/plugins\/seo\/ -->\n<title>CMS - Conselhos Municipais de Passo Fundo<\/title>\n<meta name=\"robots\" content=\"index, follow, max-snippet:-1, max-image-preview:large, max-video-preview:-1\" \/>\n<link rel=\"canonical\" href=\"https:\/\/www.pmpf.rs.gov.br\/conselhos-municipais-de-passo-fundo\/cms\/\" \/>\n<meta property=\"og:locale\" content=\"pt_BR\" \/>\n<meta property=\"og:type\" content=\"article\" \/>\n<meta property=\"og:title\" content=\"CMS - Conselhos Municipais de Passo Fundo\" \/>\n<meta property=\"og:description\" content=\"Conselho Municipal de Sa\u00fade O Conselho Municipal de Sa\u00fade (CMS) foi criado pela&nbsp;Lei n\u00ba2840\/1992. O referido conselho tem car\u00e1ter gestor e fiscalizador do Sistema \u00danico de Sa\u00fade \u2013 SUS, \u00e0 n\u00edvel municipal, [&hellip;]\" \/>\n<meta property=\"og:url\" content=\"https:\/\/www.pmpf.rs.gov.br\/conselhos-municipais-de-passo-fundo\/cms\/\" \/>\n<meta property=\"og:site_name\" content=\"Conselhos Municipais de Passo Fundo\" \/>\n<meta property=\"article:modified_time\" content=\"2026-03-04T14:22:51+00:00\" \/>\n<meta property=\"og:image\" content=\"https:\/\/www.pmpf.rs.gov.br\/conselhos-municipais-de-passo-fundo\/wp-content\/uploads\/sites\/37\/2021\/12\/cms-mesa-diretiva.jpg\" \/>\n\t<meta property=\"og:image:width\" content=\"1200\" \/>\n\t<meta property=\"og:image:height\" content=\"850\" \/>\n\t<meta property=\"og:image:type\" content=\"image\/jpeg\" \/>\n<meta name=\"twitter:card\" content=\"summary_large_image\" \/>\n<meta name=\"twitter:label1\" content=\"Est. tempo de leitura\" \/>\n\t<meta name=\"twitter:data1\" content=\"1 minuto\" \/>\n<script type=\"application\/ld+json\" class=\"yoast-schema-graph\">{\"@context\":\"https:\/\/schema.org\",\"@graph\":[{\"@type\":\"WebPage\",\"@id\":\"https:\/\/www.pmpf.rs.gov.br\/conselhos-municipais-de-passo-fundo\/cms\/\",\"url\":\"https:\/\/www.pmpf.rs.gov.br\/conselhos-municipais-de-passo-fundo\/cms\/\",\"name\":\"CMS - Conselhos Municipais de Passo Fundo\",\"isPartOf\":{\"@id\":\"https:\/\/www.pmpf.rs.gov.br\/conselhos-municipais-de-passo-fundo\/#website\"},\"primaryImageOfPage\":{\"@id\":\"https:\/\/www.pmpf.rs.gov.br\/conselhos-municipais-de-passo-fundo\/cms\/#primaryimage\"},\"image\":{\"@id\":\"https:\/\/www.pmpf.rs.gov.br\/conselhos-municipais-de-passo-fundo\/cms\/#primaryimage\"},\"thumbnailUrl\":\"https:\/\/www.pmpf.rs.gov.br\/conselhos-municipais-de-passo-fundo\/wp-content\/uploads\/sites\/37\/2021\/12\/cms-mesa-diretiva-1024x725.jpg\",\"datePublished\":\"2021-12-18T20:55:12+00:00\",\"dateModified\":\"2026-03-04T14:22:51+00:00\",\"inLanguage\":\"pt-BR\",\"potentialAction\":[{\"@type\":\"ReadAction\",\"target\":[\"https:\/\/www.pmpf.rs.gov.br\/conselhos-municipais-de-passo-fundo\/cms\/\"]}]},{\"@type\":\"ImageObject\",\"inLanguage\":\"pt-BR\",\"@id\":\"https:\/\/www.pmpf.rs.gov.br\/conselhos-municipais-de-passo-fundo\/cms\/#primaryimage\",\"url\":\"https:\/\/www.pmpf.rs.gov.br\/conselhos-municipais-de-passo-fundo\/wp-content\/uploads\/sites\/37\/2021\/12\/cms-mesa-diretiva.jpg\",\"contentUrl\":\"https:\/\/www.pmpf.rs.gov.br\/conselhos-municipais-de-passo-fundo\/wp-content\/uploads\/sites\/37\/2021\/12\/cms-mesa-diretiva.jpg\",\"width\":1200,\"height\":850},{\"@type\":\"WebSite\",\"@id\":\"https:\/\/www.pmpf.rs.gov.br\/conselhos-municipais-de-passo-fundo\/#website\",\"url\":\"https:\/\/www.pmpf.rs.gov.br\/conselhos-municipais-de-passo-fundo\/\",\"name\":\"Conselhos Municipais de Passo Fundo\",\"description\":\"S\u00f3 mais um site Prefeitura de Passo Fundo\",\"potentialAction\":[{\"@type\":\"SearchAction\",\"target\":{\"@type\":\"EntryPoint\",\"urlTemplate\":\"https:\/\/www.pmpf.rs.gov.br\/conselhos-municipais-de-passo-fundo\/?s={search_term_string}\"},\"query-input\":{\"@type\":\"PropertyValueSpecification\",\"valueRequired\":true,\"valueName\":\"search_term_string\"}}],\"inLanguage\":\"pt-BR\"}]}<\/script>\n<!-- \/ Yoast SEO plugin. -->","yoast_head_json":{"title":"CMS - Conselhos Municipais de Passo Fundo","robots":{"index":"index","follow":"follow","max-snippet":"max-snippet:-1","max-image-preview":"max-image-preview:large","max-video-preview":"max-video-preview:-1"},"canonical":"https:\/\/www.pmpf.rs.gov.br\/conselhos-municipais-de-passo-fundo\/cms\/","og_locale":"pt_BR","og_type":"article","og_title":"CMS - Conselhos Municipais de Passo Fundo","og_description":"Conselho Municipal de Sa\u00fade O Conselho Municipal de Sa\u00fade (CMS) foi criado pela&nbsp;Lei n\u00ba2840\/1992. O referido conselho tem car\u00e1ter gestor e fiscalizador do Sistema \u00danico de Sa\u00fade \u2013 SUS, \u00e0 n\u00edvel municipal, [&hellip;]","og_url":"https:\/\/www.pmpf.rs.gov.br\/conselhos-municipais-de-passo-fundo\/cms\/","og_site_name":"Conselhos Municipais de Passo Fundo","article_modified_time":"2026-03-04T14:22:51+00:00","og_image":[{"width":1200,"height":850,"url":"https:\/\/www.pmpf.rs.gov.br\/conselhos-municipais-de-passo-fundo\/wp-content\/uploads\/sites\/37\/2021\/12\/cms-mesa-diretiva.jpg","type":"image\/jpeg"}],"twitter_card":"summary_large_image","twitter_misc":{"Est. tempo de leitura":"1 minuto"},"schema":{"@context":"https:\/\/schema.org","@graph":[{"@type":"WebPage","@id":"https:\/\/www.pmpf.rs.gov.br\/conselhos-municipais-de-passo-fundo\/cms\/","url":"https:\/\/www.pmpf.rs.gov.br\/conselhos-municipais-de-passo-fundo\/cms\/","name":"CMS - Conselhos Municipais de Passo Fundo","isPartOf":{"@id":"https:\/\/www.pmpf.rs.gov.br\/conselhos-municipais-de-passo-fundo\/#website"},"primaryImageOfPage":{"@id":"https:\/\/www.pmpf.rs.gov.br\/conselhos-municipais-de-passo-fundo\/cms\/#primaryimage"},"image":{"@id":"https:\/\/www.pmpf.rs.gov.br\/conselhos-municipais-de-passo-fundo\/cms\/#primaryimage"},"thumbnailUrl":"https:\/\/www.pmpf.rs.gov.br\/conselhos-municipais-de-passo-fundo\/wp-content\/uploads\/sites\/37\/2021\/12\/cms-mesa-diretiva-1024x725.jpg","datePublished":"2021-12-18T20:55:12+00:00","dateModified":"2026-03-04T14:22:51+00:00","inLanguage":"pt-BR","potentialAction":[{"@type":"ReadAction","target":["https:\/\/www.pmpf.rs.gov.br\/conselhos-municipais-de-passo-fundo\/cms\/"]}]},{"@type":"ImageObject","inLanguage":"pt-BR","@id":"https:\/\/www.pmpf.rs.gov.br\/conselhos-municipais-de-passo-fundo\/cms\/#primaryimage","url":"https:\/\/www.pmpf.rs.gov.br\/conselhos-municipais-de-passo-fundo\/wp-content\/uploads\/sites\/37\/2021\/12\/cms-mesa-diretiva.jpg","contentUrl":"https:\/\/www.pmpf.rs.gov.br\/conselhos-municipais-de-passo-fundo\/wp-content\/uploads\/sites\/37\/2021\/12\/cms-mesa-diretiva.jpg","width":1200,"height":850},{"@type":"WebSite","@id":"https:\/\/www.pmpf.rs.gov.br\/conselhos-municipais-de-passo-fundo\/#website","url":"https:\/\/www.pmpf.rs.gov.br\/conselhos-municipais-de-passo-fundo\/","name":"Conselhos Municipais de Passo Fundo","description":"S\u00f3 mais um site Prefeitura de Passo Fundo","potentialAction":[{"@type":"SearchAction","target":{"@type":"EntryPoint","urlTemplate":"https:\/\/www.pmpf.rs.gov.br\/conselhos-municipais-de-passo-fundo\/?s={search_term_string}"},"query-input":{"@type":"PropertyValueSpecification","valueRequired":true,"valueName":"search_term_string"}}],"inLanguage":"pt-BR"}]}},"_links":{"self":[{"href":"https:\/\/www.pmpf.rs.gov.br\/conselhos-municipais-de-passo-fundo\/wp-json\/wp\/v2\/pages\/59"}],"collection":[{"href":"https:\/\/www.pmpf.rs.gov.br\/conselhos-municipais-de-passo-fundo\/wp-json\/wp\/v2\/pages"}],"about":[{"href":"https:\/\/www.pmpf.rs.gov.br\/conselhos-municipais-de-passo-fundo\/wp-json\/wp\/v2\/types\/page"}],"author":[{"embeddable":true,"href":"https:\/\/www.pmpf.rs.gov.br\/conselhos-municipais-de-passo-fundo\/wp-json\/wp\/v2\/users\/1"}],"replies":[{"embeddable":true,"href":"https:\/\/www.pmpf.rs.gov.br\/conselhos-municipais-de-passo-fundo\/wp-json\/wp\/v2\/comments?post=59"}],"version-history":[{"count":29,"href":"https:\/\/www.pmpf.rs.gov.br\/conselhos-municipais-de-passo-fundo\/wp-json\/wp\/v2\/pages\/59\/revisions"}],"predecessor-version":[{"id":1371,"href":"https:\/\/www.pmpf.rs.gov.br\/conselhos-municipais-de-passo-fundo\/wp-json\/wp\/v2\/pages\/59\/revisions\/1371"}],"wp:attachment":[{"href":"https:\/\/www.pmpf.rs.gov.br\/conselhos-municipais-de-passo-fundo\/wp-json\/wp\/v2\/media?parent=59"}],"curies":[{"name":"wp","href":"https:\/\/api.w.org\/{rel}","templated":true}]}}