{"id":499,"date":"2022-01-17T12:16:11","date_gmt":"2022-01-17T15:16:11","guid":{"rendered":"https:\/\/www.pmpf.rs.gov.br\/conselhos-municipais-de-passo-fundo\/?page_id=499"},"modified":"2026-04-22T15:19:55","modified_gmt":"2026-04-22T18:19:55","slug":"comdim","status":"publish","type":"page","link":"https:\/\/www.pmpf.rs.gov.br\/conselhos-municipais-de-passo-fundo\/comdim\/","title":{"rendered":"COMDIM"},"content":{"rendered":"\n<h2 class=\"wp-block-heading\">Conselho Municipal dos Direitos da Mulher<\/h2>\n\n\n<div class=\"wp-block-image\">\n<figure class=\"alignleft size-full\"><img loading=\"lazy\" decoding=\"async\" width=\"340\" height=\"240\" src=\"https:\/\/www.pmpf.rs.gov.br\/conselhos-municipais-de-passo-fundo\/wp-content\/uploads\/sites\/37\/2022\/01\/I2016-03-04_16_40_41_106220.jpg\" alt=\"\" class=\"wp-image-500\" srcset=\"https:\/\/www.pmpf.rs.gov.br\/conselhos-municipais-de-passo-fundo\/wp-content\/uploads\/sites\/37\/2022\/01\/I2016-03-04_16_40_41_106220.jpg 340w, https:\/\/www.pmpf.rs.gov.br\/conselhos-municipais-de-passo-fundo\/wp-content\/uploads\/sites\/37\/2022\/01\/I2016-03-04_16_40_41_106220-300x212.jpg 300w\" sizes=\"(max-width: 340px) 100vw, 340px\" \/><\/figure><\/div>\n\n\n<p>COMDIM \u2013 O Conselho Municipal dos Direitos da Mulher foi criado pela&nbsp;<a href=\"https:\/\/leismunicipais.com.br\/a1\/rs\/p\/passo-fundo\/lei-complementar\/2009\/24\/234\/lei-complementar-n-234-2009-dispoe-sobre-a-constituicao-organizacao-composicao-e-funcionamento-do-conselho-municipal-dos-direitos-da-mulher-comdim?q=234\" target=\"_blank\" rel=\"noreferrer noopener\">Lei Complementar n\u00ba 234\/2009<\/a>. O referido conselho municipal constitui-se em um \u00f3rg\u00e3o colegiado de natureza consultiva e deliberativa respons\u00e1vel pela formula\u00e7\u00e3o e fiscaliza\u00e7\u00e3o das pol\u00edticas voltadas \u00e0 mulher. Em s\u00edntese, compete ao COMDIM formular e fiscalizar a execu\u00e7\u00e3o da pol\u00edtica municipal referente \u00e0 mulher propondo a\u00e7\u00f5es de pol\u00edticas p\u00fablicas voltadas \u00e0 elimina\u00e7\u00e3o de qualquer forma de discrimina\u00e7\u00e3o contra as mulheres visando garantir os direitos das mulheres em prol de sua emancipa\u00e7\u00e3o. Cabe tamb\u00e9m ao COMDIM elaborar e implementar o Plano Municipal de Pol\u00edticas para as Mulheres por meio da mobiliza\u00e7\u00e3o da sociedade civil.<\/p>\n\n\n\n<p><strong>Presidente atual:<\/strong>\u00a0Marina Pit\u00e1goras Lazaretto<\/p>\n\n\n\n<p><strong>Vice-presidente:&nbsp;<\/strong>Josiane&nbsp;Chapuiz<\/p>\n\n\n\n<p><strong>1\u00ba Secret\u00e1ria:&nbsp;<\/strong>Michele&nbsp;Rezende<\/p>\n\n\n\n<p><strong>Reuni\u00f5es ordin\u00e1rias:<\/strong>\u00a02\u00aa quinta-feira de cada m\u00eas, \u00e0s 8h30min<\/p>\n\n\n\n<p><strong>Local:\u00a0<\/strong>Conselhos Municipais<\/p>\n\n\n\n<p><strong>E-mail para contato:&nbsp;<\/strong><a href=\"mailto:comdim@pmpf.rs.gov.br\" target=\"_blank\" rel=\"noreferrer noopener\">comdim@pmpf.rs.gov.br<\/a><\/p>\n\n\n\n<p><strong>Telefone:\u00a0<\/strong>COMDIM (54) 9 9983 0720 e Conselhos Municipais (54) 3581-0187<\/p>\n\n\n\n<p><strong>Situa\u00e7\u00e3o atual: Ativo<\/strong><\/p>\n\n\n\n<p><a href=\"https:\/\/www.pmpf.rs.gov.br\/coordenadoria-da-mulher\/\" target=\"_blank\" rel=\"noreferrer noopener\">Coordenadoria Municipal da Mulher<\/a><\/p>\n\n\n\n<p><a href=\"https:\/\/www.pmpf.rs.gov.br\/coordenadoria-da-mulher\/telefones-uteis-denuncie\/\" target=\"_blank\" rel=\"noreferrer noopener\">Telefones \u00dateis \u2013 Denuncie a Viol\u00eancia Contra a Mulher<\/a><\/p>\n\n\n\n<hr class=\"wp-block-separator has-css-opacity\"\/>\n","protected":false},"excerpt":{"rendered":"<p>Conselho Municipal dos Direitos da Mulher COMDIM \u2013 O Conselho Municipal dos Direitos da Mulher foi criado pela&nbsp;Lei Complementar n\u00ba 234\/2009. O referido conselho municipal constitui-se em um \u00f3rg\u00e3o colegiado de natureza [&hellip;]<\/p>\n","protected":false},"author":1,"featured_media":0,"parent":0,"menu_order":0,"comment_status":"closed","ping_status":"closed","template":"","meta":{"footnotes":""},"class_list":["post-499","page","type-page","status-publish","hentry"],"yoast_head":"<!-- This site is optimized with the Yoast SEO plugin v23.8 - https:\/\/yoast.com\/wordpress\/plugins\/seo\/ -->\n<title>COMDIM - Conselhos Municipais de Passo Fundo<\/title>\n<meta name=\"robots\" content=\"index, follow, max-snippet:-1, max-image-preview:large, max-video-preview:-1\" \/>\n<link rel=\"canonical\" href=\"https:\/\/www.pmpf.rs.gov.br\/conselhos-municipais-de-passo-fundo\/comdim\/\" \/>\n<meta property=\"og:locale\" content=\"pt_BR\" \/>\n<meta property=\"og:type\" content=\"article\" \/>\n<meta property=\"og:title\" content=\"COMDIM - Conselhos Municipais de Passo Fundo\" \/>\n<meta property=\"og:description\" content=\"Conselho Municipal dos Direitos da Mulher COMDIM \u2013 O Conselho Municipal dos Direitos da Mulher foi criado pela&nbsp;Lei Complementar n\u00ba 234\/2009. O referido conselho municipal constitui-se em um \u00f3rg\u00e3o colegiado de natureza [&hellip;]\" \/>\n<meta property=\"og:url\" content=\"https:\/\/www.pmpf.rs.gov.br\/conselhos-municipais-de-passo-fundo\/comdim\/\" \/>\n<meta property=\"og:site_name\" content=\"Conselhos Municipais de Passo Fundo\" \/>\n<meta property=\"article:modified_time\" content=\"2026-04-22T18:19:55+00:00\" \/>\n<meta property=\"og:image\" content=\"https:\/\/www.pmpf.rs.gov.br\/conselhos-municipais-de-passo-fundo\/wp-content\/uploads\/sites\/37\/2022\/01\/I2016-03-04_16_40_41_106220.jpg\" \/>\n\t<meta property=\"og:image:width\" content=\"340\" \/>\n\t<meta property=\"og:image:height\" content=\"240\" \/>\n\t<meta property=\"og:image:type\" content=\"image\/jpeg\" \/>\n<meta name=\"twitter:card\" content=\"summary_large_image\" \/>\n<meta name=\"twitter:label1\" content=\"Est. tempo de leitura\" \/>\n\t<meta name=\"twitter:data1\" content=\"2 minutos\" \/>\n<script type=\"application\/ld+json\" class=\"yoast-schema-graph\">{\"@context\":\"https:\/\/schema.org\",\"@graph\":[{\"@type\":\"WebPage\",\"@id\":\"https:\/\/www.pmpf.rs.gov.br\/conselhos-municipais-de-passo-fundo\/comdim\/\",\"url\":\"https:\/\/www.pmpf.rs.gov.br\/conselhos-municipais-de-passo-fundo\/comdim\/\",\"name\":\"COMDIM - Conselhos Municipais de Passo Fundo\",\"isPartOf\":{\"@id\":\"https:\/\/www.pmpf.rs.gov.br\/conselhos-municipais-de-passo-fundo\/#website\"},\"primaryImageOfPage\":{\"@id\":\"https:\/\/www.pmpf.rs.gov.br\/conselhos-municipais-de-passo-fundo\/comdim\/#primaryimage\"},\"image\":{\"@id\":\"https:\/\/www.pmpf.rs.gov.br\/conselhos-municipais-de-passo-fundo\/comdim\/#primaryimage\"},\"thumbnailUrl\":\"https:\/\/www.pmpf.rs.gov.br\/conselhos-municipais-de-passo-fundo\/wp-content\/uploads\/sites\/37\/2022\/01\/I2016-03-04_16_40_41_106220.jpg\",\"datePublished\":\"2022-01-17T15:16:11+00:00\",\"dateModified\":\"2026-04-22T18:19:55+00:00\",\"inLanguage\":\"pt-BR\",\"potentialAction\":[{\"@type\":\"ReadAction\",\"target\":[\"https:\/\/www.pmpf.rs.gov.br\/conselhos-municipais-de-passo-fundo\/comdim\/\"]}]},{\"@type\":\"ImageObject\",\"inLanguage\":\"pt-BR\",\"@id\":\"https:\/\/www.pmpf.rs.gov.br\/conselhos-municipais-de-passo-fundo\/comdim\/#primaryimage\",\"url\":\"https:\/\/www.pmpf.rs.gov.br\/conselhos-municipais-de-passo-fundo\/wp-content\/uploads\/sites\/37\/2022\/01\/I2016-03-04_16_40_41_106220.jpg\",\"contentUrl\":\"https:\/\/www.pmpf.rs.gov.br\/conselhos-municipais-de-passo-fundo\/wp-content\/uploads\/sites\/37\/2022\/01\/I2016-03-04_16_40_41_106220.jpg\",\"width\":340,\"height\":240},{\"@type\":\"WebSite\",\"@id\":\"https:\/\/www.pmpf.rs.gov.br\/conselhos-municipais-de-passo-fundo\/#website\",\"url\":\"https:\/\/www.pmpf.rs.gov.br\/conselhos-municipais-de-passo-fundo\/\",\"name\":\"Conselhos Municipais de Passo Fundo\",\"description\":\"S\u00f3 mais um site Prefeitura de Passo Fundo\",\"potentialAction\":[{\"@type\":\"SearchAction\",\"target\":{\"@type\":\"EntryPoint\",\"urlTemplate\":\"https:\/\/www.pmpf.rs.gov.br\/conselhos-municipais-de-passo-fundo\/?s={search_term_string}\"},\"query-input\":{\"@type\":\"PropertyValueSpecification\",\"valueRequired\":true,\"valueName\":\"search_term_string\"}}],\"inLanguage\":\"pt-BR\"}]}<\/script>\n<!-- \/ Yoast SEO plugin. -->","yoast_head_json":{"title":"COMDIM - Conselhos Municipais de Passo Fundo","robots":{"index":"index","follow":"follow","max-snippet":"max-snippet:-1","max-image-preview":"max-image-preview:large","max-video-preview":"max-video-preview:-1"},"canonical":"https:\/\/www.pmpf.rs.gov.br\/conselhos-municipais-de-passo-fundo\/comdim\/","og_locale":"pt_BR","og_type":"article","og_title":"COMDIM - Conselhos Municipais de Passo Fundo","og_description":"Conselho Municipal dos Direitos da Mulher COMDIM \u2013 O Conselho Municipal dos Direitos da Mulher foi criado pela&nbsp;Lei Complementar n\u00ba 234\/2009. O referido conselho municipal constitui-se em um \u00f3rg\u00e3o colegiado de natureza [&hellip;]","og_url":"https:\/\/www.pmpf.rs.gov.br\/conselhos-municipais-de-passo-fundo\/comdim\/","og_site_name":"Conselhos Municipais de Passo Fundo","article_modified_time":"2026-04-22T18:19:55+00:00","og_image":[{"width":340,"height":240,"url":"https:\/\/www.pmpf.rs.gov.br\/conselhos-municipais-de-passo-fundo\/wp-content\/uploads\/sites\/37\/2022\/01\/I2016-03-04_16_40_41_106220.jpg","type":"image\/jpeg"}],"twitter_card":"summary_large_image","twitter_misc":{"Est. tempo de leitura":"2 minutos"},"schema":{"@context":"https:\/\/schema.org","@graph":[{"@type":"WebPage","@id":"https:\/\/www.pmpf.rs.gov.br\/conselhos-municipais-de-passo-fundo\/comdim\/","url":"https:\/\/www.pmpf.rs.gov.br\/conselhos-municipais-de-passo-fundo\/comdim\/","name":"COMDIM - Conselhos Municipais de Passo Fundo","isPartOf":{"@id":"https:\/\/www.pmpf.rs.gov.br\/conselhos-municipais-de-passo-fundo\/#website"},"primaryImageOfPage":{"@id":"https:\/\/www.pmpf.rs.gov.br\/conselhos-municipais-de-passo-fundo\/comdim\/#primaryimage"},"image":{"@id":"https:\/\/www.pmpf.rs.gov.br\/conselhos-municipais-de-passo-fundo\/comdim\/#primaryimage"},"thumbnailUrl":"https:\/\/www.pmpf.rs.gov.br\/conselhos-municipais-de-passo-fundo\/wp-content\/uploads\/sites\/37\/2022\/01\/I2016-03-04_16_40_41_106220.jpg","datePublished":"2022-01-17T15:16:11+00:00","dateModified":"2026-04-22T18:19:55+00:00","inLanguage":"pt-BR","potentialAction":[{"@type":"ReadAction","target":["https:\/\/www.pmpf.rs.gov.br\/conselhos-municipais-de-passo-fundo\/comdim\/"]}]},{"@type":"ImageObject","inLanguage":"pt-BR","@id":"https:\/\/www.pmpf.rs.gov.br\/conselhos-municipais-de-passo-fundo\/comdim\/#primaryimage","url":"https:\/\/www.pmpf.rs.gov.br\/conselhos-municipais-de-passo-fundo\/wp-content\/uploads\/sites\/37\/2022\/01\/I2016-03-04_16_40_41_106220.jpg","contentUrl":"https:\/\/www.pmpf.rs.gov.br\/conselhos-municipais-de-passo-fundo\/wp-content\/uploads\/sites\/37\/2022\/01\/I2016-03-04_16_40_41_106220.jpg","width":340,"height":240},{"@type":"WebSite","@id":"https:\/\/www.pmpf.rs.gov.br\/conselhos-municipais-de-passo-fundo\/#website","url":"https:\/\/www.pmpf.rs.gov.br\/conselhos-municipais-de-passo-fundo\/","name":"Conselhos Municipais de Passo Fundo","description":"S\u00f3 mais um site Prefeitura de Passo Fundo","potentialAction":[{"@type":"SearchAction","target":{"@type":"EntryPoint","urlTemplate":"https:\/\/www.pmpf.rs.gov.br\/conselhos-municipais-de-passo-fundo\/?s={search_term_string}"},"query-input":{"@type":"PropertyValueSpecification","valueRequired":true,"valueName":"search_term_string"}}],"inLanguage":"pt-BR"}]}},"_links":{"self":[{"href":"https:\/\/www.pmpf.rs.gov.br\/conselhos-municipais-de-passo-fundo\/wp-json\/wp\/v2\/pages\/499"}],"collection":[{"href":"https:\/\/www.pmpf.rs.gov.br\/conselhos-municipais-de-passo-fundo\/wp-json\/wp\/v2\/pages"}],"about":[{"href":"https:\/\/www.pmpf.rs.gov.br\/conselhos-municipais-de-passo-fundo\/wp-json\/wp\/v2\/types\/page"}],"author":[{"embeddable":true,"href":"https:\/\/www.pmpf.rs.gov.br\/conselhos-municipais-de-passo-fundo\/wp-json\/wp\/v2\/users\/1"}],"replies":[{"embeddable":true,"href":"https:\/\/www.pmpf.rs.gov.br\/conselhos-municipais-de-passo-fundo\/wp-json\/wp\/v2\/comments?post=499"}],"version-history":[{"count":4,"href":"https:\/\/www.pmpf.rs.gov.br\/conselhos-municipais-de-passo-fundo\/wp-json\/wp\/v2\/pages\/499\/revisions"}],"predecessor-version":[{"id":1387,"href":"https:\/\/www.pmpf.rs.gov.br\/conselhos-municipais-de-passo-fundo\/wp-json\/wp\/v2\/pages\/499\/revisions\/1387"}],"wp:attachment":[{"href":"https:\/\/www.pmpf.rs.gov.br\/conselhos-municipais-de-passo-fundo\/wp-json\/wp\/v2\/media?parent=499"}],"curies":[{"name":"wp","href":"https:\/\/api.w.org\/{rel}","templated":true}]}}