{"id":42,"date":"2021-12-18T17:46:53","date_gmt":"2021-12-18T20:46:53","guid":{"rendered":"https:\/\/www.pmpf.rs.gov.br\/conselhos-municipais-de-passo-fundo\/?page_id=42"},"modified":"2026-03-27T17:32:12","modified_gmt":"2026-03-27T20:32:12","slug":"cmdi","status":"publish","type":"page","link":"https:\/\/www.pmpf.rs.gov.br\/conselhos-municipais-de-passo-fundo\/cmdi\/","title":{"rendered":"CMDI"},"content":{"rendered":"\n<h2 class=\"wp-block-heading\">Conselho Municipal de Desenvolvimento Integrado<\/h2>\n\n\n\n<p>CMDI &#8211; O Conselho Municipal do Desenvolvimento Integrado (CMDI) foi criado pela&nbsp;<a href=\"https:\/\/www.pmpf.rs.gov.br\/conselhos-municipais-de-passo-fundo\/wp-content\/uploads\/sites\/37\/2021\/12\/Lei-Ordinaria_3888-2002.pdf\">Lei n\u00ba 3888\/2002<\/a>.<\/p>\n\n\n\n<p>O referido conselho tem car\u00e1ter de assessoramento do Executivo Municipal, permanente e de \u00e2mbito municipal. Compete ao CMDI analisar a Pol\u00edtica Municipal de Desenvolvimento Sustent\u00e1vel, e acompanhar a sua execu\u00e7\u00e3o, propondo a cria\u00e7\u00e3o, quando necess\u00e1rio, dos instrumentos para realiza\u00e7\u00e3o de seus objetivos. O CMDI dever\u00e1 tamb\u00e9m opinar e acompanhar a elabora\u00e7\u00e3o do Plano Diretor de Desenvolvimento Integrado (PDDI) do munic\u00edpio.<\/p>\n\n\n\n<p><strong>Presidente atual:<\/strong>&nbsp;Dem\u00e9trio Nascimento<br><strong>Vice_Presidente:<\/strong>&nbsp;Ubiratan Oro<br><strong>Dia, hor\u00e1rio e local das reuni\u00f5es ordin\u00e1rias:<\/strong>&nbsp;1\u00aa Quarta-feira do m\u00eas, \u00e0s 08:30 horas, em reuni\u00e3o online via Google Meet pelo link &#8211;&nbsp; <strong><a href=\"http:\/\/meet.google.com\/jqy-cyea-jfs\" target=\"_blank\" rel=\"noreferrer noopener\">meet.google.com\/jqy-cyea-jfs<\/a><\/strong><br><strong>E-mail para contato:<\/strong>&nbsp;cmdi@pmpf.rs.gov.br<br><strong>Telefone:<\/strong> (54) 3316-7220<br><strong>Situa\u00e7\u00e3o atual:<\/strong>&nbsp;Ativo<br><strong>Vencimento do mandato:<\/strong>&nbsp;Mar\u00e7o de 2025<\/p>\n\n\n\n<hr class=\"wp-block-separator has-css-opacity\"\/>\n\n\n\n<p><\/p>\n\n\n\n<ul class=\"wp-block-list\">\n<li><a href=\"https:\/\/www.pmpf.rs.gov.br\/conselhos-municipais-de-passo-fundo\/wp-content\/uploads\/sites\/37\/2021\/12\/Regimento-Interno-CMDI.pdf\" target=\"_blank\" rel=\"noreferrer noopener\">Regimento Interno<\/a><\/li>\n\n\n\n<li><a href=\"https:\/\/www.pmpf.rs.gov.br\/conselhos-municipais-de-passo-fundo\/wp-content\/uploads\/sites\/37\/2021\/12\/PORTARIA_121_24_wagner.pdf\" target=\"_blank\" rel=\"noreferrer noopener\">Portaria N\u00ba 121\/2024<\/a><\/li>\n\n\n\n<li><a href=\"https:\/\/www.pmpf.rs.gov.br\/conselhos-municipais-de-passo-fundo\/wp-content\/uploads\/sites\/37\/2021\/12\/Portaria-n\u00b0-559-2023-1.pdf\" target=\"_blank\" rel=\"noreferrer noopener\">Portaria N\u00ba 559\/2023<\/a><\/li>\n\n\n\n<li><a href=\"https:\/\/www.pmpf.rs.gov.br\/conselhos-municipais-de-passo-fundo\/wp-content\/uploads\/sites\/37\/2021\/12\/PORTARIA_1029_2024_any.pdf\" target=\"_blank\" rel=\"noreferrer noopener\">Portaria N\u00ba 1.029\/2024<\/a><\/li>\n\n\n\n<li><a href=\"https:\/\/www.pmpf.rs.gov.br\/conselhos-municipais-de-passo-fundo\/wp-content\/uploads\/sites\/37\/2021\/12\/DIVULGACAO-DE-ENTIDADES-INCRITAS-PARA-GESTAO-2025.pdf\">Divulga\u00e7\u00e3o de Entidades Inscritas &#8211; Gest\u00e3o 2025\/2026<\/a> &#8211; 19 de mar\u00e7o de 2025<\/li>\n\n\n\n<li><a href=\"https:\/\/www.pmpf.rs.gov.br\/conselhos-municipais-de-passo-fundo\/wp-content\/uploads\/sites\/37\/2021\/12\/LISTA-FINAL-DE-ENTIDADES.pdf\">Divulga\u00e7\u00e3o Final de Entidades Selecionadas Aptas &#8211; Gest\u00e3o 2025\/2026<\/a> &#8211; 25 de mar\u00e7o de 2025<\/li>\n\n\n\n<li><a href=\"https:\/\/www.pmpf.rs.gov.br\/conselhos-municipais-de-passo-fundo\/wp-content\/uploads\/sites\/37\/2021\/12\/cmdi-convocacao-reuniao-abril-26.pdf\">Convoca\u00e7\u00e3o de Reuni\u00e3o Ordin\u00e1ria do CMDI<\/a> &#8211; 01 de abril de 2026 \u00e0s 8h e 30 min<\/li>\n<\/ul>\n\n\n\n<hr class=\"wp-block-separator has-alpha-channel-opacity\"\/>\n\n\n\n<p><\/p>\n","protected":false},"excerpt":{"rendered":"<p>Conselho Municipal de Desenvolvimento Integrado CMDI &#8211; O Conselho Municipal do Desenvolvimento Integrado (CMDI) foi criado pela&nbsp;Lei n\u00ba 3888\/2002. O referido conselho tem car\u00e1ter de assessoramento do Executivo Municipal, permanente e de [&hellip;]<\/p>\n","protected":false},"author":1,"featured_media":0,"parent":0,"menu_order":0,"comment_status":"closed","ping_status":"closed","template":"","meta":{"footnotes":""},"class_list":["post-42","page","type-page","status-publish","hentry"],"yoast_head":"<!-- This site is optimized with the Yoast SEO plugin v23.8 - https:\/\/yoast.com\/wordpress\/plugins\/seo\/ -->\n<title>CMDI - Conselhos Municipais de Passo Fundo<\/title>\n<meta name=\"robots\" content=\"index, follow, max-snippet:-1, max-image-preview:large, max-video-preview:-1\" \/>\n<link rel=\"canonical\" href=\"https:\/\/www.pmpf.rs.gov.br\/conselhos-municipais-de-passo-fundo\/cmdi\/\" \/>\n<meta property=\"og:locale\" content=\"pt_BR\" \/>\n<meta property=\"og:type\" content=\"article\" \/>\n<meta property=\"og:title\" content=\"CMDI - Conselhos Municipais de Passo Fundo\" \/>\n<meta property=\"og:description\" content=\"Conselho Municipal de Desenvolvimento Integrado CMDI &#8211; O Conselho Municipal do Desenvolvimento Integrado (CMDI) foi criado pela&nbsp;Lei n\u00ba 3888\/2002. O referido conselho tem car\u00e1ter de assessoramento do Executivo Municipal, permanente e de [&hellip;]\" \/>\n<meta property=\"og:url\" content=\"https:\/\/www.pmpf.rs.gov.br\/conselhos-municipais-de-passo-fundo\/cmdi\/\" \/>\n<meta property=\"og:site_name\" content=\"Conselhos Municipais de Passo Fundo\" \/>\n<meta property=\"article:modified_time\" content=\"2026-03-27T20:32:12+00:00\" \/>\n<meta name=\"twitter:card\" content=\"summary_large_image\" \/>\n<meta name=\"twitter:label1\" content=\"Est. tempo de leitura\" \/>\n\t<meta name=\"twitter:data1\" content=\"1 minuto\" \/>\n<script type=\"application\/ld+json\" class=\"yoast-schema-graph\">{\"@context\":\"https:\/\/schema.org\",\"@graph\":[{\"@type\":\"WebPage\",\"@id\":\"https:\/\/www.pmpf.rs.gov.br\/conselhos-municipais-de-passo-fundo\/cmdi\/\",\"url\":\"https:\/\/www.pmpf.rs.gov.br\/conselhos-municipais-de-passo-fundo\/cmdi\/\",\"name\":\"CMDI - Conselhos Municipais de Passo Fundo\",\"isPartOf\":{\"@id\":\"https:\/\/www.pmpf.rs.gov.br\/conselhos-municipais-de-passo-fundo\/#website\"},\"datePublished\":\"2021-12-18T20:46:53+00:00\",\"dateModified\":\"2026-03-27T20:32:12+00:00\",\"inLanguage\":\"pt-BR\",\"potentialAction\":[{\"@type\":\"ReadAction\",\"target\":[\"https:\/\/www.pmpf.rs.gov.br\/conselhos-municipais-de-passo-fundo\/cmdi\/\"]}]},{\"@type\":\"WebSite\",\"@id\":\"https:\/\/www.pmpf.rs.gov.br\/conselhos-municipais-de-passo-fundo\/#website\",\"url\":\"https:\/\/www.pmpf.rs.gov.br\/conselhos-municipais-de-passo-fundo\/\",\"name\":\"Conselhos Municipais de Passo Fundo\",\"description\":\"S\u00f3 mais um site Prefeitura de Passo Fundo\",\"potentialAction\":[{\"@type\":\"SearchAction\",\"target\":{\"@type\":\"EntryPoint\",\"urlTemplate\":\"https:\/\/www.pmpf.rs.gov.br\/conselhos-municipais-de-passo-fundo\/?s={search_term_string}\"},\"query-input\":{\"@type\":\"PropertyValueSpecification\",\"valueRequired\":true,\"valueName\":\"search_term_string\"}}],\"inLanguage\":\"pt-BR\"}]}<\/script>\n<!-- \/ Yoast SEO plugin. -->","yoast_head_json":{"title":"CMDI - Conselhos Municipais de Passo Fundo","robots":{"index":"index","follow":"follow","max-snippet":"max-snippet:-1","max-image-preview":"max-image-preview:large","max-video-preview":"max-video-preview:-1"},"canonical":"https:\/\/www.pmpf.rs.gov.br\/conselhos-municipais-de-passo-fundo\/cmdi\/","og_locale":"pt_BR","og_type":"article","og_title":"CMDI - Conselhos Municipais de Passo Fundo","og_description":"Conselho Municipal de Desenvolvimento Integrado CMDI &#8211; O Conselho Municipal do Desenvolvimento Integrado (CMDI) foi criado pela&nbsp;Lei n\u00ba 3888\/2002. O referido conselho tem car\u00e1ter de assessoramento do Executivo Municipal, permanente e de [&hellip;]","og_url":"https:\/\/www.pmpf.rs.gov.br\/conselhos-municipais-de-passo-fundo\/cmdi\/","og_site_name":"Conselhos Municipais de Passo Fundo","article_modified_time":"2026-03-27T20:32:12+00:00","twitter_card":"summary_large_image","twitter_misc":{"Est. tempo de leitura":"1 minuto"},"schema":{"@context":"https:\/\/schema.org","@graph":[{"@type":"WebPage","@id":"https:\/\/www.pmpf.rs.gov.br\/conselhos-municipais-de-passo-fundo\/cmdi\/","url":"https:\/\/www.pmpf.rs.gov.br\/conselhos-municipais-de-passo-fundo\/cmdi\/","name":"CMDI - Conselhos Municipais de Passo Fundo","isPartOf":{"@id":"https:\/\/www.pmpf.rs.gov.br\/conselhos-municipais-de-passo-fundo\/#website"},"datePublished":"2021-12-18T20:46:53+00:00","dateModified":"2026-03-27T20:32:12+00:00","inLanguage":"pt-BR","potentialAction":[{"@type":"ReadAction","target":["https:\/\/www.pmpf.rs.gov.br\/conselhos-municipais-de-passo-fundo\/cmdi\/"]}]},{"@type":"WebSite","@id":"https:\/\/www.pmpf.rs.gov.br\/conselhos-municipais-de-passo-fundo\/#website","url":"https:\/\/www.pmpf.rs.gov.br\/conselhos-municipais-de-passo-fundo\/","name":"Conselhos Municipais de Passo Fundo","description":"S\u00f3 mais um site Prefeitura de Passo Fundo","potentialAction":[{"@type":"SearchAction","target":{"@type":"EntryPoint","urlTemplate":"https:\/\/www.pmpf.rs.gov.br\/conselhos-municipais-de-passo-fundo\/?s={search_term_string}"},"query-input":{"@type":"PropertyValueSpecification","valueRequired":true,"valueName":"search_term_string"}}],"inLanguage":"pt-BR"}]}},"_links":{"self":[{"href":"https:\/\/www.pmpf.rs.gov.br\/conselhos-municipais-de-passo-fundo\/wp-json\/wp\/v2\/pages\/42"}],"collection":[{"href":"https:\/\/www.pmpf.rs.gov.br\/conselhos-municipais-de-passo-fundo\/wp-json\/wp\/v2\/pages"}],"about":[{"href":"https:\/\/www.pmpf.rs.gov.br\/conselhos-municipais-de-passo-fundo\/wp-json\/wp\/v2\/types\/page"}],"author":[{"embeddable":true,"href":"https:\/\/www.pmpf.rs.gov.br\/conselhos-municipais-de-passo-fundo\/wp-json\/wp\/v2\/users\/1"}],"replies":[{"embeddable":true,"href":"https:\/\/www.pmpf.rs.gov.br\/conselhos-municipais-de-passo-fundo\/wp-json\/wp\/v2\/comments?post=42"}],"version-history":[{"count":40,"href":"https:\/\/www.pmpf.rs.gov.br\/conselhos-municipais-de-passo-fundo\/wp-json\/wp\/v2\/pages\/42\/revisions"}],"predecessor-version":[{"id":1381,"href":"https:\/\/www.pmpf.rs.gov.br\/conselhos-municipais-de-passo-fundo\/wp-json\/wp\/v2\/pages\/42\/revisions\/1381"}],"wp:attachment":[{"href":"https:\/\/www.pmpf.rs.gov.br\/conselhos-municipais-de-passo-fundo\/wp-json\/wp\/v2\/media?parent=42"}],"curies":[{"name":"wp","href":"https:\/\/api.w.org\/{rel}","templated":true}]}}