{"id":39,"date":"2021-12-18T17:45:18","date_gmt":"2021-12-18T20:45:18","guid":{"rendered":"https:\/\/www.pmpf.rs.gov.br\/conselhos-municipais-de-passo-fundo\/?page_id=39"},"modified":"2025-11-17T10:07:17","modified_gmt":"2025-11-17T13:07:17","slug":"cmda","status":"publish","type":"page","link":"https:\/\/www.pmpf.rs.gov.br\/conselhos-municipais-de-passo-fundo\/cmda\/","title":{"rendered":"CMDA"},"content":{"rendered":"\n<h2 class=\"wp-block-heading\">Conselho Municipal do Desenvolvimento Agr\u00e1rio<\/h2>\n\n\n\n<div class=\"wp-block-media-text is-stacked-on-mobile is-vertically-aligned-center\" style=\"grid-template-columns:46% auto\"><figure class=\"wp-block-media-text__media\"><img loading=\"lazy\" decoding=\"async\" width=\"1024\" height=\"768\" src=\"https:\/\/www.pmpf.rs.gov.br\/conselhos-municipais-de-passo-fundo\/wp-content\/uploads\/sites\/37\/2021\/12\/CMDA-1024x768.jpeg\" alt=\"\" class=\"wp-image-1284 size-full\" srcset=\"https:\/\/www.pmpf.rs.gov.br\/conselhos-municipais-de-passo-fundo\/wp-content\/uploads\/sites\/37\/2021\/12\/CMDA-1024x768.jpeg 1024w, https:\/\/www.pmpf.rs.gov.br\/conselhos-municipais-de-passo-fundo\/wp-content\/uploads\/sites\/37\/2021\/12\/CMDA-300x225.jpeg 300w, https:\/\/www.pmpf.rs.gov.br\/conselhos-municipais-de-passo-fundo\/wp-content\/uploads\/sites\/37\/2021\/12\/CMDA-768x576.jpeg 768w, https:\/\/www.pmpf.rs.gov.br\/conselhos-municipais-de-passo-fundo\/wp-content\/uploads\/sites\/37\/2021\/12\/CMDA.jpeg 1280w\" sizes=\"(max-width: 1024px) 100vw, 1024px\" \/><\/figure><div class=\"wp-block-media-text__content\">\n<p>CMDA &#8211; O Conselho Municipal de Desenvolvimento Agr\u00e1rio (CMDA) foi criado pela&nbsp;<a href=\"https:\/\/www.pmpf.rs.gov.br\/conselhos-municipais-de-passo-fundo\/wp-content\/uploads\/sites\/37\/2021\/12\/Lei-Ordinaria_2904-1993.pdf\" target=\"_blank\" rel=\"noreferrer noopener\">Lei n\u00ba 2904\/1993<\/a>. O referido conselho municipal tem por finalidade tra\u00e7ar planos, estrat\u00e9gias e diretrizes que venham auxiliar no desenvolvimento agropecu\u00e1rio do munic\u00edpio. Al\u00e9m desta atribui\u00e7\u00e3o espec\u00edfica, cabe ao CMDA propor e auxiliar na organiza\u00e7\u00e3o de eventos t\u00e9cnicos, feiras e exposi\u00e7\u00f5es, visando estimular a produ\u00e7\u00e3o agropecu\u00e1ria do munic\u00edpio de Passo Fundo. Al\u00e9m disso, cabe ao CMDA identificar os problemas que afetam o setor agropecu\u00e1rio do munic\u00edpio apontando solu\u00e7\u00f5es e efetuando encaminhamentos ao executivo municipal visando a promo\u00e7\u00e3o de incentivos e est\u00edmulos ao desenvolvimento do setor rural.<\/p>\n<\/div><\/div>\n\n\n\n<p><strong>Presidente atual:<\/strong>\u00a0Osvaldo Vasconcellos Vieira<br><strong>Vice-Presidente:<\/strong> Marin\u00eas Maria Scapini Penz<br><strong>Dia, hor\u00e1rio e local das reuni\u00f5es ordin\u00e1rias:<\/strong>\u00a02\u00aa quarta-feira do m\u00eas \u00e0s 08 h na Sala de Reuni\u00f5es dos Conselhos Municipais<br><strong>E-mail para contato:<\/strong>\u00a0cmda@pmpf.rs.gov.br<br><strong>Telefone:<\/strong>\u00a0(54) 98404-4776, (54) 3581-0187<br><strong>Situa\u00e7\u00e3o atual:<\/strong>\u00a0<strong>Ativo<\/strong><br><strong>Vencimento do mandato: <\/strong>Dezembro de 2028<\/p>\n\n\n\n<p><a href=\"https:\/\/www.pmpf.rs.gov.br\/conselhos-municipais-de-passo-fundo\/wp-content\/uploads\/sites\/37\/2021\/12\/cmda-portaria-conselheiros-2025.pdf\" target=\"_blank\" rel=\"noreferrer noopener\">Portaria 2.209\/2025<\/a> &#8211; Nomeia integrantes do Conselho Municipal de Desenvolvimento Agr\u00e1rio \u2013 CMDA<\/p>\n\n\n\n<p><a href=\"https:\/\/www.pmpf.rs.gov.br\/conselhos-municipais-de-passo-fundo\/wp-content\/uploads\/sites\/37\/2021\/12\/cmda-portaria-conselheiros-cdl.pdf\" target=\"_blank\" rel=\"noreferrer noopener\">Portaria 2.662\/2025<\/a> &#8211; Altera a Portaria n.\u00ba 2.209\/2025 e nomeia integrantes do Conselho Municipal de Desenvolvimento Agr\u00e1rio \u2013 CMDA.<\/p>\n\n\n\n<hr class=\"wp-block-separator has-alpha-channel-opacity\"\/>\n\n\n\n<h3 class=\"wp-block-heading\">Lista de selecionados para o Programa Terra Forte<\/h3>\n\n\n\n<h4 class=\"wp-block-heading\">Etapa 1 de execu\u00e7\u00e3o:<\/h4>\n\n\n\n<figure class=\"wp-block-table\"><table><tbody><tr><td><strong>N\u00b0<\/strong><\/td><td><strong>NOME<\/strong><\/td><td><strong>CPF<\/strong><\/td><td><strong>ATIVIDADE<\/strong><\/td><td><strong>LOCALIDADE<\/strong><\/td><\/tr><tr><td>1<\/td><td>Camilo Noro<\/td><td>047. XXX.XXX-00<\/td><td>Olericultura<\/td><td>Bela Vista<\/td><\/tr><tr><td>2<\/td><td>Edilson Guilherme Ebertz<\/td><td>029. XXX.XXX-44<\/td><td>Gr\u00e3o<\/td><td>Bom Recreio<\/td><\/tr><tr><td>3<\/td><td>F\u00e1bio Pollo<\/td><td>811. XXX.XXX-87<\/td><td>Floricultura<\/td><td>Nossa Senhora das Gra\u00e7as<\/td><\/tr><tr><td>4<\/td><td>Fernado Pilatti Colussi<\/td><td>955. XXX.XXX-00<\/td><td>Gr\u00e3o<\/td><td>S\u00e3o Jos\u00e9<\/td><\/tr><tr><td>5<\/td><td>Helio de Souza Carvalho<\/td><td>629. XXX.XXX-68<\/td><td>Olericultura<\/td><td>S\u00e3o Jos\u00e9<\/td><\/tr><tr><td>6<\/td><td>Hugo Eduardo Casanova<\/td><td>022. XXX.XXX-90<\/td><td><a><\/a> Leite<\/td><td>Santa Gema<\/td><\/tr><tr><td>7<\/td><td>Mercio Tarcizo Michel<\/td><td>358. XXX.XXX-72<\/td><td>Corte<\/td><td>S\u00e3o Jos\u00e9<\/td><\/tr><tr><td>8<\/td><td>Nilson Previatti<\/td><td>427. XXX.XXX-25<\/td><td>Leite<\/td><td>S\u00e3o Pedrinho<\/td><\/tr><tr><td>9<\/td><td>Rafael Teles<\/td><td>008. XXX.XXX-19<\/td><td>Leite<\/td><td>S\u00e3o Pedrinho<\/td><\/tr><tr><td>10<\/td><td>Rudimar Fernando Brunetto<\/td><td>696. XXX.XXX-87<\/td><td>Gr\u00e3o<\/td><td>S\u00e3o Roque<\/td><\/tr><\/tbody><\/table><\/figure>\n\n\n\n<h4 class=\"wp-block-heading\">Etapa 2 de execu\u00e7\u00e3o:<\/h4>\n\n\n\n<figure class=\"wp-block-table\"><table><tbody><tr><td><strong>N\u00b0<\/strong><\/td><td><strong>NOME<\/strong><\/td><td><strong>CPF<\/strong><\/td><td><strong>ATIVIDADE<\/strong><\/td><td><strong>LOCALIDADE<\/strong><\/td><\/tr><tr><td>1<\/td><td>Antonio Carlos Balla<\/td><td>172. XXX.XXX-68<\/td><td>Gr\u00e3o<\/td><td>Nossa Senhora da Paz<\/td><\/tr><tr><td>2<\/td><td>Jo\u00e3o Vitor Salles Marmentini<\/td><td>022. XXX.XXX-35<\/td><td>Olericultura<\/td><td>Bela Vista<\/td><\/tr><tr><td>3<\/td><td>Jos\u00e9 Aldir de Oliveira<\/td><td>979. XXX.XXX-15<\/td><td>Leite<\/td><td>Assentamento Bom Recreio<\/td><\/tr><tr><td>4<\/td><td>Marcelo Augusto R. Dias<\/td><td>036. XXX.XXX-89<\/td><td>Leite<\/td><td>Assentamento Bom Recreio<\/td><\/tr><tr><td>5<\/td><td>Marcia Teresinha G. Badaloti<\/td><td>902. XXX.XXX-00<\/td><td>Gr\u00e3o<\/td><td>S\u00e3o Valentim<\/td><\/tr><tr><td>6<\/td><td>M\u00e1rio Rosso<\/td><td>360. XXX.XXX-87<\/td><td>Gr\u00e3o<\/td><td>Vila Rosso<\/td><\/tr><tr><td>7<\/td><td>Solimar Giaretta<\/td><td>018. XXX.XXX-38<\/td><td>Gr\u00e3o<\/td><td>S\u00e3o Valentim<\/td><\/tr><tr><td>8<\/td><td>Valdo Pansera<\/td><td>325. XXX.XXX-04<\/td><td>Gr\u00e3o<\/td><td>S\u00e3o Br\u00e1z<\/td><\/tr><tr><td>9<\/td><td>Volmir Antonio Casasola<\/td><td>493. XXX.XXX-91<\/td><td>Gr\u00e3o<\/td><td>Nossa Senhora das Gra\u00e7as<\/td><\/tr><\/tbody><\/table><\/figure>\n\n\n\n<h4 class=\"wp-block-heading\">Etapa 3 de execu\u00e7\u00e3o:<\/h4>\n\n\n\n<figure class=\"wp-block-table\"><table><tbody><tr><td><strong>N\u00b0<\/strong><\/td><td><strong>NOME<\/strong><\/td><td><strong>CPF<\/strong><\/td><td><strong>ATIVIDADE<\/strong><\/td><td><strong>LOCALIDADE<\/strong><\/td><\/tr><tr><td>1<\/td><td>Alceu Previati Chinali<\/td><td>360. XXX.XXX-20<\/td><td>Gr\u00e3o<\/td><td>S\u00e3o Pedrinho<\/td><\/tr><tr><td>2<\/td><td>Alcindo Henrique Feron<\/td><td>582. XXX.XXX-44<\/td><td>Olericultura<\/td><td>S\u00e3o Pedrinho<\/td><\/tr><tr><td>3<\/td><td>Alvim Joaquim D. de Moura<\/td><td>326. XXX.XXX-00<\/td><td>Leite<\/td><td>Assentamento Bom Recreio<\/td><\/tr><tr><td>4<\/td><td>Fl\u00e1vio Casanova<\/td><td>018. XXX.XXX-00<\/td><td>Fruticultura<\/td><td>Santa Gema<\/td><\/tr><tr><td>5<\/td><td>Jordano de Moraes<\/td><td>542. XXX.XXX-91<\/td><td>Olericultura<\/td><td>S\u00e3o Jos\u00e9<\/td><\/tr><tr><td>6<\/td><td>Lucas Bona Martins<\/td><td>015. XXX.XXX-71<\/td><td>Corte<\/td><td>S\u00e3o Miguel<\/td><\/tr><tr><td>7<\/td><td>Narcizo Antenor Ceolin<\/td><td>307. XXX.XXX-68<\/td><td>Gr\u00e3o<\/td><td>Rio da V\u00e1rzea<\/td><\/tr><tr><td>8<\/td><td>Odecio Ficagna<\/td><td>005. XXX.XXX-02<\/td><td>Leite<\/td><td>S\u00e3o Valentim<\/td><\/tr><tr><td>9<\/td><td>Paulo de Godoi<\/td><td>555. XXX.XXX-68<\/td><td>Olericultura<\/td><td>S\u00e3o Br\u00e1z<\/td><\/tr><tr><td>10<\/td><td>Sergio Colussi<\/td><td>282. XXX.XXX-34<\/td><td>Gr\u00e3o<\/td><td>Vila Colussi<\/td><\/tr><\/tbody><\/table><\/figure>\n\n\n\n<h4 class=\"wp-block-heading\"><br>Suplentes:<\/h4>\n\n\n\n<figure class=\"wp-block-table\"><table><tbody><tr><td><strong>N\u00b0<\/strong><\/td><td><strong>NOME<\/strong><\/td><td><strong>CPF<\/strong><\/td><td><strong>ATIVIDADE<\/strong><\/td><td><strong>LOCALIDADE<\/strong><\/td><\/tr><tr><td>1<\/td><td>Anderson Rodrigo Maito<\/td><td>006. XXX.XXX-64<\/td><td>Gr\u00e3o<\/td><td>Bom Recreio<\/td><\/tr><tr><td>2<\/td><td>Luiza Ilse Graff Bazzo<\/td><td>982. XXX.XXX-25<\/td><td>Leite<\/td><td>Assentamento Bom Recreio<\/td><\/tr><tr><td>3<\/td><td>Gabriel Krug Ramos<\/td><td>942. XXX.XXX-68<\/td><td>Leite<\/td><td>Assentamento Bom Recreio<\/td><\/tr><tr><td>4<\/td><td>Fernandes Antonio Tronco<\/td><td>623. XXX.XXX-87<\/td><td>Gr\u00e3o<\/td><td>S\u00e3o Jo\u00e3o da Bela Vista<\/td><\/tr><tr><td>5<\/td><td>Rodrigo Colussi<\/td><td>526. XXX.XXX-34<\/td><td>Gr\u00e3o<\/td><td>S\u00e3o Br\u00e1z<\/td><\/tr><tr><td>6<\/td><td>Jair Dutra<\/td><td>623. XXX.XXX-34<\/td><td>Olericultura<\/td><td>Bom Recreio<\/td><\/tr><\/tbody><\/table><\/figure>\n\n\n\n<hr class=\"wp-block-separator has-css-opacity\"\/>\n","protected":false},"excerpt":{"rendered":"<p>Conselho Municipal do Desenvolvimento Agr\u00e1rio CMDA &#8211; O Conselho Municipal de Desenvolvimento Agr\u00e1rio (CMDA) foi criado pela&nbsp;Lei n\u00ba 2904\/1993. O referido conselho municipal tem por finalidade tra\u00e7ar planos, estrat\u00e9gias e diretrizes que [&hellip;]<\/p>\n","protected":false},"author":1,"featured_media":0,"parent":0,"menu_order":0,"comment_status":"closed","ping_status":"closed","template":"","meta":{"footnotes":""},"class_list":["post-39","page","type-page","status-publish","hentry"],"yoast_head":"<!-- This site is optimized with the Yoast SEO plugin v23.8 - https:\/\/yoast.com\/wordpress\/plugins\/seo\/ -->\n<title>CMDA - Conselhos Municipais de Passo Fundo<\/title>\n<meta name=\"robots\" content=\"index, follow, max-snippet:-1, max-image-preview:large, max-video-preview:-1\" \/>\n<link rel=\"canonical\" href=\"https:\/\/www.pmpf.rs.gov.br\/conselhos-municipais-de-passo-fundo\/cmda\/\" \/>\n<meta property=\"og:locale\" content=\"pt_BR\" \/>\n<meta property=\"og:type\" content=\"article\" \/>\n<meta property=\"og:title\" content=\"CMDA - Conselhos Municipais de Passo Fundo\" \/>\n<meta property=\"og:description\" content=\"Conselho Municipal do Desenvolvimento Agr\u00e1rio CMDA &#8211; O Conselho Municipal de Desenvolvimento Agr\u00e1rio (CMDA) foi criado pela&nbsp;Lei n\u00ba 2904\/1993. O referido conselho municipal tem por finalidade tra\u00e7ar planos, estrat\u00e9gias e diretrizes que [&hellip;]\" \/>\n<meta property=\"og:url\" content=\"https:\/\/www.pmpf.rs.gov.br\/conselhos-municipais-de-passo-fundo\/cmda\/\" \/>\n<meta property=\"og:site_name\" content=\"Conselhos Municipais de Passo Fundo\" \/>\n<meta property=\"article:modified_time\" content=\"2025-11-17T13:07:17+00:00\" \/>\n<meta property=\"og:image\" content=\"https:\/\/www.pmpf.rs.gov.br\/conselhos-municipais-de-passo-fundo\/wp-content\/uploads\/sites\/37\/2021\/12\/CMDA.jpeg\" \/>\n\t<meta property=\"og:image:width\" content=\"1280\" \/>\n\t<meta property=\"og:image:height\" content=\"960\" \/>\n\t<meta property=\"og:image:type\" content=\"image\/jpeg\" \/>\n<meta name=\"twitter:card\" content=\"summary_large_image\" \/>\n<meta name=\"twitter:label1\" content=\"Est. tempo de leitura\" \/>\n\t<meta name=\"twitter:data1\" content=\"1 minuto\" \/>\n<script type=\"application\/ld+json\" class=\"yoast-schema-graph\">{\"@context\":\"https:\/\/schema.org\",\"@graph\":[{\"@type\":\"WebPage\",\"@id\":\"https:\/\/www.pmpf.rs.gov.br\/conselhos-municipais-de-passo-fundo\/cmda\/\",\"url\":\"https:\/\/www.pmpf.rs.gov.br\/conselhos-municipais-de-passo-fundo\/cmda\/\",\"name\":\"CMDA - Conselhos Municipais de Passo Fundo\",\"isPartOf\":{\"@id\":\"https:\/\/www.pmpf.rs.gov.br\/conselhos-municipais-de-passo-fundo\/#website\"},\"primaryImageOfPage\":{\"@id\":\"https:\/\/www.pmpf.rs.gov.br\/conselhos-municipais-de-passo-fundo\/cmda\/#primaryimage\"},\"image\":{\"@id\":\"https:\/\/www.pmpf.rs.gov.br\/conselhos-municipais-de-passo-fundo\/cmda\/#primaryimage\"},\"thumbnailUrl\":\"https:\/\/www.pmpf.rs.gov.br\/conselhos-municipais-de-passo-fundo\/wp-content\/uploads\/sites\/37\/2021\/12\/CMDA-1024x768.jpeg\",\"datePublished\":\"2021-12-18T20:45:18+00:00\",\"dateModified\":\"2025-11-17T13:07:17+00:00\",\"inLanguage\":\"pt-BR\",\"potentialAction\":[{\"@type\":\"ReadAction\",\"target\":[\"https:\/\/www.pmpf.rs.gov.br\/conselhos-municipais-de-passo-fundo\/cmda\/\"]}]},{\"@type\":\"ImageObject\",\"inLanguage\":\"pt-BR\",\"@id\":\"https:\/\/www.pmpf.rs.gov.br\/conselhos-municipais-de-passo-fundo\/cmda\/#primaryimage\",\"url\":\"https:\/\/www.pmpf.rs.gov.br\/conselhos-municipais-de-passo-fundo\/wp-content\/uploads\/sites\/37\/2021\/12\/CMDA.jpeg\",\"contentUrl\":\"https:\/\/www.pmpf.rs.gov.br\/conselhos-municipais-de-passo-fundo\/wp-content\/uploads\/sites\/37\/2021\/12\/CMDA.jpeg\",\"width\":1280,\"height\":960,\"caption\":\"CMDA - Conselho Municipal de Desenvolvimento Agr\u00e1rio\"},{\"@type\":\"WebSite\",\"@id\":\"https:\/\/www.pmpf.rs.gov.br\/conselhos-municipais-de-passo-fundo\/#website\",\"url\":\"https:\/\/www.pmpf.rs.gov.br\/conselhos-municipais-de-passo-fundo\/\",\"name\":\"Conselhos Municipais de Passo Fundo\",\"description\":\"S\u00f3 mais um site Prefeitura de Passo Fundo\",\"potentialAction\":[{\"@type\":\"SearchAction\",\"target\":{\"@type\":\"EntryPoint\",\"urlTemplate\":\"https:\/\/www.pmpf.rs.gov.br\/conselhos-municipais-de-passo-fundo\/?s={search_term_string}\"},\"query-input\":{\"@type\":\"PropertyValueSpecification\",\"valueRequired\":true,\"valueName\":\"search_term_string\"}}],\"inLanguage\":\"pt-BR\"}]}<\/script>\n<!-- \/ Yoast SEO plugin. -->","yoast_head_json":{"title":"CMDA - Conselhos Municipais de Passo Fundo","robots":{"index":"index","follow":"follow","max-snippet":"max-snippet:-1","max-image-preview":"max-image-preview:large","max-video-preview":"max-video-preview:-1"},"canonical":"https:\/\/www.pmpf.rs.gov.br\/conselhos-municipais-de-passo-fundo\/cmda\/","og_locale":"pt_BR","og_type":"article","og_title":"CMDA - Conselhos Municipais de Passo Fundo","og_description":"Conselho Municipal do Desenvolvimento Agr\u00e1rio CMDA &#8211; O Conselho Municipal de Desenvolvimento Agr\u00e1rio (CMDA) foi criado pela&nbsp;Lei n\u00ba 2904\/1993. O referido conselho municipal tem por finalidade tra\u00e7ar planos, estrat\u00e9gias e diretrizes que [&hellip;]","og_url":"https:\/\/www.pmpf.rs.gov.br\/conselhos-municipais-de-passo-fundo\/cmda\/","og_site_name":"Conselhos Municipais de Passo Fundo","article_modified_time":"2025-11-17T13:07:17+00:00","og_image":[{"width":1280,"height":960,"url":"https:\/\/www.pmpf.rs.gov.br\/conselhos-municipais-de-passo-fundo\/wp-content\/uploads\/sites\/37\/2021\/12\/CMDA.jpeg","type":"image\/jpeg"}],"twitter_card":"summary_large_image","twitter_misc":{"Est. tempo de leitura":"1 minuto"},"schema":{"@context":"https:\/\/schema.org","@graph":[{"@type":"WebPage","@id":"https:\/\/www.pmpf.rs.gov.br\/conselhos-municipais-de-passo-fundo\/cmda\/","url":"https:\/\/www.pmpf.rs.gov.br\/conselhos-municipais-de-passo-fundo\/cmda\/","name":"CMDA - Conselhos Municipais de Passo Fundo","isPartOf":{"@id":"https:\/\/www.pmpf.rs.gov.br\/conselhos-municipais-de-passo-fundo\/#website"},"primaryImageOfPage":{"@id":"https:\/\/www.pmpf.rs.gov.br\/conselhos-municipais-de-passo-fundo\/cmda\/#primaryimage"},"image":{"@id":"https:\/\/www.pmpf.rs.gov.br\/conselhos-municipais-de-passo-fundo\/cmda\/#primaryimage"},"thumbnailUrl":"https:\/\/www.pmpf.rs.gov.br\/conselhos-municipais-de-passo-fundo\/wp-content\/uploads\/sites\/37\/2021\/12\/CMDA-1024x768.jpeg","datePublished":"2021-12-18T20:45:18+00:00","dateModified":"2025-11-17T13:07:17+00:00","inLanguage":"pt-BR","potentialAction":[{"@type":"ReadAction","target":["https:\/\/www.pmpf.rs.gov.br\/conselhos-municipais-de-passo-fundo\/cmda\/"]}]},{"@type":"ImageObject","inLanguage":"pt-BR","@id":"https:\/\/www.pmpf.rs.gov.br\/conselhos-municipais-de-passo-fundo\/cmda\/#primaryimage","url":"https:\/\/www.pmpf.rs.gov.br\/conselhos-municipais-de-passo-fundo\/wp-content\/uploads\/sites\/37\/2021\/12\/CMDA.jpeg","contentUrl":"https:\/\/www.pmpf.rs.gov.br\/conselhos-municipais-de-passo-fundo\/wp-content\/uploads\/sites\/37\/2021\/12\/CMDA.jpeg","width":1280,"height":960,"caption":"CMDA - Conselho Municipal de Desenvolvimento Agr\u00e1rio"},{"@type":"WebSite","@id":"https:\/\/www.pmpf.rs.gov.br\/conselhos-municipais-de-passo-fundo\/#website","url":"https:\/\/www.pmpf.rs.gov.br\/conselhos-municipais-de-passo-fundo\/","name":"Conselhos Municipais de Passo Fundo","description":"S\u00f3 mais um site Prefeitura de Passo Fundo","potentialAction":[{"@type":"SearchAction","target":{"@type":"EntryPoint","urlTemplate":"https:\/\/www.pmpf.rs.gov.br\/conselhos-municipais-de-passo-fundo\/?s={search_term_string}"},"query-input":{"@type":"PropertyValueSpecification","valueRequired":true,"valueName":"search_term_string"}}],"inLanguage":"pt-BR"}]}},"_links":{"self":[{"href":"https:\/\/www.pmpf.rs.gov.br\/conselhos-municipais-de-passo-fundo\/wp-json\/wp\/v2\/pages\/39"}],"collection":[{"href":"https:\/\/www.pmpf.rs.gov.br\/conselhos-municipais-de-passo-fundo\/wp-json\/wp\/v2\/pages"}],"about":[{"href":"https:\/\/www.pmpf.rs.gov.br\/conselhos-municipais-de-passo-fundo\/wp-json\/wp\/v2\/types\/page"}],"author":[{"embeddable":true,"href":"https:\/\/www.pmpf.rs.gov.br\/conselhos-municipais-de-passo-fundo\/wp-json\/wp\/v2\/users\/1"}],"replies":[{"embeddable":true,"href":"https:\/\/www.pmpf.rs.gov.br\/conselhos-municipais-de-passo-fundo\/wp-json\/wp\/v2\/comments?post=39"}],"version-history":[{"count":13,"href":"https:\/\/www.pmpf.rs.gov.br\/conselhos-municipais-de-passo-fundo\/wp-json\/wp\/v2\/pages\/39\/revisions"}],"predecessor-version":[{"id":1292,"href":"https:\/\/www.pmpf.rs.gov.br\/conselhos-municipais-de-passo-fundo\/wp-json\/wp\/v2\/pages\/39\/revisions\/1292"}],"wp:attachment":[{"href":"https:\/\/www.pmpf.rs.gov.br\/conselhos-municipais-de-passo-fundo\/wp-json\/wp\/v2\/media?parent=39"}],"curies":[{"name":"wp","href":"https:\/\/api.w.org\/{rel}","templated":true}]}}