{"id":34,"date":"2021-12-18T17:42:28","date_gmt":"2021-12-18T20:42:28","guid":{"rendered":"https:\/\/www.pmpf.rs.gov.br\/conselhos-municipais-de-passo-fundo\/?page_id=34"},"modified":"2025-11-07T16:00:36","modified_gmt":"2025-11-07T19:00:36","slug":"cmd","status":"publish","type":"page","link":"https:\/\/www.pmpf.rs.gov.br\/conselhos-municipais-de-passo-fundo\/cmd\/","title":{"rendered":"CMD"},"content":{"rendered":"\n<h2 class=\"wp-block-heading\">Conselho Municipal de Desporto<\/h2>\n\n\n<div class=\"wp-block-image\">\n<figure class=\"alignleft size-large is-resized\"><img loading=\"lazy\" decoding=\"async\" width=\"1024\" height=\"650\" src=\"https:\/\/www.pmpf.rs.gov.br\/conselhos-municipais-de-passo-fundo\/wp-content\/uploads\/sites\/37\/2025\/11\/cmd-foto2025-1024x650.jpeg\" alt=\"\" class=\"wp-image-1279\" style=\"width:380px;height:auto\" srcset=\"https:\/\/www.pmpf.rs.gov.br\/conselhos-municipais-de-passo-fundo\/wp-content\/uploads\/sites\/37\/2025\/11\/cmd-foto2025-1024x650.jpeg 1024w, https:\/\/www.pmpf.rs.gov.br\/conselhos-municipais-de-passo-fundo\/wp-content\/uploads\/sites\/37\/2025\/11\/cmd-foto2025-300x191.jpeg 300w, https:\/\/www.pmpf.rs.gov.br\/conselhos-municipais-de-passo-fundo\/wp-content\/uploads\/sites\/37\/2025\/11\/cmd-foto2025-768x488.jpeg 768w, https:\/\/www.pmpf.rs.gov.br\/conselhos-municipais-de-passo-fundo\/wp-content\/uploads\/sites\/37\/2025\/11\/cmd-foto2025.jpeg 1280w\" sizes=\"(max-width: 1024px) 100vw, 1024px\" \/><\/figure><\/div>\n\n\n<p>O Conselho Municipal de Desporto (CMD) Foi criado por meio da&nbsp;<a href=\"https:\/\/www.pmpf.rs.gov.br\/conselhos-municipais-de-passo-fundo\/wp-content\/uploads\/sites\/37\/2021\/12\/Lei-Ordinaria_4591-2009.pdf\">Lei n\u00ba 4591\/2009<\/a>. O referido conselho municipal tem car\u00e1ter consultivo, fiscalizador e formulador da pol\u00edtica p\u00fablica voltada para o desporto.<br><br>Compete ao Conselho Municipal do Desporto propor estrat\u00e9gias de acompanhamento, avalia\u00e7\u00e3o e fiscaliza\u00e7\u00e3o, bem como a participa\u00e7\u00e3o no processo deliberativo de diretrizes das pol\u00edticas desportivas, fomentando a inclus\u00e3o do desporto nas pol\u00edticas p\u00fablicas desenvolvidas em \u00e2mbito municipal.<\/p>\n\n\n\n<p><strong>Presidente atual:<\/strong>&nbsp;Carlos Alberto de Oliveira<br><strong>Vice-Presidente:<\/strong>&nbsp;Manuela Spessatto<br><strong>Secret\u00e1ria Geral:&nbsp;<\/strong>Nicolle&nbsp;de Oliveira Dias<br><strong>Tesoureiro:&nbsp;<\/strong>Gilberto&nbsp;Bellaver<br><strong>Vencimento do mandato:&nbsp;<\/strong>Novembro de 2027<br><strong>Situa\u00e7\u00e3o:&nbsp;<\/strong>Ativo<\/p>\n\n\n\n<hr class=\"wp-block-separator has-css-opacity\"\/>\n\n\n\n<p>Edital 187\/2025 (10\/09\/2025): <a href=\"https:\/\/www.pmpf.rs.gov.br\/conselhos-municipais-de-passo-fundo\/wp-content\/uploads\/sites\/37\/2021\/12\/edital-187-2025-10092025.pdf\" target=\"_blank\" rel=\"noreferrer noopener\">Convoca Assembleia para escolha de entidades e organiza\u00e7\u00f5es n\u00e3o governamentais para integrarem o Conselho Municipal de Desporto &#8211; CMD<\/a><\/p>\n\n\n\n<p>30\/09\/2025 &#8211; <a href=\"https:\/\/www.pmpf.rs.gov.br\/conselhos-municipais-de-passo-fundo\/wp-content\/uploads\/sites\/37\/2021\/12\/cmd-lista-entidades-homologadas-2025.pdf\" target=\"_blank\" rel=\"noreferrer noopener\">Entidades Inscritas Homologadas para a Gest\u00e3o 2025\/2027 do Conselho Municipal de Desporto &#8211; CMD<\/a><\/p>\n\n\n\n<p>06\/10\/2025 &#8211; <a href=\"https:\/\/www.pmpf.rs.gov.br\/conselhos-municipais-de-passo-fundo\/wp-content\/uploads\/sites\/37\/2021\/12\/cmd-lista-entidades-aptas.pdf\" target=\"_blank\" rel=\"noreferrer noopener\">Lista de Entidades Aptas<\/a><\/p>\n\n\n\n<hr class=\"wp-block-separator has-alpha-channel-opacity\"\/>\n","protected":false},"excerpt":{"rendered":"<p>Conselho Municipal de Desporto O Conselho Municipal de Desporto (CMD) Foi criado por meio da&nbsp;Lei n\u00ba 4591\/2009. O referido conselho municipal tem car\u00e1ter consultivo, fiscalizador e formulador da pol\u00edtica p\u00fablica voltada para [&hellip;]<\/p>\n","protected":false},"author":1,"featured_media":0,"parent":0,"menu_order":0,"comment_status":"closed","ping_status":"closed","template":"","meta":{"footnotes":""},"class_list":["post-34","page","type-page","status-publish","hentry"],"yoast_head":"<!-- This site is optimized with the Yoast SEO plugin v23.8 - https:\/\/yoast.com\/wordpress\/plugins\/seo\/ -->\n<title>CMD - Conselhos Municipais de Passo Fundo<\/title>\n<meta name=\"robots\" content=\"index, follow, max-snippet:-1, max-image-preview:large, max-video-preview:-1\" \/>\n<link rel=\"canonical\" href=\"https:\/\/www.pmpf.rs.gov.br\/conselhos-municipais-de-passo-fundo\/cmd\/\" \/>\n<meta property=\"og:locale\" content=\"pt_BR\" \/>\n<meta property=\"og:type\" content=\"article\" \/>\n<meta property=\"og:title\" content=\"CMD - Conselhos Municipais de Passo Fundo\" \/>\n<meta property=\"og:description\" content=\"Conselho Municipal de Desporto O Conselho Municipal de Desporto (CMD) Foi criado por meio da&nbsp;Lei n\u00ba 4591\/2009. O referido conselho municipal tem car\u00e1ter consultivo, fiscalizador e formulador da pol\u00edtica p\u00fablica voltada para [&hellip;]\" \/>\n<meta property=\"og:url\" content=\"https:\/\/www.pmpf.rs.gov.br\/conselhos-municipais-de-passo-fundo\/cmd\/\" \/>\n<meta property=\"og:site_name\" content=\"Conselhos Municipais de Passo Fundo\" \/>\n<meta property=\"article:modified_time\" content=\"2025-11-07T19:00:36+00:00\" \/>\n<meta property=\"og:image\" content=\"https:\/\/www.pmpf.rs.gov.br\/conselhos-municipais-de-passo-fundo\/wp-content\/uploads\/sites\/37\/2025\/11\/cmd-foto2025.jpeg\" \/>\n\t<meta property=\"og:image:width\" content=\"1280\" \/>\n\t<meta property=\"og:image:height\" content=\"813\" \/>\n\t<meta property=\"og:image:type\" content=\"image\/jpeg\" \/>\n<meta name=\"twitter:card\" content=\"summary_large_image\" \/>\n<meta name=\"twitter:label1\" content=\"Est. tempo de leitura\" \/>\n\t<meta name=\"twitter:data1\" content=\"1 minuto\" \/>\n<script type=\"application\/ld+json\" class=\"yoast-schema-graph\">{\"@context\":\"https:\/\/schema.org\",\"@graph\":[{\"@type\":\"WebPage\",\"@id\":\"https:\/\/www.pmpf.rs.gov.br\/conselhos-municipais-de-passo-fundo\/cmd\/\",\"url\":\"https:\/\/www.pmpf.rs.gov.br\/conselhos-municipais-de-passo-fundo\/cmd\/\",\"name\":\"CMD - Conselhos Municipais de Passo Fundo\",\"isPartOf\":{\"@id\":\"https:\/\/www.pmpf.rs.gov.br\/conselhos-municipais-de-passo-fundo\/#website\"},\"primaryImageOfPage\":{\"@id\":\"https:\/\/www.pmpf.rs.gov.br\/conselhos-municipais-de-passo-fundo\/cmd\/#primaryimage\"},\"image\":{\"@id\":\"https:\/\/www.pmpf.rs.gov.br\/conselhos-municipais-de-passo-fundo\/cmd\/#primaryimage\"},\"thumbnailUrl\":\"https:\/\/www.pmpf.rs.gov.br\/conselhos-municipais-de-passo-fundo\/wp-content\/uploads\/sites\/37\/2025\/11\/cmd-foto2025-1024x650.jpeg\",\"datePublished\":\"2021-12-18T20:42:28+00:00\",\"dateModified\":\"2025-11-07T19:00:36+00:00\",\"inLanguage\":\"pt-BR\",\"potentialAction\":[{\"@type\":\"ReadAction\",\"target\":[\"https:\/\/www.pmpf.rs.gov.br\/conselhos-municipais-de-passo-fundo\/cmd\/\"]}]},{\"@type\":\"ImageObject\",\"inLanguage\":\"pt-BR\",\"@id\":\"https:\/\/www.pmpf.rs.gov.br\/conselhos-municipais-de-passo-fundo\/cmd\/#primaryimage\",\"url\":\"https:\/\/www.pmpf.rs.gov.br\/conselhos-municipais-de-passo-fundo\/wp-content\/uploads\/sites\/37\/2025\/11\/cmd-foto2025.jpeg\",\"contentUrl\":\"https:\/\/www.pmpf.rs.gov.br\/conselhos-municipais-de-passo-fundo\/wp-content\/uploads\/sites\/37\/2025\/11\/cmd-foto2025.jpeg\",\"width\":1280,\"height\":813,\"caption\":\"CMD - Conselho Municipal de Desporto\"},{\"@type\":\"WebSite\",\"@id\":\"https:\/\/www.pmpf.rs.gov.br\/conselhos-municipais-de-passo-fundo\/#website\",\"url\":\"https:\/\/www.pmpf.rs.gov.br\/conselhos-municipais-de-passo-fundo\/\",\"name\":\"Conselhos Municipais de Passo Fundo\",\"description\":\"S\u00f3 mais um site Prefeitura de Passo Fundo\",\"potentialAction\":[{\"@type\":\"SearchAction\",\"target\":{\"@type\":\"EntryPoint\",\"urlTemplate\":\"https:\/\/www.pmpf.rs.gov.br\/conselhos-municipais-de-passo-fundo\/?s={search_term_string}\"},\"query-input\":{\"@type\":\"PropertyValueSpecification\",\"valueRequired\":true,\"valueName\":\"search_term_string\"}}],\"inLanguage\":\"pt-BR\"}]}<\/script>\n<!-- \/ Yoast SEO plugin. -->","yoast_head_json":{"title":"CMD - Conselhos Municipais de Passo Fundo","robots":{"index":"index","follow":"follow","max-snippet":"max-snippet:-1","max-image-preview":"max-image-preview:large","max-video-preview":"max-video-preview:-1"},"canonical":"https:\/\/www.pmpf.rs.gov.br\/conselhos-municipais-de-passo-fundo\/cmd\/","og_locale":"pt_BR","og_type":"article","og_title":"CMD - Conselhos Municipais de Passo Fundo","og_description":"Conselho Municipal de Desporto O Conselho Municipal de Desporto (CMD) Foi criado por meio da&nbsp;Lei n\u00ba 4591\/2009. O referido conselho municipal tem car\u00e1ter consultivo, fiscalizador e formulador da pol\u00edtica p\u00fablica voltada para [&hellip;]","og_url":"https:\/\/www.pmpf.rs.gov.br\/conselhos-municipais-de-passo-fundo\/cmd\/","og_site_name":"Conselhos Municipais de Passo Fundo","article_modified_time":"2025-11-07T19:00:36+00:00","og_image":[{"width":1280,"height":813,"url":"https:\/\/www.pmpf.rs.gov.br\/conselhos-municipais-de-passo-fundo\/wp-content\/uploads\/sites\/37\/2025\/11\/cmd-foto2025.jpeg","type":"image\/jpeg"}],"twitter_card":"summary_large_image","twitter_misc":{"Est. tempo de leitura":"1 minuto"},"schema":{"@context":"https:\/\/schema.org","@graph":[{"@type":"WebPage","@id":"https:\/\/www.pmpf.rs.gov.br\/conselhos-municipais-de-passo-fundo\/cmd\/","url":"https:\/\/www.pmpf.rs.gov.br\/conselhos-municipais-de-passo-fundo\/cmd\/","name":"CMD - Conselhos Municipais de Passo Fundo","isPartOf":{"@id":"https:\/\/www.pmpf.rs.gov.br\/conselhos-municipais-de-passo-fundo\/#website"},"primaryImageOfPage":{"@id":"https:\/\/www.pmpf.rs.gov.br\/conselhos-municipais-de-passo-fundo\/cmd\/#primaryimage"},"image":{"@id":"https:\/\/www.pmpf.rs.gov.br\/conselhos-municipais-de-passo-fundo\/cmd\/#primaryimage"},"thumbnailUrl":"https:\/\/www.pmpf.rs.gov.br\/conselhos-municipais-de-passo-fundo\/wp-content\/uploads\/sites\/37\/2025\/11\/cmd-foto2025-1024x650.jpeg","datePublished":"2021-12-18T20:42:28+00:00","dateModified":"2025-11-07T19:00:36+00:00","inLanguage":"pt-BR","potentialAction":[{"@type":"ReadAction","target":["https:\/\/www.pmpf.rs.gov.br\/conselhos-municipais-de-passo-fundo\/cmd\/"]}]},{"@type":"ImageObject","inLanguage":"pt-BR","@id":"https:\/\/www.pmpf.rs.gov.br\/conselhos-municipais-de-passo-fundo\/cmd\/#primaryimage","url":"https:\/\/www.pmpf.rs.gov.br\/conselhos-municipais-de-passo-fundo\/wp-content\/uploads\/sites\/37\/2025\/11\/cmd-foto2025.jpeg","contentUrl":"https:\/\/www.pmpf.rs.gov.br\/conselhos-municipais-de-passo-fundo\/wp-content\/uploads\/sites\/37\/2025\/11\/cmd-foto2025.jpeg","width":1280,"height":813,"caption":"CMD - Conselho Municipal de Desporto"},{"@type":"WebSite","@id":"https:\/\/www.pmpf.rs.gov.br\/conselhos-municipais-de-passo-fundo\/#website","url":"https:\/\/www.pmpf.rs.gov.br\/conselhos-municipais-de-passo-fundo\/","name":"Conselhos Municipais de Passo Fundo","description":"S\u00f3 mais um site Prefeitura de Passo Fundo","potentialAction":[{"@type":"SearchAction","target":{"@type":"EntryPoint","urlTemplate":"https:\/\/www.pmpf.rs.gov.br\/conselhos-municipais-de-passo-fundo\/?s={search_term_string}"},"query-input":{"@type":"PropertyValueSpecification","valueRequired":true,"valueName":"search_term_string"}}],"inLanguage":"pt-BR"}]}},"_links":{"self":[{"href":"https:\/\/www.pmpf.rs.gov.br\/conselhos-municipais-de-passo-fundo\/wp-json\/wp\/v2\/pages\/34"}],"collection":[{"href":"https:\/\/www.pmpf.rs.gov.br\/conselhos-municipais-de-passo-fundo\/wp-json\/wp\/v2\/pages"}],"about":[{"href":"https:\/\/www.pmpf.rs.gov.br\/conselhos-municipais-de-passo-fundo\/wp-json\/wp\/v2\/types\/page"}],"author":[{"embeddable":true,"href":"https:\/\/www.pmpf.rs.gov.br\/conselhos-municipais-de-passo-fundo\/wp-json\/wp\/v2\/users\/1"}],"replies":[{"embeddable":true,"href":"https:\/\/www.pmpf.rs.gov.br\/conselhos-municipais-de-passo-fundo\/wp-json\/wp\/v2\/comments?post=34"}],"version-history":[{"count":14,"href":"https:\/\/www.pmpf.rs.gov.br\/conselhos-municipais-de-passo-fundo\/wp-json\/wp\/v2\/pages\/34\/revisions"}],"predecessor-version":[{"id":1281,"href":"https:\/\/www.pmpf.rs.gov.br\/conselhos-municipais-de-passo-fundo\/wp-json\/wp\/v2\/pages\/34\/revisions\/1281"}],"wp:attachment":[{"href":"https:\/\/www.pmpf.rs.gov.br\/conselhos-municipais-de-passo-fundo\/wp-json\/wp\/v2\/media?parent=34"}],"curies":[{"name":"wp","href":"https:\/\/api.w.org\/{rel}","templated":true}]}}