{"id":28,"date":"2021-12-18T17:39:16","date_gmt":"2021-12-18T20:39:16","guid":{"rendered":"https:\/\/www.pmpf.rs.gov.br\/conselhos-municipais-de-passo-fundo\/?page_id=28"},"modified":"2026-01-20T10:57:54","modified_gmt":"2026-01-20T13:57:54","slug":"cmas","status":"publish","type":"page","link":"https:\/\/www.pmpf.rs.gov.br\/conselhos-municipais-de-passo-fundo\/cmas\/","title":{"rendered":"CMAS"},"content":{"rendered":"\n<h2 class=\"wp-block-heading\">Conselho Municipal de Assist\u00eancia Social <\/h2>\n\n\n\n<p><\/p>\n\n\n\n<p>O Conselho Municipal de Assist\u00eancia Social \u2013 CMAS, do Munic\u00edpio de Passo Fundo, Institu\u00eddo no Munic\u00edpio atrav\u00e9s da Lei n\u00ba 3.091 de 03\/01\/1996, \u00e9 \u00f3rg\u00e3o de delibera\u00e7\u00e3o colegiada, de car\u00e1ter permanente e composi\u00e7\u00e3o parit\u00e1ria entre governo e sociedade civil, vinculado \u00e0 Secretaria Municipal de Cidadania e Assist\u00eancia Social cujos membros, nomeados pelo Prefeito, t\u00eam mandato de 2 (dois) anos.<\/p>\n\n\n\n<p>O CMAS \u00e9 composto por 24 (vinte e quatro) membros e respectivos suplentes. Atualmente o CMAS est\u00e1 regulamentado pela Lei Municipal n\u00ba 5.294\/2017, que disp\u00f5e sobre o Sistema \u00danico de Assist\u00eancia Social no munic\u00edpio.<\/p>\n\n\n\n<hr class=\"wp-block-separator has-alpha-channel-opacity\"\/>\n\n\n\n<p><strong>Presidente atual:<\/strong>&nbsp;Daiana Ribeiro<br><strong>Dia, hor\u00e1rio e local das reuni\u00f5es ordin\u00e1rias:<\/strong>&nbsp;1\u00aa Ter\u00e7a-feira do m\u00eas, \u00e0s 14 horas. Em caso de Feriado, na semana subsequente.<br><strong>E-mail para contato:<\/strong>&nbsp;<a href=\"mailto:cmas@pmpf.rs.gov.br\" target=\"_blank\" rel=\"noreferrer noopener\">cmas@pmpf.rs.gov.br<\/a><br><strong>Telefone:<\/strong>&nbsp;(54) 98404-4776, (54) 3581-0187<br><strong>Situa\u00e7\u00e3o atual: Ativo<\/strong><br><strong>Vencimento do mandato:<\/strong>&nbsp;Julho \/ 2026<\/p>\n\n\n\n<p><a href=\"https:\/\/www.pmpf.rs.gov.br\/conselhos-municipais-de-passo-fundo\/wp-content\/uploads\/sites\/37\/2021\/12\/resolucao-cmas-003-2025.pdf\" target=\"_blank\" rel=\"noreferrer noopener\">\u00a0<strong>Resolu\u00e7\u00e3o N\u00b0 003\/2025 &#8211;  11 de Mar\u00e7o de 2025<\/strong><\/a><\/p>\n\n\n\n<hr class=\"wp-block-separator has-css-opacity\"\/>\n","protected":false},"excerpt":{"rendered":"<p>Conselho Municipal de Assist\u00eancia Social O Conselho Municipal de Assist\u00eancia Social \u2013 CMAS, do Munic\u00edpio de Passo Fundo, Institu\u00eddo no Munic\u00edpio atrav\u00e9s da Lei n\u00ba 3.091 de 03\/01\/1996, \u00e9 \u00f3rg\u00e3o de delibera\u00e7\u00e3o [&hellip;]<\/p>\n","protected":false},"author":1,"featured_media":0,"parent":0,"menu_order":0,"comment_status":"closed","ping_status":"closed","template":"","meta":{"footnotes":""},"class_list":["post-28","page","type-page","status-publish","hentry"],"yoast_head":"<!-- This site is optimized with the Yoast SEO plugin v23.8 - https:\/\/yoast.com\/wordpress\/plugins\/seo\/ -->\n<title>CMAS - Conselhos Municipais de Passo Fundo<\/title>\n<meta name=\"robots\" content=\"index, follow, max-snippet:-1, max-image-preview:large, max-video-preview:-1\" \/>\n<link rel=\"canonical\" href=\"https:\/\/www.pmpf.rs.gov.br\/conselhos-municipais-de-passo-fundo\/cmas\/\" \/>\n<meta property=\"og:locale\" content=\"pt_BR\" \/>\n<meta property=\"og:type\" content=\"article\" \/>\n<meta property=\"og:title\" content=\"CMAS - Conselhos Municipais de Passo Fundo\" \/>\n<meta property=\"og:description\" content=\"Conselho Municipal de Assist\u00eancia Social O Conselho Municipal de Assist\u00eancia Social \u2013 CMAS, do Munic\u00edpio de Passo Fundo, Institu\u00eddo no Munic\u00edpio atrav\u00e9s da Lei n\u00ba 3.091 de 03\/01\/1996, \u00e9 \u00f3rg\u00e3o de delibera\u00e7\u00e3o [&hellip;]\" \/>\n<meta property=\"og:url\" content=\"https:\/\/www.pmpf.rs.gov.br\/conselhos-municipais-de-passo-fundo\/cmas\/\" \/>\n<meta property=\"og:site_name\" content=\"Conselhos Municipais de Passo Fundo\" \/>\n<meta property=\"article:modified_time\" content=\"2026-01-20T13:57:54+00:00\" \/>\n<meta name=\"twitter:card\" content=\"summary_large_image\" \/>\n<meta name=\"twitter:label1\" content=\"Est. tempo de leitura\" \/>\n\t<meta name=\"twitter:data1\" content=\"2 minutos\" \/>\n<script type=\"application\/ld+json\" class=\"yoast-schema-graph\">{\"@context\":\"https:\/\/schema.org\",\"@graph\":[{\"@type\":\"WebPage\",\"@id\":\"https:\/\/www.pmpf.rs.gov.br\/conselhos-municipais-de-passo-fundo\/cmas\/\",\"url\":\"https:\/\/www.pmpf.rs.gov.br\/conselhos-municipais-de-passo-fundo\/cmas\/\",\"name\":\"CMAS - Conselhos Municipais de Passo Fundo\",\"isPartOf\":{\"@id\":\"https:\/\/www.pmpf.rs.gov.br\/conselhos-municipais-de-passo-fundo\/#website\"},\"datePublished\":\"2021-12-18T20:39:16+00:00\",\"dateModified\":\"2026-01-20T13:57:54+00:00\",\"inLanguage\":\"pt-BR\",\"potentialAction\":[{\"@type\":\"ReadAction\",\"target\":[\"https:\/\/www.pmpf.rs.gov.br\/conselhos-municipais-de-passo-fundo\/cmas\/\"]}]},{\"@type\":\"WebSite\",\"@id\":\"https:\/\/www.pmpf.rs.gov.br\/conselhos-municipais-de-passo-fundo\/#website\",\"url\":\"https:\/\/www.pmpf.rs.gov.br\/conselhos-municipais-de-passo-fundo\/\",\"name\":\"Conselhos Municipais de Passo Fundo\",\"description\":\"S\u00f3 mais um site Prefeitura de Passo Fundo\",\"potentialAction\":[{\"@type\":\"SearchAction\",\"target\":{\"@type\":\"EntryPoint\",\"urlTemplate\":\"https:\/\/www.pmpf.rs.gov.br\/conselhos-municipais-de-passo-fundo\/?s={search_term_string}\"},\"query-input\":{\"@type\":\"PropertyValueSpecification\",\"valueRequired\":true,\"valueName\":\"search_term_string\"}}],\"inLanguage\":\"pt-BR\"}]}<\/script>\n<!-- \/ Yoast SEO plugin. -->","yoast_head_json":{"title":"CMAS - Conselhos Municipais de Passo Fundo","robots":{"index":"index","follow":"follow","max-snippet":"max-snippet:-1","max-image-preview":"max-image-preview:large","max-video-preview":"max-video-preview:-1"},"canonical":"https:\/\/www.pmpf.rs.gov.br\/conselhos-municipais-de-passo-fundo\/cmas\/","og_locale":"pt_BR","og_type":"article","og_title":"CMAS - Conselhos Municipais de Passo Fundo","og_description":"Conselho Municipal de Assist\u00eancia Social O Conselho Municipal de Assist\u00eancia Social \u2013 CMAS, do Munic\u00edpio de Passo Fundo, Institu\u00eddo no Munic\u00edpio atrav\u00e9s da Lei n\u00ba 3.091 de 03\/01\/1996, \u00e9 \u00f3rg\u00e3o de delibera\u00e7\u00e3o [&hellip;]","og_url":"https:\/\/www.pmpf.rs.gov.br\/conselhos-municipais-de-passo-fundo\/cmas\/","og_site_name":"Conselhos Municipais de Passo Fundo","article_modified_time":"2026-01-20T13:57:54+00:00","twitter_card":"summary_large_image","twitter_misc":{"Est. tempo de leitura":"2 minutos"},"schema":{"@context":"https:\/\/schema.org","@graph":[{"@type":"WebPage","@id":"https:\/\/www.pmpf.rs.gov.br\/conselhos-municipais-de-passo-fundo\/cmas\/","url":"https:\/\/www.pmpf.rs.gov.br\/conselhos-municipais-de-passo-fundo\/cmas\/","name":"CMAS - Conselhos Municipais de Passo Fundo","isPartOf":{"@id":"https:\/\/www.pmpf.rs.gov.br\/conselhos-municipais-de-passo-fundo\/#website"},"datePublished":"2021-12-18T20:39:16+00:00","dateModified":"2026-01-20T13:57:54+00:00","inLanguage":"pt-BR","potentialAction":[{"@type":"ReadAction","target":["https:\/\/www.pmpf.rs.gov.br\/conselhos-municipais-de-passo-fundo\/cmas\/"]}]},{"@type":"WebSite","@id":"https:\/\/www.pmpf.rs.gov.br\/conselhos-municipais-de-passo-fundo\/#website","url":"https:\/\/www.pmpf.rs.gov.br\/conselhos-municipais-de-passo-fundo\/","name":"Conselhos Municipais de Passo Fundo","description":"S\u00f3 mais um site Prefeitura de Passo Fundo","potentialAction":[{"@type":"SearchAction","target":{"@type":"EntryPoint","urlTemplate":"https:\/\/www.pmpf.rs.gov.br\/conselhos-municipais-de-passo-fundo\/?s={search_term_string}"},"query-input":{"@type":"PropertyValueSpecification","valueRequired":true,"valueName":"search_term_string"}}],"inLanguage":"pt-BR"}]}},"_links":{"self":[{"href":"https:\/\/www.pmpf.rs.gov.br\/conselhos-municipais-de-passo-fundo\/wp-json\/wp\/v2\/pages\/28"}],"collection":[{"href":"https:\/\/www.pmpf.rs.gov.br\/conselhos-municipais-de-passo-fundo\/wp-json\/wp\/v2\/pages"}],"about":[{"href":"https:\/\/www.pmpf.rs.gov.br\/conselhos-municipais-de-passo-fundo\/wp-json\/wp\/v2\/types\/page"}],"author":[{"embeddable":true,"href":"https:\/\/www.pmpf.rs.gov.br\/conselhos-municipais-de-passo-fundo\/wp-json\/wp\/v2\/users\/1"}],"replies":[{"embeddable":true,"href":"https:\/\/www.pmpf.rs.gov.br\/conselhos-municipais-de-passo-fundo\/wp-json\/wp\/v2\/comments?post=28"}],"version-history":[{"count":45,"href":"https:\/\/www.pmpf.rs.gov.br\/conselhos-municipais-de-passo-fundo\/wp-json\/wp\/v2\/pages\/28\/revisions"}],"predecessor-version":[{"id":1338,"href":"https:\/\/www.pmpf.rs.gov.br\/conselhos-municipais-de-passo-fundo\/wp-json\/wp\/v2\/pages\/28\/revisions\/1338"}],"wp:attachment":[{"href":"https:\/\/www.pmpf.rs.gov.br\/conselhos-municipais-de-passo-fundo\/wp-json\/wp\/v2\/media?parent=28"}],"curies":[{"name":"wp","href":"https:\/\/api.w.org\/{rel}","templated":true}]}}