{"id":100,"date":"2021-12-18T19:18:23","date_gmt":"2021-12-18T22:18:23","guid":{"rendered":"https:\/\/www.pmpf.rs.gov.br\/conselhos-municipais-de-passo-fundo\/?page_id=100"},"modified":"2022-03-08T11:40:30","modified_gmt":"2022-03-08T14:40:30","slug":"conselho-diretor-do-fundo-municipal-de-protecao-e-bem-estar-animal","status":"publish","type":"page","link":"https:\/\/www.pmpf.rs.gov.br\/conselhos-municipais-de-passo-fundo\/conselho-diretor-do-fundo-municipal-de-protecao-e-bem-estar-animal\/","title":{"rendered":"Prote\u00e7\u00e3o e Bem-Estar Animal"},"content":{"rendered":"\n<h2 class=\"wp-block-heading\"><\/h2>\n\n\n\n<div class=\"wp-block-image\"><figure class=\"alignleft size-large is-resized\"><img loading=\"lazy\" decoding=\"async\" src=\"https:\/\/www.pmpf.rs.gov.br\/conselhos-municipais-de-passo-fundo\/wp-content\/uploads\/sites\/37\/2021\/12\/I2019-01-31_15_40_35_183148-1024x768.jpg\" alt=\"\" class=\"wp-image-101\" width=\"361\" height=\"271\" srcset=\"https:\/\/www.pmpf.rs.gov.br\/conselhos-municipais-de-passo-fundo\/wp-content\/uploads\/sites\/37\/2021\/12\/I2019-01-31_15_40_35_183148-1024x768.jpg 1024w, https:\/\/www.pmpf.rs.gov.br\/conselhos-municipais-de-passo-fundo\/wp-content\/uploads\/sites\/37\/2021\/12\/I2019-01-31_15_40_35_183148-300x225.jpg 300w, https:\/\/www.pmpf.rs.gov.br\/conselhos-municipais-de-passo-fundo\/wp-content\/uploads\/sites\/37\/2021\/12\/I2019-01-31_15_40_35_183148-768x576.jpg 768w, https:\/\/www.pmpf.rs.gov.br\/conselhos-municipais-de-passo-fundo\/wp-content\/uploads\/sites\/37\/2021\/12\/I2019-01-31_15_40_35_183148.jpg 1032w\" sizes=\"(max-width: 361px) 100vw, 361px\" \/><\/figure><\/div>\n\n\n\n<p>O Conselho Diretor do Fundo Municipal de Prote\u00e7\u00e3o e Bem-Estar Animal foi criado pela&nbsp;<a href=\"https:\/\/leismunicipais.com.br\/a1\/rs\/p\/passo-fundo\/lei-ordinaria\/2018\/535\/5349\/lei-ordinaria-n-5349-2018-cria-o-fundo-municipal-de-protecao-e-bem-estar-animal-e-da-outras-providencias?q=5.349target=_blank\">Lei Complementar n\u00ba 5.349\/2018<\/a>. Sendo eleitos, no dia 10 de janeiro de 2019, sete conselheiros representando organiza\u00e7\u00f5es e entidades do Munic\u00edpio.<\/p>\n\n\n\n<p>O referido conselho municipal tem o objetivo de criar uma conta espec\u00edfica para a destina\u00e7\u00e3o de recursos que ser\u00e3o aplicados em pol\u00edticas p\u00fablicas voltadas para o bem-estar animal. O Fundo ser\u00e1 composto por doa\u00e7\u00f5es, repasses de a\u00e7\u00f5es judiciais e multas ambientais, com gerenciamento do Conselho Diretor.<\/p>\n\n\n\n<p>Sua cria\u00e7\u00e3o \u00e9 uma importante a\u00e7\u00e3o para a efetiva\u00e7\u00e3o de pol\u00edticas p\u00fablicas voltadas \u00e0 prote\u00e7\u00e3o e bem-estar dos animais.<\/p>\n\n\n\n<p><strong>Presidente atual:<\/strong>&nbsp;Juliana Bolzan<br><strong>Telefone:<\/strong>&nbsp;(54)98404-4746 ou (54)3581-0187<br><strong>Situa\u00e7\u00e3o atual: Ativo<\/strong><br><strong>Vencimento do mandato:<\/strong>&nbsp;Janeiro \/ 2021<\/p>\n","protected":false},"excerpt":{"rendered":"<p>O Conselho Diretor do Fundo Municipal de Prote\u00e7\u00e3o e Bem-Estar Animal foi criado pela&nbsp;Lei Complementar n\u00ba 5.349\/2018. Sendo eleitos, no dia 10 de janeiro de 2019, sete conselheiros representando organiza\u00e7\u00f5es e entidades [&hellip;]<\/p>\n","protected":false},"author":1,"featured_media":0,"parent":0,"menu_order":0,"comment_status":"closed","ping_status":"closed","template":"","meta":{"footnotes":""},"class_list":["post-100","page","type-page","status-publish","hentry"],"yoast_head":"<!-- This site is optimized with the Yoast SEO plugin v23.8 - https:\/\/yoast.com\/wordpress\/plugins\/seo\/ -->\n<title>Prote\u00e7\u00e3o e Bem-Estar Animal - Conselhos Municipais de Passo Fundo<\/title>\n<meta name=\"robots\" content=\"index, follow, max-snippet:-1, max-image-preview:large, max-video-preview:-1\" \/>\n<link rel=\"canonical\" href=\"https:\/\/www.pmpf.rs.gov.br\/conselhos-municipais-de-passo-fundo\/conselho-diretor-do-fundo-municipal-de-protecao-e-bem-estar-animal\/\" \/>\n<meta property=\"og:locale\" content=\"pt_BR\" \/>\n<meta property=\"og:type\" content=\"article\" \/>\n<meta property=\"og:title\" content=\"Prote\u00e7\u00e3o e Bem-Estar Animal - Conselhos Municipais de Passo Fundo\" \/>\n<meta property=\"og:description\" content=\"O Conselho Diretor do Fundo Municipal de Prote\u00e7\u00e3o e Bem-Estar Animal foi criado pela&nbsp;Lei Complementar n\u00ba 5.349\/2018. Sendo eleitos, no dia 10 de janeiro de 2019, sete conselheiros representando organiza\u00e7\u00f5es e entidades [&hellip;]\" \/>\n<meta property=\"og:url\" content=\"https:\/\/www.pmpf.rs.gov.br\/conselhos-municipais-de-passo-fundo\/conselho-diretor-do-fundo-municipal-de-protecao-e-bem-estar-animal\/\" \/>\n<meta property=\"og:site_name\" content=\"Conselhos Municipais de Passo Fundo\" \/>\n<meta property=\"article:modified_time\" content=\"2022-03-08T14:40:30+00:00\" \/>\n<meta property=\"og:image\" content=\"https:\/\/www.pmpf.rs.gov.br\/conselhos-municipais-de-passo-fundo\/wp-content\/uploads\/sites\/37\/2021\/12\/I2019-01-31_15_40_35_183148-1024x768.jpg\" \/>\n<meta name=\"twitter:card\" content=\"summary_large_image\" \/>\n<meta name=\"twitter:label1\" content=\"Est. tempo de leitura\" \/>\n\t<meta name=\"twitter:data1\" content=\"1 minuto\" \/>\n<script type=\"application\/ld+json\" class=\"yoast-schema-graph\">{\"@context\":\"https:\/\/schema.org\",\"@graph\":[{\"@type\":\"WebPage\",\"@id\":\"https:\/\/www.pmpf.rs.gov.br\/conselhos-municipais-de-passo-fundo\/conselho-diretor-do-fundo-municipal-de-protecao-e-bem-estar-animal\/\",\"url\":\"https:\/\/www.pmpf.rs.gov.br\/conselhos-municipais-de-passo-fundo\/conselho-diretor-do-fundo-municipal-de-protecao-e-bem-estar-animal\/\",\"name\":\"Prote\u00e7\u00e3o e Bem-Estar Animal - Conselhos Municipais de Passo Fundo\",\"isPartOf\":{\"@id\":\"https:\/\/www.pmpf.rs.gov.br\/conselhos-municipais-de-passo-fundo\/#website\"},\"primaryImageOfPage\":{\"@id\":\"https:\/\/www.pmpf.rs.gov.br\/conselhos-municipais-de-passo-fundo\/conselho-diretor-do-fundo-municipal-de-protecao-e-bem-estar-animal\/#primaryimage\"},\"image\":{\"@id\":\"https:\/\/www.pmpf.rs.gov.br\/conselhos-municipais-de-passo-fundo\/conselho-diretor-do-fundo-municipal-de-protecao-e-bem-estar-animal\/#primaryimage\"},\"thumbnailUrl\":\"https:\/\/www.pmpf.rs.gov.br\/conselhos-municipais-de-passo-fundo\/wp-content\/uploads\/sites\/37\/2021\/12\/I2019-01-31_15_40_35_183148-1024x768.jpg\",\"datePublished\":\"2021-12-18T22:18:23+00:00\",\"dateModified\":\"2022-03-08T14:40:30+00:00\",\"inLanguage\":\"pt-BR\",\"potentialAction\":[{\"@type\":\"ReadAction\",\"target\":[\"https:\/\/www.pmpf.rs.gov.br\/conselhos-municipais-de-passo-fundo\/conselho-diretor-do-fundo-municipal-de-protecao-e-bem-estar-animal\/\"]}]},{\"@type\":\"ImageObject\",\"inLanguage\":\"pt-BR\",\"@id\":\"https:\/\/www.pmpf.rs.gov.br\/conselhos-municipais-de-passo-fundo\/conselho-diretor-do-fundo-municipal-de-protecao-e-bem-estar-animal\/#primaryimage\",\"url\":\"https:\/\/www.pmpf.rs.gov.br\/conselhos-municipais-de-passo-fundo\/wp-content\/uploads\/sites\/37\/2021\/12\/I2019-01-31_15_40_35_183148.jpg\",\"contentUrl\":\"https:\/\/www.pmpf.rs.gov.br\/conselhos-municipais-de-passo-fundo\/wp-content\/uploads\/sites\/37\/2021\/12\/I2019-01-31_15_40_35_183148.jpg\",\"width\":1032,\"height\":774},{\"@type\":\"WebSite\",\"@id\":\"https:\/\/www.pmpf.rs.gov.br\/conselhos-municipais-de-passo-fundo\/#website\",\"url\":\"https:\/\/www.pmpf.rs.gov.br\/conselhos-municipais-de-passo-fundo\/\",\"name\":\"Conselhos Municipais de Passo Fundo\",\"description\":\"S\u00f3 mais um site Prefeitura de Passo Fundo\",\"potentialAction\":[{\"@type\":\"SearchAction\",\"target\":{\"@type\":\"EntryPoint\",\"urlTemplate\":\"https:\/\/www.pmpf.rs.gov.br\/conselhos-municipais-de-passo-fundo\/?s={search_term_string}\"},\"query-input\":{\"@type\":\"PropertyValueSpecification\",\"valueRequired\":true,\"valueName\":\"search_term_string\"}}],\"inLanguage\":\"pt-BR\"}]}<\/script>\n<!-- \/ Yoast SEO plugin. -->","yoast_head_json":{"title":"Prote\u00e7\u00e3o e Bem-Estar Animal - Conselhos Municipais de Passo Fundo","robots":{"index":"index","follow":"follow","max-snippet":"max-snippet:-1","max-image-preview":"max-image-preview:large","max-video-preview":"max-video-preview:-1"},"canonical":"https:\/\/www.pmpf.rs.gov.br\/conselhos-municipais-de-passo-fundo\/conselho-diretor-do-fundo-municipal-de-protecao-e-bem-estar-animal\/","og_locale":"pt_BR","og_type":"article","og_title":"Prote\u00e7\u00e3o e Bem-Estar Animal - Conselhos Municipais de Passo Fundo","og_description":"O Conselho Diretor do Fundo Municipal de Prote\u00e7\u00e3o e Bem-Estar Animal foi criado pela&nbsp;Lei Complementar n\u00ba 5.349\/2018. Sendo eleitos, no dia 10 de janeiro de 2019, sete conselheiros representando organiza\u00e7\u00f5es e entidades [&hellip;]","og_url":"https:\/\/www.pmpf.rs.gov.br\/conselhos-municipais-de-passo-fundo\/conselho-diretor-do-fundo-municipal-de-protecao-e-bem-estar-animal\/","og_site_name":"Conselhos Municipais de Passo Fundo","article_modified_time":"2022-03-08T14:40:30+00:00","og_image":[{"url":"https:\/\/www.pmpf.rs.gov.br\/conselhos-municipais-de-passo-fundo\/wp-content\/uploads\/sites\/37\/2021\/12\/I2019-01-31_15_40_35_183148-1024x768.jpg"}],"twitter_card":"summary_large_image","twitter_misc":{"Est. tempo de leitura":"1 minuto"},"schema":{"@context":"https:\/\/schema.org","@graph":[{"@type":"WebPage","@id":"https:\/\/www.pmpf.rs.gov.br\/conselhos-municipais-de-passo-fundo\/conselho-diretor-do-fundo-municipal-de-protecao-e-bem-estar-animal\/","url":"https:\/\/www.pmpf.rs.gov.br\/conselhos-municipais-de-passo-fundo\/conselho-diretor-do-fundo-municipal-de-protecao-e-bem-estar-animal\/","name":"Prote\u00e7\u00e3o e Bem-Estar Animal - Conselhos Municipais de Passo Fundo","isPartOf":{"@id":"https:\/\/www.pmpf.rs.gov.br\/conselhos-municipais-de-passo-fundo\/#website"},"primaryImageOfPage":{"@id":"https:\/\/www.pmpf.rs.gov.br\/conselhos-municipais-de-passo-fundo\/conselho-diretor-do-fundo-municipal-de-protecao-e-bem-estar-animal\/#primaryimage"},"image":{"@id":"https:\/\/www.pmpf.rs.gov.br\/conselhos-municipais-de-passo-fundo\/conselho-diretor-do-fundo-municipal-de-protecao-e-bem-estar-animal\/#primaryimage"},"thumbnailUrl":"https:\/\/www.pmpf.rs.gov.br\/conselhos-municipais-de-passo-fundo\/wp-content\/uploads\/sites\/37\/2021\/12\/I2019-01-31_15_40_35_183148-1024x768.jpg","datePublished":"2021-12-18T22:18:23+00:00","dateModified":"2022-03-08T14:40:30+00:00","inLanguage":"pt-BR","potentialAction":[{"@type":"ReadAction","target":["https:\/\/www.pmpf.rs.gov.br\/conselhos-municipais-de-passo-fundo\/conselho-diretor-do-fundo-municipal-de-protecao-e-bem-estar-animal\/"]}]},{"@type":"ImageObject","inLanguage":"pt-BR","@id":"https:\/\/www.pmpf.rs.gov.br\/conselhos-municipais-de-passo-fundo\/conselho-diretor-do-fundo-municipal-de-protecao-e-bem-estar-animal\/#primaryimage","url":"https:\/\/www.pmpf.rs.gov.br\/conselhos-municipais-de-passo-fundo\/wp-content\/uploads\/sites\/37\/2021\/12\/I2019-01-31_15_40_35_183148.jpg","contentUrl":"https:\/\/www.pmpf.rs.gov.br\/conselhos-municipais-de-passo-fundo\/wp-content\/uploads\/sites\/37\/2021\/12\/I2019-01-31_15_40_35_183148.jpg","width":1032,"height":774},{"@type":"WebSite","@id":"https:\/\/www.pmpf.rs.gov.br\/conselhos-municipais-de-passo-fundo\/#website","url":"https:\/\/www.pmpf.rs.gov.br\/conselhos-municipais-de-passo-fundo\/","name":"Conselhos Municipais de Passo Fundo","description":"S\u00f3 mais um site Prefeitura de Passo Fundo","potentialAction":[{"@type":"SearchAction","target":{"@type":"EntryPoint","urlTemplate":"https:\/\/www.pmpf.rs.gov.br\/conselhos-municipais-de-passo-fundo\/?s={search_term_string}"},"query-input":{"@type":"PropertyValueSpecification","valueRequired":true,"valueName":"search_term_string"}}],"inLanguage":"pt-BR"}]}},"_links":{"self":[{"href":"https:\/\/www.pmpf.rs.gov.br\/conselhos-municipais-de-passo-fundo\/wp-json\/wp\/v2\/pages\/100"}],"collection":[{"href":"https:\/\/www.pmpf.rs.gov.br\/conselhos-municipais-de-passo-fundo\/wp-json\/wp\/v2\/pages"}],"about":[{"href":"https:\/\/www.pmpf.rs.gov.br\/conselhos-municipais-de-passo-fundo\/wp-json\/wp\/v2\/types\/page"}],"author":[{"embeddable":true,"href":"https:\/\/www.pmpf.rs.gov.br\/conselhos-municipais-de-passo-fundo\/wp-json\/wp\/v2\/users\/1"}],"replies":[{"embeddable":true,"href":"https:\/\/www.pmpf.rs.gov.br\/conselhos-municipais-de-passo-fundo\/wp-json\/wp\/v2\/comments?post=100"}],"version-history":[{"count":5,"href":"https:\/\/www.pmpf.rs.gov.br\/conselhos-municipais-de-passo-fundo\/wp-json\/wp\/v2\/pages\/100\/revisions"}],"predecessor-version":[{"id":526,"href":"https:\/\/www.pmpf.rs.gov.br\/conselhos-municipais-de-passo-fundo\/wp-json\/wp\/v2\/pages\/100\/revisions\/526"}],"wp:attachment":[{"href":"https:\/\/www.pmpf.rs.gov.br\/conselhos-municipais-de-passo-fundo\/wp-json\/wp\/v2\/media?parent=100"}],"curies":[{"name":"wp","href":"https:\/\/api.w.org\/{rel}","templated":true}]}}