{"id":5,"date":"2021-12-18T19:25:26","date_gmt":"2021-12-18T22:25:26","guid":{"rendered":"https:\/\/www.pmpf.rs.gov.br\/conselho-municipal-dos-direitos-da-crianca-e-do-adolescente\/?page_id=5"},"modified":"2026-04-10T16:07:22","modified_gmt":"2026-04-10T19:07:22","slug":"pagina-inicial","status":"publish","type":"page","link":"https:\/\/www.pmpf.rs.gov.br\/conselho-municipal-dos-direitos-da-crianca-e-do-adolescente\/","title":{"rendered":"Inicial"},"content":{"rendered":"\n<h1 class=\"wp-block-heading\">COMDICA<\/h1>\n\n\n\n<figure class=\"wp-block-gallery has-nested-images columns-default is-cropped wp-block-gallery-1 is-layout-flex wp-block-gallery-is-layout-flex\">\n<figure class=\"wp-block-image size-large is-style-default\"><img loading=\"lazy\" decoding=\"async\" width=\"1024\" height=\"768\" data-id=\"49\" src=\"https:\/\/www.pmpf.rs.gov.br\/conselho-municipal-dos-direitos-da-crianca-e-do-adolescente\/wp-content\/uploads\/sites\/40\/2024\/10\/comdica-governamentais-1024x768.jpg\" alt=\"\" class=\"wp-image-49\" srcset=\"https:\/\/www.pmpf.rs.gov.br\/conselho-municipal-dos-direitos-da-crianca-e-do-adolescente\/wp-content\/uploads\/sites\/40\/2024\/10\/comdica-governamentais-1024x768.jpg 1024w, https:\/\/www.pmpf.rs.gov.br\/conselho-municipal-dos-direitos-da-crianca-e-do-adolescente\/wp-content\/uploads\/sites\/40\/2024\/10\/comdica-governamentais-300x225.jpg 300w, https:\/\/www.pmpf.rs.gov.br\/conselho-municipal-dos-direitos-da-crianca-e-do-adolescente\/wp-content\/uploads\/sites\/40\/2024\/10\/comdica-governamentais-768x576.jpg 768w, https:\/\/www.pmpf.rs.gov.br\/conselho-municipal-dos-direitos-da-crianca-e-do-adolescente\/wp-content\/uploads\/sites\/40\/2024\/10\/comdica-governamentais-1536x1152.jpg 1536w, https:\/\/www.pmpf.rs.gov.br\/conselho-municipal-dos-direitos-da-crianca-e-do-adolescente\/wp-content\/uploads\/sites\/40\/2024\/10\/comdica-governamentais.jpg 1600w\" sizes=\"(max-width: 1024px) 100vw, 1024px\" \/><figcaption class=\"wp-element-caption\">COMDICA &#8211; Conselheiros Governamentais<\/figcaption><\/figure>\n\n\n\n<figure class=\"wp-block-image size-large is-style-default\"><img loading=\"lazy\" decoding=\"async\" width=\"1024\" height=\"768\" data-id=\"46\" src=\"https:\/\/www.pmpf.rs.gov.br\/conselho-municipal-dos-direitos-da-crianca-e-do-adolescente\/wp-content\/uploads\/sites\/40\/2021\/12\/comdica-nao-governamentais-1024x768.jpg\" alt=\"\" class=\"wp-image-46\" srcset=\"https:\/\/www.pmpf.rs.gov.br\/conselho-municipal-dos-direitos-da-crianca-e-do-adolescente\/wp-content\/uploads\/sites\/40\/2021\/12\/comdica-nao-governamentais-1024x768.jpg 1024w, https:\/\/www.pmpf.rs.gov.br\/conselho-municipal-dos-direitos-da-crianca-e-do-adolescente\/wp-content\/uploads\/sites\/40\/2021\/12\/comdica-nao-governamentais-300x225.jpg 300w, https:\/\/www.pmpf.rs.gov.br\/conselho-municipal-dos-direitos-da-crianca-e-do-adolescente\/wp-content\/uploads\/sites\/40\/2021\/12\/comdica-nao-governamentais-768x576.jpg 768w, https:\/\/www.pmpf.rs.gov.br\/conselho-municipal-dos-direitos-da-crianca-e-do-adolescente\/wp-content\/uploads\/sites\/40\/2021\/12\/comdica-nao-governamentais-1536x1152.jpg 1536w, https:\/\/www.pmpf.rs.gov.br\/conselho-municipal-dos-direitos-da-crianca-e-do-adolescente\/wp-content\/uploads\/sites\/40\/2021\/12\/comdica-nao-governamentais.jpg 1600w\" sizes=\"(max-width: 1024px) 100vw, 1024px\" \/><figcaption class=\"wp-element-caption\">COMDICA &#8211; Conselheiros N\u00e3o Governamentais<\/figcaption><\/figure>\n<\/figure>\n\n\n\n<div style=\"height:10px\" aria-hidden=\"true\" class=\"wp-block-spacer\"><\/div>\n\n\n\n<p>O Conselho Municipal dos Direitos da Crian\u00e7a e do Adolescente (COMDICA) foi criado pela&nbsp;<a href=\"https:\/\/www.pmpf.rs.gov.br\/conselhos-municipais-de-passo-fundo\/wp-content\/uploads\/sites\/37\/2021\/12\/Lei-Ordinaria_2679-1991.pdf\" target=\"_blank\" rel=\"noreferrer noopener\">Lei n\u00ba2679\/1991<\/a>. O referido conselho municipal \u00e9 um org\u00e3o normativo deliberativo e controlador da pol\u00edtica municipal de atendimento a crian\u00e7a e ao adolescente. O COMDICA visa atender aos direitos da crian\u00e7a e do adolescente atrav\u00e9s das pol\u00edticas sociais b\u00e1sicas de educa\u00e7\u00e3o, sa\u00fade, recrea\u00e7\u00e3o, esportes, lazer, cultura, profissionaliza\u00e7\u00e3o, assegurando o tratamento com dignidade e respeito \u00e0 conviv\u00eancia familiar e comunit\u00e1ria. Em s\u00edntese, cabe portanto, ao COMDICA formular a pol\u00edtica municipal de prote\u00e7\u00e3o e defesa dos Direitos da Crian\u00e7a e do Adolescente definindo prioridades e controlando as a\u00e7\u00f5es de execu\u00e7\u00e3o, a capta\u00e7\u00e3o e a aplica\u00e7\u00e3o de recursos relativo ao Fundo Municipal dos Direitos da Crian\u00e7a e do Adolescente (FUMDICA).<\/p>\n\n\n\n<p><strong>Presidente atual<\/strong>: Lilian Pfluck<\/p>\n\n\n\n<p><strong>Vice-Presidente:<\/strong>&nbsp;Geneci Vebber<\/p>\n\n\n\n<p><strong>Dia, hor\u00e1rio e local das reuni\u00f5es ordin\u00e1rias:<\/strong>&nbsp;1a Quinta-feira do m\u00eas \u00e0s 14 horas na<br>Assist\u00eancia Social Arquidiocesana Le\u00e3o XIII<\/p>\n\n\n\n<p><strong>E-mail para contato:<\/strong>&nbsp;comdica@pmpf.rs.gov.br<\/p>\n\n\n\n<p><strong>Telefone:<\/strong>&nbsp;(54)3581-0187, (54) 98404-4776<\/p>\n\n\n\n<p><strong>Situa\u00e7\u00e3o atual: Ativo<\/strong><\/p>\n\n\n\n<p><strong>Vencimento do mandato:<\/strong>&nbsp;Outubro\/2026<\/p>\n\n\n\n<hr class=\"wp-block-separator has-css-opacity\"\/>\n\n\n\n<div class=\"wp-block-buttons is-layout-flex wp-block-buttons-is-layout-flex\">\n<div class=\"wp-block-button has-custom-font-size\" style=\"font-size:16px\"><a class=\"wp-block-button__link has-white-color has-blue-background-color has-text-color has-background wp-element-button\" href=\"https:\/\/www.pmpf.rs.gov.br\/secretaria-de-cidadania-e-assistencia-social\/servicos\/destinacao-imposto-de-renda-transforme-o-seu-leao-em-um-leaozinho\/\" style=\"border-radius:2px\">Destina\u00e7\u00e3o Imposto de Renda \u2013 Transforme o seu Le\u00e3o em Le\u00e3ozinho<\/a><\/div>\n<\/div>\n\n\n\n<hr class=\"wp-block-separator has-alpha-channel-opacity\"\/>\n\n\n\n<p><a href=\"https:\/\/www.pmpf.rs.gov.br\/conselho-municipal-dos-direitos-da-crianca-e-do-adolescente\/wp-content\/uploads\/sites\/40\/2021\/12\/comdica-chancelados.pdf\" target=\"_blank\" rel=\"noreferrer noopener\">Projetos Chacelados COMDICA 2025-2027<\/a> &#8211;  Destine parte do seu imposto de renda pode transformar realidades. Ao optar por direcionar valores a projetos chancelados por organiza\u00e7\u00f5es da sociedade civil, voc\u00ea contribui diretamente para a prote\u00e7\u00e3o, o cuidado e o desenvolvimento de crian\u00e7as e adolescentes de Passo Fundo.<\/p>\n\n\n\n<p>O processo \u00e9 simples e transparente: voc\u00ea pode entrar em contato com uma das institui\u00e7\u00f5es participantes, conhecer de perto os projetos realizados e escolher onde deseja fazer a sua destina\u00e7\u00e3o. Os recursos ser\u00e3o depositados no Fundo Municipal dos Direitos da Crian\u00e7a e do Adolescente, garantindo que sejam aplicados em iniciativas s\u00e9rias e comprometidas.<\/p>\n\n\n\n<p>Ap\u00f3s a destina\u00e7\u00e3o, basta comunicar a institui\u00e7\u00e3o escolhida, que ficar\u00e1 respons\u00e1vel pela emiss\u00e3o do recibo necess\u00e1rio para a sua Declara\u00e7\u00e3o Anual do Imposto de Renda.<\/p>\n\n\n\n<p>Mais do que uma obriga\u00e7\u00e3o fiscal, essa \u00e9 uma oportunidade de exercer cidadania e promover mudan\u00e7as concretas. Ao destinar parte do imposto devido, voc\u00ea mant\u00e9m recursos no munic\u00edpio e contribui para construir um futuro com mais oportunidades, prote\u00e7\u00e3o e dignidade para nossas crian\u00e7as e adolescentes.<\/p>\n\n\n\n<p>Fa\u00e7a a diferen\u00e7a. Seu gesto pode impactar vidas.<\/p>\n\n\n\n<p><\/p>\n\n\n\n<hr class=\"wp-block-separator has-css-opacity\"\/>\n","protected":false},"excerpt":{"rendered":"<p>COMDICA O Conselho Municipal dos Direitos da Crian\u00e7a e do Adolescente (COMDICA) foi criado pela&nbsp;Lei n\u00ba2679\/1991. O referido conselho municipal \u00e9 um org\u00e3o normativo deliberativo e controlador da pol\u00edtica municipal de atendimento [&hellip;]<\/p>\n","protected":false},"author":1,"featured_media":0,"parent":0,"menu_order":0,"comment_status":"closed","ping_status":"closed","template":"page_secretaria_sem_sidebar.php","meta":{"footnotes":""},"class_list":["post-5","page","type-page","status-publish","hentry"],"yoast_head":"<!-- This site is optimized with the Yoast SEO plugin v23.8 - https:\/\/yoast.com\/wordpress\/plugins\/seo\/ -->\n<title>Inicial - Conselho Municipal dos Direitos da Crian\u00e7a e do Adolescente<\/title>\n<meta name=\"robots\" content=\"index, follow, max-snippet:-1, max-image-preview:large, max-video-preview:-1\" \/>\n<link rel=\"canonical\" href=\"https:\/\/www.pmpf.rs.gov.br\/conselho-municipal-dos-direitos-da-crianca-e-do-adolescente\/\" \/>\n<meta property=\"og:locale\" content=\"pt_BR\" \/>\n<meta property=\"og:type\" content=\"article\" \/>\n<meta property=\"og:title\" content=\"Inicial - Conselho Municipal dos Direitos da Crian\u00e7a e do Adolescente\" \/>\n<meta property=\"og:description\" content=\"COMDICA O Conselho Municipal dos Direitos da Crian\u00e7a e do Adolescente (COMDICA) foi criado pela&nbsp;Lei n\u00ba2679\/1991. O referido conselho municipal \u00e9 um org\u00e3o normativo deliberativo e controlador da pol\u00edtica municipal de atendimento [&hellip;]\" \/>\n<meta property=\"og:url\" content=\"https:\/\/www.pmpf.rs.gov.br\/conselho-municipal-dos-direitos-da-crianca-e-do-adolescente\/\" \/>\n<meta property=\"og:site_name\" content=\"Conselho Municipal dos Direitos da Crian\u00e7a e do Adolescente\" \/>\n<meta property=\"article:modified_time\" content=\"2026-04-10T19:07:22+00:00\" \/>\n<meta property=\"og:image\" content=\"https:\/\/www.pmpf.rs.gov.br\/conselho-municipal-dos-direitos-da-crianca-e-do-adolescente\/wp-content\/uploads\/sites\/40\/2024\/10\/comdica-governamentais.jpg\" \/>\n\t<meta property=\"og:image:width\" content=\"1600\" \/>\n\t<meta property=\"og:image:height\" content=\"1200\" \/>\n\t<meta property=\"og:image:type\" content=\"image\/jpeg\" \/>\n<meta name=\"twitter:card\" content=\"summary_large_image\" \/>\n<meta name=\"twitter:label1\" content=\"Est. tempo de leitura\" \/>\n\t<meta name=\"twitter:data1\" content=\"2 minutos\" \/>\n<script type=\"application\/ld+json\" class=\"yoast-schema-graph\">{\"@context\":\"https:\/\/schema.org\",\"@graph\":[{\"@type\":\"WebPage\",\"@id\":\"https:\/\/www.pmpf.rs.gov.br\/conselho-municipal-dos-direitos-da-crianca-e-do-adolescente\/\",\"url\":\"https:\/\/www.pmpf.rs.gov.br\/conselho-municipal-dos-direitos-da-crianca-e-do-adolescente\/\",\"name\":\"Inicial - Conselho Municipal dos Direitos da Crian\u00e7a e do Adolescente\",\"isPartOf\":{\"@id\":\"https:\/\/www.pmpf.rs.gov.br\/conselho-municipal-dos-direitos-da-crianca-e-do-adolescente\/#website\"},\"primaryImageOfPage\":{\"@id\":\"https:\/\/www.pmpf.rs.gov.br\/conselho-municipal-dos-direitos-da-crianca-e-do-adolescente\/#primaryimage\"},\"image\":{\"@id\":\"https:\/\/www.pmpf.rs.gov.br\/conselho-municipal-dos-direitos-da-crianca-e-do-adolescente\/#primaryimage\"},\"thumbnailUrl\":\"https:\/\/www.pmpf.rs.gov.br\/conselho-municipal-dos-direitos-da-crianca-e-do-adolescente\/wp-content\/uploads\/sites\/40\/2024\/10\/comdica-governamentais-1024x768.jpg\",\"datePublished\":\"2021-12-18T22:25:26+00:00\",\"dateModified\":\"2026-04-10T19:07:22+00:00\",\"inLanguage\":\"pt-BR\",\"potentialAction\":[{\"@type\":\"ReadAction\",\"target\":[\"https:\/\/www.pmpf.rs.gov.br\/conselho-municipal-dos-direitos-da-crianca-e-do-adolescente\/\"]}]},{\"@type\":\"ImageObject\",\"inLanguage\":\"pt-BR\",\"@id\":\"https:\/\/www.pmpf.rs.gov.br\/conselho-municipal-dos-direitos-da-crianca-e-do-adolescente\/#primaryimage\",\"url\":\"https:\/\/www.pmpf.rs.gov.br\/conselho-municipal-dos-direitos-da-crianca-e-do-adolescente\/wp-content\/uploads\/sites\/40\/2024\/10\/comdica-governamentais.jpg\",\"contentUrl\":\"https:\/\/www.pmpf.rs.gov.br\/conselho-municipal-dos-direitos-da-crianca-e-do-adolescente\/wp-content\/uploads\/sites\/40\/2024\/10\/comdica-governamentais.jpg\",\"width\":1600,\"height\":1200,\"caption\":\"Conselheiros Governamentais\"},{\"@type\":\"WebSite\",\"@id\":\"https:\/\/www.pmpf.rs.gov.br\/conselho-municipal-dos-direitos-da-crianca-e-do-adolescente\/#website\",\"url\":\"https:\/\/www.pmpf.rs.gov.br\/conselho-municipal-dos-direitos-da-crianca-e-do-adolescente\/\",\"name\":\"Conselho Municipal dos Direitos da Crian\u00e7a e do Adolescente\",\"description\":\"S\u00f3 mais um site Prefeitura de Passo Fundo\",\"potentialAction\":[{\"@type\":\"SearchAction\",\"target\":{\"@type\":\"EntryPoint\",\"urlTemplate\":\"https:\/\/www.pmpf.rs.gov.br\/conselho-municipal-dos-direitos-da-crianca-e-do-adolescente\/?s={search_term_string}\"},\"query-input\":{\"@type\":\"PropertyValueSpecification\",\"valueRequired\":true,\"valueName\":\"search_term_string\"}}],\"inLanguage\":\"pt-BR\"}]}<\/script>\n<!-- \/ Yoast SEO plugin. -->","yoast_head_json":{"title":"Inicial - Conselho Municipal dos Direitos da Crian\u00e7a e do Adolescente","robots":{"index":"index","follow":"follow","max-snippet":"max-snippet:-1","max-image-preview":"max-image-preview:large","max-video-preview":"max-video-preview:-1"},"canonical":"https:\/\/www.pmpf.rs.gov.br\/conselho-municipal-dos-direitos-da-crianca-e-do-adolescente\/","og_locale":"pt_BR","og_type":"article","og_title":"Inicial - Conselho Municipal dos Direitos da Crian\u00e7a e do Adolescente","og_description":"COMDICA O Conselho Municipal dos Direitos da Crian\u00e7a e do Adolescente (COMDICA) foi criado pela&nbsp;Lei n\u00ba2679\/1991. O referido conselho municipal \u00e9 um org\u00e3o normativo deliberativo e controlador da pol\u00edtica municipal de atendimento [&hellip;]","og_url":"https:\/\/www.pmpf.rs.gov.br\/conselho-municipal-dos-direitos-da-crianca-e-do-adolescente\/","og_site_name":"Conselho Municipal dos Direitos da Crian\u00e7a e do Adolescente","article_modified_time":"2026-04-10T19:07:22+00:00","og_image":[{"width":1600,"height":1200,"url":"https:\/\/www.pmpf.rs.gov.br\/conselho-municipal-dos-direitos-da-crianca-e-do-adolescente\/wp-content\/uploads\/sites\/40\/2024\/10\/comdica-governamentais.jpg","type":"image\/jpeg"}],"twitter_card":"summary_large_image","twitter_misc":{"Est. tempo de leitura":"2 minutos"},"schema":{"@context":"https:\/\/schema.org","@graph":[{"@type":"WebPage","@id":"https:\/\/www.pmpf.rs.gov.br\/conselho-municipal-dos-direitos-da-crianca-e-do-adolescente\/","url":"https:\/\/www.pmpf.rs.gov.br\/conselho-municipal-dos-direitos-da-crianca-e-do-adolescente\/","name":"Inicial - Conselho Municipal dos Direitos da Crian\u00e7a e do Adolescente","isPartOf":{"@id":"https:\/\/www.pmpf.rs.gov.br\/conselho-municipal-dos-direitos-da-crianca-e-do-adolescente\/#website"},"primaryImageOfPage":{"@id":"https:\/\/www.pmpf.rs.gov.br\/conselho-municipal-dos-direitos-da-crianca-e-do-adolescente\/#primaryimage"},"image":{"@id":"https:\/\/www.pmpf.rs.gov.br\/conselho-municipal-dos-direitos-da-crianca-e-do-adolescente\/#primaryimage"},"thumbnailUrl":"https:\/\/www.pmpf.rs.gov.br\/conselho-municipal-dos-direitos-da-crianca-e-do-adolescente\/wp-content\/uploads\/sites\/40\/2024\/10\/comdica-governamentais-1024x768.jpg","datePublished":"2021-12-18T22:25:26+00:00","dateModified":"2026-04-10T19:07:22+00:00","inLanguage":"pt-BR","potentialAction":[{"@type":"ReadAction","target":["https:\/\/www.pmpf.rs.gov.br\/conselho-municipal-dos-direitos-da-crianca-e-do-adolescente\/"]}]},{"@type":"ImageObject","inLanguage":"pt-BR","@id":"https:\/\/www.pmpf.rs.gov.br\/conselho-municipal-dos-direitos-da-crianca-e-do-adolescente\/#primaryimage","url":"https:\/\/www.pmpf.rs.gov.br\/conselho-municipal-dos-direitos-da-crianca-e-do-adolescente\/wp-content\/uploads\/sites\/40\/2024\/10\/comdica-governamentais.jpg","contentUrl":"https:\/\/www.pmpf.rs.gov.br\/conselho-municipal-dos-direitos-da-crianca-e-do-adolescente\/wp-content\/uploads\/sites\/40\/2024\/10\/comdica-governamentais.jpg","width":1600,"height":1200,"caption":"Conselheiros Governamentais"},{"@type":"WebSite","@id":"https:\/\/www.pmpf.rs.gov.br\/conselho-municipal-dos-direitos-da-crianca-e-do-adolescente\/#website","url":"https:\/\/www.pmpf.rs.gov.br\/conselho-municipal-dos-direitos-da-crianca-e-do-adolescente\/","name":"Conselho Municipal dos Direitos da Crian\u00e7a e do Adolescente","description":"S\u00f3 mais um site Prefeitura de Passo Fundo","potentialAction":[{"@type":"SearchAction","target":{"@type":"EntryPoint","urlTemplate":"https:\/\/www.pmpf.rs.gov.br\/conselho-municipal-dos-direitos-da-crianca-e-do-adolescente\/?s={search_term_string}"},"query-input":{"@type":"PropertyValueSpecification","valueRequired":true,"valueName":"search_term_string"}}],"inLanguage":"pt-BR"}]}},"_links":{"self":[{"href":"https:\/\/www.pmpf.rs.gov.br\/conselho-municipal-dos-direitos-da-crianca-e-do-adolescente\/wp-json\/wp\/v2\/pages\/5"}],"collection":[{"href":"https:\/\/www.pmpf.rs.gov.br\/conselho-municipal-dos-direitos-da-crianca-e-do-adolescente\/wp-json\/wp\/v2\/pages"}],"about":[{"href":"https:\/\/www.pmpf.rs.gov.br\/conselho-municipal-dos-direitos-da-crianca-e-do-adolescente\/wp-json\/wp\/v2\/types\/page"}],"author":[{"embeddable":true,"href":"https:\/\/www.pmpf.rs.gov.br\/conselho-municipal-dos-direitos-da-crianca-e-do-adolescente\/wp-json\/wp\/v2\/users\/1"}],"replies":[{"embeddable":true,"href":"https:\/\/www.pmpf.rs.gov.br\/conselho-municipal-dos-direitos-da-crianca-e-do-adolescente\/wp-json\/wp\/v2\/comments?post=5"}],"version-history":[{"count":11,"href":"https:\/\/www.pmpf.rs.gov.br\/conselho-municipal-dos-direitos-da-crianca-e-do-adolescente\/wp-json\/wp\/v2\/pages\/5\/revisions"}],"predecessor-version":[{"id":70,"href":"https:\/\/www.pmpf.rs.gov.br\/conselho-municipal-dos-direitos-da-crianca-e-do-adolescente\/wp-json\/wp\/v2\/pages\/5\/revisions\/70"}],"wp:attachment":[{"href":"https:\/\/www.pmpf.rs.gov.br\/conselho-municipal-dos-direitos-da-crianca-e-do-adolescente\/wp-json\/wp\/v2\/media?parent=5"}],"curies":[{"name":"wp","href":"https:\/\/api.w.org\/{rel}","templated":true}]}}