{"id":20,"date":"2021-12-20T16:01:00","date_gmt":"2021-12-20T19:01:00","guid":{"rendered":"https:\/\/www.pmpf.rs.gov.br\/conselho-municipal-dos-direitos-da-crianca-e-do-adolescente\/?page_id=20"},"modified":"2022-03-08T11:44:19","modified_gmt":"2022-03-08T14:44:19","slug":"transforme-o-seu-leao-em-um-leaozinho","status":"publish","type":"page","link":"https:\/\/www.pmpf.rs.gov.br\/conselho-municipal-dos-direitos-da-crianca-e-do-adolescente\/transforme-o-seu-leao-em-um-leaozinho\/","title":{"rendered":"Transforme o seu Le\u00e3o em um Le\u00e3ozinho"},"content":{"rendered":"\n<h2 class=\"wp-block-heading\">Como destinar parte do seu IR<\/h2>\n\n\n\n<p><em>O procedimento \u00e9 muito simples<\/em><\/p>\n\n\n\n<p>Pode destinar valores quem apresenta declara\u00e7\u00e3o de imposto de renda pelo modelo completo, ou seja, com o aproveitamento das dedu\u00e7\u00f5es legais (despesas com sa\u00fade, dependentes, educa\u00e7\u00e3o, etc.) Voc\u00ea pode destinar mesmo se costuma ter imposto a restituir, porque o c\u00e1lculo do valor dispon\u00edvel se d\u00e1 sobre o valor do imposto devido e n\u00e3o do imposto a pagar. Assim, quem tem imposto a restituir aumenta o valor da restitui\u00e7\u00e3o; quem tem imposto a pagar, diminui a quantia a desembolsar no ajuste.<\/p>\n\n\n\n<p><em>S\u00e3o duas formas de destinar:<\/em><\/p>\n\n\n\n<p>A &#8211;&nbsp;<strong>&nbsp;Destina\u00e7\u00e3o at\u00e9 o \u00faltimo dia \u00fatil do ano &#8211; At\u00e9 6% do imposto devido<\/strong><\/p>\n\n\n\n<p>1) Ter uma previs\u00e3o de quanto dever\u00e1 pagar de Imposto de Renda, calcular os 6% para destina\u00e7\u00e3o.<\/p>\n\n\n\n<p>2)<a href=\"https:\/\/grp.pmpf.rs.gov.br\/grp\/acessoexterno\/programaAcessoExterno.faces?codigo=686793\"> Emitir a guia para recolhimento<\/a><\/p>\n\n\n\n<p>3) No formul\u00e1rio informar o CPF do contribuinte<\/p>\n\n\n\n<p>4) Gerar a guia<\/p>\n\n\n\n<p>5) Pagar at\u00e9 o \u00faltimo dia \u00fatil do ano.<\/p>\n\n\n\n<p>B &#8211;&nbsp;<strong>Destina\u00e7\u00e3o na declara\u00e7\u00e3o do imposto de renda no m\u00eas de abril &#8211; At\u00e9 3% do imposto devido<\/strong><\/p>\n\n\n\n<p>1) Entrar no site da Receita Federal e baixar o programa para declara\u00e7\u00e3o do IR;<\/p>\n\n\n\n<p>2) Lan\u00e7ar todos os dados do IR<\/p>\n\n\n\n<p>3) Selecionar a op\u00e7\u00e3o Doa\u00e7\u00e3o Diretamente em Declara\u00e7\u00e3o \u2013 ECA (aparece o valor para destinar).<\/p>\n\n\n\n<p>4) Imprimir a guia (DARF)<\/p>\n\n\n\n<p>5) Efetuar o pagamento at\u00e9 o dia 30 de abril.<\/p>\n","protected":false},"excerpt":{"rendered":"<p>Como destinar parte do seu IR O procedimento \u00e9 muito simples Pode destinar valores quem apresenta declara\u00e7\u00e3o de imposto de renda pelo modelo completo, ou seja, com o aproveitamento das dedu\u00e7\u00f5es legais [&hellip;]<\/p>\n","protected":false},"author":1,"featured_media":0,"parent":0,"menu_order":0,"comment_status":"closed","ping_status":"closed","template":"","meta":{"footnotes":""},"class_list":["post-20","page","type-page","status-publish","hentry"],"yoast_head":"<!-- This site is optimized with the Yoast SEO plugin v23.8 - https:\/\/yoast.com\/wordpress\/plugins\/seo\/ -->\n<title>Transforme o seu Le\u00e3o em um Le\u00e3ozinho - Conselho Municipal dos Direitos da Crian\u00e7a e do Adolescente<\/title>\n<meta name=\"robots\" content=\"index, follow, max-snippet:-1, max-image-preview:large, max-video-preview:-1\" \/>\n<link rel=\"canonical\" href=\"https:\/\/www.pmpf.rs.gov.br\/conselho-municipal-dos-direitos-da-crianca-e-do-adolescente\/transforme-o-seu-leao-em-um-leaozinho\/\" \/>\n<meta property=\"og:locale\" content=\"pt_BR\" \/>\n<meta property=\"og:type\" content=\"article\" \/>\n<meta property=\"og:title\" content=\"Transforme o seu Le\u00e3o em um Le\u00e3ozinho - Conselho Municipal dos Direitos da Crian\u00e7a e do Adolescente\" \/>\n<meta property=\"og:description\" content=\"Como destinar parte do seu IR O procedimento \u00e9 muito simples Pode destinar valores quem apresenta declara\u00e7\u00e3o de imposto de renda pelo modelo completo, ou seja, com o aproveitamento das dedu\u00e7\u00f5es legais [&hellip;]\" \/>\n<meta property=\"og:url\" content=\"https:\/\/www.pmpf.rs.gov.br\/conselho-municipal-dos-direitos-da-crianca-e-do-adolescente\/transforme-o-seu-leao-em-um-leaozinho\/\" \/>\n<meta property=\"og:site_name\" content=\"Conselho Municipal dos Direitos da Crian\u00e7a e do Adolescente\" \/>\n<meta property=\"article:modified_time\" content=\"2022-03-08T14:44:19+00:00\" \/>\n<meta name=\"twitter:card\" content=\"summary_large_image\" \/>\n<meta name=\"twitter:label1\" content=\"Est. tempo de leitura\" \/>\n\t<meta name=\"twitter:data1\" content=\"2 minutos\" \/>\n<script type=\"application\/ld+json\" class=\"yoast-schema-graph\">{\"@context\":\"https:\/\/schema.org\",\"@graph\":[{\"@type\":\"WebPage\",\"@id\":\"https:\/\/www.pmpf.rs.gov.br\/conselho-municipal-dos-direitos-da-crianca-e-do-adolescente\/transforme-o-seu-leao-em-um-leaozinho\/\",\"url\":\"https:\/\/www.pmpf.rs.gov.br\/conselho-municipal-dos-direitos-da-crianca-e-do-adolescente\/transforme-o-seu-leao-em-um-leaozinho\/\",\"name\":\"Transforme o seu Le\u00e3o em um Le\u00e3ozinho - Conselho Municipal dos Direitos da Crian\u00e7a e do Adolescente\",\"isPartOf\":{\"@id\":\"https:\/\/www.pmpf.rs.gov.br\/conselho-municipal-dos-direitos-da-crianca-e-do-adolescente\/#website\"},\"datePublished\":\"2021-12-20T19:01:00+00:00\",\"dateModified\":\"2022-03-08T14:44:19+00:00\",\"inLanguage\":\"pt-BR\",\"potentialAction\":[{\"@type\":\"ReadAction\",\"target\":[\"https:\/\/www.pmpf.rs.gov.br\/conselho-municipal-dos-direitos-da-crianca-e-do-adolescente\/transforme-o-seu-leao-em-um-leaozinho\/\"]}]},{\"@type\":\"WebSite\",\"@id\":\"https:\/\/www.pmpf.rs.gov.br\/conselho-municipal-dos-direitos-da-crianca-e-do-adolescente\/#website\",\"url\":\"https:\/\/www.pmpf.rs.gov.br\/conselho-municipal-dos-direitos-da-crianca-e-do-adolescente\/\",\"name\":\"Conselho Municipal dos Direitos da Crian\u00e7a e do Adolescente\",\"description\":\"S\u00f3 mais um site Prefeitura de Passo Fundo\",\"potentialAction\":[{\"@type\":\"SearchAction\",\"target\":{\"@type\":\"EntryPoint\",\"urlTemplate\":\"https:\/\/www.pmpf.rs.gov.br\/conselho-municipal-dos-direitos-da-crianca-e-do-adolescente\/?s={search_term_string}\"},\"query-input\":{\"@type\":\"PropertyValueSpecification\",\"valueRequired\":true,\"valueName\":\"search_term_string\"}}],\"inLanguage\":\"pt-BR\"}]}<\/script>\n<!-- \/ Yoast SEO plugin. -->","yoast_head_json":{"title":"Transforme o seu Le\u00e3o em um Le\u00e3ozinho - Conselho Municipal dos Direitos da Crian\u00e7a e do Adolescente","robots":{"index":"index","follow":"follow","max-snippet":"max-snippet:-1","max-image-preview":"max-image-preview:large","max-video-preview":"max-video-preview:-1"},"canonical":"https:\/\/www.pmpf.rs.gov.br\/conselho-municipal-dos-direitos-da-crianca-e-do-adolescente\/transforme-o-seu-leao-em-um-leaozinho\/","og_locale":"pt_BR","og_type":"article","og_title":"Transforme o seu Le\u00e3o em um Le\u00e3ozinho - Conselho Municipal dos Direitos da Crian\u00e7a e do Adolescente","og_description":"Como destinar parte do seu IR O procedimento \u00e9 muito simples Pode destinar valores quem apresenta declara\u00e7\u00e3o de imposto de renda pelo modelo completo, ou seja, com o aproveitamento das dedu\u00e7\u00f5es legais [&hellip;]","og_url":"https:\/\/www.pmpf.rs.gov.br\/conselho-municipal-dos-direitos-da-crianca-e-do-adolescente\/transforme-o-seu-leao-em-um-leaozinho\/","og_site_name":"Conselho Municipal dos Direitos da Crian\u00e7a e do Adolescente","article_modified_time":"2022-03-08T14:44:19+00:00","twitter_card":"summary_large_image","twitter_misc":{"Est. tempo de leitura":"2 minutos"},"schema":{"@context":"https:\/\/schema.org","@graph":[{"@type":"WebPage","@id":"https:\/\/www.pmpf.rs.gov.br\/conselho-municipal-dos-direitos-da-crianca-e-do-adolescente\/transforme-o-seu-leao-em-um-leaozinho\/","url":"https:\/\/www.pmpf.rs.gov.br\/conselho-municipal-dos-direitos-da-crianca-e-do-adolescente\/transforme-o-seu-leao-em-um-leaozinho\/","name":"Transforme o seu Le\u00e3o em um Le\u00e3ozinho - Conselho Municipal dos Direitos da Crian\u00e7a e do Adolescente","isPartOf":{"@id":"https:\/\/www.pmpf.rs.gov.br\/conselho-municipal-dos-direitos-da-crianca-e-do-adolescente\/#website"},"datePublished":"2021-12-20T19:01:00+00:00","dateModified":"2022-03-08T14:44:19+00:00","inLanguage":"pt-BR","potentialAction":[{"@type":"ReadAction","target":["https:\/\/www.pmpf.rs.gov.br\/conselho-municipal-dos-direitos-da-crianca-e-do-adolescente\/transforme-o-seu-leao-em-um-leaozinho\/"]}]},{"@type":"WebSite","@id":"https:\/\/www.pmpf.rs.gov.br\/conselho-municipal-dos-direitos-da-crianca-e-do-adolescente\/#website","url":"https:\/\/www.pmpf.rs.gov.br\/conselho-municipal-dos-direitos-da-crianca-e-do-adolescente\/","name":"Conselho Municipal dos Direitos da Crian\u00e7a e do Adolescente","description":"S\u00f3 mais um site Prefeitura de Passo Fundo","potentialAction":[{"@type":"SearchAction","target":{"@type":"EntryPoint","urlTemplate":"https:\/\/www.pmpf.rs.gov.br\/conselho-municipal-dos-direitos-da-crianca-e-do-adolescente\/?s={search_term_string}"},"query-input":{"@type":"PropertyValueSpecification","valueRequired":true,"valueName":"search_term_string"}}],"inLanguage":"pt-BR"}]}},"_links":{"self":[{"href":"https:\/\/www.pmpf.rs.gov.br\/conselho-municipal-dos-direitos-da-crianca-e-do-adolescente\/wp-json\/wp\/v2\/pages\/20"}],"collection":[{"href":"https:\/\/www.pmpf.rs.gov.br\/conselho-municipal-dos-direitos-da-crianca-e-do-adolescente\/wp-json\/wp\/v2\/pages"}],"about":[{"href":"https:\/\/www.pmpf.rs.gov.br\/conselho-municipal-dos-direitos-da-crianca-e-do-adolescente\/wp-json\/wp\/v2\/types\/page"}],"author":[{"embeddable":true,"href":"https:\/\/www.pmpf.rs.gov.br\/conselho-municipal-dos-direitos-da-crianca-e-do-adolescente\/wp-json\/wp\/v2\/users\/1"}],"replies":[{"embeddable":true,"href":"https:\/\/www.pmpf.rs.gov.br\/conselho-municipal-dos-direitos-da-crianca-e-do-adolescente\/wp-json\/wp\/v2\/comments?post=20"}],"version-history":[{"count":3,"href":"https:\/\/www.pmpf.rs.gov.br\/conselho-municipal-dos-direitos-da-crianca-e-do-adolescente\/wp-json\/wp\/v2\/pages\/20\/revisions"}],"predecessor-version":[{"id":42,"href":"https:\/\/www.pmpf.rs.gov.br\/conselho-municipal-dos-direitos-da-crianca-e-do-adolescente\/wp-json\/wp\/v2\/pages\/20\/revisions\/42"}],"wp:attachment":[{"href":"https:\/\/www.pmpf.rs.gov.br\/conselho-municipal-dos-direitos-da-crianca-e-do-adolescente\/wp-json\/wp\/v2\/media?parent=20"}],"curies":[{"name":"wp","href":"https:\/\/api.w.org\/{rel}","templated":true}]}}