{"id":17,"date":"2021-12-20T16:01:45","date_gmt":"2021-12-20T19:01:45","guid":{"rendered":"https:\/\/www.pmpf.rs.gov.br\/conselho-municipal-dos-direitos-da-crianca-e-do-adolescente\/?page_id=17"},"modified":"2022-03-02T09:39:41","modified_gmt":"2022-03-02T12:39:41","slug":"transforme-o-seu-leao-em-um-leaozinho-2","status":"publish","type":"page","link":"https:\/\/www.pmpf.rs.gov.br\/conselho-municipal-dos-direitos-da-crianca-e-do-adolescente\/transforme-o-seu-leao-em-um-leaozinho-2\/","title":{"rendered":"Transforme o seu Le\u00e3o em um Le\u00e3ozinho"},"content":{"rendered":"\n<h2 class=\"wp-block-heading\">Destine parte do seu Imposto de Renda para o Fundo Municipal da Crian\u00e7a e do Adolescente<\/h2>\n\n\n\n<p>\u00c9 a forma dos contribuintes do Imposto de Renda, do lucro real e do ajuste completo fazerem a sua parte atrav\u00e9s das destina\u00e7\u00f5es anuais das parcelas de at\u00e9 1% e 6% ao Fundo Municipal dos Direitos da Crian\u00e7a e Adolescente (FUMDICA), gerido pelo COMDICA, para o custeio das a\u00e7\u00f5es de assist\u00eancia e prote\u00e7\u00e3o \u00e0s nossas crian\u00e7as e adolescentes em situa\u00e7\u00e3o de risco e vulnerabilidade. E sem preju\u00edzo aos doadores a serem abatidos nas declara\u00e7\u00f5es de ajuste, podendo diminuir a diferen\u00e7a a pagar ou aumentar a restitui\u00e7\u00e3o. Viabilize a assist\u00eancia \u00e0s Crian\u00e7as e Adolescentes de nossa cidade. Contribua na forma\u00e7\u00e3o de novos cidad\u00e3es. Crian\u00e7as, adolescentes e a sociedade como todo agradecem.<\/p>\n\n\n\n<p>Fale com quem cuida de seu le\u00e3o! Converse com o seu contabilista ou solicite maiores esclarecimentos na Receita Federal do Brasil. Pe\u00e7a sugest\u00f5es, dicas, informa\u00e7\u00f5es e descubra que voc\u00ea pode ajudar milhares de crian\u00e7as e adolescentes de Passo Fundo sem mexer no bolso.<\/p>\n\n\n\n<p><strong>Pessoas Jur\u00eddicas<\/strong>&nbsp;&#8211; tributadas com base no Lucro real, podem ser integralmente deduzidos na DIPJ os valores destinados ao FUMDICA, gerido pelo Conselho Municipal dos Diretos da Crian\u00e7a e do Adolescentes (COMDICA), at\u00e9 o limite de 1%( um por cento) do imposto devido apurado.<\/p>\n\n\n\n<p><strong>Pessoa F\u00edsica<\/strong>&nbsp;&#8211; que apresentem declara\u00e7\u00e3o de ajuste anual do imposto de renda pelo modelo complemento o limite aproveit\u00e1vel das doa\u00e7\u00f5es alcan\u00e7a o percentual de 6% (seis por cento) do imposto devido.<\/p>\n\n\n\n<p><strong>Como fazer:<\/strong>\u00a0At\u00e9 o \u00faltimo dia \u00fatil do ano, as doa\u00e7\u00f5es devem ser realizadas atrav\u00e9s de dep\u00f3sito identificado (nome, CPF ou CNPJ) nas contas banc\u00e1rias abaixo relacionadas, a cr\u00e9dito do Fundo Municipal dos Direitos da Crian\u00e7a e do Adolescente (FUMDICA), CNPJ n\u00ba 17.831.372\/0001-62. Ou, usando a op\u00e7\u00e3o <strong><a href=\"https:\/\/grp.pmpf.rs.gov.br\/grp\/acessoexterno\/programaAcessoExterno.faces?codigo=686793\">Imprimir Guia<\/a> <\/strong> para emiss\u00e3o de guia de pagamento.<\/p>\n\n\n\n<p><strong>Banrisul<\/strong>&nbsp;&#8211; Ag\u00eancia: 0310 C\/C: 04.130.0270-4<br><strong>Banco do Brasil<\/strong>&nbsp;&#8211; Ag\u00eancia: 00922 C\/C: 32.781-6<br><strong>Caixa Econ\u00f4mica Federal<\/strong>&nbsp;&#8211; Ag\u00eancia: 28355 C\/C 00600000988-6<\/p>\n\n\n\n<p><strong>Mais Orienta\u00e7\u00f5es<\/strong><br>COMDICA: (54) 3581-0187<br>Receita Federal: (54) 3316-9600<br>Sindicato dos Contabilistas de Passo Fundo: (54) 3312-1448<\/p>\n\n\n\n<div class=\"wp-block-buttons is-layout-flex wp-block-buttons-is-layout-flex\">\n<div class=\"wp-block-button\"><a class=\"wp-block-button__link has-white-color has-green-background-color has-text-color has-background\" href=\"https:\/\/grp.pmpf.rs.gov.br\/grp\/acessoexterno\/programaAcessoExterno.faces?codigo=686793\" style=\"border-radius:4px\">Imprimir guia<\/a><\/div>\n\n\n\n<div class=\"wp-block-button\"><a class=\"wp-block-button__link has-white-color has-green-background-color has-text-color has-background\" href=\"https:\/\/www.pmpf.rs.gov.br\/conselho-municipal-dos-direitos-da-crianca-e-do-adolescente\/transforme-o-seu-leao-em-um-leaozinho\/\" style=\"border-radius:4px\">Destinando passo a passo<\/a><\/div>\n<\/div>\n","protected":false},"excerpt":{"rendered":"<p>Destine parte do seu Imposto de Renda para o Fundo Municipal da Crian\u00e7a e do Adolescente \u00c9 a forma dos contribuintes do Imposto de Renda, do lucro real e do ajuste completo [&hellip;]<\/p>\n","protected":false},"author":1,"featured_media":0,"parent":0,"menu_order":0,"comment_status":"closed","ping_status":"closed","template":"","meta":{"footnotes":""},"class_list":["post-17","page","type-page","status-publish","hentry"],"yoast_head":"<!-- This site is optimized with the Yoast SEO plugin v23.8 - https:\/\/yoast.com\/wordpress\/plugins\/seo\/ -->\n<title>Transforme o seu Le\u00e3o em um Le\u00e3ozinho - Conselho Municipal dos Direitos da Crian\u00e7a e do Adolescente<\/title>\n<meta name=\"robots\" content=\"index, follow, max-snippet:-1, max-image-preview:large, max-video-preview:-1\" \/>\n<link rel=\"canonical\" href=\"https:\/\/www.pmpf.rs.gov.br\/conselho-municipal-dos-direitos-da-crianca-e-do-adolescente\/transforme-o-seu-leao-em-um-leaozinho-2\/\" \/>\n<meta property=\"og:locale\" content=\"pt_BR\" \/>\n<meta property=\"og:type\" content=\"article\" \/>\n<meta property=\"og:title\" content=\"Transforme o seu Le\u00e3o em um Le\u00e3ozinho - Conselho Municipal dos Direitos da Crian\u00e7a e do Adolescente\" \/>\n<meta property=\"og:description\" content=\"Destine parte do seu Imposto de Renda para o Fundo Municipal da Crian\u00e7a e do Adolescente \u00c9 a forma dos contribuintes do Imposto de Renda, do lucro real e do ajuste completo [&hellip;]\" \/>\n<meta property=\"og:url\" content=\"https:\/\/www.pmpf.rs.gov.br\/conselho-municipal-dos-direitos-da-crianca-e-do-adolescente\/transforme-o-seu-leao-em-um-leaozinho-2\/\" \/>\n<meta property=\"og:site_name\" content=\"Conselho Municipal dos Direitos da Crian\u00e7a e do Adolescente\" \/>\n<meta property=\"article:modified_time\" content=\"2022-03-02T12:39:41+00:00\" \/>\n<meta name=\"twitter:card\" content=\"summary_large_image\" \/>\n<meta name=\"twitter:label1\" content=\"Est. tempo de leitura\" \/>\n\t<meta name=\"twitter:data1\" content=\"2 minutos\" \/>\n<script type=\"application\/ld+json\" class=\"yoast-schema-graph\">{\"@context\":\"https:\/\/schema.org\",\"@graph\":[{\"@type\":\"WebPage\",\"@id\":\"https:\/\/www.pmpf.rs.gov.br\/conselho-municipal-dos-direitos-da-crianca-e-do-adolescente\/transforme-o-seu-leao-em-um-leaozinho-2\/\",\"url\":\"https:\/\/www.pmpf.rs.gov.br\/conselho-municipal-dos-direitos-da-crianca-e-do-adolescente\/transforme-o-seu-leao-em-um-leaozinho-2\/\",\"name\":\"Transforme o seu Le\u00e3o em um Le\u00e3ozinho - Conselho Municipal dos Direitos da Crian\u00e7a e do Adolescente\",\"isPartOf\":{\"@id\":\"https:\/\/www.pmpf.rs.gov.br\/conselho-municipal-dos-direitos-da-crianca-e-do-adolescente\/#website\"},\"datePublished\":\"2021-12-20T19:01:45+00:00\",\"dateModified\":\"2022-03-02T12:39:41+00:00\",\"inLanguage\":\"pt-BR\",\"potentialAction\":[{\"@type\":\"ReadAction\",\"target\":[\"https:\/\/www.pmpf.rs.gov.br\/conselho-municipal-dos-direitos-da-crianca-e-do-adolescente\/transforme-o-seu-leao-em-um-leaozinho-2\/\"]}]},{\"@type\":\"WebSite\",\"@id\":\"https:\/\/www.pmpf.rs.gov.br\/conselho-municipal-dos-direitos-da-crianca-e-do-adolescente\/#website\",\"url\":\"https:\/\/www.pmpf.rs.gov.br\/conselho-municipal-dos-direitos-da-crianca-e-do-adolescente\/\",\"name\":\"Conselho Municipal dos Direitos da Crian\u00e7a e do Adolescente\",\"description\":\"S\u00f3 mais um site Prefeitura de Passo Fundo\",\"potentialAction\":[{\"@type\":\"SearchAction\",\"target\":{\"@type\":\"EntryPoint\",\"urlTemplate\":\"https:\/\/www.pmpf.rs.gov.br\/conselho-municipal-dos-direitos-da-crianca-e-do-adolescente\/?s={search_term_string}\"},\"query-input\":{\"@type\":\"PropertyValueSpecification\",\"valueRequired\":true,\"valueName\":\"search_term_string\"}}],\"inLanguage\":\"pt-BR\"}]}<\/script>\n<!-- \/ Yoast SEO plugin. -->","yoast_head_json":{"title":"Transforme o seu Le\u00e3o em um Le\u00e3ozinho - Conselho Municipal dos Direitos da Crian\u00e7a e do Adolescente","robots":{"index":"index","follow":"follow","max-snippet":"max-snippet:-1","max-image-preview":"max-image-preview:large","max-video-preview":"max-video-preview:-1"},"canonical":"https:\/\/www.pmpf.rs.gov.br\/conselho-municipal-dos-direitos-da-crianca-e-do-adolescente\/transforme-o-seu-leao-em-um-leaozinho-2\/","og_locale":"pt_BR","og_type":"article","og_title":"Transforme o seu Le\u00e3o em um Le\u00e3ozinho - Conselho Municipal dos Direitos da Crian\u00e7a e do Adolescente","og_description":"Destine parte do seu Imposto de Renda para o Fundo Municipal da Crian\u00e7a e do Adolescente \u00c9 a forma dos contribuintes do Imposto de Renda, do lucro real e do ajuste completo [&hellip;]","og_url":"https:\/\/www.pmpf.rs.gov.br\/conselho-municipal-dos-direitos-da-crianca-e-do-adolescente\/transforme-o-seu-leao-em-um-leaozinho-2\/","og_site_name":"Conselho Municipal dos Direitos da Crian\u00e7a e do Adolescente","article_modified_time":"2022-03-02T12:39:41+00:00","twitter_card":"summary_large_image","twitter_misc":{"Est. tempo de leitura":"2 minutos"},"schema":{"@context":"https:\/\/schema.org","@graph":[{"@type":"WebPage","@id":"https:\/\/www.pmpf.rs.gov.br\/conselho-municipal-dos-direitos-da-crianca-e-do-adolescente\/transforme-o-seu-leao-em-um-leaozinho-2\/","url":"https:\/\/www.pmpf.rs.gov.br\/conselho-municipal-dos-direitos-da-crianca-e-do-adolescente\/transforme-o-seu-leao-em-um-leaozinho-2\/","name":"Transforme o seu Le\u00e3o em um Le\u00e3ozinho - Conselho Municipal dos Direitos da Crian\u00e7a e do Adolescente","isPartOf":{"@id":"https:\/\/www.pmpf.rs.gov.br\/conselho-municipal-dos-direitos-da-crianca-e-do-adolescente\/#website"},"datePublished":"2021-12-20T19:01:45+00:00","dateModified":"2022-03-02T12:39:41+00:00","inLanguage":"pt-BR","potentialAction":[{"@type":"ReadAction","target":["https:\/\/www.pmpf.rs.gov.br\/conselho-municipal-dos-direitos-da-crianca-e-do-adolescente\/transforme-o-seu-leao-em-um-leaozinho-2\/"]}]},{"@type":"WebSite","@id":"https:\/\/www.pmpf.rs.gov.br\/conselho-municipal-dos-direitos-da-crianca-e-do-adolescente\/#website","url":"https:\/\/www.pmpf.rs.gov.br\/conselho-municipal-dos-direitos-da-crianca-e-do-adolescente\/","name":"Conselho Municipal dos Direitos da Crian\u00e7a e do Adolescente","description":"S\u00f3 mais um site Prefeitura de Passo Fundo","potentialAction":[{"@type":"SearchAction","target":{"@type":"EntryPoint","urlTemplate":"https:\/\/www.pmpf.rs.gov.br\/conselho-municipal-dos-direitos-da-crianca-e-do-adolescente\/?s={search_term_string}"},"query-input":{"@type":"PropertyValueSpecification","valueRequired":true,"valueName":"search_term_string"}}],"inLanguage":"pt-BR"}]}},"_links":{"self":[{"href":"https:\/\/www.pmpf.rs.gov.br\/conselho-municipal-dos-direitos-da-crianca-e-do-adolescente\/wp-json\/wp\/v2\/pages\/17"}],"collection":[{"href":"https:\/\/www.pmpf.rs.gov.br\/conselho-municipal-dos-direitos-da-crianca-e-do-adolescente\/wp-json\/wp\/v2\/pages"}],"about":[{"href":"https:\/\/www.pmpf.rs.gov.br\/conselho-municipal-dos-direitos-da-crianca-e-do-adolescente\/wp-json\/wp\/v2\/types\/page"}],"author":[{"embeddable":true,"href":"https:\/\/www.pmpf.rs.gov.br\/conselho-municipal-dos-direitos-da-crianca-e-do-adolescente\/wp-json\/wp\/v2\/users\/1"}],"replies":[{"embeddable":true,"href":"https:\/\/www.pmpf.rs.gov.br\/conselho-municipal-dos-direitos-da-crianca-e-do-adolescente\/wp-json\/wp\/v2\/comments?post=17"}],"version-history":[{"count":9,"href":"https:\/\/www.pmpf.rs.gov.br\/conselho-municipal-dos-direitos-da-crianca-e-do-adolescente\/wp-json\/wp\/v2\/pages\/17\/revisions"}],"predecessor-version":[{"id":40,"href":"https:\/\/www.pmpf.rs.gov.br\/conselho-municipal-dos-direitos-da-crianca-e-do-adolescente\/wp-json\/wp\/v2\/pages\/17\/revisions\/40"}],"wp:attachment":[{"href":"https:\/\/www.pmpf.rs.gov.br\/conselho-municipal-dos-direitos-da-crianca-e-do-adolescente\/wp-json\/wp\/v2\/media?parent=17"}],"curies":[{"name":"wp","href":"https:\/\/api.w.org\/{rel}","templated":true}]}}