{"id":56,"date":"2022-06-14T09:31:27","date_gmt":"2022-06-14T12:31:27","guid":{"rendered":"https:\/\/www.pmpf.rs.gov.br\/concursopublico\/?page_id=56"},"modified":"2022-07-12T16:28:34","modified_gmt":"2022-07-12T19:28:34","slug":"medicos-especialistas","status":"publish","type":"page","link":"https:\/\/www.pmpf.rs.gov.br\/concursopublico\/medicos-especialistas\/","title":{"rendered":"Processo Seletivo M\u00e9dicos Especialistas"},"content":{"rendered":"\n<h2 class=\"wp-block-heading\">Inscri\u00e7\u00f5es abertas para 28 especialidades m\u00e9dicas. Profissionais atende<em>r\u00e3o a popula\u00e7\u00e3o nos Cais e UBS<\/em><\/h2>\n\n\n\n<p>A Prefeitura de Passo Fundo abriu edital para a contrata\u00e7\u00e3o de m\u00e9dicos especialistas. Os profissionais de 28 \u00e1reas dever\u00e3o atuar nos Centros de Atendimento Integral Sa\u00fade (Cais) e nas Unidades B\u00e1sicas de Sa\u00fade (UBS) para atender os pacientes de m\u00e9dia complexidade e auxiliar na triagem de casos que necessitam de encaminhamento do Estado. As inscri\u00e7\u00f5es ir\u00e3o at\u00e9 o dia 22 de junho.<\/p>\n\n\n\n<p>Pelo novo processo seletivo, ser\u00e3o contratados especialistas para o fechamento de sete mil horas mensais de atendimento, conforme explica a secret\u00e1ria de Sa\u00fade, Cristine Pilati. \u201cJ\u00e1 contamos com especialistas na rede e buscamos, agora, a complementa\u00e7\u00e3o das horas de servi\u00e7o. O objetivo \u00e9 que esses profissionais, al\u00e9m de atuarem no atendimento direto das pessoas, triem as filas para o sistema de Gerenciamento de Consultas (Gercon) do Estado, que regula as consultas especializadas pelo Sistema \u00danico de Sa\u00fade (SUS)\u201d, enfatiza.<\/p>\n\n\n\n<p>&nbsp;O processo seletivo busca a contrata\u00e7\u00e3o dos seguintes profissionais: Cardiologista, Cirurgia Geral, Cirurgia Pedi\u00e1trica, Cirurgi\u00e3o Cabe\u00e7a e Pesco\u00e7o, Cirurgi\u00e3o Vascular, Cl\u00ednico Geral, Dermatologista, Endocrinologista, Gastroenterologista pedi\u00e1trico, Gastroenterologista, Geriatra, Ginecologista, Hematologista, Infectologista, M\u00e9dico de Fam\u00edlia e Comunidade, M\u00e9dico do Trabalho, Nefrologista, Neurologista Pedi\u00e1trico, Neurologista, Ortopedista e Traumatologista, Otorrinolaringologista, Pediatra, Pneumologista Pedi\u00e1trico, Pneumologista, Proctologista, Psiquiatra, Reumatologista, Urologista.<\/p>\n\n\n\n<p>O n\u00famero de m\u00e9dicos contratados dever\u00e1 atender 7 mil horas m\u00e9dicas nas diversas especialidades. O total de vagas depender\u00e1 da declara\u00e7\u00e3o de disponibilidade de hor\u00e1rio dos candidatos, que ser\u00e1 informado no momento de inscri\u00e7\u00e3o.<\/p>\n\n\n\n<h3 class=\"wp-block-heading\">Cronograma<\/h3>\n\n\n\n<p><strong>Publica\u00e7\u00e3o Edital:<\/strong> 13\/06\/2022 \u2013 <a href=\"https:\/\/www.pmpf.rs.gov.br\/transparencia\/wp-content\/uploads\/sites\/31\/2022\/06\/concPublico2022_edital53_13062022.pdf\" target=\"_blank\" rel=\"noreferrer noopener\">Edital 53\/2022<\/a><\/p>\n\n\n\n<p><strong>Per\u00edodo de inscri\u00e7\u00f5es: <\/strong>13\/06\/2022 a 22\/06\/2022 &#8211; <a href=\"https:\/\/forms.gle\/4EGu9XV7ZiPZwNnY7\">Acesse Aqui<\/a><\/p>\n\n\n\n<p><strong>Homologa\u00e7\u00e3o das inscri\u00e7\u00f5es e classifica\u00e7\u00e3o preliminar:<\/strong> 24\/06\/2022 &#8211; <a href=\"https:\/\/www.pmpf.rs.gov.br\/transparencia\/wp-content\/uploads\/sites\/31\/2022\/06\/concPublico2022_edital68_24062022.pdf\" target=\"_blank\" rel=\"noreferrer noopener\">Edital 68\/2022<\/a><\/p>\n\n\n\n<p><strong>Prazo para recurso de inscri\u00e7\u00f5es n\u00e3o homologadas e da classifica\u00e7\u00e3o preliminar<\/strong>: 27\/062022 e 28\/06\/2022<\/p>\n\n\n\n<p><strong>Classifica\u00e7\u00e3o preliminar ap\u00f3s recursos: <\/strong>06\/07\/2022 &#8211; <a href=\"https:\/\/www.pmpf.rs.gov.br\/transparencia\/wp-content\/uploads\/sites\/31\/2022\/07\/concPublico2022_edital71_06072022.pdf\" target=\"_blank\" rel=\"noreferrer noopener\">Edital 71\/2022<\/a><\/p>\n\n\n\n<p><strong>Sorteio para desempate, caso seja necess\u00e1rio: <\/strong>07\/07\/2022<\/p>\n\n\n\n<p><strong>Classifica\u00e7\u00e3o final e homologa\u00e7\u00e3o:<\/strong> 12\/07\/2022 &#8211; <a href=\"https:\/\/www.pmpf.rs.gov.br\/transparencia\/wp-content\/uploads\/sites\/31\/2022\/07\/concPublico2022_edital76_120720222.pdf\" target=\"_blank\" rel=\"noreferrer noopener\">Edital 76\/2022<\/a><\/p>\n","protected":false},"excerpt":{"rendered":"<p>Inscri\u00e7\u00f5es abertas para 28 especialidades m\u00e9dicas. Profissionais atender\u00e3o a popula\u00e7\u00e3o nos Cais e UBS A Prefeitura de Passo Fundo abriu edital para a contrata\u00e7\u00e3o de m\u00e9dicos especialistas. Os profissionais de 28 \u00e1reas [&hellip;]<\/p>\n","protected":false},"author":4,"featured_media":0,"parent":0,"menu_order":0,"comment_status":"closed","ping_status":"closed","template":"","meta":{"footnotes":""},"class_list":["post-56","page","type-page","status-publish","hentry"],"yoast_head":"<!-- This site is optimized with the Yoast SEO plugin v23.8 - https:\/\/yoast.com\/wordpress\/plugins\/seo\/ -->\n<title>Processo Seletivo M\u00e9dicos Especialistas - Concurso P\u00fablico e Processo Seletivo<\/title>\n<meta name=\"robots\" content=\"index, follow, max-snippet:-1, max-image-preview:large, max-video-preview:-1\" \/>\n<link rel=\"canonical\" href=\"https:\/\/www.pmpf.rs.gov.br\/concursopublico\/medicos-especialistas\/\" \/>\n<meta property=\"og:locale\" content=\"pt_BR\" \/>\n<meta property=\"og:type\" content=\"article\" \/>\n<meta property=\"og:title\" content=\"Processo Seletivo M\u00e9dicos Especialistas - Concurso P\u00fablico e Processo Seletivo\" \/>\n<meta property=\"og:description\" content=\"Inscri\u00e7\u00f5es abertas para 28 especialidades m\u00e9dicas. Profissionais atender\u00e3o a popula\u00e7\u00e3o nos Cais e UBS A Prefeitura de Passo Fundo abriu edital para a contrata\u00e7\u00e3o de m\u00e9dicos especialistas. Os profissionais de 28 \u00e1reas [&hellip;]\" \/>\n<meta property=\"og:url\" content=\"https:\/\/www.pmpf.rs.gov.br\/concursopublico\/medicos-especialistas\/\" \/>\n<meta property=\"og:site_name\" content=\"Concurso P\u00fablico e Processo Seletivo\" \/>\n<meta property=\"article:modified_time\" content=\"2022-07-12T19:28:34+00:00\" \/>\n<meta name=\"twitter:card\" content=\"summary_large_image\" \/>\n<meta name=\"twitter:label1\" content=\"Est. tempo de leitura\" \/>\n\t<meta name=\"twitter:data1\" content=\"2 minutos\" \/>\n<script type=\"application\/ld+json\" class=\"yoast-schema-graph\">{\"@context\":\"https:\/\/schema.org\",\"@graph\":[{\"@type\":\"WebPage\",\"@id\":\"https:\/\/www.pmpf.rs.gov.br\/concursopublico\/medicos-especialistas\/\",\"url\":\"https:\/\/www.pmpf.rs.gov.br\/concursopublico\/medicos-especialistas\/\",\"name\":\"Processo Seletivo M\u00e9dicos Especialistas - Concurso P\u00fablico e Processo Seletivo\",\"isPartOf\":{\"@id\":\"https:\/\/www.pmpf.rs.gov.br\/concursopublico\/#website\"},\"datePublished\":\"2022-06-14T12:31:27+00:00\",\"dateModified\":\"2022-07-12T19:28:34+00:00\",\"breadcrumb\":{\"@id\":\"https:\/\/www.pmpf.rs.gov.br\/concursopublico\/medicos-especialistas\/#breadcrumb\"},\"inLanguage\":\"pt-BR\",\"potentialAction\":[{\"@type\":\"ReadAction\",\"target\":[\"https:\/\/www.pmpf.rs.gov.br\/concursopublico\/medicos-especialistas\/\"]}]},{\"@type\":\"BreadcrumbList\",\"@id\":\"https:\/\/www.pmpf.rs.gov.br\/concursopublico\/medicos-especialistas\/#breadcrumb\",\"itemListElement\":[{\"@type\":\"ListItem\",\"position\":1,\"name\":\"In\u00edcio\",\"item\":\"https:\/\/www.pmpf.rs.gov.br\/concursopublico\/\"},{\"@type\":\"ListItem\",\"position\":2,\"name\":\"Processo Seletivo M\u00e9dicos Especialistas\"}]},{\"@type\":\"WebSite\",\"@id\":\"https:\/\/www.pmpf.rs.gov.br\/concursopublico\/#website\",\"url\":\"https:\/\/www.pmpf.rs.gov.br\/concursopublico\/\",\"name\":\"Concurso P\u00fablico e Processo Seletivo\",\"description\":\"S\u00f3 mais um site Prefeitura de Passo Fundo\",\"potentialAction\":[{\"@type\":\"SearchAction\",\"target\":{\"@type\":\"EntryPoint\",\"urlTemplate\":\"https:\/\/www.pmpf.rs.gov.br\/concursopublico\/?s={search_term_string}\"},\"query-input\":{\"@type\":\"PropertyValueSpecification\",\"valueRequired\":true,\"valueName\":\"search_term_string\"}}],\"inLanguage\":\"pt-BR\"}]}<\/script>\n<!-- \/ Yoast SEO plugin. -->","yoast_head_json":{"title":"Processo Seletivo M\u00e9dicos Especialistas - Concurso P\u00fablico e Processo Seletivo","robots":{"index":"index","follow":"follow","max-snippet":"max-snippet:-1","max-image-preview":"max-image-preview:large","max-video-preview":"max-video-preview:-1"},"canonical":"https:\/\/www.pmpf.rs.gov.br\/concursopublico\/medicos-especialistas\/","og_locale":"pt_BR","og_type":"article","og_title":"Processo Seletivo M\u00e9dicos Especialistas - Concurso P\u00fablico e Processo Seletivo","og_description":"Inscri\u00e7\u00f5es abertas para 28 especialidades m\u00e9dicas. Profissionais atender\u00e3o a popula\u00e7\u00e3o nos Cais e UBS A Prefeitura de Passo Fundo abriu edital para a contrata\u00e7\u00e3o de m\u00e9dicos especialistas. Os profissionais de 28 \u00e1reas [&hellip;]","og_url":"https:\/\/www.pmpf.rs.gov.br\/concursopublico\/medicos-especialistas\/","og_site_name":"Concurso P\u00fablico e Processo Seletivo","article_modified_time":"2022-07-12T19:28:34+00:00","twitter_card":"summary_large_image","twitter_misc":{"Est. tempo de leitura":"2 minutos"},"schema":{"@context":"https:\/\/schema.org","@graph":[{"@type":"WebPage","@id":"https:\/\/www.pmpf.rs.gov.br\/concursopublico\/medicos-especialistas\/","url":"https:\/\/www.pmpf.rs.gov.br\/concursopublico\/medicos-especialistas\/","name":"Processo Seletivo M\u00e9dicos Especialistas - Concurso P\u00fablico e Processo Seletivo","isPartOf":{"@id":"https:\/\/www.pmpf.rs.gov.br\/concursopublico\/#website"},"datePublished":"2022-06-14T12:31:27+00:00","dateModified":"2022-07-12T19:28:34+00:00","breadcrumb":{"@id":"https:\/\/www.pmpf.rs.gov.br\/concursopublico\/medicos-especialistas\/#breadcrumb"},"inLanguage":"pt-BR","potentialAction":[{"@type":"ReadAction","target":["https:\/\/www.pmpf.rs.gov.br\/concursopublico\/medicos-especialistas\/"]}]},{"@type":"BreadcrumbList","@id":"https:\/\/www.pmpf.rs.gov.br\/concursopublico\/medicos-especialistas\/#breadcrumb","itemListElement":[{"@type":"ListItem","position":1,"name":"In\u00edcio","item":"https:\/\/www.pmpf.rs.gov.br\/concursopublico\/"},{"@type":"ListItem","position":2,"name":"Processo Seletivo M\u00e9dicos Especialistas"}]},{"@type":"WebSite","@id":"https:\/\/www.pmpf.rs.gov.br\/concursopublico\/#website","url":"https:\/\/www.pmpf.rs.gov.br\/concursopublico\/","name":"Concurso P\u00fablico e Processo Seletivo","description":"S\u00f3 mais um site Prefeitura de Passo Fundo","potentialAction":[{"@type":"SearchAction","target":{"@type":"EntryPoint","urlTemplate":"https:\/\/www.pmpf.rs.gov.br\/concursopublico\/?s={search_term_string}"},"query-input":{"@type":"PropertyValueSpecification","valueRequired":true,"valueName":"search_term_string"}}],"inLanguage":"pt-BR"}]}},"_links":{"self":[{"href":"https:\/\/www.pmpf.rs.gov.br\/concursopublico\/wp-json\/wp\/v2\/pages\/56"}],"collection":[{"href":"https:\/\/www.pmpf.rs.gov.br\/concursopublico\/wp-json\/wp\/v2\/pages"}],"about":[{"href":"https:\/\/www.pmpf.rs.gov.br\/concursopublico\/wp-json\/wp\/v2\/types\/page"}],"author":[{"embeddable":true,"href":"https:\/\/www.pmpf.rs.gov.br\/concursopublico\/wp-json\/wp\/v2\/users\/4"}],"replies":[{"embeddable":true,"href":"https:\/\/www.pmpf.rs.gov.br\/concursopublico\/wp-json\/wp\/v2\/comments?post=56"}],"version-history":[{"count":12,"href":"https:\/\/www.pmpf.rs.gov.br\/concursopublico\/wp-json\/wp\/v2\/pages\/56\/revisions"}],"predecessor-version":[{"id":73,"href":"https:\/\/www.pmpf.rs.gov.br\/concursopublico\/wp-json\/wp\/v2\/pages\/56\/revisions\/73"}],"wp:attachment":[{"href":"https:\/\/www.pmpf.rs.gov.br\/concursopublico\/wp-json\/wp\/v2\/media?parent=56"}],"curies":[{"name":"wp","href":"https:\/\/api.w.org\/{rel}","templated":true}]}}