{"id":53,"date":"2022-06-13T16:25:02","date_gmt":"2022-06-13T19:25:02","guid":{"rendered":"https:\/\/www.pmpf.rs.gov.br\/concursopublico\/?page_id=53"},"modified":"2022-06-13T16:29:04","modified_gmt":"2022-06-13T19:29:04","slug":"processo-seletivo-pediatria","status":"publish","type":"page","link":"https:\/\/www.pmpf.rs.gov.br\/concursopublico\/processo-seletivo-pediatria\/","title":{"rendered":"Processo Seletivo Pediatria"},"content":{"rendered":"\n<h2 class=\"wp-block-heading\">Prorrogado prazo de inscri\u00e7\u00e3o<\/h2>\n\n\n\n<p>Contrata\u00e7\u00e3o por tempo determinado de M\u00e9dicos especialistas em Pediatria ou Cirurgia Pedi\u00e1trica ou M\u00e9dicos residentes em Pediatria ou Cirurgia Pedi\u00e1trica.<\/p>\n\n\n\n<p><strong>Publica\u00e7\u00e3o Edital:<\/strong> 03\/06\/2022 \u2013 <a href=\"https:\/\/www.pmpf.rs.gov.br\/transparencia\/wp-content\/uploads\/sites\/31\/2022\/06\/public_publicacao_Edital_2022_EDITAL_51-2022_20220602083126.pdf\">Edital 51\/2022<\/a><\/p>\n\n\n\n<p><strong>Inscri\u00e7\u00f5es:<\/strong> at\u00e9 15\/06\/2022, atrav\u00e9s do e-mail seletivosms@pmpf.rs.gov.br, constando no campo \u2018Assunto\u2019 a vaga pretendida.<\/p>\n\n\n\n<p><strong>Homologa\u00e7\u00e3o das inscri\u00e7\u00f5es e classifica\u00e7\u00e3o preliminar:<\/strong> ap\u00f3s 15\/06\/2022<\/p>\n\n\n\n<p><strong>Prazo para recurso de inscri\u00e7\u00f5es n\u00e3o homologadas e da classifica\u00e7\u00e3o preliminar<\/strong>: 20 e 21\/06\/2022<\/p>\n\n\n\n<p><strong>Classifica\u00e7\u00e3o preliminar ap\u00f3s recursos<\/strong>: 27\/06\/2022<\/p>\n\n\n\n<p><strong>Sorteio para desempate, caso seja necess\u00e1rio<\/strong>: 28\/06\/2022<\/p>\n\n\n\n<p><strong>Classifica\u00e7\u00e3o final e homologa\u00e7\u00e3o<\/strong>: 30\/06\/2022<\/p>\n","protected":false},"excerpt":{"rendered":"<p>Prorrogado prazo de inscri\u00e7\u00e3o Contrata\u00e7\u00e3o por tempo determinado de M\u00e9dicos especialistas em Pediatria ou Cirurgia Pedi\u00e1trica ou M\u00e9dicos residentes em Pediatria ou Cirurgia Pedi\u00e1trica. Publica\u00e7\u00e3o Edital: 03\/06\/2022 \u2013 Edital 51\/2022 Inscri\u00e7\u00f5es: at\u00e9 [&hellip;]<\/p>\n","protected":false},"author":4,"featured_media":0,"parent":0,"menu_order":0,"comment_status":"closed","ping_status":"closed","template":"","meta":{"footnotes":""},"class_list":["post-53","page","type-page","status-publish","hentry"],"yoast_head":"<!-- This site is optimized with the Yoast SEO plugin v23.8 - https:\/\/yoast.com\/wordpress\/plugins\/seo\/ -->\n<title>Processo Seletivo Pediatria - Concurso P\u00fablico e Processo Seletivo<\/title>\n<meta name=\"robots\" content=\"index, follow, max-snippet:-1, max-image-preview:large, max-video-preview:-1\" \/>\n<link rel=\"canonical\" href=\"https:\/\/www.pmpf.rs.gov.br\/concursopublico\/processo-seletivo-pediatria\/\" \/>\n<meta property=\"og:locale\" content=\"pt_BR\" \/>\n<meta property=\"og:type\" content=\"article\" \/>\n<meta property=\"og:title\" content=\"Processo Seletivo Pediatria - Concurso P\u00fablico e Processo Seletivo\" \/>\n<meta property=\"og:description\" content=\"Prorrogado prazo de inscri\u00e7\u00e3o Contrata\u00e7\u00e3o por tempo determinado de M\u00e9dicos especialistas em Pediatria ou Cirurgia Pedi\u00e1trica ou M\u00e9dicos residentes em Pediatria ou Cirurgia Pedi\u00e1trica. Publica\u00e7\u00e3o Edital: 03\/06\/2022 \u2013 Edital 51\/2022 Inscri\u00e7\u00f5es: at\u00e9 [&hellip;]\" \/>\n<meta property=\"og:url\" content=\"https:\/\/www.pmpf.rs.gov.br\/concursopublico\/processo-seletivo-pediatria\/\" \/>\n<meta property=\"og:site_name\" content=\"Concurso P\u00fablico e Processo Seletivo\" \/>\n<meta property=\"article:modified_time\" content=\"2022-06-13T19:29:04+00:00\" \/>\n<meta name=\"twitter:card\" content=\"summary_large_image\" \/>\n<script type=\"application\/ld+json\" class=\"yoast-schema-graph\">{\"@context\":\"https:\/\/schema.org\",\"@graph\":[{\"@type\":\"WebPage\",\"@id\":\"https:\/\/www.pmpf.rs.gov.br\/concursopublico\/processo-seletivo-pediatria\/\",\"url\":\"https:\/\/www.pmpf.rs.gov.br\/concursopublico\/processo-seletivo-pediatria\/\",\"name\":\"Processo Seletivo Pediatria - Concurso P\u00fablico e Processo Seletivo\",\"isPartOf\":{\"@id\":\"https:\/\/www.pmpf.rs.gov.br\/concursopublico\/#website\"},\"datePublished\":\"2022-06-13T19:25:02+00:00\",\"dateModified\":\"2022-06-13T19:29:04+00:00\",\"breadcrumb\":{\"@id\":\"https:\/\/www.pmpf.rs.gov.br\/concursopublico\/processo-seletivo-pediatria\/#breadcrumb\"},\"inLanguage\":\"pt-BR\",\"potentialAction\":[{\"@type\":\"ReadAction\",\"target\":[\"https:\/\/www.pmpf.rs.gov.br\/concursopublico\/processo-seletivo-pediatria\/\"]}]},{\"@type\":\"BreadcrumbList\",\"@id\":\"https:\/\/www.pmpf.rs.gov.br\/concursopublico\/processo-seletivo-pediatria\/#breadcrumb\",\"itemListElement\":[{\"@type\":\"ListItem\",\"position\":1,\"name\":\"In\u00edcio\",\"item\":\"https:\/\/www.pmpf.rs.gov.br\/concursopublico\/\"},{\"@type\":\"ListItem\",\"position\":2,\"name\":\"Processo Seletivo Pediatria\"}]},{\"@type\":\"WebSite\",\"@id\":\"https:\/\/www.pmpf.rs.gov.br\/concursopublico\/#website\",\"url\":\"https:\/\/www.pmpf.rs.gov.br\/concursopublico\/\",\"name\":\"Concurso P\u00fablico e Processo Seletivo\",\"description\":\"S\u00f3 mais um site Prefeitura de Passo Fundo\",\"potentialAction\":[{\"@type\":\"SearchAction\",\"target\":{\"@type\":\"EntryPoint\",\"urlTemplate\":\"https:\/\/www.pmpf.rs.gov.br\/concursopublico\/?s={search_term_string}\"},\"query-input\":{\"@type\":\"PropertyValueSpecification\",\"valueRequired\":true,\"valueName\":\"search_term_string\"}}],\"inLanguage\":\"pt-BR\"}]}<\/script>\n<!-- \/ Yoast SEO plugin. -->","yoast_head_json":{"title":"Processo Seletivo Pediatria - Concurso P\u00fablico e Processo Seletivo","robots":{"index":"index","follow":"follow","max-snippet":"max-snippet:-1","max-image-preview":"max-image-preview:large","max-video-preview":"max-video-preview:-1"},"canonical":"https:\/\/www.pmpf.rs.gov.br\/concursopublico\/processo-seletivo-pediatria\/","og_locale":"pt_BR","og_type":"article","og_title":"Processo Seletivo Pediatria - Concurso P\u00fablico e Processo Seletivo","og_description":"Prorrogado prazo de inscri\u00e7\u00e3o Contrata\u00e7\u00e3o por tempo determinado de M\u00e9dicos especialistas em Pediatria ou Cirurgia Pedi\u00e1trica ou M\u00e9dicos residentes em Pediatria ou Cirurgia Pedi\u00e1trica. Publica\u00e7\u00e3o Edital: 03\/06\/2022 \u2013 Edital 51\/2022 Inscri\u00e7\u00f5es: at\u00e9 [&hellip;]","og_url":"https:\/\/www.pmpf.rs.gov.br\/concursopublico\/processo-seletivo-pediatria\/","og_site_name":"Concurso P\u00fablico e Processo Seletivo","article_modified_time":"2022-06-13T19:29:04+00:00","twitter_card":"summary_large_image","schema":{"@context":"https:\/\/schema.org","@graph":[{"@type":"WebPage","@id":"https:\/\/www.pmpf.rs.gov.br\/concursopublico\/processo-seletivo-pediatria\/","url":"https:\/\/www.pmpf.rs.gov.br\/concursopublico\/processo-seletivo-pediatria\/","name":"Processo Seletivo Pediatria - Concurso P\u00fablico e Processo Seletivo","isPartOf":{"@id":"https:\/\/www.pmpf.rs.gov.br\/concursopublico\/#website"},"datePublished":"2022-06-13T19:25:02+00:00","dateModified":"2022-06-13T19:29:04+00:00","breadcrumb":{"@id":"https:\/\/www.pmpf.rs.gov.br\/concursopublico\/processo-seletivo-pediatria\/#breadcrumb"},"inLanguage":"pt-BR","potentialAction":[{"@type":"ReadAction","target":["https:\/\/www.pmpf.rs.gov.br\/concursopublico\/processo-seletivo-pediatria\/"]}]},{"@type":"BreadcrumbList","@id":"https:\/\/www.pmpf.rs.gov.br\/concursopublico\/processo-seletivo-pediatria\/#breadcrumb","itemListElement":[{"@type":"ListItem","position":1,"name":"In\u00edcio","item":"https:\/\/www.pmpf.rs.gov.br\/concursopublico\/"},{"@type":"ListItem","position":2,"name":"Processo Seletivo Pediatria"}]},{"@type":"WebSite","@id":"https:\/\/www.pmpf.rs.gov.br\/concursopublico\/#website","url":"https:\/\/www.pmpf.rs.gov.br\/concursopublico\/","name":"Concurso P\u00fablico e Processo Seletivo","description":"S\u00f3 mais um site Prefeitura de Passo Fundo","potentialAction":[{"@type":"SearchAction","target":{"@type":"EntryPoint","urlTemplate":"https:\/\/www.pmpf.rs.gov.br\/concursopublico\/?s={search_term_string}"},"query-input":{"@type":"PropertyValueSpecification","valueRequired":true,"valueName":"search_term_string"}}],"inLanguage":"pt-BR"}]}},"_links":{"self":[{"href":"https:\/\/www.pmpf.rs.gov.br\/concursopublico\/wp-json\/wp\/v2\/pages\/53"}],"collection":[{"href":"https:\/\/www.pmpf.rs.gov.br\/concursopublico\/wp-json\/wp\/v2\/pages"}],"about":[{"href":"https:\/\/www.pmpf.rs.gov.br\/concursopublico\/wp-json\/wp\/v2\/types\/page"}],"author":[{"embeddable":true,"href":"https:\/\/www.pmpf.rs.gov.br\/concursopublico\/wp-json\/wp\/v2\/users\/4"}],"replies":[{"embeddable":true,"href":"https:\/\/www.pmpf.rs.gov.br\/concursopublico\/wp-json\/wp\/v2\/comments?post=53"}],"version-history":[{"count":1,"href":"https:\/\/www.pmpf.rs.gov.br\/concursopublico\/wp-json\/wp\/v2\/pages\/53\/revisions"}],"predecessor-version":[{"id":54,"href":"https:\/\/www.pmpf.rs.gov.br\/concursopublico\/wp-json\/wp\/v2\/pages\/53\/revisions\/54"}],"wp:attachment":[{"href":"https:\/\/www.pmpf.rs.gov.br\/concursopublico\/wp-json\/wp\/v2\/media?parent=53"}],"curies":[{"name":"wp","href":"https:\/\/api.w.org\/{rel}","templated":true}]}}