{"id":7,"date":"2021-11-17T10:49:08","date_gmt":"2021-11-17T13:49:08","guid":{"rendered":"https:\/\/www.pmpf.rs.gov.br\/secretaria-de-comunicacao-social\/?page_id=7"},"modified":"2026-01-29T15:52:31","modified_gmt":"2026-01-29T18:52:31","slug":"conheca-o-secretario","status":"publish","type":"page","link":"https:\/\/www.pmpf.rs.gov.br\/comunicacao\/conheca-o-secretario\/","title":{"rendered":"Conhe\u00e7a o Secret\u00e1rio"},"content":{"rendered":"\n<h2 class=\"wp-block-heading\">Gest\u00e3o 2025-2028 &#8211; Diorges Oliveira<\/h2>\n\n\n\n<div style=\"height:10px\" aria-hidden=\"true\" class=\"wp-block-spacer\"><\/div>\n\n\n\n<div class=\"wp-block-media-text is-stacked-on-mobile\" style=\"grid-template-columns:45% auto\"><figure class=\"wp-block-media-text__media\"><img loading=\"lazy\" decoding=\"async\" width=\"1024\" height=\"683\" src=\"https:\/\/www.pmpf.rs.gov.br\/comunicacao\/wp-content\/uploads\/sites\/26\/2026\/01\/foto-diorges2025-2028-1024x683.jpg\" alt=\"\" class=\"wp-image-107 size-full\" srcset=\"https:\/\/www.pmpf.rs.gov.br\/comunicacao\/wp-content\/uploads\/sites\/26\/2026\/01\/foto-diorges2025-2028-1024x683.jpg 1024w, https:\/\/www.pmpf.rs.gov.br\/comunicacao\/wp-content\/uploads\/sites\/26\/2026\/01\/foto-diorges2025-2028-300x200.jpg 300w, https:\/\/www.pmpf.rs.gov.br\/comunicacao\/wp-content\/uploads\/sites\/26\/2026\/01\/foto-diorges2025-2028-768x512.jpg 768w, https:\/\/www.pmpf.rs.gov.br\/comunicacao\/wp-content\/uploads\/sites\/26\/2026\/01\/foto-diorges2025-2028.jpg 1280w\" sizes=\"(max-width: 1024px) 100vw, 1024px\" \/><\/figure><div class=\"wp-block-media-text__content\">\n<p>Ampla experi\u00eancia nas \u00e1reas de comunica\u00e7\u00e3o e gest\u00e3o p\u00fablica. Ao longo da carreira, atuou em grupos de comunica\u00e7\u00e3o no Rio Grande do Sul e integrou por 18 anos o Grupo RBS. No servi\u00e7o p\u00fablico municipal, ingressou em 2013, tendo ocupado cargos estrat\u00e9gicos como coordenador dos Programas de Governo e secret\u00e1rio em diferentes pastas da administra\u00e7\u00e3o.<\/p>\n<\/div><\/div>\n\n\n\n<hr class=\"wp-block-separator has-alpha-channel-opacity\"\/>\n\n\n\n<p><br><\/p>\n","protected":false},"excerpt":{"rendered":"<p>Gest\u00e3o 2025-2028 &#8211; Diorges Oliveira Ampla experi\u00eancia nas \u00e1reas de comunica\u00e7\u00e3o e gest\u00e3o p\u00fablica. Ao longo da carreira, atuou em grupos de comunica\u00e7\u00e3o no Rio Grande do Sul e integrou por 18 [&hellip;]<\/p>\n","protected":false},"author":1,"featured_media":0,"parent":0,"menu_order":0,"comment_status":"closed","ping_status":"closed","template":"","meta":{"footnotes":""},"class_list":["post-7","page","type-page","status-publish","hentry"],"yoast_head":"<!-- This site is optimized with the Yoast SEO plugin v23.8 - https:\/\/yoast.com\/wordpress\/plugins\/seo\/ -->\n<title>Conhe\u00e7a o Secret\u00e1rio - Secretaria de Comunica\u00e7\u00e3o Social<\/title>\n<meta name=\"robots\" content=\"index, follow, max-snippet:-1, max-image-preview:large, max-video-preview:-1\" \/>\n<link rel=\"canonical\" href=\"https:\/\/www.pmpf.rs.gov.br\/comunicacao\/conheca-o-secretario\/\" \/>\n<meta property=\"og:locale\" content=\"pt_BR\" \/>\n<meta property=\"og:type\" content=\"article\" \/>\n<meta property=\"og:title\" content=\"Conhe\u00e7a o Secret\u00e1rio - Secretaria de Comunica\u00e7\u00e3o Social\" \/>\n<meta property=\"og:description\" content=\"Gest\u00e3o 2025-2028 &#8211; Diorges Oliveira Ampla experi\u00eancia nas \u00e1reas de comunica\u00e7\u00e3o e gest\u00e3o p\u00fablica. Ao longo da carreira, atuou em grupos de comunica\u00e7\u00e3o no Rio Grande do Sul e integrou por 18 [&hellip;]\" \/>\n<meta property=\"og:url\" content=\"https:\/\/www.pmpf.rs.gov.br\/comunicacao\/conheca-o-secretario\/\" \/>\n<meta property=\"og:site_name\" content=\"Secretaria de Comunica\u00e7\u00e3o Social\" \/>\n<meta property=\"article:modified_time\" content=\"2026-01-29T18:52:31+00:00\" \/>\n<meta property=\"og:image\" content=\"https:\/\/www.pmpf.rs.gov.br\/comunicacao\/wp-content\/uploads\/sites\/26\/2026\/01\/foto-diorges2025-2028.jpg\" \/>\n\t<meta property=\"og:image:width\" content=\"1280\" \/>\n\t<meta property=\"og:image:height\" content=\"854\" \/>\n\t<meta property=\"og:image:type\" content=\"image\/jpeg\" \/>\n<meta name=\"twitter:card\" content=\"summary_large_image\" \/>\n<meta name=\"twitter:label1\" content=\"Est. tempo de leitura\" \/>\n\t<meta name=\"twitter:data1\" content=\"1 minuto\" \/>\n<script type=\"application\/ld+json\" class=\"yoast-schema-graph\">{\"@context\":\"https:\/\/schema.org\",\"@graph\":[{\"@type\":\"WebPage\",\"@id\":\"https:\/\/www.pmpf.rs.gov.br\/comunicacao\/conheca-o-secretario\/\",\"url\":\"https:\/\/www.pmpf.rs.gov.br\/comunicacao\/conheca-o-secretario\/\",\"name\":\"Conhe\u00e7a o Secret\u00e1rio - Secretaria de Comunica\u00e7\u00e3o Social\",\"isPartOf\":{\"@id\":\"https:\/\/www.pmpf.rs.gov.br\/comunicacao\/#website\"},\"primaryImageOfPage\":{\"@id\":\"https:\/\/www.pmpf.rs.gov.br\/comunicacao\/conheca-o-secretario\/#primaryimage\"},\"image\":{\"@id\":\"https:\/\/www.pmpf.rs.gov.br\/comunicacao\/conheca-o-secretario\/#primaryimage\"},\"thumbnailUrl\":\"https:\/\/www.pmpf.rs.gov.br\/comunicacao\/wp-content\/uploads\/sites\/26\/2026\/01\/foto-diorges2025-2028-1024x683.jpg\",\"datePublished\":\"2021-11-17T13:49:08+00:00\",\"dateModified\":\"2026-01-29T18:52:31+00:00\",\"inLanguage\":\"pt-BR\",\"potentialAction\":[{\"@type\":\"ReadAction\",\"target\":[\"https:\/\/www.pmpf.rs.gov.br\/comunicacao\/conheca-o-secretario\/\"]}]},{\"@type\":\"ImageObject\",\"inLanguage\":\"pt-BR\",\"@id\":\"https:\/\/www.pmpf.rs.gov.br\/comunicacao\/conheca-o-secretario\/#primaryimage\",\"url\":\"https:\/\/www.pmpf.rs.gov.br\/comunicacao\/wp-content\/uploads\/sites\/26\/2026\/01\/foto-diorges2025-2028.jpg\",\"contentUrl\":\"https:\/\/www.pmpf.rs.gov.br\/comunicacao\/wp-content\/uploads\/sites\/26\/2026\/01\/foto-diorges2025-2028.jpg\",\"width\":1280,\"height\":854},{\"@type\":\"WebSite\",\"@id\":\"https:\/\/www.pmpf.rs.gov.br\/comunicacao\/#website\",\"url\":\"https:\/\/www.pmpf.rs.gov.br\/comunicacao\/\",\"name\":\"Secretaria de Comunica\u00e7\u00e3o Social\",\"description\":\"S\u00f3 mais um site Prefeitura de Passo Fundo\",\"potentialAction\":[{\"@type\":\"SearchAction\",\"target\":{\"@type\":\"EntryPoint\",\"urlTemplate\":\"https:\/\/www.pmpf.rs.gov.br\/comunicacao\/?s={search_term_string}\"},\"query-input\":{\"@type\":\"PropertyValueSpecification\",\"valueRequired\":true,\"valueName\":\"search_term_string\"}}],\"inLanguage\":\"pt-BR\"}]}<\/script>\n<!-- \/ Yoast SEO plugin. -->","yoast_head_json":{"title":"Conhe\u00e7a o Secret\u00e1rio - Secretaria de Comunica\u00e7\u00e3o Social","robots":{"index":"index","follow":"follow","max-snippet":"max-snippet:-1","max-image-preview":"max-image-preview:large","max-video-preview":"max-video-preview:-1"},"canonical":"https:\/\/www.pmpf.rs.gov.br\/comunicacao\/conheca-o-secretario\/","og_locale":"pt_BR","og_type":"article","og_title":"Conhe\u00e7a o Secret\u00e1rio - Secretaria de Comunica\u00e7\u00e3o Social","og_description":"Gest\u00e3o 2025-2028 &#8211; Diorges Oliveira Ampla experi\u00eancia nas \u00e1reas de comunica\u00e7\u00e3o e gest\u00e3o p\u00fablica. Ao longo da carreira, atuou em grupos de comunica\u00e7\u00e3o no Rio Grande do Sul e integrou por 18 [&hellip;]","og_url":"https:\/\/www.pmpf.rs.gov.br\/comunicacao\/conheca-o-secretario\/","og_site_name":"Secretaria de Comunica\u00e7\u00e3o Social","article_modified_time":"2026-01-29T18:52:31+00:00","og_image":[{"width":1280,"height":854,"url":"https:\/\/www.pmpf.rs.gov.br\/comunicacao\/wp-content\/uploads\/sites\/26\/2026\/01\/foto-diorges2025-2028.jpg","type":"image\/jpeg"}],"twitter_card":"summary_large_image","twitter_misc":{"Est. tempo de leitura":"1 minuto"},"schema":{"@context":"https:\/\/schema.org","@graph":[{"@type":"WebPage","@id":"https:\/\/www.pmpf.rs.gov.br\/comunicacao\/conheca-o-secretario\/","url":"https:\/\/www.pmpf.rs.gov.br\/comunicacao\/conheca-o-secretario\/","name":"Conhe\u00e7a o Secret\u00e1rio - Secretaria de Comunica\u00e7\u00e3o Social","isPartOf":{"@id":"https:\/\/www.pmpf.rs.gov.br\/comunicacao\/#website"},"primaryImageOfPage":{"@id":"https:\/\/www.pmpf.rs.gov.br\/comunicacao\/conheca-o-secretario\/#primaryimage"},"image":{"@id":"https:\/\/www.pmpf.rs.gov.br\/comunicacao\/conheca-o-secretario\/#primaryimage"},"thumbnailUrl":"https:\/\/www.pmpf.rs.gov.br\/comunicacao\/wp-content\/uploads\/sites\/26\/2026\/01\/foto-diorges2025-2028-1024x683.jpg","datePublished":"2021-11-17T13:49:08+00:00","dateModified":"2026-01-29T18:52:31+00:00","inLanguage":"pt-BR","potentialAction":[{"@type":"ReadAction","target":["https:\/\/www.pmpf.rs.gov.br\/comunicacao\/conheca-o-secretario\/"]}]},{"@type":"ImageObject","inLanguage":"pt-BR","@id":"https:\/\/www.pmpf.rs.gov.br\/comunicacao\/conheca-o-secretario\/#primaryimage","url":"https:\/\/www.pmpf.rs.gov.br\/comunicacao\/wp-content\/uploads\/sites\/26\/2026\/01\/foto-diorges2025-2028.jpg","contentUrl":"https:\/\/www.pmpf.rs.gov.br\/comunicacao\/wp-content\/uploads\/sites\/26\/2026\/01\/foto-diorges2025-2028.jpg","width":1280,"height":854},{"@type":"WebSite","@id":"https:\/\/www.pmpf.rs.gov.br\/comunicacao\/#website","url":"https:\/\/www.pmpf.rs.gov.br\/comunicacao\/","name":"Secretaria de Comunica\u00e7\u00e3o Social","description":"S\u00f3 mais um site Prefeitura de Passo Fundo","potentialAction":[{"@type":"SearchAction","target":{"@type":"EntryPoint","urlTemplate":"https:\/\/www.pmpf.rs.gov.br\/comunicacao\/?s={search_term_string}"},"query-input":{"@type":"PropertyValueSpecification","valueRequired":true,"valueName":"search_term_string"}}],"inLanguage":"pt-BR"}]}},"_links":{"self":[{"href":"https:\/\/www.pmpf.rs.gov.br\/comunicacao\/wp-json\/wp\/v2\/pages\/7"}],"collection":[{"href":"https:\/\/www.pmpf.rs.gov.br\/comunicacao\/wp-json\/wp\/v2\/pages"}],"about":[{"href":"https:\/\/www.pmpf.rs.gov.br\/comunicacao\/wp-json\/wp\/v2\/types\/page"}],"author":[{"embeddable":true,"href":"https:\/\/www.pmpf.rs.gov.br\/comunicacao\/wp-json\/wp\/v2\/users\/1"}],"replies":[{"embeddable":true,"href":"https:\/\/www.pmpf.rs.gov.br\/comunicacao\/wp-json\/wp\/v2\/comments?post=7"}],"version-history":[{"count":11,"href":"https:\/\/www.pmpf.rs.gov.br\/comunicacao\/wp-json\/wp\/v2\/pages\/7\/revisions"}],"predecessor-version":[{"id":108,"href":"https:\/\/www.pmpf.rs.gov.br\/comunicacao\/wp-json\/wp\/v2\/pages\/7\/revisions\/108"}],"wp:attachment":[{"href":"https:\/\/www.pmpf.rs.gov.br\/comunicacao\/wp-json\/wp\/v2\/media?parent=7"}],"curies":[{"name":"wp","href":"https:\/\/api.w.org\/{rel}","templated":true}]}}