{"id":12,"date":"2021-11-17T10:51:36","date_gmt":"2021-11-17T13:51:36","guid":{"rendered":"https:\/\/www.pmpf.rs.gov.br\/secretaria-de-comunicacao-social\/?page_id=12"},"modified":"2023-05-25T15:45:08","modified_gmt":"2023-05-25T18:45:08","slug":"identidade-visual","status":"publish","type":"page","link":"https:\/\/www.pmpf.rs.gov.br\/comunicacao\/identidade-visual\/","title":{"rendered":"Identidade Visual"},"content":{"rendered":"\n<h2 class=\"wp-block-heading\"><em>Identidade Visual<\/em><\/h2>\n\n\n\n<p>Aqui voc\u00ea pode fazer download do Bras\u00e3o do Munic\u00edpio de Passo Fundo e do logotipo da Administra\u00e7\u00e3o Municipal.<\/p>\n","protected":false},"excerpt":{"rendered":"<p>Identidade Visual Aqui voc\u00ea pode fazer download do Bras\u00e3o do Munic\u00edpio de Passo Fundo e do logotipo da Administra\u00e7\u00e3o Municipal.<\/p>\n","protected":false},"author":1,"featured_media":0,"parent":0,"menu_order":0,"comment_status":"closed","ping_status":"closed","template":"","meta":{"footnotes":""},"class_list":["post-12","page","type-page","status-publish","hentry"],"yoast_head":"<!-- This site is optimized with the Yoast SEO plugin v23.8 - https:\/\/yoast.com\/wordpress\/plugins\/seo\/ -->\n<title>Identidade Visual - Secretaria de Comunica\u00e7\u00e3o Social<\/title>\n<meta name=\"robots\" content=\"index, follow, max-snippet:-1, max-image-preview:large, max-video-preview:-1\" \/>\n<link rel=\"canonical\" href=\"https:\/\/www.pmpf.rs.gov.br\/comunicacao\/identidade-visual\/\" \/>\n<meta property=\"og:locale\" content=\"pt_BR\" \/>\n<meta property=\"og:type\" content=\"article\" \/>\n<meta property=\"og:title\" content=\"Identidade Visual - Secretaria de Comunica\u00e7\u00e3o Social\" \/>\n<meta property=\"og:description\" content=\"Identidade Visual Aqui voc\u00ea pode fazer download do Bras\u00e3o do Munic\u00edpio de Passo Fundo e do logotipo da Administra\u00e7\u00e3o Municipal.\" \/>\n<meta property=\"og:url\" content=\"https:\/\/www.pmpf.rs.gov.br\/comunicacao\/identidade-visual\/\" \/>\n<meta property=\"og:site_name\" content=\"Secretaria de Comunica\u00e7\u00e3o Social\" \/>\n<meta property=\"article:modified_time\" content=\"2023-05-25T18:45:08+00:00\" \/>\n<meta name=\"twitter:card\" content=\"summary_large_image\" \/>\n<meta name=\"twitter:label1\" content=\"Est. tempo de leitura\" \/>\n\t<meta name=\"twitter:data1\" content=\"1 minuto\" \/>\n<script type=\"application\/ld+json\" class=\"yoast-schema-graph\">{\"@context\":\"https:\/\/schema.org\",\"@graph\":[{\"@type\":\"WebPage\",\"@id\":\"https:\/\/www.pmpf.rs.gov.br\/comunicacao\/identidade-visual\/\",\"url\":\"https:\/\/www.pmpf.rs.gov.br\/comunicacao\/identidade-visual\/\",\"name\":\"Identidade Visual - Secretaria de Comunica\u00e7\u00e3o Social\",\"isPartOf\":{\"@id\":\"https:\/\/www.pmpf.rs.gov.br\/comunicacao\/#website\"},\"datePublished\":\"2021-11-17T13:51:36+00:00\",\"dateModified\":\"2023-05-25T18:45:08+00:00\",\"inLanguage\":\"pt-BR\",\"potentialAction\":[{\"@type\":\"ReadAction\",\"target\":[\"https:\/\/www.pmpf.rs.gov.br\/comunicacao\/identidade-visual\/\"]}]},{\"@type\":\"WebSite\",\"@id\":\"https:\/\/www.pmpf.rs.gov.br\/comunicacao\/#website\",\"url\":\"https:\/\/www.pmpf.rs.gov.br\/comunicacao\/\",\"name\":\"Secretaria de Comunica\u00e7\u00e3o Social\",\"description\":\"S\u00f3 mais um site Prefeitura de Passo Fundo\",\"potentialAction\":[{\"@type\":\"SearchAction\",\"target\":{\"@type\":\"EntryPoint\",\"urlTemplate\":\"https:\/\/www.pmpf.rs.gov.br\/comunicacao\/?s={search_term_string}\"},\"query-input\":{\"@type\":\"PropertyValueSpecification\",\"valueRequired\":true,\"valueName\":\"search_term_string\"}}],\"inLanguage\":\"pt-BR\"}]}<\/script>\n<!-- \/ Yoast SEO plugin. -->","yoast_head_json":{"title":"Identidade Visual - Secretaria de Comunica\u00e7\u00e3o Social","robots":{"index":"index","follow":"follow","max-snippet":"max-snippet:-1","max-image-preview":"max-image-preview:large","max-video-preview":"max-video-preview:-1"},"canonical":"https:\/\/www.pmpf.rs.gov.br\/comunicacao\/identidade-visual\/","og_locale":"pt_BR","og_type":"article","og_title":"Identidade Visual - Secretaria de Comunica\u00e7\u00e3o Social","og_description":"Identidade Visual Aqui voc\u00ea pode fazer download do Bras\u00e3o do Munic\u00edpio de Passo Fundo e do logotipo da Administra\u00e7\u00e3o Municipal.","og_url":"https:\/\/www.pmpf.rs.gov.br\/comunicacao\/identidade-visual\/","og_site_name":"Secretaria de Comunica\u00e7\u00e3o Social","article_modified_time":"2023-05-25T18:45:08+00:00","twitter_card":"summary_large_image","twitter_misc":{"Est. tempo de leitura":"1 minuto"},"schema":{"@context":"https:\/\/schema.org","@graph":[{"@type":"WebPage","@id":"https:\/\/www.pmpf.rs.gov.br\/comunicacao\/identidade-visual\/","url":"https:\/\/www.pmpf.rs.gov.br\/comunicacao\/identidade-visual\/","name":"Identidade Visual - Secretaria de Comunica\u00e7\u00e3o Social","isPartOf":{"@id":"https:\/\/www.pmpf.rs.gov.br\/comunicacao\/#website"},"datePublished":"2021-11-17T13:51:36+00:00","dateModified":"2023-05-25T18:45:08+00:00","inLanguage":"pt-BR","potentialAction":[{"@type":"ReadAction","target":["https:\/\/www.pmpf.rs.gov.br\/comunicacao\/identidade-visual\/"]}]},{"@type":"WebSite","@id":"https:\/\/www.pmpf.rs.gov.br\/comunicacao\/#website","url":"https:\/\/www.pmpf.rs.gov.br\/comunicacao\/","name":"Secretaria de Comunica\u00e7\u00e3o Social","description":"S\u00f3 mais um site Prefeitura de Passo Fundo","potentialAction":[{"@type":"SearchAction","target":{"@type":"EntryPoint","urlTemplate":"https:\/\/www.pmpf.rs.gov.br\/comunicacao\/?s={search_term_string}"},"query-input":{"@type":"PropertyValueSpecification","valueRequired":true,"valueName":"search_term_string"}}],"inLanguage":"pt-BR"}]}},"_links":{"self":[{"href":"https:\/\/www.pmpf.rs.gov.br\/comunicacao\/wp-json\/wp\/v2\/pages\/12"}],"collection":[{"href":"https:\/\/www.pmpf.rs.gov.br\/comunicacao\/wp-json\/wp\/v2\/pages"}],"about":[{"href":"https:\/\/www.pmpf.rs.gov.br\/comunicacao\/wp-json\/wp\/v2\/types\/page"}],"author":[{"embeddable":true,"href":"https:\/\/www.pmpf.rs.gov.br\/comunicacao\/wp-json\/wp\/v2\/users\/1"}],"replies":[{"embeddable":true,"href":"https:\/\/www.pmpf.rs.gov.br\/comunicacao\/wp-json\/wp\/v2\/comments?post=12"}],"version-history":[{"count":7,"href":"https:\/\/www.pmpf.rs.gov.br\/comunicacao\/wp-json\/wp\/v2\/pages\/12\/revisions"}],"predecessor-version":[{"id":61,"href":"https:\/\/www.pmpf.rs.gov.br\/comunicacao\/wp-json\/wp\/v2\/pages\/12\/revisions\/61"}],"wp:attachment":[{"href":"https:\/\/www.pmpf.rs.gov.br\/comunicacao\/wp-json\/wp\/v2\/media?parent=12"}],"curies":[{"name":"wp","href":"https:\/\/api.w.org\/{rel}","templated":true}]}}