{"id":5,"date":"2021-12-18T18:50:21","date_gmt":"2021-12-18T21:50:21","guid":{"rendered":"https:\/\/www.pmpf.rs.gov.br\/conselho-municipal-do-idoso\/?page_id=5"},"modified":"2025-12-16T08:09:15","modified_gmt":"2025-12-16T11:09:15","slug":"pagina-inicial","status":"publish","type":"page","link":"https:\/\/www.pmpf.rs.gov.br\/comui\/","title":{"rendered":"Inicial"},"content":{"rendered":"\n<h1 class=\"wp-block-heading\">COMUI<\/h1>\n\n\n<div class=\"wp-block-image is-style-default\">\n<figure class=\"alignleft size-full is-resized\"><img loading=\"lazy\" decoding=\"async\" width=\"1280\" height=\"768\" src=\"https:\/\/www.pmpf.rs.gov.br\/comui\/wp-content\/uploads\/sites\/39\/2021\/12\/COMUI-1280px.jpg\" alt=\"\" class=\"wp-image-140\" style=\"width:400px\" srcset=\"https:\/\/www.pmpf.rs.gov.br\/comui\/wp-content\/uploads\/sites\/39\/2021\/12\/COMUI-1280px.jpg 1280w, https:\/\/www.pmpf.rs.gov.br\/comui\/wp-content\/uploads\/sites\/39\/2021\/12\/COMUI-1280px-300x180.jpg 300w, https:\/\/www.pmpf.rs.gov.br\/comui\/wp-content\/uploads\/sites\/39\/2021\/12\/COMUI-1280px-1024x614.jpg 1024w, https:\/\/www.pmpf.rs.gov.br\/comui\/wp-content\/uploads\/sites\/39\/2021\/12\/COMUI-1280px-768x461.jpg 768w\" sizes=\"(max-width: 1280px) 100vw, 1280px\" \/><\/figure><\/div>\n\n\n<p>O Conselho Municipal da Pessoa Idosa (COMUI) foi criado pela&nbsp;<a href=\"https:\/\/www.pmpf.rs.gov.br\/conselho-municipal-do-idoso\/wp-content\/uploads\/sites\/39\/2021\/12\/Lei-Ordinaria_3619-2000.pdf\" target=\"_blank\" rel=\"noreferrer noopener\">Lei n\u00ba 3619\/2000<\/a>. O referido conselho municipal possui atribui\u00e7\u00f5es de car\u00e1ter deliberativo, propositivo, e consultivo, objetivando acompanhar, supervisionar, formular, propor e promover pol\u00edticas e a\u00e7\u00f5es governamentais e n\u00e3o governamentais, destinadas a proporcionar a qualidade de vida e bem estar aos cidad\u00e3os da terceira idade.<\/p>\n\n\n\n<p>Compete ao COMUI promover estudos, pesquisas, debates e projetos, bem como outras iniciativas, relativas a condi\u00e7\u00e3o de vida, sa\u00fade e lazer da pessoa idosa. Al\u00e9m destas atribui\u00e7\u00f5es cabe tamb\u00e9m ao COMUI promover articula\u00e7\u00f5es e encaminhamentos de sugest\u00f5es, ou mesmo provid\u00eancias para que a administra\u00e7\u00e3o p\u00fablica venha implementar pol\u00edticas p\u00fablicas de promo\u00e7\u00e3o dos direitos dos idosos visando garantir a prote\u00e7\u00e3o social e o bem estar da terceira idade em nosso munic\u00edpio.<\/p>\n\n\n\n<hr class=\"wp-block-separator has-alpha-channel-opacity\"\/>\n\n\n\n<div class=\"wp-block-buttons is-content-justification-center is-layout-flex wp-container-core-buttons-is-layout-1 wp-block-buttons-is-layout-flex\">\n<div class=\"wp-block-button has-custom-font-size\" style=\"font-size:14px\"><a class=\"wp-block-button__link has-white-color has-blue-background-color has-text-color has-background has-link-color wp-element-button\" href=\"https:\/\/grp.pmpf.rs.gov.br\/grp\/acessoexterno\/programaAcessoExterno.faces?codigo=686793\" style=\"border-radius:9px\" target=\"_blank\" rel=\"noreferrer noopener\">DESTINA\u00c7\u00c3O IMPOSTO DE RENDA &#8211; Apoie o atendimento \u00e0s pessoas idosas<\/a><\/div>\n<\/div>\n\n\n\n<hr class=\"wp-block-separator has-alpha-channel-opacity\"\/>\n\n\n\n<p><strong>Presidente:<\/strong>\u00a0Luiz Costella<br><strong>Vice Presidente<\/strong>: Ademar Castoldi<br><strong>Secret\u00e1ria:<\/strong> Ta\u00edse Grasiele Oliveira de Andrade<br><strong>Primeiro Tesoureiro<\/strong>: Pedro Paix\u00e3o<br><strong>Vencimento do mandato:<\/strong>\u00a0Novembro de 2027<\/p>\n\n\n\n<p><strong>Comiss\u00f5es<\/strong> <strong>Permanentes<\/strong><br><strong>Fiscaliza\u00e7\u00e3o<\/strong>: T\u00e2nia Carraro&nbsp;e M\u00f4nica &nbsp;Novelo <br><strong>Credenciamento<\/strong>: Denize Rosseto, L\u00edlian Pfuck, Taise de Andrade, Cristiane Gandin (volunt\u00e1ria) e Tania Bilibio (volunt\u00e1ria)<br><strong>FUMUI<\/strong>: Luiz Costela, Marcela Duarte, Ademar Castoldi, Romeu Sauzen (volunt\u00e1tio) e Genessi Weber (volunt\u00e1rio)<br><strong>Divulga\u00e7\u00e3o<\/strong>: M\u00f4nica Novello, Pedro Paix\u00e3o, &nbsp;Marcela Duarte, Clarice Freu e Ronaldo Rosa<\/p>\n\n\n\n<p><strong>Comiss\u00e3o Tempor\u00e1ria<\/strong><br><strong>Edi\u00e7\u00e3o do Regimento<\/strong>: Suayla Peruzo, Ademar Castoldi, &nbsp;Ronaldo Rosa, Luiz Costela, Marcela Duarte, Denise Rossetto, M\u00f4nica Novello, Anthea Dreher (volunt\u00e1ria)<\/p>\n\n\n\n<p><strong>Dia, hor\u00e1rio e local das reuni\u00f5es ordin\u00e1rias:<\/strong>&nbsp;Primeira quarta-feira do m\u00eas, \u00e0s 14 horas, na Sede do DATI\/COMAI, localizada na Rua Ant\u00f4nio Ara\u00fajo, 1190, Vila Rodrigues.<br><strong>Telefone:<\/strong>&nbsp;(54) 3314-8874, (54) 98404-4776<br><strong>E-mail: <\/strong>comui@pmpf.rs.gov.br<br><strong>E-mail exclusivo para o envio dos documentos para inscri\u00e7\u00e3o e renova\u00e7\u00e3o:<\/strong>&nbsp;<a href=\"mailto:credenciamentocomui@pmpf.rs.gov.br\" target=\"_blank\" rel=\"noreferrer noopener\">credenciamentocomui@pmpf.rs.gov.br<\/a><br><strong>Situa\u00e7\u00e3o atual: Ativo<\/strong><br><\/p>\n\n\n\n<p><a href=\"https:\/\/www.pmpf.rs.gov.br\/comui\/wp-content\/uploads\/sites\/39\/2021\/12\/comui_lista_ilipis-2025.pdf\" target=\"_blank\" rel=\"noreferrer noopener\">Institui\u00e7\u00f5es Inscritas no COMUI<\/a><\/p>\n\n\n\n<p><a href=\"https:\/\/www.pmpf.rs.gov.br\/comui\/wp-content\/uploads\/sites\/39\/2021\/12\/regimento_interno_COMUI_15_12_2025.pdf\" target=\"_blank\" rel=\"noreferrer noopener\">Regimento Interno<\/a><\/p>\n\n\n\n<p><a href=\"https:\/\/www.pmpf.rs.gov.br\/comui\/downloads\/resolucoes-do-comui\/\">Resolu\u00e7\u00f5es<\/a><\/p>\n\n\n\n<p><a href=\"https:\/\/www.pmpf.rs.gov.br\/conselhos-municipais-de-passo-fundo\/wp-content\/uploads\/sites\/37\/2021\/12\/comui-formulario-eleicao-2025.pdf\" target=\"_blank\" rel=\"noreferrer noopener\">Ficha de inscri\u00e7\u00e3o para escolha das Entidades n\u00e3o governamentais<\/a><\/p>\n\n\n\n<p><a href=\"https:\/\/www.pmpf.rs.gov.br\/conselhos-municipais-de-passo-fundo\/wp-content\/uploads\/sites\/37\/2021\/12\/comui-homologacao-inscricoes.pdf\" target=\"_blank\" rel=\"noreferrer noopener\">Entidades Inscritas para a  Gest\u00e3o 2025\/2027 do COMUI<\/a><\/p>\n\n\n\n<p><\/p>\n\n\n\n<hr class=\"wp-block-separator has-alpha-channel-opacity\"\/>\n\n\n\n<h3 class=\"wp-block-heading\">Destine parte do seu Imposto de Renda para o Fundo Municipal do Idoso<\/h3>\n\n\n\n<figure class=\"wp-block-gallery has-nested-images columns-default is-cropped wp-block-gallery-1 is-layout-flex wp-block-gallery-is-layout-flex\">\n<figure class=\"wp-block-image size-large is-style-default\"><img loading=\"lazy\" decoding=\"async\" width=\"1024\" height=\"1024\" data-id=\"107\" src=\"https:\/\/www.pmpf.rs.gov.br\/comui\/wp-content\/uploads\/sites\/39\/2023\/12\/comui-imposto1-1024x1024.png\" alt=\"\" class=\"wp-image-107\" srcset=\"https:\/\/www.pmpf.rs.gov.br\/comui\/wp-content\/uploads\/sites\/39\/2023\/12\/comui-imposto1-1024x1024.png 1024w, https:\/\/www.pmpf.rs.gov.br\/comui\/wp-content\/uploads\/sites\/39\/2023\/12\/comui-imposto1-300x300.png 300w, https:\/\/www.pmpf.rs.gov.br\/comui\/wp-content\/uploads\/sites\/39\/2023\/12\/comui-imposto1-150x150.png 150w, https:\/\/www.pmpf.rs.gov.br\/comui\/wp-content\/uploads\/sites\/39\/2023\/12\/comui-imposto1-768x768.png 768w, https:\/\/www.pmpf.rs.gov.br\/comui\/wp-content\/uploads\/sites\/39\/2023\/12\/comui-imposto1.png 1080w\" sizes=\"(max-width: 1024px) 100vw, 1024px\" \/><\/figure>\n\n\n\n<figure class=\"wp-block-image size-large is-style-default\"><img loading=\"lazy\" decoding=\"async\" width=\"1024\" height=\"1024\" data-id=\"106\" src=\"https:\/\/www.pmpf.rs.gov.br\/comui\/wp-content\/uploads\/sites\/39\/2023\/12\/comui-imposoto2-1024x1024.png\" alt=\"\" class=\"wp-image-106\" srcset=\"https:\/\/www.pmpf.rs.gov.br\/comui\/wp-content\/uploads\/sites\/39\/2023\/12\/comui-imposoto2-1024x1024.png 1024w, https:\/\/www.pmpf.rs.gov.br\/comui\/wp-content\/uploads\/sites\/39\/2023\/12\/comui-imposoto2-300x300.png 300w, https:\/\/www.pmpf.rs.gov.br\/comui\/wp-content\/uploads\/sites\/39\/2023\/12\/comui-imposoto2-150x150.png 150w, https:\/\/www.pmpf.rs.gov.br\/comui\/wp-content\/uploads\/sites\/39\/2023\/12\/comui-imposoto2-768x768.png 768w, https:\/\/www.pmpf.rs.gov.br\/comui\/wp-content\/uploads\/sites\/39\/2023\/12\/comui-imposoto2.png 1080w\" sizes=\"(max-width: 1024px) 100vw, 1024px\" \/><\/figure>\n\n\n\n<figure class=\"wp-block-image size-large is-style-default\"><img loading=\"lazy\" decoding=\"async\" width=\"1024\" height=\"1024\" data-id=\"108\" src=\"https:\/\/www.pmpf.rs.gov.br\/comui\/wp-content\/uploads\/sites\/39\/2023\/12\/comui-imposto3-1024x1024.png\" alt=\"\" class=\"wp-image-108\" srcset=\"https:\/\/www.pmpf.rs.gov.br\/comui\/wp-content\/uploads\/sites\/39\/2023\/12\/comui-imposto3-1024x1024.png 1024w, https:\/\/www.pmpf.rs.gov.br\/comui\/wp-content\/uploads\/sites\/39\/2023\/12\/comui-imposto3-300x300.png 300w, https:\/\/www.pmpf.rs.gov.br\/comui\/wp-content\/uploads\/sites\/39\/2023\/12\/comui-imposto3-150x150.png 150w, https:\/\/www.pmpf.rs.gov.br\/comui\/wp-content\/uploads\/sites\/39\/2023\/12\/comui-imposto3-768x768.png 768w, https:\/\/www.pmpf.rs.gov.br\/comui\/wp-content\/uploads\/sites\/39\/2023\/12\/comui-imposto3.png 1080w\" sizes=\"(max-width: 1024px) 100vw, 1024px\" \/><\/figure>\n<\/figure>\n\n\n\n<hr class=\"wp-block-separator has-alpha-channel-opacity\"\/>\n","protected":false},"excerpt":{"rendered":"<p>COMUI O Conselho Municipal da Pessoa Idosa (COMUI) foi criado pela&nbsp;Lei n\u00ba 3619\/2000. O referido conselho municipal possui atribui\u00e7\u00f5es de car\u00e1ter deliberativo, propositivo, e consultivo, objetivando acompanhar, supervisionar, formular, propor e promover [&hellip;]<\/p>\n","protected":false},"author":1,"featured_media":0,"parent":0,"menu_order":0,"comment_status":"closed","ping_status":"closed","template":"page_secretaria_com_sidebar.php","meta":{"footnotes":""},"class_list":["post-5","page","type-page","status-publish","hentry"],"yoast_head":"<!-- This site is optimized with the Yoast SEO plugin v23.8 - https:\/\/yoast.com\/wordpress\/plugins\/seo\/ -->\n<title>Inicial - Conselho Municipal da Pessoa Idosa<\/title>\n<meta name=\"robots\" content=\"index, follow, max-snippet:-1, max-image-preview:large, max-video-preview:-1\" \/>\n<link rel=\"canonical\" href=\"https:\/\/www.pmpf.rs.gov.br\/comui\/\" \/>\n<meta property=\"og:locale\" content=\"pt_BR\" \/>\n<meta property=\"og:type\" content=\"article\" \/>\n<meta property=\"og:title\" content=\"Inicial - Conselho Municipal da Pessoa Idosa\" \/>\n<meta property=\"og:description\" content=\"COMUI O Conselho Municipal da Pessoa Idosa (COMUI) foi criado pela&nbsp;Lei n\u00ba 3619\/2000. O referido conselho municipal possui atribui\u00e7\u00f5es de car\u00e1ter deliberativo, propositivo, e consultivo, objetivando acompanhar, supervisionar, formular, propor e promover [&hellip;]\" \/>\n<meta property=\"og:url\" content=\"https:\/\/www.pmpf.rs.gov.br\/comui\/\" \/>\n<meta property=\"og:site_name\" content=\"Conselho Municipal da Pessoa Idosa\" \/>\n<meta property=\"article:modified_time\" content=\"2025-12-16T11:09:15+00:00\" \/>\n<meta property=\"og:image\" content=\"https:\/\/www.pmpf.rs.gov.br\/comui\/wp-content\/uploads\/sites\/39\/2021\/12\/COMUI-1280px.jpg\" \/>\n\t<meta property=\"og:image:width\" content=\"1280\" \/>\n\t<meta property=\"og:image:height\" content=\"768\" \/>\n\t<meta property=\"og:image:type\" content=\"image\/jpeg\" \/>\n<meta name=\"twitter:card\" content=\"summary_large_image\" \/>\n<meta name=\"twitter:label1\" content=\"Est. tempo de leitura\" \/>\n\t<meta name=\"twitter:data1\" content=\"2 minutos\" \/>\n<script type=\"application\/ld+json\" class=\"yoast-schema-graph\">{\"@context\":\"https:\/\/schema.org\",\"@graph\":[{\"@type\":\"WebPage\",\"@id\":\"https:\/\/www.pmpf.rs.gov.br\/comui\/\",\"url\":\"https:\/\/www.pmpf.rs.gov.br\/comui\/\",\"name\":\"Inicial - Conselho Municipal da Pessoa Idosa\",\"isPartOf\":{\"@id\":\"https:\/\/www.pmpf.rs.gov.br\/comui\/#website\"},\"primaryImageOfPage\":{\"@id\":\"https:\/\/www.pmpf.rs.gov.br\/comui\/#primaryimage\"},\"image\":{\"@id\":\"https:\/\/www.pmpf.rs.gov.br\/comui\/#primaryimage\"},\"thumbnailUrl\":\"https:\/\/www.pmpf.rs.gov.br\/comui\/wp-content\/uploads\/sites\/39\/2021\/12\/COMUI-1280px.jpg\",\"datePublished\":\"2021-12-18T21:50:21+00:00\",\"dateModified\":\"2025-12-16T11:09:15+00:00\",\"inLanguage\":\"pt-BR\",\"potentialAction\":[{\"@type\":\"ReadAction\",\"target\":[\"https:\/\/www.pmpf.rs.gov.br\/comui\/\"]}]},{\"@type\":\"ImageObject\",\"inLanguage\":\"pt-BR\",\"@id\":\"https:\/\/www.pmpf.rs.gov.br\/comui\/#primaryimage\",\"url\":\"https:\/\/www.pmpf.rs.gov.br\/comui\/wp-content\/uploads\/sites\/39\/2021\/12\/COMUI-1280px.jpg\",\"contentUrl\":\"https:\/\/www.pmpf.rs.gov.br\/comui\/wp-content\/uploads\/sites\/39\/2021\/12\/COMUI-1280px.jpg\",\"width\":1280,\"height\":768},{\"@type\":\"WebSite\",\"@id\":\"https:\/\/www.pmpf.rs.gov.br\/comui\/#website\",\"url\":\"https:\/\/www.pmpf.rs.gov.br\/comui\/\",\"name\":\"Conselho Municipal da Pessoa Idosa\",\"description\":\"S\u00f3 mais um site Prefeitura de Passo Fundo\",\"potentialAction\":[{\"@type\":\"SearchAction\",\"target\":{\"@type\":\"EntryPoint\",\"urlTemplate\":\"https:\/\/www.pmpf.rs.gov.br\/comui\/?s={search_term_string}\"},\"query-input\":{\"@type\":\"PropertyValueSpecification\",\"valueRequired\":true,\"valueName\":\"search_term_string\"}}],\"inLanguage\":\"pt-BR\"}]}<\/script>\n<!-- \/ Yoast SEO plugin. -->","yoast_head_json":{"title":"Inicial - Conselho Municipal da Pessoa Idosa","robots":{"index":"index","follow":"follow","max-snippet":"max-snippet:-1","max-image-preview":"max-image-preview:large","max-video-preview":"max-video-preview:-1"},"canonical":"https:\/\/www.pmpf.rs.gov.br\/comui\/","og_locale":"pt_BR","og_type":"article","og_title":"Inicial - Conselho Municipal da Pessoa Idosa","og_description":"COMUI O Conselho Municipal da Pessoa Idosa (COMUI) foi criado pela&nbsp;Lei n\u00ba 3619\/2000. O referido conselho municipal possui atribui\u00e7\u00f5es de car\u00e1ter deliberativo, propositivo, e consultivo, objetivando acompanhar, supervisionar, formular, propor e promover [&hellip;]","og_url":"https:\/\/www.pmpf.rs.gov.br\/comui\/","og_site_name":"Conselho Municipal da Pessoa Idosa","article_modified_time":"2025-12-16T11:09:15+00:00","og_image":[{"width":1280,"height":768,"url":"https:\/\/www.pmpf.rs.gov.br\/comui\/wp-content\/uploads\/sites\/39\/2021\/12\/COMUI-1280px.jpg","type":"image\/jpeg"}],"twitter_card":"summary_large_image","twitter_misc":{"Est. tempo de leitura":"2 minutos"},"schema":{"@context":"https:\/\/schema.org","@graph":[{"@type":"WebPage","@id":"https:\/\/www.pmpf.rs.gov.br\/comui\/","url":"https:\/\/www.pmpf.rs.gov.br\/comui\/","name":"Inicial - Conselho Municipal da Pessoa Idosa","isPartOf":{"@id":"https:\/\/www.pmpf.rs.gov.br\/comui\/#website"},"primaryImageOfPage":{"@id":"https:\/\/www.pmpf.rs.gov.br\/comui\/#primaryimage"},"image":{"@id":"https:\/\/www.pmpf.rs.gov.br\/comui\/#primaryimage"},"thumbnailUrl":"https:\/\/www.pmpf.rs.gov.br\/comui\/wp-content\/uploads\/sites\/39\/2021\/12\/COMUI-1280px.jpg","datePublished":"2021-12-18T21:50:21+00:00","dateModified":"2025-12-16T11:09:15+00:00","inLanguage":"pt-BR","potentialAction":[{"@type":"ReadAction","target":["https:\/\/www.pmpf.rs.gov.br\/comui\/"]}]},{"@type":"ImageObject","inLanguage":"pt-BR","@id":"https:\/\/www.pmpf.rs.gov.br\/comui\/#primaryimage","url":"https:\/\/www.pmpf.rs.gov.br\/comui\/wp-content\/uploads\/sites\/39\/2021\/12\/COMUI-1280px.jpg","contentUrl":"https:\/\/www.pmpf.rs.gov.br\/comui\/wp-content\/uploads\/sites\/39\/2021\/12\/COMUI-1280px.jpg","width":1280,"height":768},{"@type":"WebSite","@id":"https:\/\/www.pmpf.rs.gov.br\/comui\/#website","url":"https:\/\/www.pmpf.rs.gov.br\/comui\/","name":"Conselho Municipal da Pessoa Idosa","description":"S\u00f3 mais um site Prefeitura de Passo Fundo","potentialAction":[{"@type":"SearchAction","target":{"@type":"EntryPoint","urlTemplate":"https:\/\/www.pmpf.rs.gov.br\/comui\/?s={search_term_string}"},"query-input":{"@type":"PropertyValueSpecification","valueRequired":true,"valueName":"search_term_string"}}],"inLanguage":"pt-BR"}]}},"_links":{"self":[{"href":"https:\/\/www.pmpf.rs.gov.br\/comui\/wp-json\/wp\/v2\/pages\/5"}],"collection":[{"href":"https:\/\/www.pmpf.rs.gov.br\/comui\/wp-json\/wp\/v2\/pages"}],"about":[{"href":"https:\/\/www.pmpf.rs.gov.br\/comui\/wp-json\/wp\/v2\/types\/page"}],"author":[{"embeddable":true,"href":"https:\/\/www.pmpf.rs.gov.br\/comui\/wp-json\/wp\/v2\/users\/1"}],"replies":[{"embeddable":true,"href":"https:\/\/www.pmpf.rs.gov.br\/comui\/wp-json\/wp\/v2\/comments?post=5"}],"version-history":[{"count":38,"href":"https:\/\/www.pmpf.rs.gov.br\/comui\/wp-json\/wp\/v2\/pages\/5\/revisions"}],"predecessor-version":[{"id":172,"href":"https:\/\/www.pmpf.rs.gov.br\/comui\/wp-json\/wp\/v2\/pages\/5\/revisions\/172"}],"wp:attachment":[{"href":"https:\/\/www.pmpf.rs.gov.br\/comui\/wp-json\/wp\/v2\/media?parent=5"}],"curies":[{"name":"wp","href":"https:\/\/api.w.org\/{rel}","templated":true}]}}