{"id":10,"date":"2021-12-18T18:46:39","date_gmt":"2021-12-18T21:46:39","guid":{"rendered":"https:\/\/www.pmpf.rs.gov.br\/conselho-municipal-do-idoso\/?page_id=10"},"modified":"2021-12-18T19:06:33","modified_gmt":"2021-12-18T22:06:33","slug":"comissoes-permanentes-comui","status":"publish","type":"page","link":"https:\/\/www.pmpf.rs.gov.br\/comui\/comissoes-permanentes-comui\/","title":{"rendered":"Comiss\u00f5es Permanentes &#8211; COMUI"},"content":{"rendered":"\n<h2 class=\"wp-block-heading\">Composi\u00e7\u00e3o<\/h2>\n\n\n\n<p><strong>Comiss\u00f5es Permanentes<\/strong><\/p>\n\n\n\n<p><strong>Divulga\u00e7\u00e3o<\/strong><br>Gicela Praetorius Mello<br>Paulo Cassiano Simor<br>Liesge Pacheco Daris<br>Pia Elena \u2013 Crejuti<br>C\u00e2ndida E. M. Bertoncello<\/p>\n\n\n\n<p><strong>Pol\u00edticas Sociais B\u00e1sicas<\/strong><br>Paulo Cassiano Simor<br>Cristiane Gandin<br>Elenir Chapuis<br>Claudia (volunt\u00e1ria)<\/p>\n\n\n\n<p><strong>Fiscaliza\u00e7\u00e3o<\/strong><br>Denise Corn\u00e9lio da Luz<br>Clarice Freu<br>Denise Rosseto<br>C\u00e2ndida E. M. Bertoncello<\/p>\n\n\n\n<p><strong>Estudos e Pesquisas<\/strong><br>Helenice de Moura Scortegagna<br>Clarice Freu<br>Diego Piva<\/p>\n","protected":false},"excerpt":{"rendered":"<p>Composi\u00e7\u00e3o Comiss\u00f5es Permanentes Divulga\u00e7\u00e3oGicela Praetorius MelloPaulo Cassiano SimorLiesge Pacheco DarisPia Elena \u2013 CrejutiC\u00e2ndida E. M. Bertoncello Pol\u00edticas Sociais B\u00e1sicasPaulo Cassiano SimorCristiane GandinElenir ChapuisClaudia (volunt\u00e1ria) Fiscaliza\u00e7\u00e3oDenise Corn\u00e9lio da LuzClarice FreuDenise RossetoC\u00e2ndida E. M. [&hellip;]<\/p>\n","protected":false},"author":1,"featured_media":0,"parent":0,"menu_order":0,"comment_status":"closed","ping_status":"closed","template":"page_secretaria_com_sidebar.php","meta":{"footnotes":""},"class_list":["post-10","page","type-page","status-publish","hentry"],"yoast_head":"<!-- This site is optimized with the Yoast SEO plugin v23.8 - https:\/\/yoast.com\/wordpress\/plugins\/seo\/ -->\n<title>Comiss\u00f5es Permanentes - COMUI - Conselho Municipal da Pessoa Idosa<\/title>\n<meta name=\"robots\" content=\"index, follow, max-snippet:-1, max-image-preview:large, max-video-preview:-1\" \/>\n<link rel=\"canonical\" href=\"https:\/\/www.pmpf.rs.gov.br\/comui\/comissoes-permanentes-comui\/\" \/>\n<meta property=\"og:locale\" content=\"pt_BR\" \/>\n<meta property=\"og:type\" content=\"article\" \/>\n<meta property=\"og:title\" content=\"Comiss\u00f5es Permanentes - COMUI - Conselho Municipal da Pessoa Idosa\" \/>\n<meta property=\"og:description\" content=\"Composi\u00e7\u00e3o Comiss\u00f5es Permanentes Divulga\u00e7\u00e3oGicela Praetorius MelloPaulo Cassiano SimorLiesge Pacheco DarisPia Elena \u2013 CrejutiC\u00e2ndida E. M. Bertoncello Pol\u00edticas Sociais B\u00e1sicasPaulo Cassiano SimorCristiane GandinElenir ChapuisClaudia (volunt\u00e1ria) Fiscaliza\u00e7\u00e3oDenise Corn\u00e9lio da LuzClarice FreuDenise RossetoC\u00e2ndida E. M. [&hellip;]\" \/>\n<meta property=\"og:url\" content=\"https:\/\/www.pmpf.rs.gov.br\/comui\/comissoes-permanentes-comui\/\" \/>\n<meta property=\"og:site_name\" content=\"Conselho Municipal da Pessoa Idosa\" \/>\n<meta property=\"article:modified_time\" content=\"2021-12-18T22:06:33+00:00\" \/>\n<meta name=\"twitter:card\" content=\"summary_large_image\" \/>\n<meta name=\"twitter:label1\" content=\"Est. tempo de leitura\" \/>\n\t<meta name=\"twitter:data1\" content=\"1 minuto\" \/>\n<script type=\"application\/ld+json\" class=\"yoast-schema-graph\">{\"@context\":\"https:\/\/schema.org\",\"@graph\":[{\"@type\":\"WebPage\",\"@id\":\"https:\/\/www.pmpf.rs.gov.br\/comui\/comissoes-permanentes-comui\/\",\"url\":\"https:\/\/www.pmpf.rs.gov.br\/comui\/comissoes-permanentes-comui\/\",\"name\":\"Comiss\u00f5es Permanentes - COMUI - Conselho Municipal da Pessoa Idosa\",\"isPartOf\":{\"@id\":\"https:\/\/www.pmpf.rs.gov.br\/comui\/#website\"},\"datePublished\":\"2021-12-18T21:46:39+00:00\",\"dateModified\":\"2021-12-18T22:06:33+00:00\",\"inLanguage\":\"pt-BR\",\"potentialAction\":[{\"@type\":\"ReadAction\",\"target\":[\"https:\/\/www.pmpf.rs.gov.br\/comui\/comissoes-permanentes-comui\/\"]}]},{\"@type\":\"WebSite\",\"@id\":\"https:\/\/www.pmpf.rs.gov.br\/comui\/#website\",\"url\":\"https:\/\/www.pmpf.rs.gov.br\/comui\/\",\"name\":\"Conselho Municipal da Pessoa Idosa\",\"description\":\"S\u00f3 mais um site Prefeitura de Passo Fundo\",\"potentialAction\":[{\"@type\":\"SearchAction\",\"target\":{\"@type\":\"EntryPoint\",\"urlTemplate\":\"https:\/\/www.pmpf.rs.gov.br\/comui\/?s={search_term_string}\"},\"query-input\":{\"@type\":\"PropertyValueSpecification\",\"valueRequired\":true,\"valueName\":\"search_term_string\"}}],\"inLanguage\":\"pt-BR\"}]}<\/script>\n<!-- \/ Yoast SEO plugin. -->","yoast_head_json":{"title":"Comiss\u00f5es Permanentes - COMUI - Conselho Municipal da Pessoa Idosa","robots":{"index":"index","follow":"follow","max-snippet":"max-snippet:-1","max-image-preview":"max-image-preview:large","max-video-preview":"max-video-preview:-1"},"canonical":"https:\/\/www.pmpf.rs.gov.br\/comui\/comissoes-permanentes-comui\/","og_locale":"pt_BR","og_type":"article","og_title":"Comiss\u00f5es Permanentes - COMUI - Conselho Municipal da Pessoa Idosa","og_description":"Composi\u00e7\u00e3o Comiss\u00f5es Permanentes Divulga\u00e7\u00e3oGicela Praetorius MelloPaulo Cassiano SimorLiesge Pacheco DarisPia Elena \u2013 CrejutiC\u00e2ndida E. M. Bertoncello Pol\u00edticas Sociais B\u00e1sicasPaulo Cassiano SimorCristiane GandinElenir ChapuisClaudia (volunt\u00e1ria) Fiscaliza\u00e7\u00e3oDenise Corn\u00e9lio da LuzClarice FreuDenise RossetoC\u00e2ndida E. M. [&hellip;]","og_url":"https:\/\/www.pmpf.rs.gov.br\/comui\/comissoes-permanentes-comui\/","og_site_name":"Conselho Municipal da Pessoa Idosa","article_modified_time":"2021-12-18T22:06:33+00:00","twitter_card":"summary_large_image","twitter_misc":{"Est. tempo de leitura":"1 minuto"},"schema":{"@context":"https:\/\/schema.org","@graph":[{"@type":"WebPage","@id":"https:\/\/www.pmpf.rs.gov.br\/comui\/comissoes-permanentes-comui\/","url":"https:\/\/www.pmpf.rs.gov.br\/comui\/comissoes-permanentes-comui\/","name":"Comiss\u00f5es Permanentes - COMUI - Conselho Municipal da Pessoa Idosa","isPartOf":{"@id":"https:\/\/www.pmpf.rs.gov.br\/comui\/#website"},"datePublished":"2021-12-18T21:46:39+00:00","dateModified":"2021-12-18T22:06:33+00:00","inLanguage":"pt-BR","potentialAction":[{"@type":"ReadAction","target":["https:\/\/www.pmpf.rs.gov.br\/comui\/comissoes-permanentes-comui\/"]}]},{"@type":"WebSite","@id":"https:\/\/www.pmpf.rs.gov.br\/comui\/#website","url":"https:\/\/www.pmpf.rs.gov.br\/comui\/","name":"Conselho Municipal da Pessoa Idosa","description":"S\u00f3 mais um site Prefeitura de Passo Fundo","potentialAction":[{"@type":"SearchAction","target":{"@type":"EntryPoint","urlTemplate":"https:\/\/www.pmpf.rs.gov.br\/comui\/?s={search_term_string}"},"query-input":{"@type":"PropertyValueSpecification","valueRequired":true,"valueName":"search_term_string"}}],"inLanguage":"pt-BR"}]}},"_links":{"self":[{"href":"https:\/\/www.pmpf.rs.gov.br\/comui\/wp-json\/wp\/v2\/pages\/10"}],"collection":[{"href":"https:\/\/www.pmpf.rs.gov.br\/comui\/wp-json\/wp\/v2\/pages"}],"about":[{"href":"https:\/\/www.pmpf.rs.gov.br\/comui\/wp-json\/wp\/v2\/types\/page"}],"author":[{"embeddable":true,"href":"https:\/\/www.pmpf.rs.gov.br\/comui\/wp-json\/wp\/v2\/users\/1"}],"replies":[{"embeddable":true,"href":"https:\/\/www.pmpf.rs.gov.br\/comui\/wp-json\/wp\/v2\/comments?post=10"}],"version-history":[{"count":1,"href":"https:\/\/www.pmpf.rs.gov.br\/comui\/wp-json\/wp\/v2\/pages\/10\/revisions"}],"predecessor-version":[{"id":11,"href":"https:\/\/www.pmpf.rs.gov.br\/comui\/wp-json\/wp\/v2\/pages\/10\/revisions\/11"}],"wp:attachment":[{"href":"https:\/\/www.pmpf.rs.gov.br\/comui\/wp-json\/wp\/v2\/media?parent=10"}],"curies":[{"name":"wp","href":"https:\/\/api.w.org\/{rel}","templated":true}]}}