{"id":5,"date":"2025-05-06T10:53:14","date_gmt":"2025-05-06T13:53:14","guid":{"rendered":"https:\/\/www.pmpf.rs.gov.br\/cideducadora\/?page_id=5"},"modified":"2025-05-27T15:03:55","modified_gmt":"2025-05-27T18:03:55","slug":"cidade-educadora","status":"publish","type":"page","link":"https:\/\/www.pmpf.rs.gov.br\/cidadeeducadora\/","title":{"rendered":"Cidade Educadora"},"content":{"rendered":"\n<h2 class=\"wp-block-heading\"><em>A ades\u00e3o \u00e0 carta das Cidades Educadoras e o caminho percorrido<\/em><\/h2>\n\n\n\n<p>Uma cidade educadora \u00e9 aquela que <strong>transcende as paredes da escola<\/strong> e se estende a todos os espa\u00e7os urbanos, conectando os processos escolares a contextos culturais, sociais e hist\u00f3ricos mais amplos.<\/p>\n\n\n\n<p>Nesse modelo,<strong> a cidade se torna um espa\u00e7o de aprendizado cont\u00ednuo, <\/strong>onde cada pra\u00e7a, museu, biblioteca, institui\u00e7\u00e3o e organiza\u00e7\u00e3o comunit\u00e1ria participa na forma\u00e7\u00e3o dos cidad\u00e3os.<\/p>\n\n\n\n<p><em><a href=\"https:\/\/www.edcities.org\/wp-content\/uploads\/2020\/11\/PT_Carta.pdf\">Acesse aqui a Carta das Cidades Educadoras na \u00edntegra.<\/a><\/em><br><br>Confira nas imagens a linha do tempo na cidade de Passo Fundo: <\/p>\n\n\n\n<figure class=\"wp-block-image size-large\"><img loading=\"lazy\" decoding=\"async\" width=\"1024\" height=\"633\" src=\"https:\/\/www.pmpf.rs.gov.br\/cidadeeducadora\/wp-content\/uploads\/sites\/85\/2025\/05\/PMPF-Relatorio-gestao-21-24-1024x633.png\" alt=\"2021:\nAbril: Promulga\u00e7\u00e3o da Lei n\u00ba 5.540, que autoriza a ades\u00e3o de Passo Fundo \u00e0 Carta das Cidades Educadoras.\nMaio: Passo Fundo \u00e9 nomeada Cidade Educadora e inicia atividades alinhadas \u00e0 Carta.\nJunho: I Semin\u00e1rio Internacional Passo Fundo Cidade Educadora, abordando inclus\u00e3o e educa\u00e7\u00e3o em espa\u00e7os urbanos.\nPortaria n\u00ba 2.037\/2021, institui e nomeia o Grupo Gestor da Cidade Educadora.\nAgosto: Passo Fundo \u00e9 escolhida para a Comiss\u00e3o de Acompanhamento da REBRACE.\" class=\"wp-image-29\" srcset=\"https:\/\/www.pmpf.rs.gov.br\/cidadeeducadora\/wp-content\/uploads\/sites\/85\/2025\/05\/PMPF-Relatorio-gestao-21-24-1024x633.png 1024w, https:\/\/www.pmpf.rs.gov.br\/cidadeeducadora\/wp-content\/uploads\/sites\/85\/2025\/05\/PMPF-Relatorio-gestao-21-24-300x185.png 300w, https:\/\/www.pmpf.rs.gov.br\/cidadeeducadora\/wp-content\/uploads\/sites\/85\/2025\/05\/PMPF-Relatorio-gestao-21-24-768x475.png 768w, https:\/\/www.pmpf.rs.gov.br\/cidadeeducadora\/wp-content\/uploads\/sites\/85\/2025\/05\/PMPF-Relatorio-gestao-21-24.png 1414w\" sizes=\"(max-width: 1024px) 100vw, 1024px\" \/><\/figure>\n\n\n\n<figure class=\"wp-block-image size-large\"><img loading=\"lazy\" decoding=\"async\" width=\"1024\" height=\"527\" src=\"https:\/\/www.pmpf.rs.gov.br\/cidadeeducadora\/wp-content\/uploads\/sites\/85\/2025\/05\/2022-1024x527.png\" alt=\"2022:\nAgosto: II Semin\u00e1rio Internacional Passo Fundo Cidade Educadora - \u201cDi\u00e1logos para constru\u00e7\u00e3o de Passo Fundo Cidade Educadora&quot;.\nSetembro: Promulga\u00e7\u00e3o da Lei n\u00ba 5.663\/2022, que institui o programa Miss\u00e3o Cidade Educadora para interc\u00e2mbio internacional cultural de estudantes.\nNovembro: 1\u00aa edi\u00e7\u00e3o da Miss\u00e3o Educa\u00e7\u00e3o do Futuro. Destino: cidades de Sobral e S\u00e3o Paulo.\nCria\u00e7\u00e3o da primeira escola p\u00fablica de Passo Fundo, dedicada ao ensino profissionalizante, a Escola das Profiss\u00f5es.\n\n\" class=\"wp-image-31\" srcset=\"https:\/\/www.pmpf.rs.gov.br\/cidadeeducadora\/wp-content\/uploads\/sites\/85\/2025\/05\/2022-1024x527.png 1024w, https:\/\/www.pmpf.rs.gov.br\/cidadeeducadora\/wp-content\/uploads\/sites\/85\/2025\/05\/2022-300x154.png 300w, https:\/\/www.pmpf.rs.gov.br\/cidadeeducadora\/wp-content\/uploads\/sites\/85\/2025\/05\/2022-768x395.png 768w, https:\/\/www.pmpf.rs.gov.br\/cidadeeducadora\/wp-content\/uploads\/sites\/85\/2025\/05\/2022.png 1414w\" sizes=\"(max-width: 1024px) 100vw, 1024px\" \/><\/figure>\n\n\n\n<figure class=\"wp-block-image size-large\"><img loading=\"lazy\" decoding=\"async\" width=\"1024\" height=\"816\" src=\"https:\/\/www.pmpf.rs.gov.br\/cidadeeducadora\/wp-content\/uploads\/sites\/85\/2025\/05\/2023-1024x816.png\" alt=\"2023:\nMaio: 1\u00aa edi\u00e7\u00e3o da Miss\u00e3o Cidade Educadora, que teve como destino a Cidade Educadora de Barcelona.\n\nAgosto: III Semin\u00e1rio Internacional Passo Fundo Cidade Educadora  \u2013 &quot;Potencialidade educadora das cidades: uma miss\u00e3o para o futuro, hoje&quot;.\n\nCria\u00e7\u00e3o de novas Escolas P\u00fablicas: Escola P\u00fablica de M\u00fasica Yamandu Costa, Escola P\u00fablica de Arte e Criatividade Roberto Pirovano Zanatta, Escola P\u00fablica de Gera\u00e7\u00f5es e Escola P\u00fablica de Esporte.\nOutubro: IX Encontro REBRACE, no qual Passo Fundo foi reconduzida na Comiss\u00e3o de Acompanhamento.\nOutubro: 2\u00aa edi\u00e7\u00e3o da Miss\u00e3o Educa\u00e7\u00e3o do Futuro, que teve como destino as cidades de S\u00e3o Paulo e Rio de Janeiro.\nFoto: Vista Panor\u00e2mica da Cidade de Passo Fundo, 2024\" class=\"wp-image-33\" srcset=\"https:\/\/www.pmpf.rs.gov.br\/cidadeeducadora\/wp-content\/uploads\/sites\/85\/2025\/05\/2023-1024x816.png 1024w, https:\/\/www.pmpf.rs.gov.br\/cidadeeducadora\/wp-content\/uploads\/sites\/85\/2025\/05\/2023-300x239.png 300w, https:\/\/www.pmpf.rs.gov.br\/cidadeeducadora\/wp-content\/uploads\/sites\/85\/2025\/05\/2023-768x612.png 768w, https:\/\/www.pmpf.rs.gov.br\/cidadeeducadora\/wp-content\/uploads\/sites\/85\/2025\/05\/2023.png 1414w\" sizes=\"(max-width: 1024px) 100vw, 1024px\" \/><\/figure>\n\n\n\n<figure class=\"wp-block-image size-large\"><img loading=\"lazy\" decoding=\"async\" width=\"815\" height=\"1024\" src=\"https:\/\/www.pmpf.rs.gov.br\/cidadeeducadora\/wp-content\/uploads\/sites\/85\/2025\/05\/2024-815x1024.png\" alt=\"2024:\nAbril: 2\u00aa edi\u00e7\u00e3o da Miss\u00e3o Cidade Educadora, que teve como destino a Cidade Educadora de Genebra.\n- Cria\u00e7\u00e3o da Escola P\u00fablica de Tr\u00e2nsito.\nAgosto: IV Semin\u00e1rio Internacional Passo Fundo Cidade Educadora  \u2013 &quot;O papel da colabora\u00e7\u00e3o transversal para o desenho de pol\u00edticas p\u00fablicas na Cidade Educadora&quot;.\n-Outubro: 3\u00aa edi\u00e7\u00e3o da Miss\u00e3o Educa\u00e7\u00e3o do Futuro, que teve como destino a cidade de Curitiba.\nFoto: Aluno Samuel da Rocha - EMEF Benoni Rosado e Escola P\u00fablica de M\u00fasica Yamandu Costa\" class=\"wp-image-39\" srcset=\"https:\/\/www.pmpf.rs.gov.br\/cidadeeducadora\/wp-content\/uploads\/sites\/85\/2025\/05\/2024-815x1024.png 815w, https:\/\/www.pmpf.rs.gov.br\/cidadeeducadora\/wp-content\/uploads\/sites\/85\/2025\/05\/2024-239x300.png 239w, https:\/\/www.pmpf.rs.gov.br\/cidadeeducadora\/wp-content\/uploads\/sites\/85\/2025\/05\/2024-768x965.png 768w, https:\/\/www.pmpf.rs.gov.br\/cidadeeducadora\/wp-content\/uploads\/sites\/85\/2025\/05\/2024-1223x1536.png 1223w, https:\/\/www.pmpf.rs.gov.br\/cidadeeducadora\/wp-content\/uploads\/sites\/85\/2025\/05\/2024.png 1414w\" sizes=\"(max-width: 815px) 100vw, 815px\" \/><\/figure>\n\n\n\n<h2 class=\"wp-block-heading\">Confira os princ\u00edpios:<\/h2>\n\n\n\n<div class=\"wp-block-columns is-layout-flex wp-container-core-columns-is-layout-1 wp-block-columns-is-layout-flex\">\n<div class=\"wp-block-column is-layout-flow wp-block-column-is-layout-flow\">\n<p><strong>O DIREITO \u00c0 CIDADE EDUCADORA<\/strong><\/p>\n\n\n\n<ul class=\"wp-block-list\">\n<li><strong>01 <\/strong>\u2013 Educa\u00e7\u00e3o inclusiva ao longo da vida<\/li>\n\n\n\n<li><strong>02<\/strong> \u2013 Pol\u00edtica educativa ampla<\/li>\n\n\n\n<li><strong>03 <\/strong>\u2013 Diversidade e n\u00e3o discrimina\u00e7\u00e3o<\/li>\n\n\n\n<li><strong>04 <\/strong>\u2013 Acesso \u00e0 cultura Di\u00e1logo intergeracional<\/li>\n<\/ul>\n\n\n\n<p><strong>O COMPROMISSO DA CIDADE<\/strong><\/p>\n\n\n\n<ul class=\"wp-block-list\">\n<li><strong>05 \u2013 <\/strong>Conhecimento do territ\u00f3rio<\/li>\n\n\n\n<li><strong>06 \u2013 <\/strong>Acesso \u00e0 informa\u00e7\u00e3o<\/li>\n\n\n\n<li><strong>07 \u2013 <\/strong>Governan\u00e7a e participa\u00e7\u00e3o dos cidad\u00e3os<\/li>\n\n\n\n<li><strong>08 \u2013 <\/strong>Acompanhamento e melhoria cont\u00ednua<\/li>\n\n\n\n<li><strong>09 \u2013 <\/strong>Identidade da cidade<\/li>\n\n\n\n<li><strong>10 \u2013 <\/strong>Espa\u00e7o p\u00fablico habit\u00e1vel<\/li>\n\n\n\n<li><strong>11 \u2013 <\/strong>Adequa\u00e7\u00e3o dos equipamentos e servi\u00e7os municipais<\/li>\n\n\n\n<li><strong>12 \u2013 <\/strong>Sustentabilidade<\/li>\n<\/ul>\n<\/div>\n\n\n\n<div class=\"wp-block-column is-layout-flow wp-block-column-is-layout-flow\">\n<p><strong>AO SERVI\u00c7O INTEGRAL DAS PESSOAS<\/strong><\/p>\n\n\n\n<p><strong>13 \u2013 <\/strong>Promo\u00e7\u00e3o da sa\u00fade Forma\u00e7\u00e3o de agentes educativos<\/p>\n\n\n\n<p><strong>14 \u2013 <\/strong>Orienta\u00e7\u00e3o e inser\u00e7\u00e3o laboral inclusiva<\/p>\n\n\n\n<p><strong>15 \u2013 <\/strong>Inclus\u00e3o e coes\u00e3o social<\/p>\n\n\n\n<p><strong>16 \u2013 <\/strong>Corresponsabilidade contra as desigualdades<\/p>\n\n\n\n<p><strong>17 \u2013 <\/strong>Promo\u00e7\u00e3o do associativismo e do voluntariado<\/p>\n\n\n\n<p><strong>18 \u2013 <\/strong>Educa\u00e7\u00e3o para uma cidadania democr\u00e1tica e global<\/p>\n<\/div>\n<\/div>\n\n\n\n<hr class=\"wp-block-separator has-alpha-channel-opacity\" \/>\n\n\n\n<p><\/p>\n","protected":false},"excerpt":{"rendered":"<p>A ades\u00e3o \u00e0 carta das Cidades Educadoras e o caminho percorrido Uma cidade educadora \u00e9 aquela que transcende as paredes da escola e se estende a todos os espa\u00e7os urbanos, conectando os [&hellip;]<\/p>\n","protected":false},"author":4,"featured_media":0,"parent":0,"menu_order":0,"comment_status":"closed","ping_status":"closed","template":"page_secretaria_com_sidebar.php","meta":{"footnotes":""},"class_list":["post-5","page","type-page","status-publish","hentry"],"yoast_head":"<!-- This site is optimized with the Yoast SEO plugin v23.8 - https:\/\/yoast.com\/wordpress\/plugins\/seo\/ -->\n<title>Cidade Educadora - Cidade Educadora<\/title>\n<meta name=\"robots\" content=\"index, follow, max-snippet:-1, max-image-preview:large, max-video-preview:-1\" \/>\n<link rel=\"canonical\" href=\"https:\/\/www.pmpf.rs.gov.br\/cidadeeducadora\/\" \/>\n<meta property=\"og:locale\" content=\"pt_BR\" \/>\n<meta property=\"og:type\" content=\"article\" \/>\n<meta property=\"og:title\" content=\"Cidade Educadora - Cidade Educadora\" \/>\n<meta property=\"og:description\" content=\"A ades\u00e3o \u00e0 carta das Cidades Educadoras e o caminho percorrido Uma cidade educadora \u00e9 aquela que transcende as paredes da escola e se estende a todos os espa\u00e7os urbanos, conectando os [&hellip;]\" \/>\n<meta property=\"og:url\" content=\"https:\/\/www.pmpf.rs.gov.br\/cidadeeducadora\/\" \/>\n<meta property=\"og:site_name\" content=\"Cidade Educadora\" \/>\n<meta property=\"article:modified_time\" content=\"2025-05-27T18:03:55+00:00\" \/>\n<meta property=\"og:image\" content=\"https:\/\/www.pmpf.rs.gov.br\/cidadeeducadora\/wp-content\/uploads\/sites\/85\/2025\/05\/PMPF-Relatorio-gestao-21-24.png\" \/>\n\t<meta property=\"og:image:width\" content=\"1414\" \/>\n\t<meta property=\"og:image:height\" content=\"874\" \/>\n\t<meta property=\"og:image:type\" content=\"image\/png\" \/>\n<meta name=\"twitter:card\" content=\"summary_large_image\" \/>\n<meta name=\"twitter:label1\" content=\"Est. tempo de leitura\" \/>\n\t<meta name=\"twitter:data1\" content=\"1 minuto\" \/>\n<script type=\"application\/ld+json\" class=\"yoast-schema-graph\">{\"@context\":\"https:\/\/schema.org\",\"@graph\":[{\"@type\":\"WebPage\",\"@id\":\"https:\/\/www.pmpf.rs.gov.br\/cidadeeducadora\/\",\"url\":\"https:\/\/www.pmpf.rs.gov.br\/cidadeeducadora\/\",\"name\":\"Cidade Educadora - Cidade Educadora\",\"isPartOf\":{\"@id\":\"https:\/\/www.pmpf.rs.gov.br\/cidadeeducadora\/#website\"},\"primaryImageOfPage\":{\"@id\":\"https:\/\/www.pmpf.rs.gov.br\/cidadeeducadora\/#primaryimage\"},\"image\":{\"@id\":\"https:\/\/www.pmpf.rs.gov.br\/cidadeeducadora\/#primaryimage\"},\"thumbnailUrl\":\"https:\/\/www.pmpf.rs.gov.br\/cidadeeducadora\/wp-content\/uploads\/sites\/85\/2025\/05\/PMPF-Relatorio-gestao-21-24-1024x633.png\",\"datePublished\":\"2025-05-06T13:53:14+00:00\",\"dateModified\":\"2025-05-27T18:03:55+00:00\",\"breadcrumb\":{\"@id\":\"https:\/\/www.pmpf.rs.gov.br\/cidadeeducadora\/#breadcrumb\"},\"inLanguage\":\"pt-BR\",\"potentialAction\":[{\"@type\":\"ReadAction\",\"target\":[\"https:\/\/www.pmpf.rs.gov.br\/cidadeeducadora\/\"]}]},{\"@type\":\"ImageObject\",\"inLanguage\":\"pt-BR\",\"@id\":\"https:\/\/www.pmpf.rs.gov.br\/cidadeeducadora\/#primaryimage\",\"url\":\"https:\/\/www.pmpf.rs.gov.br\/cidadeeducadora\/wp-content\/uploads\/sites\/85\/2025\/05\/PMPF-Relatorio-gestao-21-24.png\",\"contentUrl\":\"https:\/\/www.pmpf.rs.gov.br\/cidadeeducadora\/wp-content\/uploads\/sites\/85\/2025\/05\/PMPF-Relatorio-gestao-21-24.png\",\"width\":1414,\"height\":874},{\"@type\":\"BreadcrumbList\",\"@id\":\"https:\/\/www.pmpf.rs.gov.br\/cidadeeducadora\/#breadcrumb\",\"itemListElement\":[{\"@type\":\"ListItem\",\"position\":1,\"name\":\"In\u00edcio\",\"item\":\"https:\/\/www.pmpf.rs.gov.br\/cidadeeducadora\/\"},{\"@type\":\"ListItem\",\"position\":2,\"name\":\"Cidade Educadora\"}]},{\"@type\":\"WebSite\",\"@id\":\"https:\/\/www.pmpf.rs.gov.br\/cidadeeducadora\/#website\",\"url\":\"https:\/\/www.pmpf.rs.gov.br\/cidadeeducadora\/\",\"name\":\"Cidade Educadora\",\"description\":\"\",\"potentialAction\":[{\"@type\":\"SearchAction\",\"target\":{\"@type\":\"EntryPoint\",\"urlTemplate\":\"https:\/\/www.pmpf.rs.gov.br\/cidadeeducadora\/?s={search_term_string}\"},\"query-input\":{\"@type\":\"PropertyValueSpecification\",\"valueRequired\":true,\"valueName\":\"search_term_string\"}}],\"inLanguage\":\"pt-BR\"}]}<\/script>\n<!-- \/ Yoast SEO plugin. -->","yoast_head_json":{"title":"Cidade Educadora - Cidade Educadora","robots":{"index":"index","follow":"follow","max-snippet":"max-snippet:-1","max-image-preview":"max-image-preview:large","max-video-preview":"max-video-preview:-1"},"canonical":"https:\/\/www.pmpf.rs.gov.br\/cidadeeducadora\/","og_locale":"pt_BR","og_type":"article","og_title":"Cidade Educadora - Cidade Educadora","og_description":"A ades\u00e3o \u00e0 carta das Cidades Educadoras e o caminho percorrido Uma cidade educadora \u00e9 aquela que transcende as paredes da escola e se estende a todos os espa\u00e7os urbanos, conectando os [&hellip;]","og_url":"https:\/\/www.pmpf.rs.gov.br\/cidadeeducadora\/","og_site_name":"Cidade Educadora","article_modified_time":"2025-05-27T18:03:55+00:00","og_image":[{"width":1414,"height":874,"url":"https:\/\/www.pmpf.rs.gov.br\/cidadeeducadora\/wp-content\/uploads\/sites\/85\/2025\/05\/PMPF-Relatorio-gestao-21-24.png","type":"image\/png"}],"twitter_card":"summary_large_image","twitter_misc":{"Est. tempo de leitura":"1 minuto"},"schema":{"@context":"https:\/\/schema.org","@graph":[{"@type":"WebPage","@id":"https:\/\/www.pmpf.rs.gov.br\/cidadeeducadora\/","url":"https:\/\/www.pmpf.rs.gov.br\/cidadeeducadora\/","name":"Cidade Educadora - Cidade Educadora","isPartOf":{"@id":"https:\/\/www.pmpf.rs.gov.br\/cidadeeducadora\/#website"},"primaryImageOfPage":{"@id":"https:\/\/www.pmpf.rs.gov.br\/cidadeeducadora\/#primaryimage"},"image":{"@id":"https:\/\/www.pmpf.rs.gov.br\/cidadeeducadora\/#primaryimage"},"thumbnailUrl":"https:\/\/www.pmpf.rs.gov.br\/cidadeeducadora\/wp-content\/uploads\/sites\/85\/2025\/05\/PMPF-Relatorio-gestao-21-24-1024x633.png","datePublished":"2025-05-06T13:53:14+00:00","dateModified":"2025-05-27T18:03:55+00:00","breadcrumb":{"@id":"https:\/\/www.pmpf.rs.gov.br\/cidadeeducadora\/#breadcrumb"},"inLanguage":"pt-BR","potentialAction":[{"@type":"ReadAction","target":["https:\/\/www.pmpf.rs.gov.br\/cidadeeducadora\/"]}]},{"@type":"ImageObject","inLanguage":"pt-BR","@id":"https:\/\/www.pmpf.rs.gov.br\/cidadeeducadora\/#primaryimage","url":"https:\/\/www.pmpf.rs.gov.br\/cidadeeducadora\/wp-content\/uploads\/sites\/85\/2025\/05\/PMPF-Relatorio-gestao-21-24.png","contentUrl":"https:\/\/www.pmpf.rs.gov.br\/cidadeeducadora\/wp-content\/uploads\/sites\/85\/2025\/05\/PMPF-Relatorio-gestao-21-24.png","width":1414,"height":874},{"@type":"BreadcrumbList","@id":"https:\/\/www.pmpf.rs.gov.br\/cidadeeducadora\/#breadcrumb","itemListElement":[{"@type":"ListItem","position":1,"name":"In\u00edcio","item":"https:\/\/www.pmpf.rs.gov.br\/cidadeeducadora\/"},{"@type":"ListItem","position":2,"name":"Cidade Educadora"}]},{"@type":"WebSite","@id":"https:\/\/www.pmpf.rs.gov.br\/cidadeeducadora\/#website","url":"https:\/\/www.pmpf.rs.gov.br\/cidadeeducadora\/","name":"Cidade Educadora","description":"","potentialAction":[{"@type":"SearchAction","target":{"@type":"EntryPoint","urlTemplate":"https:\/\/www.pmpf.rs.gov.br\/cidadeeducadora\/?s={search_term_string}"},"query-input":{"@type":"PropertyValueSpecification","valueRequired":true,"valueName":"search_term_string"}}],"inLanguage":"pt-BR"}]}},"_links":{"self":[{"href":"https:\/\/www.pmpf.rs.gov.br\/cidadeeducadora\/wp-json\/wp\/v2\/pages\/5"}],"collection":[{"href":"https:\/\/www.pmpf.rs.gov.br\/cidadeeducadora\/wp-json\/wp\/v2\/pages"}],"about":[{"href":"https:\/\/www.pmpf.rs.gov.br\/cidadeeducadora\/wp-json\/wp\/v2\/types\/page"}],"author":[{"embeddable":true,"href":"https:\/\/www.pmpf.rs.gov.br\/cidadeeducadora\/wp-json\/wp\/v2\/users\/4"}],"replies":[{"embeddable":true,"href":"https:\/\/www.pmpf.rs.gov.br\/cidadeeducadora\/wp-json\/wp\/v2\/comments?post=5"}],"version-history":[{"count":18,"href":"https:\/\/www.pmpf.rs.gov.br\/cidadeeducadora\/wp-json\/wp\/v2\/pages\/5\/revisions"}],"predecessor-version":[{"id":42,"href":"https:\/\/www.pmpf.rs.gov.br\/cidadeeducadora\/wp-json\/wp\/v2\/pages\/5\/revisions\/42"}],"wp:attachment":[{"href":"https:\/\/www.pmpf.rs.gov.br\/cidadeeducadora\/wp-json\/wp\/v2\/media?parent=5"}],"curies":[{"name":"wp","href":"https:\/\/api.w.org\/{rel}","templated":true}]}}