{"id":3,"date":"2022-03-02T10:23:28","date_gmt":"2022-03-02T13:23:28","guid":{"rendered":"https:\/\/www.pmpf.rs.gov.br\/cafe-com-emprego\/?page_id=3"},"modified":"2025-12-03T11:07:35","modified_gmt":"2025-12-03T14:07:35","slug":"cafecomempregoonline","status":"publish","type":"page","link":"https:\/\/www.pmpf.rs.gov.br\/cafecomempregoonline\/","title":{"rendered":""},"content":{"rendered":"\n<figure class=\"wp-block-image size-large is-resized is-style-default\"><img loading=\"lazy\" decoding=\"async\" width=\"1024\" height=\"198\" src=\"https:\/\/www.pmpf.rs.gov.br\/cafe-com-emprego\/wp-content\/uploads\/sites\/68\/2022\/03\/banner-cafe-com-emprego-3-1024x198.jpg\" alt=\"\" class=\"wp-image-9\" srcset=\"https:\/\/www.pmpf.rs.gov.br\/cafecomempregoonline\/wp-content\/uploads\/sites\/68\/2022\/03\/banner-cafe-com-emprego-3-1024x198.jpg 1024w, https:\/\/www.pmpf.rs.gov.br\/cafecomempregoonline\/wp-content\/uploads\/sites\/68\/2022\/03\/banner-cafe-com-emprego-3-300x58.jpg 300w, https:\/\/www.pmpf.rs.gov.br\/cafecomempregoonline\/wp-content\/uploads\/sites\/68\/2022\/03\/banner-cafe-com-emprego-3-768x149.jpg 768w, https:\/\/www.pmpf.rs.gov.br\/cafecomempregoonline\/wp-content\/uploads\/sites\/68\/2022\/03\/banner-cafe-com-emprego-3-1536x297.jpg 1536w, https:\/\/www.pmpf.rs.gov.br\/cafecomempregoonline\/wp-content\/uploads\/sites\/68\/2022\/03\/banner-cafe-com-emprego-3-2048x396.jpg 2048w\" sizes=\"(max-width: 1024px) 100vw, 1024px\" \/><\/figure>\n\n\n\n<div style=\"height:20px\" aria-hidden=\"true\" class=\"wp-block-spacer\"><\/div>\n\n\n\n<h3 class=\"wp-block-heading has-black-color has-text-color\">Encontre aqui a sua vaga!<\/h3>\n\n\n\n<p class=\"has-text-align-left\">&nbsp;A Prefeitura de Passo Fundo amplia o alcance e o acesso da popula\u00e7\u00e3o \u00e0s vagas de empregos dispon\u00edveis na cidade,  em parceria com as entidades representativas dos setores produtivos e comerciais do munic\u00edpio e a ag\u00eancia do FGTAS\/Sine Passo Fundo, atrav\u00e9s da ferramenta Caf\u00e9 com Emprego Online. Uma a\u00e7\u00e3o coletiva para promover o trabalho e o emprego em Passo Fundo.<\/p>\n\n\n\n<h3 class=\"wp-block-heading\">Consulte as vagas dispon\u00edveis:<\/h3>\n\n\n\n<div style=\"height:20px\" aria-hidden=\"true\" class=\"wp-block-spacer\"><\/div>\n\n\n\n<div class=\"wp-block-columns is-layout-flex wp-container-core-columns-is-layout-3 wp-block-columns-is-layout-flex\">\n<div class=\"wp-block-column is-layout-flow wp-block-column-is-layout-flow\">\n<div class=\"wp-block-columns is-layout-flex wp-container-core-columns-is-layout-1 wp-block-columns-is-layout-flex\">\n<div class=\"wp-block-column is-layout-flow wp-block-column-is-layout-flow\"><div class=\"wp-block-image is-resized is-style-default\">\n<figure class=\"alignleft size-full\"><a href=\"https:\/\/www.acisa.org.br\/\" target=\"_blank\" rel=\"noreferrer noopener\"><img loading=\"lazy\" decoding=\"async\" width=\"257\" height=\"147\" src=\"https:\/\/www.pmpf.rs.gov.br\/cafecomempregoonline\/wp-content\/uploads\/sites\/68\/2023\/01\/logos-acisa.jpg\" alt=\"\" class=\"wp-image-92\"\/><\/a><\/figure><\/div><\/div>\n\n\n\n<div class=\"wp-block-column is-layout-flow wp-block-column-is-layout-flow\"><div class=\"wp-block-image is-resized is-style-default\">\n<figure class=\"alignleft size-full\"><a href=\"https:\/\/painel.umentor.com.br\/inteligente_novos\/?con_cod=cdl9144&amp;pla=5\" target=\"_blank\" rel=\"noreferrer noopener\"><img loading=\"lazy\" decoding=\"async\" width=\"257\" height=\"147\" src=\"https:\/\/www.pmpf.rs.gov.br\/cafecomempregoonline\/wp-content\/uploads\/sites\/68\/2023\/01\/logos-cdl.jpg\" alt=\"\" class=\"wp-image-91\"\/><\/a><\/figure><\/div><\/div>\n<\/div>\n<\/div>\n\n\n\n<div class=\"wp-block-column is-layout-flow wp-block-column-is-layout-flow\">\n<div class=\"wp-block-columns is-layout-flex wp-container-core-columns-is-layout-2 wp-block-columns-is-layout-flex\">\n<div class=\"wp-block-column is-layout-flow wp-block-column-is-layout-flow\"><div class=\"wp-block-image is-resized is-style-default\">\n<figure class=\"alignleft size-full\"><a href=\"https:\/\/www.fgtas.rs.gov.br\/inicial\" target=\"_blank\" rel=\"noreferrer noopener\"><img loading=\"lazy\" decoding=\"async\" width=\"257\" height=\"147\" src=\"https:\/\/www.pmpf.rs.gov.br\/cafecomempregoonline\/wp-content\/uploads\/sites\/68\/2023\/01\/logos-fgtas.jpg\" alt=\"\" class=\"wp-image-89\"\/><\/a><\/figure><\/div><\/div>\n\n\n\n<div class=\"wp-block-column is-layout-flow wp-block-column-is-layout-flow\"><\/div>\n<\/div>\n<\/div>\n<\/div>\n\n\n\n<h3 class=\"wp-block-heading\">Vagas de Est\u00e1gios:<\/h3>\n\n\n\n<div style=\"height:20px\" aria-hidden=\"true\" class=\"wp-block-spacer\"><\/div>\n\n\n\n<div class=\"wp-block-columns is-layout-flex wp-container-core-columns-is-layout-4 wp-block-columns-is-layout-flex\">\n<div class=\"wp-block-column is-layout-flow wp-block-column-is-layout-flow\">\n<figure class=\"wp-block-image size-full is-style-default\"><a href=\"https:\/\/cieers.org.br\/conjuntos\" target=\"_blank\" rel=\"noreferrer noopener\"><img loading=\"lazy\" decoding=\"async\" width=\"257\" height=\"147\" src=\"https:\/\/www.pmpf.rs.gov.br\/cafecomempregoonline\/wp-content\/uploads\/sites\/68\/2024\/06\/logos-ciee-1.png\" alt=\"\" class=\"wp-image-426\" style=\"object-fit:cover\"\/><\/a><\/figure>\n<\/div>\n\n\n\n<div class=\"wp-block-column is-layout-flow wp-block-column-is-layout-flow\"><\/div>\n\n\n\n<div class=\"wp-block-column is-layout-flow wp-block-column-is-layout-flow\"><\/div>\n\n\n\n<div class=\"wp-block-column is-layout-flow wp-block-column-is-layout-flow\"><\/div>\n<\/div>\n\n\n\n<hr class=\"wp-block-separator has-alpha-channel-opacity\"\/>\n\n\n\n<h3 class=\"wp-block-heading has-black-color has-text-color\">Busque qualifica\u00e7\u00e3o!<\/h3>\n\n\n\n<div style=\"height:20px\" aria-hidden=\"true\" class=\"wp-block-spacer\"><\/div>\n\n\n\n<div class=\"wp-block-buttons is-layout-flex wp-block-buttons-is-layout-flex\">\n<div class=\"wp-block-button\"><a class=\"wp-block-button__link has-white-color has-blue-background-color has-text-color has-background wp-element-button\" href=\"http:\/\/eprof.educapf.org\/\" style=\"border-radius:10px\" target=\"_blank\" rel=\"noreferrer noopener\">Escola das Profiss\u00f5es<\/a><\/div>\n\n\n\n<div class=\"wp-block-button\"><a class=\"wp-block-button__link has-white-color has-blue-background-color has-text-color has-background wp-element-button\" href=\"https:\/\/ava.sebrae.com.br\/\" style=\"border-radius:10px\" target=\"_blank\" rel=\"noreferrer noopener\">SEBRAE<\/a><\/div>\n<\/div>\n\n\n\n<hr class=\"wp-block-separator has-alpha-channel-opacity\"\/>\n\n\n\n<h3 class=\"wp-block-heading\">Partiu Futuro Reconstru\u00e7\u00e3o 2\u00aa Edi\u00e7\u00e3o<\/h3>\n\n\n\n<p>As inscri\u00e7\u00f5es para o Programa Partiu Futuro v\u00e3o at\u00e9 o dia <strong>5 de dezembro<\/strong>! <\/p>\n\n\n\n<p>Esta \u00e9 uma iniciativa do Governo do Estado que oferece <strong>oportunidades de qualifica\u00e7\u00e3o profissional<\/strong> e inser\u00e7\u00e3o no mercado de trabalho <strong>para jovens de 14 a 22 anos<\/strong> inscritos no Cad\u00danico.<\/p>\n\n\n\n<p>O programa \u00e9 executado em parceria com entidades qualificadoras como o CIEE (Centro de Integra\u00e7\u00e3o Empresa Escola) e a Renapsi (Rede Nacional de Aprendizagem, Promo\u00e7\u00e3o Social e Integra\u00e7\u00e3o). <\/p>\n\n\n\n<p>Para Passo Fundo, ser\u00e3o <strong>90 vagas<\/strong>!<\/p>\n\n\n\n<p>As inscri\u00e7\u00f5es podem ser realizadas pelo site <a href=\"http:\/\/social.rs.gov.br\/?fbclid=IwZXh0bgNhZW0CMTAAYnJpZBExaFBRYndibjd4M2VzWE01SXNydGMGYXBwX2lkEDIyMjAzOTE3ODgyMDA4OTIAAR6l7X0vR6ffbPEwyZTUrU9YiVvCMoMrzUUt1AL1U6S6QgMwNPvXBjYPoK6wVQ_aem_Mul9mTWWzWOSy89auFL9Jw&amp;brid=Hs1VwbMyYxpnjo9SoQshhw\" rel=\"noreferrer noopener\" target=\"_blank\">social.rs.gov.br<\/a><\/p>\n\n\n\n<figure class=\"wp-block-gallery has-nested-images columns-default is-cropped wp-block-gallery-1 is-layout-flex wp-block-gallery-is-layout-flex\">\n<figure class=\"wp-block-image size-large\"><img loading=\"lazy\" decoding=\"async\" width=\"472\" height=\"590\" data-id=\"475\" src=\"https:\/\/www.pmpf.rs.gov.br\/cafecomempregoonline\/wp-content\/uploads\/sites\/68\/2025\/12\/reconstrucao1.jpg\" alt=\"\" class=\"wp-image-475\" srcset=\"https:\/\/www.pmpf.rs.gov.br\/cafecomempregoonline\/wp-content\/uploads\/sites\/68\/2025\/12\/reconstrucao1.jpg 472w, https:\/\/www.pmpf.rs.gov.br\/cafecomempregoonline\/wp-content\/uploads\/sites\/68\/2025\/12\/reconstrucao1-240x300.jpg 240w\" sizes=\"(max-width: 472px) 100vw, 472px\" \/><\/figure>\n\n\n\n<figure class=\"wp-block-image size-large\"><img loading=\"lazy\" decoding=\"async\" width=\"819\" height=\"1024\" data-id=\"469\" src=\"https:\/\/www.pmpf.rs.gov.br\/cafecomempregoonline\/wp-content\/uploads\/sites\/68\/2025\/12\/reconstrucao2-819x1024.jpg\" alt=\"\" class=\"wp-image-469\" srcset=\"https:\/\/www.pmpf.rs.gov.br\/cafecomempregoonline\/wp-content\/uploads\/sites\/68\/2025\/12\/reconstrucao2-819x1024.jpg 819w, https:\/\/www.pmpf.rs.gov.br\/cafecomempregoonline\/wp-content\/uploads\/sites\/68\/2025\/12\/reconstrucao2-240x300.jpg 240w, https:\/\/www.pmpf.rs.gov.br\/cafecomempregoonline\/wp-content\/uploads\/sites\/68\/2025\/12\/reconstrucao2-768x960.jpg 768w, https:\/\/www.pmpf.rs.gov.br\/cafecomempregoonline\/wp-content\/uploads\/sites\/68\/2025\/12\/reconstrucao2.jpg 1080w\" sizes=\"(max-width: 819px) 100vw, 819px\" \/><\/figure>\n\n\n\n<figure class=\"wp-block-image size-large\"><img loading=\"lazy\" decoding=\"async\" width=\"819\" height=\"1024\" data-id=\"470\" src=\"https:\/\/www.pmpf.rs.gov.br\/cafecomempregoonline\/wp-content\/uploads\/sites\/68\/2025\/12\/reconstrucao3-819x1024.jpg\" alt=\"\" class=\"wp-image-470\" srcset=\"https:\/\/www.pmpf.rs.gov.br\/cafecomempregoonline\/wp-content\/uploads\/sites\/68\/2025\/12\/reconstrucao3-819x1024.jpg 819w, https:\/\/www.pmpf.rs.gov.br\/cafecomempregoonline\/wp-content\/uploads\/sites\/68\/2025\/12\/reconstrucao3-240x300.jpg 240w, https:\/\/www.pmpf.rs.gov.br\/cafecomempregoonline\/wp-content\/uploads\/sites\/68\/2025\/12\/reconstrucao3-768x960.jpg 768w, https:\/\/www.pmpf.rs.gov.br\/cafecomempregoonline\/wp-content\/uploads\/sites\/68\/2025\/12\/reconstrucao3.jpg 1080w\" sizes=\"(max-width: 819px) 100vw, 819px\" \/><\/figure>\n<\/figure>\n\n\n\n<hr class=\"wp-block-separator has-alpha-channel-opacity\"\/>\n\n\n\n<p><\/p>\n","protected":false},"excerpt":{"rendered":"<p>Encontre aqui a sua vaga! &nbsp;A Prefeitura de Passo Fundo amplia o alcance e o acesso da popula\u00e7\u00e3o \u00e0s vagas de empregos dispon\u00edveis na cidade, em parceria com as entidades representativas dos [&hellip;]<\/p>\n","protected":false},"author":4,"featured_media":0,"parent":0,"menu_order":0,"comment_status":"closed","ping_status":"closed","template":"page_secretaria_sem_sidebar.php","meta":{"footnotes":""},"class_list":["post-3","page","type-page","status-publish","hentry"],"yoast_head":"<!-- This site is optimized with the Yoast SEO plugin v23.8 - https:\/\/yoast.com\/wordpress\/plugins\/seo\/ -->\n<title>- Caf\u00e9 com Emprego Online<\/title>\n<meta name=\"robots\" content=\"index, follow, max-snippet:-1, max-image-preview:large, max-video-preview:-1\" \/>\n<link rel=\"canonical\" href=\"https:\/\/www.pmpf.rs.gov.br\/cafecomempregoonline\/\" \/>\n<meta property=\"og:locale\" content=\"pt_BR\" \/>\n<meta property=\"og:type\" content=\"article\" \/>\n<meta property=\"og:title\" content=\"- Caf\u00e9 com Emprego Online\" \/>\n<meta property=\"og:description\" content=\"Encontre aqui a sua vaga! &nbsp;A Prefeitura de Passo Fundo amplia o alcance e o acesso da popula\u00e7\u00e3o \u00e0s vagas de empregos dispon\u00edveis na cidade, em parceria com as entidades representativas dos [&hellip;]\" \/>\n<meta property=\"og:url\" content=\"https:\/\/www.pmpf.rs.gov.br\/cafecomempregoonline\/\" \/>\n<meta property=\"og:site_name\" content=\"Caf\u00e9 com Emprego Online\" \/>\n<meta property=\"article:modified_time\" content=\"2025-12-03T14:07:35+00:00\" \/>\n<meta property=\"og:image\" content=\"https:\/\/www.pmpf.rs.gov.br\/cafecomempregoonline\/wp-content\/uploads\/sites\/68\/2022\/03\/banner-cafe-com-emprego-3.jpg\" \/>\n\t<meta property=\"og:image:width\" content=\"2356\" \/>\n\t<meta property=\"og:image:height\" content=\"456\" \/>\n\t<meta property=\"og:image:type\" content=\"image\/jpeg\" \/>\n<meta name=\"twitter:card\" content=\"summary_large_image\" \/>\n<meta name=\"twitter:label1\" content=\"Est. tempo de leitura\" \/>\n\t<meta name=\"twitter:data1\" content=\"1 minuto\" \/>\n<script type=\"application\/ld+json\" class=\"yoast-schema-graph\">{\"@context\":\"https:\/\/schema.org\",\"@graph\":[{\"@type\":\"WebPage\",\"@id\":\"https:\/\/www.pmpf.rs.gov.br\/cafecomempregoonline\/\",\"url\":\"https:\/\/www.pmpf.rs.gov.br\/cafecomempregoonline\/\",\"name\":\"- Caf\u00e9 com Emprego Online\",\"isPartOf\":{\"@id\":\"https:\/\/www.pmpf.rs.gov.br\/cafecomempregoonline\/#website\"},\"primaryImageOfPage\":{\"@id\":\"https:\/\/www.pmpf.rs.gov.br\/cafecomempregoonline\/#primaryimage\"},\"image\":{\"@id\":\"https:\/\/www.pmpf.rs.gov.br\/cafecomempregoonline\/#primaryimage\"},\"thumbnailUrl\":\"https:\/\/www.pmpf.rs.gov.br\/cafe-com-emprego\/wp-content\/uploads\/sites\/68\/2022\/03\/banner-cafe-com-emprego-3-1024x198.jpg\",\"datePublished\":\"2022-03-02T13:23:28+00:00\",\"dateModified\":\"2025-12-03T14:07:35+00:00\",\"inLanguage\":\"pt-BR\",\"potentialAction\":[{\"@type\":\"ReadAction\",\"target\":[\"https:\/\/www.pmpf.rs.gov.br\/cafecomempregoonline\/\"]}]},{\"@type\":\"ImageObject\",\"inLanguage\":\"pt-BR\",\"@id\":\"https:\/\/www.pmpf.rs.gov.br\/cafecomempregoonline\/#primaryimage\",\"url\":\"https:\/\/www.pmpf.rs.gov.br\/cafe-com-emprego\/wp-content\/uploads\/sites\/68\/2022\/03\/banner-cafe-com-emprego-3-1024x198.jpg\",\"contentUrl\":\"https:\/\/www.pmpf.rs.gov.br\/cafe-com-emprego\/wp-content\/uploads\/sites\/68\/2022\/03\/banner-cafe-com-emprego-3-1024x198.jpg\"},{\"@type\":\"WebSite\",\"@id\":\"https:\/\/www.pmpf.rs.gov.br\/cafecomempregoonline\/#website\",\"url\":\"https:\/\/www.pmpf.rs.gov.br\/cafecomempregoonline\/\",\"name\":\"Caf\u00e9 com Emprego Online\",\"description\":\"S\u00f3 mais um site Prefeitura de Passo Fundo\",\"potentialAction\":[{\"@type\":\"SearchAction\",\"target\":{\"@type\":\"EntryPoint\",\"urlTemplate\":\"https:\/\/www.pmpf.rs.gov.br\/cafecomempregoonline\/?s={search_term_string}\"},\"query-input\":{\"@type\":\"PropertyValueSpecification\",\"valueRequired\":true,\"valueName\":\"search_term_string\"}}],\"inLanguage\":\"pt-BR\"}]}<\/script>\n<!-- \/ Yoast SEO plugin. -->","yoast_head_json":{"title":"- Caf\u00e9 com Emprego Online","robots":{"index":"index","follow":"follow","max-snippet":"max-snippet:-1","max-image-preview":"max-image-preview:large","max-video-preview":"max-video-preview:-1"},"canonical":"https:\/\/www.pmpf.rs.gov.br\/cafecomempregoonline\/","og_locale":"pt_BR","og_type":"article","og_title":"- Caf\u00e9 com Emprego Online","og_description":"Encontre aqui a sua vaga! &nbsp;A Prefeitura de Passo Fundo amplia o alcance e o acesso da popula\u00e7\u00e3o \u00e0s vagas de empregos dispon\u00edveis na cidade, em parceria com as entidades representativas dos [&hellip;]","og_url":"https:\/\/www.pmpf.rs.gov.br\/cafecomempregoonline\/","og_site_name":"Caf\u00e9 com Emprego Online","article_modified_time":"2025-12-03T14:07:35+00:00","og_image":[{"width":2356,"height":456,"url":"https:\/\/www.pmpf.rs.gov.br\/cafecomempregoonline\/wp-content\/uploads\/sites\/68\/2022\/03\/banner-cafe-com-emprego-3.jpg","type":"image\/jpeg"}],"twitter_card":"summary_large_image","twitter_misc":{"Est. tempo de leitura":"1 minuto"},"schema":{"@context":"https:\/\/schema.org","@graph":[{"@type":"WebPage","@id":"https:\/\/www.pmpf.rs.gov.br\/cafecomempregoonline\/","url":"https:\/\/www.pmpf.rs.gov.br\/cafecomempregoonline\/","name":"- Caf\u00e9 com Emprego Online","isPartOf":{"@id":"https:\/\/www.pmpf.rs.gov.br\/cafecomempregoonline\/#website"},"primaryImageOfPage":{"@id":"https:\/\/www.pmpf.rs.gov.br\/cafecomempregoonline\/#primaryimage"},"image":{"@id":"https:\/\/www.pmpf.rs.gov.br\/cafecomempregoonline\/#primaryimage"},"thumbnailUrl":"https:\/\/www.pmpf.rs.gov.br\/cafe-com-emprego\/wp-content\/uploads\/sites\/68\/2022\/03\/banner-cafe-com-emprego-3-1024x198.jpg","datePublished":"2022-03-02T13:23:28+00:00","dateModified":"2025-12-03T14:07:35+00:00","inLanguage":"pt-BR","potentialAction":[{"@type":"ReadAction","target":["https:\/\/www.pmpf.rs.gov.br\/cafecomempregoonline\/"]}]},{"@type":"ImageObject","inLanguage":"pt-BR","@id":"https:\/\/www.pmpf.rs.gov.br\/cafecomempregoonline\/#primaryimage","url":"https:\/\/www.pmpf.rs.gov.br\/cafe-com-emprego\/wp-content\/uploads\/sites\/68\/2022\/03\/banner-cafe-com-emprego-3-1024x198.jpg","contentUrl":"https:\/\/www.pmpf.rs.gov.br\/cafe-com-emprego\/wp-content\/uploads\/sites\/68\/2022\/03\/banner-cafe-com-emprego-3-1024x198.jpg"},{"@type":"WebSite","@id":"https:\/\/www.pmpf.rs.gov.br\/cafecomempregoonline\/#website","url":"https:\/\/www.pmpf.rs.gov.br\/cafecomempregoonline\/","name":"Caf\u00e9 com Emprego Online","description":"S\u00f3 mais um site Prefeitura de Passo Fundo","potentialAction":[{"@type":"SearchAction","target":{"@type":"EntryPoint","urlTemplate":"https:\/\/www.pmpf.rs.gov.br\/cafecomempregoonline\/?s={search_term_string}"},"query-input":{"@type":"PropertyValueSpecification","valueRequired":true,"valueName":"search_term_string"}}],"inLanguage":"pt-BR"}]}},"_links":{"self":[{"href":"https:\/\/www.pmpf.rs.gov.br\/cafecomempregoonline\/wp-json\/wp\/v2\/pages\/3"}],"collection":[{"href":"https:\/\/www.pmpf.rs.gov.br\/cafecomempregoonline\/wp-json\/wp\/v2\/pages"}],"about":[{"href":"https:\/\/www.pmpf.rs.gov.br\/cafecomempregoonline\/wp-json\/wp\/v2\/types\/page"}],"author":[{"embeddable":true,"href":"https:\/\/www.pmpf.rs.gov.br\/cafecomempregoonline\/wp-json\/wp\/v2\/users\/4"}],"replies":[{"embeddable":true,"href":"https:\/\/www.pmpf.rs.gov.br\/cafecomempregoonline\/wp-json\/wp\/v2\/comments?post=3"}],"version-history":[{"count":114,"href":"https:\/\/www.pmpf.rs.gov.br\/cafecomempregoonline\/wp-json\/wp\/v2\/pages\/3\/revisions"}],"predecessor-version":[{"id":476,"href":"https:\/\/www.pmpf.rs.gov.br\/cafecomempregoonline\/wp-json\/wp\/v2\/pages\/3\/revisions\/476"}],"wp:attachment":[{"href":"https:\/\/www.pmpf.rs.gov.br\/cafecomempregoonline\/wp-json\/wp\/v2\/media?parent=3"}],"curies":[{"name":"wp","href":"https:\/\/api.w.org\/{rel}","templated":true}]}}