{"id":70,"date":"2023-01-25T10:58:52","date_gmt":"2023-01-25T13:58:52","guid":{"rendered":"https:\/\/www.pmpf.rs.gov.br\/avenidabrasil\/?page_id=70"},"modified":"2023-01-25T10:58:52","modified_gmt":"2023-01-25T13:58:52","slug":"etapas-das-obra","status":"publish","type":"page","link":"https:\/\/www.pmpf.rs.gov.br\/avenidabrasil\/etapas-das-obra\/","title":{"rendered":"Etapas das obra"},"content":{"rendered":"\n<p>Como ser\u00e1 a obra<br>A obra ser\u00e1 dividida em tr\u00eas etapas: a primeira, que vai iniciar em janeiro, contemplar\u00e1 os canteiros 1, 2 e 3; a segunda, de forma subsequente, ser\u00e1 nos canteiros 4, 5 e 6; os canteiros 7, 8, 9 e 10 ser\u00e3o transformados na terceira e \u00faltima fase.<\/p>\n\n\n\n<p>Cada etapa ser\u00e1 executada em um per\u00edodo de cinco meses. Isso significa que a obra total dever\u00e1 ser entregue em aproximadamente um ano e meio.<\/p>\n\n\n\n<p>Setores<br>Canteiro 1<br>Espa\u00e7o destinado a tendas de feiras, mesas e bancos para o consumo de alimentos, bebedouro, internet, tomadas, esta\u00e7\u00e3o de bicicletas compartilhadas.<\/p>\n\n\n\n<p>Canteiro 2<br>Espa\u00e7o para eventos e proje\u00e7\u00e3o de imagens (cinema), revitaliza\u00e7\u00e3o do monumento da M\u00e3e Preta, esta\u00e7\u00e3o de bicicleta, bebedouro.<\/p>\n\n\n\n<p>Canteiro 3<br>Academia ao ar livre, palco para gin\u00e1stica, circuito multifuncional, esta\u00e7\u00e3o de bicicleta, bicifix (espa\u00e7o para manuten\u00e7\u00e3o de bicicletas), bebedouro.<\/p>\n\n\n\n<p>Carteiro 4<br>Playground infantil, bebedouro, esta\u00e7\u00e3o de \u00e1gua quente e fria, esta\u00e7\u00e3o de bicicleta.<\/p>\n\n\n\n<p>Canteiro 5<br>Espa\u00e7o tecnol\u00f3gico com esta\u00e7\u00f5es para trabalho e estudo, tomadas, internet, espa\u00e7o para alimenta\u00e7\u00e3o, esta\u00e7\u00e3o de bicicleta.<\/p>\n\n\n\n<p>Canteiro 6<br>Cancha de bocha revitalizada, espa\u00e7o pet cercado, bebedouro para pessoas e para animais, lixeira com saquinhos para higiene dos pets.<\/p>\n\n\n\n<p>Canteiro 7<br>Espa\u00e7o para alimenta\u00e7\u00e3o, \u00e1rea de conviv\u00eancia.<\/p>\n\n\n\n<p>Canteiro 8<br>\u00c1rea de conviv\u00eancia, playgroyund, bebedouro.<\/p>\n\n\n\n<p>Canteiro 9<br>Chimarr\u00f3dromo com pergolado, esta\u00e7\u00e3o de hidrata\u00e7\u00e3o com \u00e1gua quente e fria.<\/p>\n\n\n\n<p>Canteiro 10<br>\u00c1rea de conviv\u00eancia, esta\u00e7\u00e3o de bicicletas compartilhadas.<\/p>\n\n\n\n<p><em>Durante o per\u00edodo em que estiverem em obras, os canteiros da Avenida Brasil ser\u00e3o cercados. Vamos fazer o poss\u00edvel para gerar a menor interfer\u00eancia, mas algumas altera\u00e7\u00f5es ser\u00e3o necess\u00e1rias e precisar\u00e3o da compreens\u00e3o e aten\u00e7\u00e3o dos passo-fundenses.<\/em><\/p>\n","protected":false},"excerpt":{"rendered":"<p>Como ser\u00e1 a obraA obra ser\u00e1 dividida em tr\u00eas etapas: a primeira, que vai iniciar em janeiro, contemplar\u00e1 os canteiros 1, 2 e 3; a segunda, de forma subsequente, ser\u00e1 nos canteiros [&hellip;]<\/p>\n","protected":false},"author":5,"featured_media":0,"parent":0,"menu_order":0,"comment_status":"closed","ping_status":"closed","template":"","meta":{"footnotes":""},"class_list":["post-70","page","type-page","status-publish","hentry"],"yoast_head":"<!-- This site is optimized with the Yoast SEO plugin v23.8 - https:\/\/yoast.com\/wordpress\/plugins\/seo\/ -->\n<title>Etapas das obra - Parque Linear da Avenida Brasil<\/title>\n<meta name=\"robots\" content=\"index, follow, max-snippet:-1, max-image-preview:large, max-video-preview:-1\" \/>\n<link rel=\"canonical\" href=\"https:\/\/www.pmpf.rs.gov.br\/avenidabrasil\/etapas-das-obra\/\" \/>\n<meta property=\"og:locale\" content=\"pt_BR\" \/>\n<meta property=\"og:type\" content=\"article\" \/>\n<meta property=\"og:title\" content=\"Etapas das obra - Parque Linear da Avenida Brasil\" \/>\n<meta property=\"og:description\" content=\"Como ser\u00e1 a obraA obra ser\u00e1 dividida em tr\u00eas etapas: a primeira, que vai iniciar em janeiro, contemplar\u00e1 os canteiros 1, 2 e 3; a segunda, de forma subsequente, ser\u00e1 nos canteiros [&hellip;]\" \/>\n<meta property=\"og:url\" content=\"https:\/\/www.pmpf.rs.gov.br\/avenidabrasil\/etapas-das-obra\/\" \/>\n<meta property=\"og:site_name\" content=\"Parque Linear da Avenida Brasil\" \/>\n<meta name=\"twitter:card\" content=\"summary_large_image\" \/>\n<meta name=\"twitter:label1\" content=\"Est. tempo de leitura\" \/>\n\t<meta name=\"twitter:data1\" content=\"1 minuto\" \/>\n<script type=\"application\/ld+json\" class=\"yoast-schema-graph\">{\"@context\":\"https:\/\/schema.org\",\"@graph\":[{\"@type\":\"WebPage\",\"@id\":\"https:\/\/www.pmpf.rs.gov.br\/avenidabrasil\/etapas-das-obra\/\",\"url\":\"https:\/\/www.pmpf.rs.gov.br\/avenidabrasil\/etapas-das-obra\/\",\"name\":\"Etapas das obra - Parque Linear da Avenida Brasil\",\"isPartOf\":{\"@id\":\"https:\/\/www.pmpf.rs.gov.br\/avenidabrasil\/#website\"},\"datePublished\":\"2023-01-25T13:58:52+00:00\",\"dateModified\":\"2023-01-25T13:58:52+00:00\",\"breadcrumb\":{\"@id\":\"https:\/\/www.pmpf.rs.gov.br\/avenidabrasil\/etapas-das-obra\/#breadcrumb\"},\"inLanguage\":\"pt-BR\",\"potentialAction\":[{\"@type\":\"ReadAction\",\"target\":[\"https:\/\/www.pmpf.rs.gov.br\/avenidabrasil\/etapas-das-obra\/\"]}]},{\"@type\":\"BreadcrumbList\",\"@id\":\"https:\/\/www.pmpf.rs.gov.br\/avenidabrasil\/etapas-das-obra\/#breadcrumb\",\"itemListElement\":[{\"@type\":\"ListItem\",\"position\":1,\"name\":\"In\u00edcio\",\"item\":\"https:\/\/www.pmpf.rs.gov.br\/avenidabrasil\/\"},{\"@type\":\"ListItem\",\"position\":2,\"name\":\"Etapas das obra\"}]},{\"@type\":\"WebSite\",\"@id\":\"https:\/\/www.pmpf.rs.gov.br\/avenidabrasil\/#website\",\"url\":\"https:\/\/www.pmpf.rs.gov.br\/avenidabrasil\/\",\"name\":\"Parque Linear da Avenida Brasil\",\"description\":\"As obras j\u00e1 come\u00e7aram e, em breve, voc\u00ea vai ter um espa\u00e7o moderno, agrad\u00e1vel e cheio de possibilidades para aproveitar. Aqui, a gente explica o projeto e responde  algumas d\u00favidas importantes sobre a execu\u00e7\u00e3o das obras.\",\"potentialAction\":[{\"@type\":\"SearchAction\",\"target\":{\"@type\":\"EntryPoint\",\"urlTemplate\":\"https:\/\/www.pmpf.rs.gov.br\/avenidabrasil\/?s={search_term_string}\"},\"query-input\":{\"@type\":\"PropertyValueSpecification\",\"valueRequired\":true,\"valueName\":\"search_term_string\"}}],\"inLanguage\":\"pt-BR\"}]}<\/script>\n<!-- \/ Yoast SEO plugin. -->","yoast_head_json":{"title":"Etapas das obra - Parque Linear da Avenida Brasil","robots":{"index":"index","follow":"follow","max-snippet":"max-snippet:-1","max-image-preview":"max-image-preview:large","max-video-preview":"max-video-preview:-1"},"canonical":"https:\/\/www.pmpf.rs.gov.br\/avenidabrasil\/etapas-das-obra\/","og_locale":"pt_BR","og_type":"article","og_title":"Etapas das obra - Parque Linear da Avenida Brasil","og_description":"Como ser\u00e1 a obraA obra ser\u00e1 dividida em tr\u00eas etapas: a primeira, que vai iniciar em janeiro, contemplar\u00e1 os canteiros 1, 2 e 3; a segunda, de forma subsequente, ser\u00e1 nos canteiros [&hellip;]","og_url":"https:\/\/www.pmpf.rs.gov.br\/avenidabrasil\/etapas-das-obra\/","og_site_name":"Parque Linear da Avenida Brasil","twitter_card":"summary_large_image","twitter_misc":{"Est. tempo de leitura":"1 minuto"},"schema":{"@context":"https:\/\/schema.org","@graph":[{"@type":"WebPage","@id":"https:\/\/www.pmpf.rs.gov.br\/avenidabrasil\/etapas-das-obra\/","url":"https:\/\/www.pmpf.rs.gov.br\/avenidabrasil\/etapas-das-obra\/","name":"Etapas das obra - Parque Linear da Avenida Brasil","isPartOf":{"@id":"https:\/\/www.pmpf.rs.gov.br\/avenidabrasil\/#website"},"datePublished":"2023-01-25T13:58:52+00:00","dateModified":"2023-01-25T13:58:52+00:00","breadcrumb":{"@id":"https:\/\/www.pmpf.rs.gov.br\/avenidabrasil\/etapas-das-obra\/#breadcrumb"},"inLanguage":"pt-BR","potentialAction":[{"@type":"ReadAction","target":["https:\/\/www.pmpf.rs.gov.br\/avenidabrasil\/etapas-das-obra\/"]}]},{"@type":"BreadcrumbList","@id":"https:\/\/www.pmpf.rs.gov.br\/avenidabrasil\/etapas-das-obra\/#breadcrumb","itemListElement":[{"@type":"ListItem","position":1,"name":"In\u00edcio","item":"https:\/\/www.pmpf.rs.gov.br\/avenidabrasil\/"},{"@type":"ListItem","position":2,"name":"Etapas das obra"}]},{"@type":"WebSite","@id":"https:\/\/www.pmpf.rs.gov.br\/avenidabrasil\/#website","url":"https:\/\/www.pmpf.rs.gov.br\/avenidabrasil\/","name":"Parque Linear da Avenida Brasil","description":"As obras j\u00e1 come\u00e7aram e, em breve, voc\u00ea vai ter um espa\u00e7o moderno, agrad\u00e1vel e cheio de possibilidades para aproveitar. Aqui, a gente explica o projeto e responde  algumas d\u00favidas importantes sobre a execu\u00e7\u00e3o das obras.","potentialAction":[{"@type":"SearchAction","target":{"@type":"EntryPoint","urlTemplate":"https:\/\/www.pmpf.rs.gov.br\/avenidabrasil\/?s={search_term_string}"},"query-input":{"@type":"PropertyValueSpecification","valueRequired":true,"valueName":"search_term_string"}}],"inLanguage":"pt-BR"}]}},"_links":{"self":[{"href":"https:\/\/www.pmpf.rs.gov.br\/avenidabrasil\/wp-json\/wp\/v2\/pages\/70"}],"collection":[{"href":"https:\/\/www.pmpf.rs.gov.br\/avenidabrasil\/wp-json\/wp\/v2\/pages"}],"about":[{"href":"https:\/\/www.pmpf.rs.gov.br\/avenidabrasil\/wp-json\/wp\/v2\/types\/page"}],"author":[{"embeddable":true,"href":"https:\/\/www.pmpf.rs.gov.br\/avenidabrasil\/wp-json\/wp\/v2\/users\/5"}],"replies":[{"embeddable":true,"href":"https:\/\/www.pmpf.rs.gov.br\/avenidabrasil\/wp-json\/wp\/v2\/comments?post=70"}],"version-history":[{"count":1,"href":"https:\/\/www.pmpf.rs.gov.br\/avenidabrasil\/wp-json\/wp\/v2\/pages\/70\/revisions"}],"predecessor-version":[{"id":71,"href":"https:\/\/www.pmpf.rs.gov.br\/avenidabrasil\/wp-json\/wp\/v2\/pages\/70\/revisions\/71"}],"wp:attachment":[{"href":"https:\/\/www.pmpf.rs.gov.br\/avenidabrasil\/wp-json\/wp\/v2\/media?parent=70"}],"curies":[{"name":"wp","href":"https:\/\/api.w.org\/{rel}","templated":true}]}}