{"id":5,"date":"2023-01-24T10:54:17","date_gmt":"2023-01-24T13:54:17","guid":{"rendered":"https:\/\/www.pmpf.rs.gov.br\/avenidabrasil\/?page_id=5"},"modified":"2023-01-26T16:00:36","modified_gmt":"2023-01-26T19:00:36","slug":"home","status":"publish","type":"page","link":"https:\/\/www.pmpf.rs.gov.br\/avenidabrasil\/","title":{"rendered":"Parque Linear da Avenida Brasil"},"content":{"rendered":"\n<h2 class=\"wp-block-heading\">Aqui, a gente explica o projeto e responde algumas d\u00favidas importantes sobre a execu\u00e7\u00e3o das obras.<\/h2>\n\n\n\n<h1 class=\"wp-block-heading\">O que s\u00e3o Parques Lineares?<\/h1>\n\n\n\n<p>\u00c1reas de preserva\u00e7\u00e3o e recupera\u00e7\u00e3o de paisagens urbanas, os parques lineares s\u00e3o trechos que t\u00eam o comprimento maior do que a largura, formando uma linha que acompanha determinados trajetos e utiliza os recursos naturais existentes para garantir a efetiva\u00e7\u00e3o de espa\u00e7os de lazer e conviv\u00eancia para a comunidade. O resultado disso s\u00e3o cidades mais modernas, agrad\u00e1veis e bonitas, dedicadas \u00e0 ampla utiliza\u00e7\u00e3o da comunidade.<\/p>\n\n\n\n<h1 class=\"wp-block-heading\">Como ser\u00e1 o Parque Linear da Avenida Brasil?<\/h1>\n\n\n\n<figure class=\"wp-block-image size-full\"><img loading=\"lazy\" decoding=\"async\" width=\"1017\" height=\"573\" src=\"https:\/\/www.pmpf.rs.gov.br\/avenidabrasil\/wp-content\/uploads\/sites\/75\/2023\/01\/image-9.png\" alt=\"\" class=\"wp-image-44\" srcset=\"https:\/\/www.pmpf.rs.gov.br\/avenidabrasil\/wp-content\/uploads\/sites\/75\/2023\/01\/image-9.png 1017w, https:\/\/www.pmpf.rs.gov.br\/avenidabrasil\/wp-content\/uploads\/sites\/75\/2023\/01\/image-9-300x169.png 300w, https:\/\/www.pmpf.rs.gov.br\/avenidabrasil\/wp-content\/uploads\/sites\/75\/2023\/01\/image-9-768x433.png 768w, https:\/\/www.pmpf.rs.gov.br\/avenidabrasil\/wp-content\/uploads\/sites\/75\/2023\/01\/image-9-520x292.png 520w\" sizes=\"(max-width: 1017px) 100vw, 1017px\" \/><\/figure>\n\n\n\n<p><\/p>\n\n\n\n<p>Inovador, o Parque Linear da Avenida Brasil vai mudar o dia a dia da cidade e a vida das pessoas.<br>A obra abranger\u00e1 10 canteiros, come\u00e7ando na rua Capit\u00e3o Ara\u00fajo e indo at\u00e9 a rua Livramento. Com uma perspectiva tem\u00e1tica, cada canteiro ter\u00e1 caracter\u00edsticas e funcionalidades espec\u00edficas.<br>Todos estes novos espa\u00e7os contar\u00e3o com mobili\u00e1rio de design contempor\u00e2neo em \u00e1reas de conviv\u00eancia modernas, piso repaginado, paisagismo, ciclovia e caminh\u00f3dromo independentes, ilumina\u00e7\u00e3o em LED, c\u00e2meras de videomonitoriamento e acesso \u00e0 internet Wi-Fi gratuito.<\/p>\n\n\n\n<p><\/p>\n\n\n\n<figure class=\"wp-block-video\"><video controls src=\"https:\/\/www.pmpf.rs.gov.br\/avenidabrasil\/wp-content\/uploads\/sites\/75\/2023\/01\/VIDEO_AEREO-21.mp4\"><\/video><\/figure>\n\n\n\n<p><\/p>\n\n\n\n<h2 class=\"wp-block-heading\">Projeto e etapas de obra<\/h2>\n\n\n\n<p>Ser\u00e3o 10 canteiros tem\u00e1ticos. A obra \u00e9 dividida em 3 etapas (cada uma com dura\u00e7\u00e3o de 5 meses) e a previs\u00e3o de entrega do Parque Linear da Avenida Brasil \u00e9 de um ano e meio.<\/p>\n\n\n\n<p><\/p>\n\n\n\n<figure class=\"wp-block-image size-full\"><img loading=\"lazy\" decoding=\"async\" width=\"800\" height=\"829\" src=\"https:\/\/www.pmpf.rs.gov.br\/avenidabrasil\/wp-content\/uploads\/sites\/75\/2023\/01\/image-6.png\" alt=\"\" class=\"wp-image-38\" srcset=\"https:\/\/www.pmpf.rs.gov.br\/avenidabrasil\/wp-content\/uploads\/sites\/75\/2023\/01\/image-6.png 800w, https:\/\/www.pmpf.rs.gov.br\/avenidabrasil\/wp-content\/uploads\/sites\/75\/2023\/01\/image-6-290x300.png 290w, https:\/\/www.pmpf.rs.gov.br\/avenidabrasil\/wp-content\/uploads\/sites\/75\/2023\/01\/image-6-768x796.png 768w\" sizes=\"(max-width: 800px) 100vw, 800px\" \/><\/figure>\n\n\n\n<figure class=\"wp-block-image\"><img decoding=\"async\" src=\"https:\/\/www.pmpf.rs.gov.br\/9954a02f-6895-4cb9-aff3-39c4a30e3551\" alt=\"\"\/><figcaption class=\"wp-element-caption\"><em>Durante o per\u00edodo em que estiverem em obras, os canteiros ser\u00e3o cercados. As obras ser\u00e3o feitas com a m\u00ednima interfer\u00eancia poss\u00edvel, mas ser\u00e3o necess\u00e1rias algumas altera\u00e7\u00f5es na utiliza\u00e7\u00e3o dos canteiros. A Prefeitura pede a compreens\u00e3o e aten\u00e7\u00e3o de todos.<\/em><\/figcaption><\/figure>\n\n\n<div class=\"wp-block-image\">\n<figure class=\"aligncenter size-full\"><img loading=\"lazy\" decoding=\"async\" width=\"532\" height=\"160\" src=\"https:\/\/www.pmpf.rs.gov.br\/avenidabrasil\/wp-content\/uploads\/sites\/75\/2023\/01\/image-8.png\" alt=\"\" class=\"wp-image-41\" srcset=\"https:\/\/www.pmpf.rs.gov.br\/avenidabrasil\/wp-content\/uploads\/sites\/75\/2023\/01\/image-8.png 532w, https:\/\/www.pmpf.rs.gov.br\/avenidabrasil\/wp-content\/uploads\/sites\/75\/2023\/01\/image-8-300x90.png 300w\" sizes=\"(max-width: 532px) 100vw, 532px\" \/><\/figure><\/div>\n\n\n<p><\/p>\n\n\n\n<h1 class=\"wp-block-heading\"><a href=\"https:\/\/www.pmpf.rs.gov.br\/avenidabrasil\/wp-content\/uploads\/sites\/75\/2023\/01\/APRESENTACAO-AVENIDA-_compressed.pdf\">Quer conferir todo o projeto desenvolvido pela Secretaria Municipal de Planejamento? Clique aqui<\/a><\/h1>\n\n\n\n<p><\/p>\n\n\n\n<p><\/p>\n\n\n\n<p><\/p>\n","protected":false},"excerpt":{"rendered":"<p>Aqui, a gente explica o projeto e responde algumas d\u00favidas importantes sobre a execu\u00e7\u00e3o das obras. O que s\u00e3o Parques Lineares? \u00c1reas de preserva\u00e7\u00e3o e recupera\u00e7\u00e3o de paisagens urbanas, os parques lineares [&hellip;]<\/p>\n","protected":false},"author":5,"featured_media":0,"parent":0,"menu_order":0,"comment_status":"closed","ping_status":"closed","template":"page_secretaria_sem_sidebar.php","meta":{"footnotes":""},"class_list":["post-5","page","type-page","status-publish","hentry"],"yoast_head":"<!-- This site is optimized with the Yoast SEO plugin v23.8 - https:\/\/yoast.com\/wordpress\/plugins\/seo\/ -->\n<title>Parque Linear da Avenida Brasil - Parque Linear da Avenida Brasil<\/title>\n<meta name=\"robots\" content=\"index, follow, max-snippet:-1, max-image-preview:large, max-video-preview:-1\" \/>\n<link rel=\"canonical\" href=\"https:\/\/www.pmpf.rs.gov.br\/avenidabrasil\/\" \/>\n<meta property=\"og:locale\" content=\"pt_BR\" \/>\n<meta property=\"og:type\" content=\"article\" \/>\n<meta property=\"og:title\" content=\"Parque Linear da Avenida Brasil - Parque Linear da Avenida Brasil\" \/>\n<meta property=\"og:description\" content=\"Aqui, a gente explica o projeto e responde algumas d\u00favidas importantes sobre a execu\u00e7\u00e3o das obras. O que s\u00e3o Parques Lineares? \u00c1reas de preserva\u00e7\u00e3o e recupera\u00e7\u00e3o de paisagens urbanas, os parques lineares [&hellip;]\" \/>\n<meta property=\"og:url\" content=\"https:\/\/www.pmpf.rs.gov.br\/avenidabrasil\/\" \/>\n<meta property=\"og:site_name\" content=\"Parque Linear da Avenida Brasil\" \/>\n<meta property=\"article:modified_time\" content=\"2023-01-26T19:00:36+00:00\" \/>\n<meta property=\"og:image\" content=\"https:\/\/www.pmpf.rs.gov.br\/avenidabrasil\/wp-content\/uploads\/sites\/75\/2023\/01\/image-9.png\" \/>\n<meta name=\"twitter:card\" content=\"summary_large_image\" \/>\n<meta name=\"twitter:label1\" content=\"Est. tempo de leitura\" \/>\n\t<meta name=\"twitter:data1\" content=\"2 minutos\" \/>\n<script type=\"application\/ld+json\" class=\"yoast-schema-graph\">{\"@context\":\"https:\/\/schema.org\",\"@graph\":[{\"@type\":\"WebPage\",\"@id\":\"https:\/\/www.pmpf.rs.gov.br\/avenidabrasil\/\",\"url\":\"https:\/\/www.pmpf.rs.gov.br\/avenidabrasil\/\",\"name\":\"Parque Linear da Avenida Brasil - Parque Linear da Avenida Brasil\",\"isPartOf\":{\"@id\":\"https:\/\/www.pmpf.rs.gov.br\/avenidabrasil\/#website\"},\"primaryImageOfPage\":{\"@id\":\"https:\/\/www.pmpf.rs.gov.br\/avenidabrasil\/#primaryimage\"},\"image\":{\"@id\":\"https:\/\/www.pmpf.rs.gov.br\/avenidabrasil\/#primaryimage\"},\"thumbnailUrl\":\"https:\/\/www.pmpf.rs.gov.br\/avenidabrasil\/wp-content\/uploads\/sites\/75\/2023\/01\/image-9.png\",\"datePublished\":\"2023-01-24T13:54:17+00:00\",\"dateModified\":\"2023-01-26T19:00:36+00:00\",\"breadcrumb\":{\"@id\":\"https:\/\/www.pmpf.rs.gov.br\/avenidabrasil\/#breadcrumb\"},\"inLanguage\":\"pt-BR\",\"potentialAction\":[{\"@type\":\"ReadAction\",\"target\":[\"https:\/\/www.pmpf.rs.gov.br\/avenidabrasil\/\"]}]},{\"@type\":\"ImageObject\",\"inLanguage\":\"pt-BR\",\"@id\":\"https:\/\/www.pmpf.rs.gov.br\/avenidabrasil\/#primaryimage\",\"url\":\"https:\/\/www.pmpf.rs.gov.br\/avenidabrasil\/wp-content\/uploads\/sites\/75\/2023\/01\/image-9.png\",\"contentUrl\":\"https:\/\/www.pmpf.rs.gov.br\/avenidabrasil\/wp-content\/uploads\/sites\/75\/2023\/01\/image-9.png\",\"width\":1017,\"height\":573},{\"@type\":\"BreadcrumbList\",\"@id\":\"https:\/\/www.pmpf.rs.gov.br\/avenidabrasil\/#breadcrumb\",\"itemListElement\":[{\"@type\":\"ListItem\",\"position\":1,\"name\":\"In\u00edcio\",\"item\":\"https:\/\/www.pmpf.rs.gov.br\/avenidabrasil\/\"},{\"@type\":\"ListItem\",\"position\":2,\"name\":\"Parque Linear da Avenida Brasil\"}]},{\"@type\":\"WebSite\",\"@id\":\"https:\/\/www.pmpf.rs.gov.br\/avenidabrasil\/#website\",\"url\":\"https:\/\/www.pmpf.rs.gov.br\/avenidabrasil\/\",\"name\":\"Parque Linear da Avenida Brasil\",\"description\":\"As obras j\u00e1 come\u00e7aram e, em breve, voc\u00ea vai ter um espa\u00e7o moderno, agrad\u00e1vel e cheio de possibilidades para aproveitar. Aqui, a gente explica o projeto e responde  algumas d\u00favidas importantes sobre a execu\u00e7\u00e3o das obras.\",\"potentialAction\":[{\"@type\":\"SearchAction\",\"target\":{\"@type\":\"EntryPoint\",\"urlTemplate\":\"https:\/\/www.pmpf.rs.gov.br\/avenidabrasil\/?s={search_term_string}\"},\"query-input\":{\"@type\":\"PropertyValueSpecification\",\"valueRequired\":true,\"valueName\":\"search_term_string\"}}],\"inLanguage\":\"pt-BR\"}]}<\/script>\n<!-- \/ Yoast SEO plugin. -->","yoast_head_json":{"title":"Parque Linear da Avenida Brasil - Parque Linear da Avenida Brasil","robots":{"index":"index","follow":"follow","max-snippet":"max-snippet:-1","max-image-preview":"max-image-preview:large","max-video-preview":"max-video-preview:-1"},"canonical":"https:\/\/www.pmpf.rs.gov.br\/avenidabrasil\/","og_locale":"pt_BR","og_type":"article","og_title":"Parque Linear da Avenida Brasil - Parque Linear da Avenida Brasil","og_description":"Aqui, a gente explica o projeto e responde algumas d\u00favidas importantes sobre a execu\u00e7\u00e3o das obras. O que s\u00e3o Parques Lineares? \u00c1reas de preserva\u00e7\u00e3o e recupera\u00e7\u00e3o de paisagens urbanas, os parques lineares [&hellip;]","og_url":"https:\/\/www.pmpf.rs.gov.br\/avenidabrasil\/","og_site_name":"Parque Linear da Avenida Brasil","article_modified_time":"2023-01-26T19:00:36+00:00","og_image":[{"url":"https:\/\/www.pmpf.rs.gov.br\/avenidabrasil\/wp-content\/uploads\/sites\/75\/2023\/01\/image-9.png"}],"twitter_card":"summary_large_image","twitter_misc":{"Est. tempo de leitura":"2 minutos"},"schema":{"@context":"https:\/\/schema.org","@graph":[{"@type":"WebPage","@id":"https:\/\/www.pmpf.rs.gov.br\/avenidabrasil\/","url":"https:\/\/www.pmpf.rs.gov.br\/avenidabrasil\/","name":"Parque Linear da Avenida Brasil - Parque Linear da Avenida Brasil","isPartOf":{"@id":"https:\/\/www.pmpf.rs.gov.br\/avenidabrasil\/#website"},"primaryImageOfPage":{"@id":"https:\/\/www.pmpf.rs.gov.br\/avenidabrasil\/#primaryimage"},"image":{"@id":"https:\/\/www.pmpf.rs.gov.br\/avenidabrasil\/#primaryimage"},"thumbnailUrl":"https:\/\/www.pmpf.rs.gov.br\/avenidabrasil\/wp-content\/uploads\/sites\/75\/2023\/01\/image-9.png","datePublished":"2023-01-24T13:54:17+00:00","dateModified":"2023-01-26T19:00:36+00:00","breadcrumb":{"@id":"https:\/\/www.pmpf.rs.gov.br\/avenidabrasil\/#breadcrumb"},"inLanguage":"pt-BR","potentialAction":[{"@type":"ReadAction","target":["https:\/\/www.pmpf.rs.gov.br\/avenidabrasil\/"]}]},{"@type":"ImageObject","inLanguage":"pt-BR","@id":"https:\/\/www.pmpf.rs.gov.br\/avenidabrasil\/#primaryimage","url":"https:\/\/www.pmpf.rs.gov.br\/avenidabrasil\/wp-content\/uploads\/sites\/75\/2023\/01\/image-9.png","contentUrl":"https:\/\/www.pmpf.rs.gov.br\/avenidabrasil\/wp-content\/uploads\/sites\/75\/2023\/01\/image-9.png","width":1017,"height":573},{"@type":"BreadcrumbList","@id":"https:\/\/www.pmpf.rs.gov.br\/avenidabrasil\/#breadcrumb","itemListElement":[{"@type":"ListItem","position":1,"name":"In\u00edcio","item":"https:\/\/www.pmpf.rs.gov.br\/avenidabrasil\/"},{"@type":"ListItem","position":2,"name":"Parque Linear da Avenida Brasil"}]},{"@type":"WebSite","@id":"https:\/\/www.pmpf.rs.gov.br\/avenidabrasil\/#website","url":"https:\/\/www.pmpf.rs.gov.br\/avenidabrasil\/","name":"Parque Linear da Avenida Brasil","description":"As obras j\u00e1 come\u00e7aram e, em breve, voc\u00ea vai ter um espa\u00e7o moderno, agrad\u00e1vel e cheio de possibilidades para aproveitar. Aqui, a gente explica o projeto e responde  algumas d\u00favidas importantes sobre a execu\u00e7\u00e3o das obras.","potentialAction":[{"@type":"SearchAction","target":{"@type":"EntryPoint","urlTemplate":"https:\/\/www.pmpf.rs.gov.br\/avenidabrasil\/?s={search_term_string}"},"query-input":{"@type":"PropertyValueSpecification","valueRequired":true,"valueName":"search_term_string"}}],"inLanguage":"pt-BR"}]}},"_links":{"self":[{"href":"https:\/\/www.pmpf.rs.gov.br\/avenidabrasil\/wp-json\/wp\/v2\/pages\/5"}],"collection":[{"href":"https:\/\/www.pmpf.rs.gov.br\/avenidabrasil\/wp-json\/wp\/v2\/pages"}],"about":[{"href":"https:\/\/www.pmpf.rs.gov.br\/avenidabrasil\/wp-json\/wp\/v2\/types\/page"}],"author":[{"embeddable":true,"href":"https:\/\/www.pmpf.rs.gov.br\/avenidabrasil\/wp-json\/wp\/v2\/users\/5"}],"replies":[{"embeddable":true,"href":"https:\/\/www.pmpf.rs.gov.br\/avenidabrasil\/wp-json\/wp\/v2\/comments?post=5"}],"version-history":[{"count":21,"href":"https:\/\/www.pmpf.rs.gov.br\/avenidabrasil\/wp-json\/wp\/v2\/pages\/5\/revisions"}],"predecessor-version":[{"id":82,"href":"https:\/\/www.pmpf.rs.gov.br\/avenidabrasil\/wp-json\/wp\/v2\/pages\/5\/revisions\/82"}],"wp:attachment":[{"href":"https:\/\/www.pmpf.rs.gov.br\/avenidabrasil\/wp-json\/wp\/v2\/media?parent=5"}],"curies":[{"name":"wp","href":"https:\/\/api.w.org\/{rel}","templated":true}]}}